{"id":9716,"date":"2021-07-22T15:07:34","date_gmt":"2021-09-01T11:05:12","guid":{"rendered":"http:\/\/bnperf.com\/produit\/short-shifter-4h-tech-p-shift-para-1-6-thp-16v\/"},"modified":"2023-07-01T12:50:03","modified_gmt":"2023-07-01T11:50:03","slug":"short-shifter-4h-tech-p-shift-para-1-6-thp-16v","status":"publish","type":"product","link":"https:\/\/bnperf.com\/pt-pt\/produit\/short-shifter-4h-tech-p-shift-para-1-6-thp-16v\/","title":{"rendered":"Short Shifter 4H-TECH P-Shift para 1.6 THP 16V"},"content":{"rendered":"<h3 id=\"tw-target-text\" class=\"tw-data-text tw-text-large XcVN5d tw-ta\" dir=\"ltr\" data-placeholder=\"Tradu\u00e7\u00e3o\"><span class=\"Y2IQFc\" lang=\"fr\">A sintonia da transmiss\u00e3o \u00e9 poss\u00edvel com este pequeno shifter 4H-TECH. Reduz os cursos de mudan\u00e7a de marcha em 45%, o que permite uma mudan\u00e7a de marcha mais r\u00e1pida. Especialmente projetado para motores 1.6 THP 16V Turbo com caixas de c\u00e2mbio manuais de 6 velocidades encontradas no Peugeot 208 Gti, Peugeot 308 Gti, Peugeot RCZ e Citro\u00ebn DS3 Racing. As mudan\u00e7as de marcha s\u00e3o muito mas r\u00e1pidas e precisas. <\/span><\/h3>\n<h3 dir=\"ltr\" data-placeholder=\"Tradu\u00e7\u00e3o\"><\/h3>\n<h3 class=\"tw-data-text tw-text-large XcVN5d tw-ta\" dir=\"ltr\" data-placeholder=\"Tradu\u00e7\u00e3o\"><span class=\"Y2IQFc\" lang=\"fr\">Caracter\u00edsticas: <\/span><\/h3>\n<h3 class=\"tw-data-text tw-text-large XcVN5d tw-ta\" dir=\"ltr\" data-placeholder=\"Tradu\u00e7\u00e3o\"><span class=\"Y2IQFc\" lang=\"fr\">Melhora o desempenho <\/span><\/h3>\n<h3 class=\"tw-data-text tw-text-large XcVN5d tw-ta\" dir=\"ltr\" data-placeholder=\"Tradu\u00e7\u00e3o\"><span class=\"Y2IQFc\" lang=\"fr\">Mudan\u00e7a de velocidades mais r\u00e1pida <\/span><\/h3>\n<h3 class=\"tw-data-text tw-text-large XcVN5d tw-ta\" dir=\"ltr\" data-placeholder=\"Tradu\u00e7\u00e3o\"><span class=\"Y2IQFc\" lang=\"fr\">Fabricado na Holanda pela 4H-TECH <\/span><\/h3>\n<h3 class=\"tw-data-text tw-text-large XcVN5d tw-ta\" dir=\"ltr\" data-placeholder=\"Tradu\u00e7\u00e3o\"><span class=\"Y2IQFc\" lang=\"fr\">Curso de velocidade reduzido em 45% <\/span><\/h3>\n<h3 class=\"tw-data-text tw-text-large XcVN5d tw-ta\" dir=\"ltr\" data-placeholder=\"Tradu\u00e7\u00e3o\"><span class=\"Y2IQFc\" lang=\"fr\">F\u00e1cil de instalar e usar <\/span><\/h3>\n<h3 class=\"tw-data-text tw-text-large XcVN5d tw-ta\" dir=\"ltr\" data-placeholder=\"Tradu\u00e7\u00e3o\"><span class=\"Y2IQFc\" lang=\"fr\">Totalmente revers\u00edvel em estoque <\/span><\/h3>\n<h3 class=\"tw-data-text tw-text-large XcVN5d tw-ta\" dir=\"ltr\" data-placeholder=\"Tradu\u00e7\u00e3o\"><span class=\"Y2IQFc\" lang=\"fr\">Fabricado em a\u00e7o de alta qualidade. <\/span><\/h3>\n<h3 class=\"tw-data-text tw-text-large XcVN5d tw-ta\" dir=\"ltr\" data-placeholder=\"Tradu\u00e7\u00e3o\"><span class=\"Y2IQFc\" lang=\"fr\">Acabamento com revestimento em p\u00f3 vermelho <\/span><\/h3>\n<h3 class=\"tw-data-text tw-text-large XcVN5d tw-ta\" dir=\"ltr\" data-placeholder=\"Tradu\u00e7\u00e3o\"><span class=\"Y2IQFc\" lang=\"fr\">Nenhuma modifica\u00e7\u00e3o necess\u00e1ria na pr\u00f3pria alavanca de c\u00e2mbio. <\/span><\/h3>\n<h3 class=\"tw-data-text tw-text-large XcVN5d tw-ta\" dir=\"ltr\" data-placeholder=\"Tradu\u00e7\u00e3o\"><span class=\"Y2IQFc\" lang=\"fr\">Nenhum reajuste necess\u00e1rio. <\/span><\/h3>\n<h3 class=\"tw-data-text tw-text-large XcVN5d tw-ta\" dir=\"ltr\" data-placeholder=\"Tradu\u00e7\u00e3o\"><span class=\"Y2IQFc\" lang=\"fr\">Sistema de contrapeso para mudan\u00e7as de marcha f\u00e1ceis <\/span><\/h3>\n<h3 class=\"tw-data-text tw-text-large XcVN5d tw-ta\" dir=\"ltr\" data-placeholder=\"Tradu\u00e7\u00e3o\"><span class=\"Y2IQFc\" lang=\"fr\">Design patenteado <\/span><\/h3>\n<h3 dir=\"ltr\" data-placeholder=\"Tradu\u00e7\u00e3o\"><\/h3>\n<h3 class=\"tw-data-text tw-text-large XcVN5d tw-ta\" dir=\"ltr\" data-placeholder=\"Tradu\u00e7\u00e3o\"><span class=\"Y2IQFc\" lang=\"fr\">Contem: <\/span><\/h3>\n<h3 class=\"tw-data-text tw-text-large XcVN5d tw-ta\" dir=\"ltr\" data-placeholder=\"Tradu\u00e7\u00e3o\"><span class=\"Y2IQFc\" lang=\"fr\">Bra\u00e7o de c\u00e2mbio curto <\/span><\/h3>\n<h3 class=\"tw-data-text tw-text-large XcVN5d tw-ta\" dir=\"ltr\" data-placeholder=\"Tradu\u00e7\u00e3o\"><span class=\"Y2IQFc\" lang=\"fr\">Autocolante 4H-TECH <\/span><\/h3>\n<h3 dir=\"ltr\" data-placeholder=\"Tradu\u00e7\u00e3o\"><\/h3>\n<h3 class=\"tw-data-text tw-text-large XcVN5d tw-ta\" dir=\"ltr\" data-placeholder=\"Tradu\u00e7\u00e3o\"><span class=\"Y2IQFc\" lang=\"fr\">Aplica\u00e7\u00f5es: <\/span><\/h3>\n<h3 class=\"tw-data-text tw-text-large XcVN5d tw-ta\" dir=\"ltr\" data-placeholder=\"Tradu\u00e7\u00e3o\"><span class=\"Y2IQFc\" lang=\"fr\">Citro\u00ebn C3 1.6HDi Diesel com caixa de 6 velocidades <\/span><\/h3>\n<h3 class=\"tw-data-text tw-text-large XcVN5d tw-ta\" dir=\"ltr\" data-placeholder=\"Tradu\u00e7\u00e3o\"><span class=\"Y2IQFc\" lang=\"fr\">Citro\u00ebn C3 1.2 PureTech com caixa de 6 velocidades <\/span><\/h3>\n<h3 class=\"tw-data-text tw-text-large XcVN5d tw-ta\" dir=\"ltr\" data-placeholder=\"Tradu\u00e7\u00e3o\"><span class=\"Y2IQFc\" lang=\"fr\">Citro\u00ebn C3 Picasso 1.6HDi Diesel com caixa de 6 velocidades <\/span><\/h3>\n<h3 class=\"tw-data-text tw-text-large XcVN5d tw-ta\" dir=\"ltr\" data-placeholder=\"Tradu\u00e7\u00e3o\"><span class=\"Y2IQFc\" lang=\"fr\">Citro\u00ebn DS3 1.2 PureTech com caixa de 6 velocidades <\/span><\/h3>\n<h3 class=\"tw-data-text tw-text-large XcVN5d tw-ta\" dir=\"ltr\" data-placeholder=\"Tradu\u00e7\u00e3o\"><span class=\"Y2IQFc\" lang=\"fr\">Citro\u00ebn DS3 1.6 THP 155 e 1.6 THP 200 Racing e 1.6HDi Diesel <\/span><\/h3>\n<h3 class=\"tw-data-text tw-text-large XcVN5d tw-ta\" dir=\"ltr\" data-placeholder=\"Tradu\u00e7\u00e3o\"><span class=\"Y2IQFc\" lang=\"fr\">Citro\u00ebn DS4 1.2 PureTech com caixa de 6 velocidades <\/span><\/h3>\n<h3 class=\"tw-data-text tw-text-large XcVN5d tw-ta\" dir=\"ltr\" data-placeholder=\"Tradu\u00e7\u00e3o\"><span class=\"Y2IQFc\" lang=\"fr\">Citro\u00ebn DS4 1.5HDi Diesel com caixa de 6 velocidades <\/span><\/h3>\n<h3 class=\"tw-data-text tw-text-large XcVN5d tw-ta\" dir=\"ltr\" data-placeholder=\"Tradu\u00e7\u00e3o\"><span class=\"Y2IQFc\" lang=\"fr\">Citro\u00ebn DS4 1.6HDi Diesel com caixa de 6 velocidades <\/span><\/h3>\n<h3 class=\"tw-data-text tw-text-large XcVN5d tw-ta\" dir=\"ltr\" data-placeholder=\"Tradu\u00e7\u00e3o\"><span class=\"Y2IQFc\" lang=\"fr\">Citro\u00ebn DS4 1.6 16V THP com caixa de 6 velocidades <\/span><\/h3>\n<h3 class=\"tw-data-text tw-text-large XcVN5d tw-ta\" dir=\"ltr\" data-placeholder=\"Tradu\u00e7\u00e3o\"><span class=\"Y2IQFc\" lang=\"fr\">Citro\u00ebn C4 Picasso 1.6HDi Diesel com caixa de 6 velocidades <\/span><\/h3>\n<h3 class=\"tw-data-text tw-text-large XcVN5d tw-ta\" dir=\"ltr\" data-placeholder=\"Tradu\u00e7\u00e3o\"><span class=\"Y2IQFc\" lang=\"fr\">Citro\u00ebn C-elys\u00e9e 1.6HDi Diesel com caixa de 6 velocidades <\/span><\/h3>\n<h3 class=\"tw-data-text tw-text-large XcVN5d tw-ta\" dir=\"ltr\" data-placeholder=\"Tradu\u00e7\u00e3o\"><span class=\"Y2IQFc\" lang=\"fr\">Peugeot 1.6L Turbo Gasolina com caixa de 6 velocidades (igualmente GTi, GTi 30th, GTi 270, RCZ etc.) <\/span><\/h3>\n<h3 class=\"tw-data-text tw-text-large XcVN5d tw-ta\" dir=\"ltr\" data-placeholder=\"Tradu\u00e7\u00e3o\"><span class=\"Y2IQFc\" lang=\"fr\">Peugeot RCZ (TODOS, excluindo 2.0 HDi) <\/span><\/h3>\n<h3 class=\"tw-data-text tw-text-large XcVN5d tw-ta\" dir=\"ltr\" data-placeholder=\"Tradu\u00e7\u00e3o\"><span class=\"Y2IQFc\" lang=\"fr\">Peugeot 207 1.6 THP 16V e 1.6HDi Diesel (todos os 2 com caixa de 6 velocidades ) <\/span><\/h3>\n<h3 class=\"tw-data-text tw-text-large XcVN5d tw-ta\" dir=\"ltr\" data-placeholder=\"Tradu\u00e7\u00e3o\"><span class=\"Y2IQFc\" lang=\"fr\">Peugeot 208 1.2 PureTech 130Bhp <\/span><\/h3>\n<h3 class=\"tw-data-text tw-text-large XcVN5d tw-ta\" dir=\"ltr\" data-placeholder=\"Tradu\u00e7\u00e3o\"><span class=\"Y2IQFc\" lang=\"fr\">Peugeot 208 1.6 THP 16V, GTi, GTi 30e, GTi 270 <\/span><\/h3>\n<h3 class=\"tw-data-text tw-text-large XcVN5d tw-ta\" dir=\"ltr\" data-placeholder=\"Tradu\u00e7\u00e3o\"><span class=\"Y2IQFc\" lang=\"fr\">Peugeot 208 1.5 HDi Diesel com caixa de 6 velocidades <\/span><\/h3>\n<h3 class=\"tw-data-text tw-text-large XcVN5d tw-ta\" dir=\"ltr\" data-placeholder=\"Tradu\u00e7\u00e3o\"><span class=\"Y2IQFc\" lang=\"fr\">Peugeot 208 1.6 HDi Diesel com caixa de 6 velocidades <\/span><\/h3>\n<h3 class=\"tw-data-text tw-text-large XcVN5d tw-ta\" dir=\"ltr\" data-placeholder=\"Tradu\u00e7\u00e3o\"><span class=\"Y2IQFc\" lang=\"fr\">Peugeot 2008 1.5 HDi Diesel com caixa de 6 velocidades <\/span><\/h3>\n<h3 class=\"tw-data-text tw-text-large XcVN5d tw-ta\" dir=\"ltr\" data-placeholder=\"Tradu\u00e7\u00e3o\"><span class=\"Y2IQFc\" lang=\"fr\">Peugeot 2008 1.6 HDi Diesel com caixa de 6 velocidades <\/span><\/h3>\n<h3 class=\"tw-data-text tw-text-large XcVN5d tw-ta\" dir=\"ltr\" data-placeholder=\"Tradu\u00e7\u00e3o\"><span class=\"Y2IQFc\" lang=\"fr\">Peugeot 308 1.2 PureTech com caixa de 6 velocidades <\/span><\/h3>\n<h3 class=\"tw-data-text tw-text-large XcVN5d tw-ta\" dir=\"ltr\" data-placeholder=\"Tradu\u00e7\u00e3o\"><span class=\"Y2IQFc\" lang=\"fr\">Peugeot 308 1.6 THP 125 ch, 155 ch, 205 ch e 270 ch <\/span><\/h3>\n<h3 class=\"tw-data-text tw-text-large XcVN5d tw-ta\" dir=\"ltr\" data-placeholder=\"Tradu\u00e7\u00e3o\"><span class=\"Y2IQFc\" lang=\"fr\">Peugeot 308 1.6 e-HDi (unicamente 80kW) <\/span><\/h3>\n<h3 class=\"tw-data-text tw-text-large XcVN5d tw-ta\" dir=\"ltr\" data-placeholder=\"Tradu\u00e7\u00e3o\"><span class=\"Y2IQFc\" lang=\"fr\">Peugeot 3008 1.2i THP 130Ch, 1.6 THP 16V, 1.6 HDi diesel <\/span><\/h3>\n<h3 class=\"tw-data-text tw-text-large XcVN5d tw-ta\" dir=\"ltr\" data-placeholder=\"Tradu\u00e7\u00e3o\"><span class=\"Y2IQFc\" lang=\"fr\">Peugeot 508 1.6 THP 16V <\/span><\/h3>\n<h3 class=\"tw-data-text tw-text-large XcVN5d tw-ta\" dir=\"ltr\" data-placeholder=\"Tradu\u00e7\u00e3o\"><span class=\"Y2IQFc\" lang=\"fr\">Peugeot 5008 1.6 THP e 1.6 HDi Diesel com caixa de 6 velocidades <\/span><\/h3>\n<h3 class=\"tw-data-text tw-text-large XcVN5d tw-ta\" dir=\"ltr\" data-placeholder=\"Tradu\u00e7\u00e3o\"><span class=\"Y2IQFc\" lang=\"fr\">Opel Crossland X 2017-&gt; com motor B12XHT e B16DTH <\/span><\/h3>\n<h3 class=\"tw-data-text tw-text-large XcVN5d tw-ta\" dir=\"ltr\" data-placeholder=\"Tradu\u00e7\u00e3o\"><span class=\"Y2IQFc\" lang=\"fr\">Opel Grandland X 2017-&gt; com motor B16DTH<\/span><\/h3>\n","protected":false},"excerpt":{"rendered":"<p>A sintonia da transmiss\u00e3o \u00e9 poss\u00edvel com este pequeno shifter 4H-TECH. Reduz os cursos de mudan\u00e7a de marcha em 45%, o que permite uma mudan\u00e7a de marcha mais r\u00e1pida. Especialmente&#8230;<\/p>\n","protected":false},"featured_media":9019,"comment_status":"open","ping_status":"closed","template":"","meta":[],"product_brand":[],"product_cat":[1782,1827,1820],"product_tag":[27002,27000,27001,27006,27005,26926,27007,27011,26906,26999,26997,26996,26994,27012,26998,27008,27013,26990,27010,26927,27009],"class_list":{"0":"post-9716","1":"product","2":"type-product","3":"status-publish","4":"has-post-thumbnail","6":"product_cat-performance-pt-pt","7":"product_cat-short-shift-pt-pt","8":"product_cat-transmissao","9":"product_tag-2008-pt-pt","10":"product_tag-207-pt-pt","11":"product_tag-208-pt-pt","12":"product_tag-3008-pt-pt","13":"product_tag-308-pt-pt","14":"product_tag-4h-tech-pt-pt","15":"product_tag-5008-pt-pt","16":"product_tag-508-pt-pt","17":"product_tag-bnperf-pt-pt","18":"product_tag-c-elysee-pt-pt","19":"product_tag-c3-pt-pt","20":"product_tag-c4-pt-pt","21":"product_tag-citroen-pt-pt","22":"product_tag-crossland-x-pt-pt","23":"product_tag-ds3-pt-pt","24":"product_tag-ds4-pt-pt","25":"product_tag-mini-pt-pt","26":"product_tag-peugeot-pt-pt","27":"product_tag-rcz-pt-pt","28":"product_tag-short-shifter-pt-pt","29":"product_tag-1-6l-turbo-pt-pt","31":"first","32":"instock","33":"taxable","34":"shipping-taxable","35":"purchasable","36":"product-type-simple","37":"add-to-wishlist-before_image"},"bundled_by":[],"bundle_stock_status":"instock","bundle_stock_quantity":null,"bundle_virtual":false,"bundle_layout":"","bundle_add_to_cart_form_location":"","bundle_editable_in_cart":false,"bundle_sold_individually_context":"","bundle_item_grouping":"","bundle_min_size":"","bundle_max_size":"","bundle_price":[],"bundled_items":[],"bundle_sell_ids":[],"exclude_global_add_ons":[],"addons":[],"yoast_head":"<!-- This site is optimized with the Yoast SEO Premium plugin v27.4 (Yoast SEO v27.4) - https:\/\/yoast.com\/product\/yoast-seo-premium-wordpress\/ -->\n<title>Short Shifter 4H-TECH P-Shift para 1.6 THP 16V - BNPERF<\/title>\n<meta name=\"robots\" content=\"index, follow, max-snippet:-1, max-image-preview:large, max-video-preview:-1\" \/>\n<link rel=\"canonical\" href=\"https:\/\/bnperf.com\/pt-pt\/produit\/short-shifter-4h-tech-p-shift-para-1-6-thp-16v\/\" \/>\n<meta property=\"og:locale\" content=\"pt_PT\" \/>\n<meta property=\"og:type\" content=\"article\" \/>\n<meta property=\"og:title\" content=\"Short Shifter 4H-TECH P-Shift para 1.6 THP 16V\" \/>\n<meta property=\"og:description\" content=\"A sintonia da transmiss\u00e3o \u00e9 poss\u00edvel com este pequeno shifter 4H-TECH. Reduz os cursos de mudan\u00e7a de marcha em 45%, o que permite uma mudan\u00e7a de marcha mais r\u00e1pida. Especialmente...\" \/>\n<meta property=\"og:url\" content=\"https:\/\/bnperf.com\/pt-pt\/produit\/short-shifter-4h-tech-p-shift-para-1-6-thp-16v\/\" \/>\n<meta property=\"og:site_name\" content=\"BNPERF\" \/>\n<meta property=\"article:publisher\" content=\"https:\/\/www.facebook.com\/bnperf\" \/>\n<meta property=\"article:modified_time\" content=\"2023-07-01T11:50:03+00:00\" \/>\n<meta property=\"og:image\" content=\"https:\/\/bnperf.com\/wp-content\/uploads\/2021\/07\/4h-tech-p-shift-short-shifter-for-16-thp-16v.jpg\" \/>\n\t<meta property=\"og:image:width\" content=\"1600\" \/>\n\t<meta property=\"og:image:height\" content=\"2048\" \/>\n\t<meta property=\"og:image:type\" content=\"image\/jpeg\" \/>\n<meta name=\"twitter:card\" content=\"summary_large_image\" \/>\n<meta name=\"twitter:label1\" content=\"Tempo estimado de leitura\" \/>\n\t<meta name=\"twitter:data1\" content=\"2 minutos\" \/>\n<script type=\"application\/ld+json\" class=\"yoast-schema-graph\">{\"@context\":\"https:\\\/\\\/schema.org\",\"@graph\":[{\"@type\":\"WebPage\",\"@id\":\"https:\\\/\\\/bnperf.com\\\/pt-pt\\\/produit\\\/short-shifter-4h-tech-p-shift-para-1-6-thp-16v\\\/\",\"url\":\"https:\\\/\\\/bnperf.com\\\/pt-pt\\\/produit\\\/short-shifter-4h-tech-p-shift-para-1-6-thp-16v\\\/\",\"name\":\"Short Shifter 4H-TECH P-Shift para 1.6 THP 16V - BNPERF\",\"isPartOf\":{\"@id\":\"https:\\\/\\\/bnperf.com\\\/pt-pt\\\/#website\"},\"primaryImageOfPage\":{\"@id\":\"https:\\\/\\\/bnperf.com\\\/pt-pt\\\/produit\\\/short-shifter-4h-tech-p-shift-para-1-6-thp-16v\\\/#primaryimage\"},\"image\":{\"@id\":\"https:\\\/\\\/bnperf.com\\\/pt-pt\\\/produit\\\/short-shifter-4h-tech-p-shift-para-1-6-thp-16v\\\/#primaryimage\"},\"thumbnailUrl\":\"https:\\\/\\\/bnperf.com\\\/wp-content\\\/uploads\\\/2021\\\/07\\\/4h-tech-p-shift-short-shifter-for-16-thp-16v.jpg\",\"datePublished\":\"2021-09-01T11:05:12+00:00\",\"dateModified\":\"2023-07-01T11:50:03+00:00\",\"breadcrumb\":{\"@id\":\"https:\\\/\\\/bnperf.com\\\/pt-pt\\\/produit\\\/short-shifter-4h-tech-p-shift-para-1-6-thp-16v\\\/#breadcrumb\"},\"inLanguage\":\"pt-PT\",\"potentialAction\":[{\"@type\":\"ReadAction\",\"target\":[\"https:\\\/\\\/bnperf.com\\\/pt-pt\\\/produit\\\/short-shifter-4h-tech-p-shift-para-1-6-thp-16v\\\/\"]}]},{\"@type\":\"ImageObject\",\"inLanguage\":\"pt-PT\",\"@id\":\"https:\\\/\\\/bnperf.com\\\/pt-pt\\\/produit\\\/short-shifter-4h-tech-p-shift-para-1-6-thp-16v\\\/#primaryimage\",\"url\":\"https:\\\/\\\/bnperf.com\\\/wp-content\\\/uploads\\\/2021\\\/07\\\/4h-tech-p-shift-short-shifter-for-16-thp-16v.jpg\",\"contentUrl\":\"https:\\\/\\\/bnperf.com\\\/wp-content\\\/uploads\\\/2021\\\/07\\\/4h-tech-p-shift-short-shifter-for-16-thp-16v.jpg\",\"width\":1600,\"height\":2048},{\"@type\":\"BreadcrumbList\",\"@id\":\"https:\\\/\\\/bnperf.com\\\/pt-pt\\\/produit\\\/short-shifter-4h-tech-p-shift-para-1-6-thp-16v\\\/#breadcrumb\",\"itemListElement\":[{\"@type\":\"ListItem\",\"position\":1,\"name\":\"Inicio\",\"item\":\"https:\\\/\\\/bnperf.com\\\/pt-pt\\\/inicio\\\/\"},{\"@type\":\"ListItem\",\"position\":2,\"name\":\"Loja\",\"item\":\"https:\\\/\\\/bnperf.com\\\/pt-pt\\\/loja\\\/\"},{\"@type\":\"ListItem\",\"position\":3,\"name\":\"Short Shifter 4H-TECH P-Shift para 1.6 THP 16V\"}]},{\"@type\":\"WebSite\",\"@id\":\"https:\\\/\\\/bnperf.com\\\/pt-pt\\\/#website\",\"url\":\"https:\\\/\\\/bnperf.com\\\/pt-pt\\\/\",\"name\":\"BNPERF\",\"description\":\"Votre Boutique Online ...\",\"publisher\":{\"@id\":\"https:\\\/\\\/bnperf.com\\\/pt-pt\\\/#organization\"},\"potentialAction\":[{\"@type\":\"SearchAction\",\"target\":{\"@type\":\"EntryPoint\",\"urlTemplate\":\"https:\\\/\\\/bnperf.com\\\/pt-pt\\\/?s={search_term_string}\"},\"query-input\":{\"@type\":\"PropertyValueSpecification\",\"valueRequired\":true,\"valueName\":\"search_term_string\"}}],\"inLanguage\":\"pt-PT\"},{\"@type\":\"Organization\",\"@id\":\"https:\\\/\\\/bnperf.com\\\/pt-pt\\\/#organization\",\"name\":\"BNPERF\",\"url\":\"https:\\\/\\\/bnperf.com\\\/pt-pt\\\/\",\"logo\":{\"@type\":\"ImageObject\",\"inLanguage\":\"pt-PT\",\"@id\":\"https:\\\/\\\/bnperf.com\\\/pt-pt\\\/#\\\/schema\\\/logo\\\/image\\\/\",\"url\":\"https:\\\/\\\/bnperf.com\\\/wp-content\\\/uploads\\\/2021\\\/10\\\/bnperf-logo.png\",\"contentUrl\":\"https:\\\/\\\/bnperf.com\\\/wp-content\\\/uploads\\\/2021\\\/10\\\/bnperf-logo.png\",\"width\":954,\"height\":300,\"caption\":\"BNPERF\"},\"image\":{\"@id\":\"https:\\\/\\\/bnperf.com\\\/pt-pt\\\/#\\\/schema\\\/logo\\\/image\\\/\"},\"sameAs\":[\"https:\\\/\\\/www.facebook.com\\\/bnperf\",\"https:\\\/\\\/www.instagram.com\\\/bnperf\"]}]}<\/script>\n<!-- \/ Yoast SEO Premium plugin. -->","yoast_head_json":{"title":"Short Shifter 4H-TECH P-Shift para 1.6 THP 16V - BNPERF","robots":{"index":"index","follow":"follow","max-snippet":"max-snippet:-1","max-image-preview":"max-image-preview:large","max-video-preview":"max-video-preview:-1"},"canonical":"https:\/\/bnperf.com\/pt-pt\/produit\/short-shifter-4h-tech-p-shift-para-1-6-thp-16v\/","og_locale":"pt_PT","og_type":"article","og_title":"Short Shifter 4H-TECH P-Shift para 1.6 THP 16V","og_description":"A sintonia da transmiss\u00e3o \u00e9 poss\u00edvel com este pequeno shifter 4H-TECH. Reduz os cursos de mudan\u00e7a de marcha em 45%, o que permite uma mudan\u00e7a de marcha mais r\u00e1pida. Especialmente...","og_url":"https:\/\/bnperf.com\/pt-pt\/produit\/short-shifter-4h-tech-p-shift-para-1-6-thp-16v\/","og_site_name":"BNPERF","article_publisher":"https:\/\/www.facebook.com\/bnperf","article_modified_time":"2023-07-01T11:50:03+00:00","og_image":[{"width":1600,"height":2048,"url":"https:\/\/bnperf.com\/wp-content\/uploads\/2021\/07\/4h-tech-p-shift-short-shifter-for-16-thp-16v.jpg","type":"image\/jpeg"}],"twitter_card":"summary_large_image","twitter_misc":{"Tempo estimado de leitura":"2 minutos"},"schema":{"@context":"https:\/\/schema.org","@graph":[{"@type":"WebPage","@id":"https:\/\/bnperf.com\/pt-pt\/produit\/short-shifter-4h-tech-p-shift-para-1-6-thp-16v\/","url":"https:\/\/bnperf.com\/pt-pt\/produit\/short-shifter-4h-tech-p-shift-para-1-6-thp-16v\/","name":"Short Shifter 4H-TECH P-Shift para 1.6 THP 16V - BNPERF","isPartOf":{"@id":"https:\/\/bnperf.com\/pt-pt\/#website"},"primaryImageOfPage":{"@id":"https:\/\/bnperf.com\/pt-pt\/produit\/short-shifter-4h-tech-p-shift-para-1-6-thp-16v\/#primaryimage"},"image":{"@id":"https:\/\/bnperf.com\/pt-pt\/produit\/short-shifter-4h-tech-p-shift-para-1-6-thp-16v\/#primaryimage"},"thumbnailUrl":"https:\/\/bnperf.com\/wp-content\/uploads\/2021\/07\/4h-tech-p-shift-short-shifter-for-16-thp-16v.jpg","datePublished":"2021-09-01T11:05:12+00:00","dateModified":"2023-07-01T11:50:03+00:00","breadcrumb":{"@id":"https:\/\/bnperf.com\/pt-pt\/produit\/short-shifter-4h-tech-p-shift-para-1-6-thp-16v\/#breadcrumb"},"inLanguage":"pt-PT","potentialAction":[{"@type":"ReadAction","target":["https:\/\/bnperf.com\/pt-pt\/produit\/short-shifter-4h-tech-p-shift-para-1-6-thp-16v\/"]}]},{"@type":"ImageObject","inLanguage":"pt-PT","@id":"https:\/\/bnperf.com\/pt-pt\/produit\/short-shifter-4h-tech-p-shift-para-1-6-thp-16v\/#primaryimage","url":"https:\/\/bnperf.com\/wp-content\/uploads\/2021\/07\/4h-tech-p-shift-short-shifter-for-16-thp-16v.jpg","contentUrl":"https:\/\/bnperf.com\/wp-content\/uploads\/2021\/07\/4h-tech-p-shift-short-shifter-for-16-thp-16v.jpg","width":1600,"height":2048},{"@type":"BreadcrumbList","@id":"https:\/\/bnperf.com\/pt-pt\/produit\/short-shifter-4h-tech-p-shift-para-1-6-thp-16v\/#breadcrumb","itemListElement":[{"@type":"ListItem","position":1,"name":"Inicio","item":"https:\/\/bnperf.com\/pt-pt\/inicio\/"},{"@type":"ListItem","position":2,"name":"Loja","item":"https:\/\/bnperf.com\/pt-pt\/loja\/"},{"@type":"ListItem","position":3,"name":"Short Shifter 4H-TECH P-Shift para 1.6 THP 16V"}]},{"@type":"WebSite","@id":"https:\/\/bnperf.com\/pt-pt\/#website","url":"https:\/\/bnperf.com\/pt-pt\/","name":"BNPERF","description":"Votre Boutique Online ...","publisher":{"@id":"https:\/\/bnperf.com\/pt-pt\/#organization"},"potentialAction":[{"@type":"SearchAction","target":{"@type":"EntryPoint","urlTemplate":"https:\/\/bnperf.com\/pt-pt\/?s={search_term_string}"},"query-input":{"@type":"PropertyValueSpecification","valueRequired":true,"valueName":"search_term_string"}}],"inLanguage":"pt-PT"},{"@type":"Organization","@id":"https:\/\/bnperf.com\/pt-pt\/#organization","name":"BNPERF","url":"https:\/\/bnperf.com\/pt-pt\/","logo":{"@type":"ImageObject","inLanguage":"pt-PT","@id":"https:\/\/bnperf.com\/pt-pt\/#\/schema\/logo\/image\/","url":"https:\/\/bnperf.com\/wp-content\/uploads\/2021\/10\/bnperf-logo.png","contentUrl":"https:\/\/bnperf.com\/wp-content\/uploads\/2021\/10\/bnperf-logo.png","width":954,"height":300,"caption":"BNPERF"},"image":{"@id":"https:\/\/bnperf.com\/pt-pt\/#\/schema\/logo\/image\/"},"sameAs":["https:\/\/www.facebook.com\/bnperf","https:\/\/www.instagram.com\/bnperf"]}]}},"tiered_pricing_type":"fixed","tiered_pricing_fixed_rules":[],"tiered_pricing_product_settings":{"layout":"default","base_unit_name":{"singular":null,"plural":null},"default_variation":null},"tiered_pricing_minimum_quantity":null,"tiered_pricing_roles_data":[],"tiered_pricing_percentage_rules":[],"_links":{"self":[{"href":"https:\/\/bnperf.com\/pt-pt\/wp-json\/wp\/v2\/product\/9716","targetHints":{"allow":["GET"]}}],"collection":[{"href":"https:\/\/bnperf.com\/pt-pt\/wp-json\/wp\/v2\/product"}],"about":[{"href":"https:\/\/bnperf.com\/pt-pt\/wp-json\/wp\/v2\/types\/product"}],"replies":[{"embeddable":true,"href":"https:\/\/bnperf.com\/pt-pt\/wp-json\/wp\/v2\/comments?post=9716"}],"wp:featuredmedia":[{"embeddable":true,"href":"https:\/\/bnperf.com\/pt-pt\/wp-json\/wp\/v2\/media\/9019"}],"wp:attachment":[{"href":"https:\/\/bnperf.com\/pt-pt\/wp-json\/wp\/v2\/media?parent=9716"}],"wp:term":[{"taxonomy":"product_brand","embeddable":true,"href":"https:\/\/bnperf.com\/pt-pt\/wp-json\/wp\/v2\/product_brand?post=9716"},{"taxonomy":"product_cat","embeddable":true,"href":"https:\/\/bnperf.com\/pt-pt\/wp-json\/wp\/v2\/product_cat?post=9716"},{"taxonomy":"product_tag","embeddable":true,"href":"https:\/\/bnperf.com\/pt-pt\/wp-json\/wp\/v2\/product_tag?post=9716"}],"curies":[{"name":"wp","href":"https:\/\/api.w.org\/{rel}","templated":true}]}}