{"id":9703,"date":"2021-07-22T10:57:36","date_gmt":"2021-08-27T12:18:05","guid":{"rendered":"http:\/\/bnperf.com\/produit\/kit-short-shifter-4h-tech-a-shift-para-fiat-alfa-romeo-e-lancia\/"},"modified":"2021-11-05T14:36:46","modified_gmt":"2021-11-05T13:36:46","slug":"kit-short-shifter-4h-tech-a-shift-pour-fiat-alfa-romeo-et-lancia","status":"publish","type":"product","link":"https:\/\/bnperf.com\/pt-pt\/produit\/kit-short-shifter-4h-tech-a-shift-pour-fiat-alfa-romeo-et-lancia\/","title":{"rendered":"Kit Short Shifter 4H-TECH A-Shift para Fiat \/ Alfa Romeo e Lancia"},"content":{"rendered":"<h3 id=\"tw-target-text\" class=\"tw-data-text tw-text-large XcVN5d tw-ta\" dir=\"ltr\" data-placeholder=\"Tradu\u00e7\u00e3o\"><span class=\"Y2IQFc\" lang=\"fr\">Este 4H-TECH A-Shift \u00e9 especialmente projetado para Fiat e Alfa Romeo. (tamb\u00e9m adequado para outros modelos) Ao instalar esta articula\u00e7\u00e3o, voc\u00ea alcan\u00e7ar\u00e1 uma redu\u00e7\u00e3o de 45% da velocidade de deslocamento. O modelo de mudan\u00e7a de marchas de f\u00e1brica e a altura permanecem inalterados. As mudan\u00e7as de marcha s\u00e3o muito mais r\u00e1pidas e precisas. <\/span><\/h3>\n<h3 dir=\"ltr\" data-placeholder=\"Tradu\u00e7\u00e3o\"><\/h3>\n<h3 class=\"tw-data-text tw-text-large XcVN5d tw-ta\" dir=\"ltr\" data-placeholder=\"Tradu\u00e7\u00e3o\"><span class=\"Y2IQFc\" lang=\"fr\">Caracter\u00edsticas: <\/span><\/h3>\n<h3 class=\"tw-data-text tw-text-large XcVN5d tw-ta\" dir=\"ltr\" data-placeholder=\"Tradu\u00e7\u00e3o\"><span class=\"Y2IQFc\" lang=\"fr\">Melhora o desempenho <\/span><\/h3>\n<h3 class=\"tw-data-text tw-text-large XcVN5d tw-ta\" dir=\"ltr\" data-placeholder=\"Tradu\u00e7\u00e3o\"><span class=\"Y2IQFc\" lang=\"fr\">Mudan\u00e7a de velocidades mais r\u00e1pida <\/span><\/h3>\n<h3 class=\"tw-data-text tw-text-large XcVN5d tw-ta\" dir=\"ltr\" data-placeholder=\"Tradu\u00e7\u00e3o\"><span class=\"Y2IQFc\" lang=\"fr\">Fabricado na Holanda pela 4H-TECH <\/span><\/h3>\n<h3 class=\"tw-data-text tw-text-large XcVN5d tw-ta\" dir=\"ltr\" data-placeholder=\"Tradu\u00e7\u00e3o\"><span class=\"Y2IQFc\" lang=\"fr\">Curso de velocidade reduzido em 45% <\/span><\/h3>\n<h3 class=\"tw-data-text tw-text-large XcVN5d tw-ta\" dir=\"ltr\" data-placeholder=\"Tradu\u00e7\u00e3o\"><span class=\"Y2IQFc\" lang=\"fr\">F\u00e1cil de instalar e usar <\/span><\/h3>\n<h3 class=\"tw-data-text tw-text-large XcVN5d tw-ta\" dir=\"ltr\" data-placeholder=\"Tradu\u00e7\u00e3o\"><span class=\"Y2IQFc\" lang=\"fr\">Totalmente revers\u00edvel em estoque <\/span><\/h3>\n<h3 class=\"tw-data-text tw-text-large XcVN5d tw-ta\" dir=\"ltr\" data-placeholder=\"Tradu\u00e7\u00e3o\"><span class=\"Y2IQFc\" lang=\"fr\">Tamb\u00e9m adequado para vers\u00f5es europeias e norte-americanas. <\/span><\/h3>\n<h3 class=\"tw-data-text tw-text-large XcVN5d tw-ta\" dir=\"ltr\" data-placeholder=\"Tradu\u00e7\u00e3o\"><span class=\"Y2IQFc\" lang=\"fr\">Fabricado em a\u00e7o de alta qualidade. <\/span><\/h3>\n<h3 class=\"tw-data-text tw-text-large XcVN5d tw-ta\" dir=\"ltr\" data-placeholder=\"Tradu\u00e7\u00e3o\"><span class=\"Y2IQFc\" lang=\"fr\">Acabamento com revestimento em p\u00f3 vermelho <\/span><\/h3>\n<h3 class=\"tw-data-text tw-text-large XcVN5d tw-ta\" dir=\"ltr\" data-placeholder=\"Tradu\u00e7\u00e3o\"><span class=\"Y2IQFc\" lang=\"fr\">Nenhuma modifica\u00e7\u00e3o necess\u00e1ria na pr\u00f3pria alavanca de c\u00e2mbio. <\/span><\/h3>\n<h3 class=\"tw-data-text tw-text-large XcVN5d tw-ta\" dir=\"ltr\" data-placeholder=\"Tradu\u00e7\u00e3o\"><span class=\"Y2IQFc\" lang=\"fr\">Nenhum reajuste necess\u00e1rio. <\/span><\/h3>\n<h3 class=\"tw-data-text tw-text-large XcVN5d tw-ta\" dir=\"ltr\" data-placeholder=\"Tradu\u00e7\u00e3o\"><span class=\"Y2IQFc\" lang=\"fr\">Design patenteado <\/span><\/h3>\n<h3 dir=\"ltr\" data-placeholder=\"Tradu\u00e7\u00e3o\"><\/h3>\n<h3 class=\"tw-data-text tw-text-large XcVN5d tw-ta\" dir=\"ltr\" data-placeholder=\"Tradu\u00e7\u00e3o\"><span class=\"Y2IQFc\" lang=\"fr\">Contem: <\/span><\/h3>\n<h3 class=\"tw-data-text tw-text-large XcVN5d tw-ta\" dir=\"ltr\" data-placeholder=\"Tradu\u00e7\u00e3o\"><span class=\"Y2IQFc\" lang=\"fr\">Kit de articula\u00e7\u00e3o de mudan\u00e7a de marchas <\/span><\/h3>\n<h3 dir=\"ltr\" data-placeholder=\"Tradu\u00e7\u00e3o\"><\/h3>\n<h3 class=\"tw-data-text tw-text-large XcVN5d tw-ta\" dir=\"ltr\" data-placeholder=\"Tradu\u00e7\u00e3o\"><span class=\"Y2IQFc\" lang=\"fr\">Aplica\u00e7\u00f5es: <\/span><\/h3>\n<h3 class=\"tw-data-text tw-text-large XcVN5d tw-ta\" dir=\"ltr\" data-placeholder=\"Tradu\u00e7\u00e3o\"><span class=\"Y2IQFc\" lang=\"fr\">-Fiat 500 Abarth 1.4T <\/span><\/h3>\n<h3 class=\"tw-data-text tw-text-large XcVN5d tw-ta\" dir=\"ltr\" data-placeholder=\"Tradu\u00e7\u00e3o\"><span class=\"Y2IQFc\" lang=\"fr\">&#8211; Fiat 500 1.3 Diesel (95cv) <\/span><\/h3>\n<h3 class=\"tw-data-text tw-text-large XcVN5d tw-ta\" dir=\"ltr\" data-placeholder=\"Tradu\u00e7\u00e3o\"><span class=\"Y2IQFc\" lang=\"fr\">-Fiat Panda 1.3 Diesel (95cv) <\/span><\/h3>\n<h3 class=\"tw-data-text tw-text-large XcVN5d tw-ta\" dir=\"ltr\" data-placeholder=\"Tradu\u00e7\u00e3o\"><span class=\"Y2IQFc\" lang=\"fr\">&#8211; Fiat Punto 1.3 Diesel (95cv) <\/span><\/h3>\n<h3 class=\"tw-data-text tw-text-large XcVN5d tw-ta\" dir=\"ltr\" data-placeholder=\"Tradu\u00e7\u00e3o\"><span class=\"Y2IQFc\" lang=\"fr\">-Fiat Doblo (2009-&gt;) 1.3L Diesel <\/span><\/h3>\n<h3 class=\"tw-data-text tw-text-large XcVN5d tw-ta\" dir=\"ltr\" data-placeholder=\"Tradu\u00e7\u00e3o\"><span class=\"Y2IQFc\" lang=\"fr\">&#8211; Fiat Fiorino 1.3L Diesel (75 ch et 95 ch) <\/span><\/h3>\n<h3 class=\"tw-data-text tw-text-large XcVN5d tw-ta\" dir=\"ltr\" data-placeholder=\"Tradu\u00e7\u00e3o\"><span class=\"Y2IQFc\" lang=\"fr\">&#8211; Opel Combo D (2012-&gt;) 1.3L Diesel<\/span><\/h3>\n","protected":false},"excerpt":{"rendered":"<p>Este 4H-TECH A-Shift \u00e9 especialmente projetado para Fiat e Alfa Romeo. (tamb\u00e9m adequado para outros modelos) Ao instalar esta articula\u00e7\u00e3o, voc\u00ea alcan\u00e7ar\u00e1 uma redu\u00e7\u00e3o de 45% da velocidade de deslocamento&#8230;.<\/p>\n","protected":false},"featured_media":8840,"comment_status":"open","ping_status":"closed","template":"","meta":[],"product_brand":[],"product_cat":[1782,1827,1820],"product_tag":[26926,26944,26939,26940,26906,26948,26945,26941,26947,26942,26946,26943,26927],"class_list":{"0":"post-9703","1":"product","2":"type-product","3":"status-publish","4":"has-post-thumbnail","6":"product_cat-performance-pt-pt","7":"product_cat-short-shift-pt-pt","8":"product_cat-transmissao","9":"product_tag-4h-tech-pt-pt","10":"product_tag-500-pt-pt","11":"product_tag-abarth-pt-pt","12":"product_tag-alfa-romeo-pt-pt","13":"product_tag-bnperf-pt-pt","14":"product_tag-combod-pt-pt","15":"product_tag-doblo-pt-pt","16":"product_tag-fiat-pt-pt","17":"product_tag-fiorino-pt-pt","18":"product_tag-lancia-pt-pt","19":"product_tag-panda-pt-pt","20":"product_tag-punto-pt-pt","21":"product_tag-short-shifter-pt-pt","23":"first","24":"instock","25":"taxable","26":"shipping-taxable","27":"purchasable","28":"product-type-simple","29":"add-to-wishlist-before_image"},"bundled_by":[],"bundle_stock_status":"instock","bundle_stock_quantity":null,"bundle_virtual":false,"bundle_layout":"","bundle_add_to_cart_form_location":"","bundle_editable_in_cart":false,"bundle_sold_individually_context":"","bundle_item_grouping":"","bundle_min_size":"","bundle_max_size":"","bundle_price":[],"bundled_items":[],"bundle_sell_ids":[],"exclude_global_add_ons":[],"addons":[],"yoast_head":"<!-- This site is optimized with the Yoast SEO Premium plugin v27.4 (Yoast SEO v27.4) - https:\/\/yoast.com\/product\/yoast-seo-premium-wordpress\/ -->\n<title>Kit Short Shifter 4H-TECH A-Shift para Fiat \/ Alfa Romeo e Lancia - BNPERF<\/title>\n<meta name=\"robots\" content=\"index, follow, max-snippet:-1, max-image-preview:large, max-video-preview:-1\" \/>\n<link rel=\"canonical\" href=\"https:\/\/bnperf.com\/pt-pt\/produit\/kit-short-shifter-4h-tech-a-shift-pour-fiat-alfa-romeo-et-lancia\/\" \/>\n<meta property=\"og:locale\" content=\"pt_PT\" \/>\n<meta property=\"og:type\" content=\"article\" \/>\n<meta property=\"og:title\" content=\"Kit Short Shifter 4H-TECH A-Shift para Fiat \/ Alfa Romeo e Lancia\" \/>\n<meta property=\"og:description\" content=\"Este 4H-TECH A-Shift \u00e9 especialmente projetado para Fiat e Alfa Romeo. (tamb\u00e9m adequado para outros modelos) Ao instalar esta articula\u00e7\u00e3o, voc\u00ea alcan\u00e7ar\u00e1 uma redu\u00e7\u00e3o de 45% da velocidade de deslocamento....\" \/>\n<meta property=\"og:url\" content=\"https:\/\/bnperf.com\/pt-pt\/produit\/kit-short-shifter-4h-tech-a-shift-pour-fiat-alfa-romeo-et-lancia\/\" \/>\n<meta property=\"og:site_name\" content=\"BNPERF\" \/>\n<meta property=\"article:publisher\" content=\"https:\/\/www.facebook.com\/bnperf\" \/>\n<meta property=\"article:modified_time\" content=\"2021-11-05T13:36:46+00:00\" \/>\n<meta property=\"og:image\" content=\"https:\/\/bnperf.com\/wp-content\/uploads\/2021\/07\/4h-tech-a-shift-short-shifter-kit-for-fiat-alfa-ro.jpg\" \/>\n\t<meta property=\"og:image:width\" content=\"1600\" \/>\n\t<meta property=\"og:image:height\" content=\"2048\" \/>\n\t<meta property=\"og:image:type\" content=\"image\/jpeg\" \/>\n<meta name=\"twitter:card\" content=\"summary_large_image\" \/>\n<meta name=\"twitter:label1\" content=\"Tempo estimado de leitura\" \/>\n\t<meta name=\"twitter:data1\" content=\"1 minuto\" \/>\n<script type=\"application\/ld+json\" class=\"yoast-schema-graph\">{\"@context\":\"https:\\\/\\\/schema.org\",\"@graph\":[{\"@type\":\"WebPage\",\"@id\":\"https:\\\/\\\/bnperf.com\\\/pt-pt\\\/produit\\\/kit-short-shifter-4h-tech-a-shift-pour-fiat-alfa-romeo-et-lancia\\\/\",\"url\":\"https:\\\/\\\/bnperf.com\\\/pt-pt\\\/produit\\\/kit-short-shifter-4h-tech-a-shift-pour-fiat-alfa-romeo-et-lancia\\\/\",\"name\":\"Kit Short Shifter 4H-TECH A-Shift para Fiat \\\/ Alfa Romeo e Lancia - BNPERF\",\"isPartOf\":{\"@id\":\"https:\\\/\\\/bnperf.com\\\/pt-pt\\\/#website\"},\"primaryImageOfPage\":{\"@id\":\"https:\\\/\\\/bnperf.com\\\/pt-pt\\\/produit\\\/kit-short-shifter-4h-tech-a-shift-pour-fiat-alfa-romeo-et-lancia\\\/#primaryimage\"},\"image\":{\"@id\":\"https:\\\/\\\/bnperf.com\\\/pt-pt\\\/produit\\\/kit-short-shifter-4h-tech-a-shift-pour-fiat-alfa-romeo-et-lancia\\\/#primaryimage\"},\"thumbnailUrl\":\"https:\\\/\\\/bnperf.com\\\/wp-content\\\/uploads\\\/2021\\\/07\\\/4h-tech-a-shift-short-shifter-kit-for-fiat-alfa-ro.jpg\",\"datePublished\":\"2021-08-27T12:18:05+00:00\",\"dateModified\":\"2021-11-05T13:36:46+00:00\",\"breadcrumb\":{\"@id\":\"https:\\\/\\\/bnperf.com\\\/pt-pt\\\/produit\\\/kit-short-shifter-4h-tech-a-shift-pour-fiat-alfa-romeo-et-lancia\\\/#breadcrumb\"},\"inLanguage\":\"pt-PT\",\"potentialAction\":[{\"@type\":\"ReadAction\",\"target\":[\"https:\\\/\\\/bnperf.com\\\/pt-pt\\\/produit\\\/kit-short-shifter-4h-tech-a-shift-pour-fiat-alfa-romeo-et-lancia\\\/\"]}]},{\"@type\":\"ImageObject\",\"inLanguage\":\"pt-PT\",\"@id\":\"https:\\\/\\\/bnperf.com\\\/pt-pt\\\/produit\\\/kit-short-shifter-4h-tech-a-shift-pour-fiat-alfa-romeo-et-lancia\\\/#primaryimage\",\"url\":\"https:\\\/\\\/bnperf.com\\\/wp-content\\\/uploads\\\/2021\\\/07\\\/4h-tech-a-shift-short-shifter-kit-for-fiat-alfa-ro.jpg\",\"contentUrl\":\"https:\\\/\\\/bnperf.com\\\/wp-content\\\/uploads\\\/2021\\\/07\\\/4h-tech-a-shift-short-shifter-kit-for-fiat-alfa-ro.jpg\",\"width\":1600,\"height\":2048},{\"@type\":\"BreadcrumbList\",\"@id\":\"https:\\\/\\\/bnperf.com\\\/pt-pt\\\/produit\\\/kit-short-shifter-4h-tech-a-shift-pour-fiat-alfa-romeo-et-lancia\\\/#breadcrumb\",\"itemListElement\":[{\"@type\":\"ListItem\",\"position\":1,\"name\":\"Inicio\",\"item\":\"https:\\\/\\\/bnperf.com\\\/pt-pt\\\/inicio\\\/\"},{\"@type\":\"ListItem\",\"position\":2,\"name\":\"Loja\",\"item\":\"https:\\\/\\\/bnperf.com\\\/pt-pt\\\/loja\\\/\"},{\"@type\":\"ListItem\",\"position\":3,\"name\":\"Kit Short Shifter 4H-TECH A-Shift para Fiat \\\/ Alfa Romeo e Lancia\"}]},{\"@type\":\"WebSite\",\"@id\":\"https:\\\/\\\/bnperf.com\\\/pt-pt\\\/#website\",\"url\":\"https:\\\/\\\/bnperf.com\\\/pt-pt\\\/\",\"name\":\"BNPERF\",\"description\":\"Votre Boutique Online ...\",\"publisher\":{\"@id\":\"https:\\\/\\\/bnperf.com\\\/pt-pt\\\/#organization\"},\"potentialAction\":[{\"@type\":\"SearchAction\",\"target\":{\"@type\":\"EntryPoint\",\"urlTemplate\":\"https:\\\/\\\/bnperf.com\\\/pt-pt\\\/?s={search_term_string}\"},\"query-input\":{\"@type\":\"PropertyValueSpecification\",\"valueRequired\":true,\"valueName\":\"search_term_string\"}}],\"inLanguage\":\"pt-PT\"},{\"@type\":\"Organization\",\"@id\":\"https:\\\/\\\/bnperf.com\\\/pt-pt\\\/#organization\",\"name\":\"BNPERF\",\"url\":\"https:\\\/\\\/bnperf.com\\\/pt-pt\\\/\",\"logo\":{\"@type\":\"ImageObject\",\"inLanguage\":\"pt-PT\",\"@id\":\"https:\\\/\\\/bnperf.com\\\/pt-pt\\\/#\\\/schema\\\/logo\\\/image\\\/\",\"url\":\"https:\\\/\\\/bnperf.com\\\/wp-content\\\/uploads\\\/2021\\\/10\\\/bnperf-logo.png\",\"contentUrl\":\"https:\\\/\\\/bnperf.com\\\/wp-content\\\/uploads\\\/2021\\\/10\\\/bnperf-logo.png\",\"width\":954,\"height\":300,\"caption\":\"BNPERF\"},\"image\":{\"@id\":\"https:\\\/\\\/bnperf.com\\\/pt-pt\\\/#\\\/schema\\\/logo\\\/image\\\/\"},\"sameAs\":[\"https:\\\/\\\/www.facebook.com\\\/bnperf\",\"https:\\\/\\\/www.instagram.com\\\/bnperf\"]}]}<\/script>\n<!-- \/ Yoast SEO Premium plugin. -->","yoast_head_json":{"title":"Kit Short Shifter 4H-TECH A-Shift para Fiat \/ Alfa Romeo e Lancia - BNPERF","robots":{"index":"index","follow":"follow","max-snippet":"max-snippet:-1","max-image-preview":"max-image-preview:large","max-video-preview":"max-video-preview:-1"},"canonical":"https:\/\/bnperf.com\/pt-pt\/produit\/kit-short-shifter-4h-tech-a-shift-pour-fiat-alfa-romeo-et-lancia\/","og_locale":"pt_PT","og_type":"article","og_title":"Kit Short Shifter 4H-TECH A-Shift para Fiat \/ Alfa Romeo e Lancia","og_description":"Este 4H-TECH A-Shift \u00e9 especialmente projetado para Fiat e Alfa Romeo. (tamb\u00e9m adequado para outros modelos) Ao instalar esta articula\u00e7\u00e3o, voc\u00ea alcan\u00e7ar\u00e1 uma redu\u00e7\u00e3o de 45% da velocidade de deslocamento....","og_url":"https:\/\/bnperf.com\/pt-pt\/produit\/kit-short-shifter-4h-tech-a-shift-pour-fiat-alfa-romeo-et-lancia\/","og_site_name":"BNPERF","article_publisher":"https:\/\/www.facebook.com\/bnperf","article_modified_time":"2021-11-05T13:36:46+00:00","og_image":[{"width":1600,"height":2048,"url":"https:\/\/bnperf.com\/wp-content\/uploads\/2021\/07\/4h-tech-a-shift-short-shifter-kit-for-fiat-alfa-ro.jpg","type":"image\/jpeg"}],"twitter_card":"summary_large_image","twitter_misc":{"Tempo estimado de leitura":"1 minuto"},"schema":{"@context":"https:\/\/schema.org","@graph":[{"@type":"WebPage","@id":"https:\/\/bnperf.com\/pt-pt\/produit\/kit-short-shifter-4h-tech-a-shift-pour-fiat-alfa-romeo-et-lancia\/","url":"https:\/\/bnperf.com\/pt-pt\/produit\/kit-short-shifter-4h-tech-a-shift-pour-fiat-alfa-romeo-et-lancia\/","name":"Kit Short Shifter 4H-TECH A-Shift para Fiat \/ Alfa Romeo e Lancia - BNPERF","isPartOf":{"@id":"https:\/\/bnperf.com\/pt-pt\/#website"},"primaryImageOfPage":{"@id":"https:\/\/bnperf.com\/pt-pt\/produit\/kit-short-shifter-4h-tech-a-shift-pour-fiat-alfa-romeo-et-lancia\/#primaryimage"},"image":{"@id":"https:\/\/bnperf.com\/pt-pt\/produit\/kit-short-shifter-4h-tech-a-shift-pour-fiat-alfa-romeo-et-lancia\/#primaryimage"},"thumbnailUrl":"https:\/\/bnperf.com\/wp-content\/uploads\/2021\/07\/4h-tech-a-shift-short-shifter-kit-for-fiat-alfa-ro.jpg","datePublished":"2021-08-27T12:18:05+00:00","dateModified":"2021-11-05T13:36:46+00:00","breadcrumb":{"@id":"https:\/\/bnperf.com\/pt-pt\/produit\/kit-short-shifter-4h-tech-a-shift-pour-fiat-alfa-romeo-et-lancia\/#breadcrumb"},"inLanguage":"pt-PT","potentialAction":[{"@type":"ReadAction","target":["https:\/\/bnperf.com\/pt-pt\/produit\/kit-short-shifter-4h-tech-a-shift-pour-fiat-alfa-romeo-et-lancia\/"]}]},{"@type":"ImageObject","inLanguage":"pt-PT","@id":"https:\/\/bnperf.com\/pt-pt\/produit\/kit-short-shifter-4h-tech-a-shift-pour-fiat-alfa-romeo-et-lancia\/#primaryimage","url":"https:\/\/bnperf.com\/wp-content\/uploads\/2021\/07\/4h-tech-a-shift-short-shifter-kit-for-fiat-alfa-ro.jpg","contentUrl":"https:\/\/bnperf.com\/wp-content\/uploads\/2021\/07\/4h-tech-a-shift-short-shifter-kit-for-fiat-alfa-ro.jpg","width":1600,"height":2048},{"@type":"BreadcrumbList","@id":"https:\/\/bnperf.com\/pt-pt\/produit\/kit-short-shifter-4h-tech-a-shift-pour-fiat-alfa-romeo-et-lancia\/#breadcrumb","itemListElement":[{"@type":"ListItem","position":1,"name":"Inicio","item":"https:\/\/bnperf.com\/pt-pt\/inicio\/"},{"@type":"ListItem","position":2,"name":"Loja","item":"https:\/\/bnperf.com\/pt-pt\/loja\/"},{"@type":"ListItem","position":3,"name":"Kit Short Shifter 4H-TECH A-Shift para Fiat \/ Alfa Romeo e Lancia"}]},{"@type":"WebSite","@id":"https:\/\/bnperf.com\/pt-pt\/#website","url":"https:\/\/bnperf.com\/pt-pt\/","name":"BNPERF","description":"Votre Boutique Online ...","publisher":{"@id":"https:\/\/bnperf.com\/pt-pt\/#organization"},"potentialAction":[{"@type":"SearchAction","target":{"@type":"EntryPoint","urlTemplate":"https:\/\/bnperf.com\/pt-pt\/?s={search_term_string}"},"query-input":{"@type":"PropertyValueSpecification","valueRequired":true,"valueName":"search_term_string"}}],"inLanguage":"pt-PT"},{"@type":"Organization","@id":"https:\/\/bnperf.com\/pt-pt\/#organization","name":"BNPERF","url":"https:\/\/bnperf.com\/pt-pt\/","logo":{"@type":"ImageObject","inLanguage":"pt-PT","@id":"https:\/\/bnperf.com\/pt-pt\/#\/schema\/logo\/image\/","url":"https:\/\/bnperf.com\/wp-content\/uploads\/2021\/10\/bnperf-logo.png","contentUrl":"https:\/\/bnperf.com\/wp-content\/uploads\/2021\/10\/bnperf-logo.png","width":954,"height":300,"caption":"BNPERF"},"image":{"@id":"https:\/\/bnperf.com\/pt-pt\/#\/schema\/logo\/image\/"},"sameAs":["https:\/\/www.facebook.com\/bnperf","https:\/\/www.instagram.com\/bnperf"]}]}},"tiered_pricing_type":"fixed","tiered_pricing_fixed_rules":[],"tiered_pricing_product_settings":{"layout":"default","base_unit_name":{"singular":null,"plural":null},"default_variation":null},"tiered_pricing_minimum_quantity":null,"tiered_pricing_roles_data":[],"tiered_pricing_percentage_rules":[],"_links":{"self":[{"href":"https:\/\/bnperf.com\/pt-pt\/wp-json\/wp\/v2\/product\/9703","targetHints":{"allow":["GET"]}}],"collection":[{"href":"https:\/\/bnperf.com\/pt-pt\/wp-json\/wp\/v2\/product"}],"about":[{"href":"https:\/\/bnperf.com\/pt-pt\/wp-json\/wp\/v2\/types\/product"}],"replies":[{"embeddable":true,"href":"https:\/\/bnperf.com\/pt-pt\/wp-json\/wp\/v2\/comments?post=9703"}],"wp:featuredmedia":[{"embeddable":true,"href":"https:\/\/bnperf.com\/pt-pt\/wp-json\/wp\/v2\/media\/8840"}],"wp:attachment":[{"href":"https:\/\/bnperf.com\/pt-pt\/wp-json\/wp\/v2\/media?parent=9703"}],"wp:term":[{"taxonomy":"product_brand","embeddable":true,"href":"https:\/\/bnperf.com\/pt-pt\/wp-json\/wp\/v2\/product_brand?post=9703"},{"taxonomy":"product_cat","embeddable":true,"href":"https:\/\/bnperf.com\/pt-pt\/wp-json\/wp\/v2\/product_cat?post=9703"},{"taxonomy":"product_tag","embeddable":true,"href":"https:\/\/bnperf.com\/pt-pt\/wp-json\/wp\/v2\/product_tag?post=9703"}],"curies":[{"name":"wp","href":"https:\/\/api.w.org\/{rel}","templated":true}]}}