{"id":9684,"date":"2021-07-01T17:51:41","date_gmt":"2021-08-26T17:57:54","guid":{"rendered":"http:\/\/bnperf.com\/produit\/alargadores-de-roda-5x112-audi\/"},"modified":"2021-11-05T23:45:56","modified_gmt":"2021-11-05T22:45:56","slug":"alargadores-de-roda-5x112-audi","status":"publish","type":"product","link":"https:\/\/bnperf.com\/pt-pt\/produit\/alargadores-de-roda-5x112-audi\/","title":{"rendered":"Alargadores de roda 5\u00d7112 Audi"},"content":{"rendered":"<p><strong><span style=\"font-size: 110%;\">&#8211; Espessura poss\u00edvel:<\/span><\/strong><\/p>\n<ul>\n<li><span style=\"font-size: 110%;\">10mm<\/span><\/li>\n<li><span style=\"font-size: 110%;\">16mm<\/span><\/li>\n<li><span style=\"font-size: 110%;\">20mm<\/span><\/li>\n<li><span style=\"font-size: 110%;\">25mm<\/span><\/li>\n<\/ul>\n<p><strong><span style=\"font-size: 110%;\">&#8211; Vendidos aos pares<\/span><\/strong><\/p>\n<p><strong><span style=\"font-size: 110%;\">&#8211; Fura\u00e7\u00e3o : 5&#215;112<\/span><\/strong><\/p>\n<p><strong><span style=\"font-size: 110%;\">&#8211; Furo central: 57,1 mm, com dispositivo de centragem da roda<\/span><\/strong><\/p>\n<p><span style=\"font-size: 110%;\">Oferecido em pares com uma escolha de alargamento de trilho de 10 mm, 16 mm, 20 mm, 25 mm e com hardware completo mais longo com porcas.<\/span><\/p>\n<p><span style=\"font-size: 110%;\">Esses alargadores de alum\u00ednio t\u00eam v\u00e1rias vantagens:<\/span><\/p>\n<p style=\"padding-left: 40px;\"><span style=\"font-size: 110%;\">&#8211; F\u00e1cil montagem, centralizam perfeitamente a roda gra\u00e7as a uma usinagem interna e externa correspondente ao mil\u00edmetro de cada ve\u00edculo.<\/span><\/p>\n<p style=\"padding-left: 40px;\"><span style=\"font-size: 110%;\">&#8211; S\u00e3o fabricados em alum\u00ednio de qualidade aeron\u00e1utica, usinados em massa de acordo com especifica\u00e7\u00f5es muito r\u00edgidas do fabricante.<\/span><\/p>\n<p style=\"padding-left: 40px;\"><span style=\"font-size: 110%;\">&#8211; Os parafusos espec\u00edficos s\u00e3o fornecidos para cada ve\u00edculo e s\u00e3o completos para a instala\u00e7\u00e3o de um par de cal\u00e7os. <\/span><\/p>\n<p><span style=\"font-size: 110%;\">(ex: V\u00e9iculos com 4 furos =&gt; 8 parafusos et 8 porcas planas + 2 espa\u00e7adores)<\/span><\/p>\n<p><span style=\"font-size: 110%;\">(ex: Veiculos com 5 furos =&gt; 10 parafusos et 10 porcas conicas + 2 espa\u00e7adores)<\/span><\/p>\n<p><span style=\"font-size: 110%;\">&gt; Ideal para aumentar o deslocamento (ET) ao trocar os aros ou nos originais para uma apar\u00eancia ampla e uma ader\u00eancia otimizada na estrada.<\/span><\/p>\n","protected":false},"excerpt":{"rendered":"<p>&#8211; Espessura poss\u00edvel: 10mm 16mm 20mm 25mm &#8211; Vendidos aos pares &#8211; Fura\u00e7\u00e3o : 5&#215;112 &#8211; Furo central: 57,1 mm, com dispositivo de centragem da roda Oferecido em pares com&#8230;<\/p>\n","protected":false},"featured_media":9666,"comment_status":"open","ping_status":"closed","template":"","meta":[],"product_brand":[],"product_cat":[1835,1834],"product_tag":[26922,26924,26915,26917,544,26906,524,26920,26921],"class_list":{"0":"post-9684","1":"product","2":"type-product","3":"status-publish","4":"has-post-thumbnail","6":"product_cat-espacadores-de-roda","7":"product_cat-jantes","8":"product_tag-57-1-pt-pt","9":"product_tag-5x112-pt-pt","10":"product_tag-alargadores","11":"product_tag-alargadoresderoda","12":"product_tag-audi-pt-pt","13":"product_tag-bnperf-pt-pt","14":"product_tag-bnperfshop-pt-pt","15":"product_tag-espacadores","16":"product_tag-furacao","18":"first","19":"instock","20":"taxable","21":"shipping-taxable","22":"purchasable","23":"product-type-variable","24":"add-to-wishlist-before_image"},"bundled_by":[],"bundle_stock_status":"instock","bundle_stock_quantity":null,"bundle_virtual":false,"bundle_layout":"","bundle_add_to_cart_form_location":"","bundle_editable_in_cart":false,"bundle_sold_individually_context":"","bundle_item_grouping":"","bundle_min_size":"","bundle_max_size":"","bundle_price":[],"bundled_items":[],"bundle_sell_ids":[],"exclude_global_add_ons":[],"addons":[],"yoast_head":"<!-- This site is optimized with the Yoast SEO Premium plugin v27.4 (Yoast SEO v27.4) - https:\/\/yoast.com\/product\/yoast-seo-premium-wordpress\/ -->\n<title>Alargadores de roda 5\u00d7112 Audi - BNPERF<\/title>\n<meta name=\"robots\" content=\"index, follow, max-snippet:-1, max-image-preview:large, max-video-preview:-1\" \/>\n<link rel=\"canonical\" href=\"https:\/\/bnperf.com\/pt-pt\/produit\/alargadores-de-roda-5x112-audi\/\" \/>\n<meta property=\"og:locale\" content=\"pt_PT\" \/>\n<meta property=\"og:type\" content=\"article\" \/>\n<meta property=\"og:title\" content=\"Alargadores de roda 5\u00d7112 Audi\" \/>\n<meta property=\"og:description\" content=\"&#8211; Espessura poss\u00edvel: 10mm 16mm 20mm 25mm &#8211; Vendidos aos pares &#8211; Fura\u00e7\u00e3o : 5&#215;112 &#8211; Furo central: 57,1 mm, com dispositivo de centragem da roda Oferecido em pares com...\" \/>\n<meta property=\"og:url\" content=\"https:\/\/bnperf.com\/pt-pt\/produit\/alargadores-de-roda-5x112-audi\/\" \/>\n<meta property=\"og:site_name\" content=\"BNPERF\" \/>\n<meta property=\"article:publisher\" content=\"https:\/\/www.facebook.com\/bnperf\" \/>\n<meta property=\"article:modified_time\" content=\"2021-11-05T22:45:56+00:00\" \/>\n<meta property=\"og:image\" content=\"https:\/\/bnperf.com\/wp-content\/uploads\/2021\/07\/image-e1625170617784.jpg\" \/>\n\t<meta property=\"og:image:width\" content=\"700\" \/>\n\t<meta property=\"og:image:height\" content=\"525\" \/>\n\t<meta property=\"og:image:type\" content=\"image\/jpeg\" \/>\n<meta name=\"twitter:card\" content=\"summary_large_image\" \/>\n<meta name=\"twitter:label1\" content=\"Tempo estimado de leitura\" \/>\n\t<meta name=\"twitter:data1\" content=\"1 minuto\" \/>\n<script type=\"application\/ld+json\" class=\"yoast-schema-graph\">{\"@context\":\"https:\\\/\\\/schema.org\",\"@graph\":[{\"@type\":\"WebPage\",\"@id\":\"https:\\\/\\\/bnperf.com\\\/pt-pt\\\/produit\\\/alargadores-de-roda-5x112-audi\\\/\",\"url\":\"https:\\\/\\\/bnperf.com\\\/pt-pt\\\/produit\\\/alargadores-de-roda-5x112-audi\\\/\",\"name\":\"Alargadores de roda 5\u00d7112 Audi - BNPERF\",\"isPartOf\":{\"@id\":\"https:\\\/\\\/bnperf.com\\\/pt-pt\\\/#website\"},\"primaryImageOfPage\":{\"@id\":\"https:\\\/\\\/bnperf.com\\\/pt-pt\\\/produit\\\/alargadores-de-roda-5x112-audi\\\/#primaryimage\"},\"image\":{\"@id\":\"https:\\\/\\\/bnperf.com\\\/pt-pt\\\/produit\\\/alargadores-de-roda-5x112-audi\\\/#primaryimage\"},\"thumbnailUrl\":\"https:\\\/\\\/bnperf.com\\\/wp-content\\\/uploads\\\/2021\\\/07\\\/image-e1625170617784.jpg\",\"datePublished\":\"2021-08-26T17:57:54+00:00\",\"dateModified\":\"2021-11-05T22:45:56+00:00\",\"breadcrumb\":{\"@id\":\"https:\\\/\\\/bnperf.com\\\/pt-pt\\\/produit\\\/alargadores-de-roda-5x112-audi\\\/#breadcrumb\"},\"inLanguage\":\"pt-PT\",\"potentialAction\":[{\"@type\":\"ReadAction\",\"target\":[\"https:\\\/\\\/bnperf.com\\\/pt-pt\\\/produit\\\/alargadores-de-roda-5x112-audi\\\/\"]}]},{\"@type\":\"ImageObject\",\"inLanguage\":\"pt-PT\",\"@id\":\"https:\\\/\\\/bnperf.com\\\/pt-pt\\\/produit\\\/alargadores-de-roda-5x112-audi\\\/#primaryimage\",\"url\":\"https:\\\/\\\/bnperf.com\\\/wp-content\\\/uploads\\\/2021\\\/07\\\/image-e1625170617784.jpg\",\"contentUrl\":\"https:\\\/\\\/bnperf.com\\\/wp-content\\\/uploads\\\/2021\\\/07\\\/image-e1625170617784.jpg\",\"width\":700,\"height\":525},{\"@type\":\"BreadcrumbList\",\"@id\":\"https:\\\/\\\/bnperf.com\\\/pt-pt\\\/produit\\\/alargadores-de-roda-5x112-audi\\\/#breadcrumb\",\"itemListElement\":[{\"@type\":\"ListItem\",\"position\":1,\"name\":\"Inicio\",\"item\":\"https:\\\/\\\/bnperf.com\\\/pt-pt\\\/inicio\\\/\"},{\"@type\":\"ListItem\",\"position\":2,\"name\":\"Loja\",\"item\":\"https:\\\/\\\/bnperf.com\\\/pt-pt\\\/loja\\\/\"},{\"@type\":\"ListItem\",\"position\":3,\"name\":\"Alargadores de roda 5\u00d7112 Audi\"}]},{\"@type\":\"WebSite\",\"@id\":\"https:\\\/\\\/bnperf.com\\\/pt-pt\\\/#website\",\"url\":\"https:\\\/\\\/bnperf.com\\\/pt-pt\\\/\",\"name\":\"BNPERF\",\"description\":\"Votre Boutique Online ...\",\"publisher\":{\"@id\":\"https:\\\/\\\/bnperf.com\\\/pt-pt\\\/#organization\"},\"potentialAction\":[{\"@type\":\"SearchAction\",\"target\":{\"@type\":\"EntryPoint\",\"urlTemplate\":\"https:\\\/\\\/bnperf.com\\\/pt-pt\\\/?s={search_term_string}\"},\"query-input\":{\"@type\":\"PropertyValueSpecification\",\"valueRequired\":true,\"valueName\":\"search_term_string\"}}],\"inLanguage\":\"pt-PT\"},{\"@type\":\"Organization\",\"@id\":\"https:\\\/\\\/bnperf.com\\\/pt-pt\\\/#organization\",\"name\":\"BNPERF\",\"url\":\"https:\\\/\\\/bnperf.com\\\/pt-pt\\\/\",\"logo\":{\"@type\":\"ImageObject\",\"inLanguage\":\"pt-PT\",\"@id\":\"https:\\\/\\\/bnperf.com\\\/pt-pt\\\/#\\\/schema\\\/logo\\\/image\\\/\",\"url\":\"https:\\\/\\\/bnperf.com\\\/wp-content\\\/uploads\\\/2021\\\/10\\\/bnperf-logo.png\",\"contentUrl\":\"https:\\\/\\\/bnperf.com\\\/wp-content\\\/uploads\\\/2021\\\/10\\\/bnperf-logo.png\",\"width\":954,\"height\":300,\"caption\":\"BNPERF\"},\"image\":{\"@id\":\"https:\\\/\\\/bnperf.com\\\/pt-pt\\\/#\\\/schema\\\/logo\\\/image\\\/\"},\"sameAs\":[\"https:\\\/\\\/www.facebook.com\\\/bnperf\",\"https:\\\/\\\/www.instagram.com\\\/bnperf\"]}]}<\/script>\n<!-- \/ Yoast SEO Premium plugin. -->","yoast_head_json":{"title":"Alargadores de roda 5\u00d7112 Audi - BNPERF","robots":{"index":"index","follow":"follow","max-snippet":"max-snippet:-1","max-image-preview":"max-image-preview:large","max-video-preview":"max-video-preview:-1"},"canonical":"https:\/\/bnperf.com\/pt-pt\/produit\/alargadores-de-roda-5x112-audi\/","og_locale":"pt_PT","og_type":"article","og_title":"Alargadores de roda 5\u00d7112 Audi","og_description":"&#8211; Espessura poss\u00edvel: 10mm 16mm 20mm 25mm &#8211; Vendidos aos pares &#8211; Fura\u00e7\u00e3o : 5&#215;112 &#8211; Furo central: 57,1 mm, com dispositivo de centragem da roda Oferecido em pares com...","og_url":"https:\/\/bnperf.com\/pt-pt\/produit\/alargadores-de-roda-5x112-audi\/","og_site_name":"BNPERF","article_publisher":"https:\/\/www.facebook.com\/bnperf","article_modified_time":"2021-11-05T22:45:56+00:00","og_image":[{"width":700,"height":525,"url":"https:\/\/bnperf.com\/wp-content\/uploads\/2021\/07\/image-e1625170617784.jpg","type":"image\/jpeg"}],"twitter_card":"summary_large_image","twitter_misc":{"Tempo estimado de leitura":"1 minuto"},"schema":{"@context":"https:\/\/schema.org","@graph":[{"@type":"WebPage","@id":"https:\/\/bnperf.com\/pt-pt\/produit\/alargadores-de-roda-5x112-audi\/","url":"https:\/\/bnperf.com\/pt-pt\/produit\/alargadores-de-roda-5x112-audi\/","name":"Alargadores de roda 5\u00d7112 Audi - BNPERF","isPartOf":{"@id":"https:\/\/bnperf.com\/pt-pt\/#website"},"primaryImageOfPage":{"@id":"https:\/\/bnperf.com\/pt-pt\/produit\/alargadores-de-roda-5x112-audi\/#primaryimage"},"image":{"@id":"https:\/\/bnperf.com\/pt-pt\/produit\/alargadores-de-roda-5x112-audi\/#primaryimage"},"thumbnailUrl":"https:\/\/bnperf.com\/wp-content\/uploads\/2021\/07\/image-e1625170617784.jpg","datePublished":"2021-08-26T17:57:54+00:00","dateModified":"2021-11-05T22:45:56+00:00","breadcrumb":{"@id":"https:\/\/bnperf.com\/pt-pt\/produit\/alargadores-de-roda-5x112-audi\/#breadcrumb"},"inLanguage":"pt-PT","potentialAction":[{"@type":"ReadAction","target":["https:\/\/bnperf.com\/pt-pt\/produit\/alargadores-de-roda-5x112-audi\/"]}]},{"@type":"ImageObject","inLanguage":"pt-PT","@id":"https:\/\/bnperf.com\/pt-pt\/produit\/alargadores-de-roda-5x112-audi\/#primaryimage","url":"https:\/\/bnperf.com\/wp-content\/uploads\/2021\/07\/image-e1625170617784.jpg","contentUrl":"https:\/\/bnperf.com\/wp-content\/uploads\/2021\/07\/image-e1625170617784.jpg","width":700,"height":525},{"@type":"BreadcrumbList","@id":"https:\/\/bnperf.com\/pt-pt\/produit\/alargadores-de-roda-5x112-audi\/#breadcrumb","itemListElement":[{"@type":"ListItem","position":1,"name":"Inicio","item":"https:\/\/bnperf.com\/pt-pt\/inicio\/"},{"@type":"ListItem","position":2,"name":"Loja","item":"https:\/\/bnperf.com\/pt-pt\/loja\/"},{"@type":"ListItem","position":3,"name":"Alargadores de roda 5\u00d7112 Audi"}]},{"@type":"WebSite","@id":"https:\/\/bnperf.com\/pt-pt\/#website","url":"https:\/\/bnperf.com\/pt-pt\/","name":"BNPERF","description":"Votre Boutique Online ...","publisher":{"@id":"https:\/\/bnperf.com\/pt-pt\/#organization"},"potentialAction":[{"@type":"SearchAction","target":{"@type":"EntryPoint","urlTemplate":"https:\/\/bnperf.com\/pt-pt\/?s={search_term_string}"},"query-input":{"@type":"PropertyValueSpecification","valueRequired":true,"valueName":"search_term_string"}}],"inLanguage":"pt-PT"},{"@type":"Organization","@id":"https:\/\/bnperf.com\/pt-pt\/#organization","name":"BNPERF","url":"https:\/\/bnperf.com\/pt-pt\/","logo":{"@type":"ImageObject","inLanguage":"pt-PT","@id":"https:\/\/bnperf.com\/pt-pt\/#\/schema\/logo\/image\/","url":"https:\/\/bnperf.com\/wp-content\/uploads\/2021\/10\/bnperf-logo.png","contentUrl":"https:\/\/bnperf.com\/wp-content\/uploads\/2021\/10\/bnperf-logo.png","width":954,"height":300,"caption":"BNPERF"},"image":{"@id":"https:\/\/bnperf.com\/pt-pt\/#\/schema\/logo\/image\/"},"sameAs":["https:\/\/www.facebook.com\/bnperf","https:\/\/www.instagram.com\/bnperf"]}]}},"tiered_pricing_type":"fixed","tiered_pricing_fixed_rules":[],"tiered_pricing_product_settings":{"layout":"default","base_unit_name":{"singular":null,"plural":null},"default_variation":null},"tiered_pricing_minimum_quantity":null,"tiered_pricing_roles_data":[],"tiered_pricing_percentage_rules":[],"_links":{"self":[{"href":"https:\/\/bnperf.com\/pt-pt\/wp-json\/wp\/v2\/product\/9684","targetHints":{"allow":["GET"]}}],"collection":[{"href":"https:\/\/bnperf.com\/pt-pt\/wp-json\/wp\/v2\/product"}],"about":[{"href":"https:\/\/bnperf.com\/pt-pt\/wp-json\/wp\/v2\/types\/product"}],"replies":[{"embeddable":true,"href":"https:\/\/bnperf.com\/pt-pt\/wp-json\/wp\/v2\/comments?post=9684"}],"wp:featuredmedia":[{"embeddable":true,"href":"https:\/\/bnperf.com\/pt-pt\/wp-json\/wp\/v2\/media\/9666"}],"wp:attachment":[{"href":"https:\/\/bnperf.com\/pt-pt\/wp-json\/wp\/v2\/media?parent=9684"}],"wp:term":[{"taxonomy":"product_brand","embeddable":true,"href":"https:\/\/bnperf.com\/pt-pt\/wp-json\/wp\/v2\/product_brand?post=9684"},{"taxonomy":"product_cat","embeddable":true,"href":"https:\/\/bnperf.com\/pt-pt\/wp-json\/wp\/v2\/product_cat?post=9684"},{"taxonomy":"product_tag","embeddable":true,"href":"https:\/\/bnperf.com\/pt-pt\/wp-json\/wp\/v2\/product_tag?post=9684"}],"curies":[{"name":"wp","href":"https:\/\/api.w.org\/{rel}","templated":true}]}}