{"id":9675,"date":"2021-07-01T12:29:56","date_gmt":"2021-08-26T17:29:58","guid":{"rendered":"http:\/\/bnperf.com\/produit\/kit-de-grandes-travoes-frontais-vmaxx-para-seat-ibiza-6k-6k2-330mm\/"},"modified":"2021-11-05T13:18:20","modified_gmt":"2021-11-05T12:18:20","slug":"kit-de-grande-travoes-vmaxx-para-seat-ibiza-6k-6k2","status":"publish","type":"product","link":"https:\/\/bnperf.com\/pt-pt\/produit\/kit-de-grande-travoes-vmaxx-para-seat-ibiza-6k-6k2\/","title":{"rendered":"Kit de Grandes Trav\u00f5es Frontais Vmaxx para Seat Ibiza 6K\/6K2 330mm"},"content":{"rendered":"<h3>Kit de grandes Trav\u00f5es frontais Vmaxx para Seat Ibiza 6K \/ 6K2 incluindo 4 pin\u00e7as de pist\u00e3o, discos\u00a0 ranhurados \/ perfurados de 330 mm, mangueiras de freio de avia\u00e7\u00e3o, pastilhas de estrada \/ esportivas e todo o conjunto necess\u00e1rio para instala\u00e7\u00e3o direta sem qualquer modifica\u00e7\u00e3o.<\/h3>\n<h3>Montagem direta;<\/h3>\n<h3>Kit completo pronto para instalar;<\/h3>\n<h3>4 pin\u00e7as de pist\u00e3o em acabamento preto, azul, amarelo ou vermelho;<\/h3>\n<h3>Discos ranhurados em tigela de 330 mm;<\/h3>\n<h3>Road \/ sport pads inclu\u00eddos;<\/h3>\n<h3>Mangueiras de avia\u00e7\u00e3o inclu\u00eddas;<\/h3>\n<h3><strong>Recomenda-se montagem profissional<\/strong>;<\/h3>\n<h3>&#8211; Para verificar a compatibilidade com seu ve\u00edculo, baixe o PDF para cortar e colocar em seus aros <span style=\"background-color: #ed1c24;\"><strong><a style=\"background-color: #ed1c24;\" href=\"https:\/\/www.v-maxx.com\/files\/WFC\/20%20SU330%2001%20WFC.pdf\" target=\"_blank\" rel=\"noreferrer noopener\">AQUI<\/a>.<\/strong><\/span><\/h3>\n","protected":false},"excerpt":{"rendered":"<p>Kit de Grandes Trav\u00f5es com 2 mangueiras Vmaxx STEELFLEX<\/p>\n<p>(Pastilhas de freio n\u00e3o inclu\u00eddas)<\/p>\n","protected":false},"featured_media":9652,"comment_status":"open","ping_status":"closed","template":"","meta":[],"product_brand":[],"product_cat":[1703,1710,1705],"product_tag":[26906,782,26913,26912],"class_list":{"0":"post-9675","1":"product","2":"type-product","3":"status-publish","4":"has-post-thumbnail","6":"product_cat-chassis-pt-pt","7":"product_cat-kit-de-travagem","8":"product_cat-travagem","9":"product_tag-bnperf-pt-pt","10":"product_tag-golf7-pt-pt-2","11":"product_tag-travoes","12":"product_tag-vmaxx-pt-pt","14":"first","15":"instock","16":"taxable","17":"shipping-taxable","18":"purchasable","19":"product-type-simple","20":"add-to-wishlist-before_image"},"bundled_by":[],"bundle_stock_status":"instock","bundle_stock_quantity":10,"bundle_virtual":false,"bundle_layout":"","bundle_add_to_cart_form_location":"","bundle_editable_in_cart":false,"bundle_sold_individually_context":"","bundle_item_grouping":"","bundle_min_size":"","bundle_max_size":"","bundle_price":[],"bundled_items":[],"bundle_sell_ids":[],"exclude_global_add_ons":[],"addons":[],"yoast_head":"<!-- This site is optimized with the Yoast SEO Premium plugin v27.4 (Yoast SEO v27.4) - https:\/\/yoast.com\/product\/yoast-seo-premium-wordpress\/ -->\n<title>Kit de Grandes Trav\u00f5es Frontais Vmaxx para Seat Ibiza 6K\/6K2 330mm - BNPERF<\/title>\n<meta name=\"robots\" content=\"index, follow, max-snippet:-1, max-image-preview:large, max-video-preview:-1\" \/>\n<link rel=\"canonical\" href=\"https:\/\/bnperf.com\/pt-pt\/produit\/kit-de-grande-travoes-vmaxx-para-seat-ibiza-6k-6k2\/\" \/>\n<meta property=\"og:locale\" content=\"pt_PT\" \/>\n<meta property=\"og:type\" content=\"article\" \/>\n<meta property=\"og:title\" content=\"Kit de Grandes Trav\u00f5es Frontais Vmaxx para Seat Ibiza 6K\/6K2 330mm\" \/>\n<meta property=\"og:description\" content=\"Kit de Grandes Trav\u00f5es com 2 mangueiras Vmaxx STEELFLEX  (Pastilhas de freio n\u00e3o inclu\u00eddas)\" \/>\n<meta property=\"og:url\" content=\"https:\/\/bnperf.com\/pt-pt\/produit\/kit-de-grande-travoes-vmaxx-para-seat-ibiza-6k-6k2\/\" \/>\n<meta property=\"og:site_name\" content=\"BNPERF\" \/>\n<meta property=\"article:publisher\" content=\"https:\/\/www.facebook.com\/bnperf\" \/>\n<meta property=\"article:modified_time\" content=\"2021-11-05T12:18:20+00:00\" \/>\n<meta property=\"og:image\" content=\"https:\/\/bnperf.com\/wp-content\/uploads\/2021\/06\/924_103.jpg\" \/>\n\t<meta property=\"og:image:width\" content=\"450\" \/>\n\t<meta property=\"og:image:height\" content=\"450\" \/>\n\t<meta property=\"og:image:type\" content=\"image\/jpeg\" \/>\n<meta name=\"twitter:card\" content=\"summary_large_image\" \/>\n<meta name=\"twitter:label1\" content=\"Tempo estimado de leitura\" \/>\n\t<meta name=\"twitter:data1\" content=\"1 minuto\" \/>\n<script type=\"application\/ld+json\" class=\"yoast-schema-graph\">{\"@context\":\"https:\\\/\\\/schema.org\",\"@graph\":[{\"@type\":\"WebPage\",\"@id\":\"https:\\\/\\\/bnperf.com\\\/pt-pt\\\/produit\\\/kit-de-grande-travoes-vmaxx-para-seat-ibiza-6k-6k2\\\/\",\"url\":\"https:\\\/\\\/bnperf.com\\\/pt-pt\\\/produit\\\/kit-de-grande-travoes-vmaxx-para-seat-ibiza-6k-6k2\\\/\",\"name\":\"Kit de Grandes Trav\u00f5es Frontais Vmaxx para Seat Ibiza 6K\\\/6K2 330mm - BNPERF\",\"isPartOf\":{\"@id\":\"https:\\\/\\\/bnperf.com\\\/pt-pt\\\/#website\"},\"primaryImageOfPage\":{\"@id\":\"https:\\\/\\\/bnperf.com\\\/pt-pt\\\/produit\\\/kit-de-grande-travoes-vmaxx-para-seat-ibiza-6k-6k2\\\/#primaryimage\"},\"image\":{\"@id\":\"https:\\\/\\\/bnperf.com\\\/pt-pt\\\/produit\\\/kit-de-grande-travoes-vmaxx-para-seat-ibiza-6k-6k2\\\/#primaryimage\"},\"thumbnailUrl\":\"https:\\\/\\\/bnperf.com\\\/wp-content\\\/uploads\\\/2021\\\/06\\\/924_103.jpg\",\"datePublished\":\"2021-08-26T17:29:58+00:00\",\"dateModified\":\"2021-11-05T12:18:20+00:00\",\"breadcrumb\":{\"@id\":\"https:\\\/\\\/bnperf.com\\\/pt-pt\\\/produit\\\/kit-de-grande-travoes-vmaxx-para-seat-ibiza-6k-6k2\\\/#breadcrumb\"},\"inLanguage\":\"pt-PT\",\"potentialAction\":[{\"@type\":\"ReadAction\",\"target\":[\"https:\\\/\\\/bnperf.com\\\/pt-pt\\\/produit\\\/kit-de-grande-travoes-vmaxx-para-seat-ibiza-6k-6k2\\\/\"]}]},{\"@type\":\"ImageObject\",\"inLanguage\":\"pt-PT\",\"@id\":\"https:\\\/\\\/bnperf.com\\\/pt-pt\\\/produit\\\/kit-de-grande-travoes-vmaxx-para-seat-ibiza-6k-6k2\\\/#primaryimage\",\"url\":\"https:\\\/\\\/bnperf.com\\\/wp-content\\\/uploads\\\/2021\\\/06\\\/924_103.jpg\",\"contentUrl\":\"https:\\\/\\\/bnperf.com\\\/wp-content\\\/uploads\\\/2021\\\/06\\\/924_103.jpg\",\"width\":450,\"height\":450},{\"@type\":\"BreadcrumbList\",\"@id\":\"https:\\\/\\\/bnperf.com\\\/pt-pt\\\/produit\\\/kit-de-grande-travoes-vmaxx-para-seat-ibiza-6k-6k2\\\/#breadcrumb\",\"itemListElement\":[{\"@type\":\"ListItem\",\"position\":1,\"name\":\"Inicio\",\"item\":\"https:\\\/\\\/bnperf.com\\\/pt-pt\\\/inicio\\\/\"},{\"@type\":\"ListItem\",\"position\":2,\"name\":\"Loja\",\"item\":\"https:\\\/\\\/bnperf.com\\\/pt-pt\\\/loja\\\/\"},{\"@type\":\"ListItem\",\"position\":3,\"name\":\"Kit de Grandes Trav\u00f5es Frontais Vmaxx para Seat Ibiza 6K\\\/6K2 330mm\"}]},{\"@type\":\"WebSite\",\"@id\":\"https:\\\/\\\/bnperf.com\\\/pt-pt\\\/#website\",\"url\":\"https:\\\/\\\/bnperf.com\\\/pt-pt\\\/\",\"name\":\"BNPERF\",\"description\":\"Votre Boutique Online ...\",\"publisher\":{\"@id\":\"https:\\\/\\\/bnperf.com\\\/pt-pt\\\/#organization\"},\"potentialAction\":[{\"@type\":\"SearchAction\",\"target\":{\"@type\":\"EntryPoint\",\"urlTemplate\":\"https:\\\/\\\/bnperf.com\\\/pt-pt\\\/?s={search_term_string}\"},\"query-input\":{\"@type\":\"PropertyValueSpecification\",\"valueRequired\":true,\"valueName\":\"search_term_string\"}}],\"inLanguage\":\"pt-PT\"},{\"@type\":\"Organization\",\"@id\":\"https:\\\/\\\/bnperf.com\\\/pt-pt\\\/#organization\",\"name\":\"BNPERF\",\"url\":\"https:\\\/\\\/bnperf.com\\\/pt-pt\\\/\",\"logo\":{\"@type\":\"ImageObject\",\"inLanguage\":\"pt-PT\",\"@id\":\"https:\\\/\\\/bnperf.com\\\/pt-pt\\\/#\\\/schema\\\/logo\\\/image\\\/\",\"url\":\"https:\\\/\\\/bnperf.com\\\/wp-content\\\/uploads\\\/2021\\\/10\\\/bnperf-logo.png\",\"contentUrl\":\"https:\\\/\\\/bnperf.com\\\/wp-content\\\/uploads\\\/2021\\\/10\\\/bnperf-logo.png\",\"width\":954,\"height\":300,\"caption\":\"BNPERF\"},\"image\":{\"@id\":\"https:\\\/\\\/bnperf.com\\\/pt-pt\\\/#\\\/schema\\\/logo\\\/image\\\/\"},\"sameAs\":[\"https:\\\/\\\/www.facebook.com\\\/bnperf\",\"https:\\\/\\\/www.instagram.com\\\/bnperf\"]}]}<\/script>\n<!-- \/ Yoast SEO Premium plugin. -->","yoast_head_json":{"title":"Kit de Grandes Trav\u00f5es Frontais Vmaxx para Seat Ibiza 6K\/6K2 330mm - BNPERF","robots":{"index":"index","follow":"follow","max-snippet":"max-snippet:-1","max-image-preview":"max-image-preview:large","max-video-preview":"max-video-preview:-1"},"canonical":"https:\/\/bnperf.com\/pt-pt\/produit\/kit-de-grande-travoes-vmaxx-para-seat-ibiza-6k-6k2\/","og_locale":"pt_PT","og_type":"article","og_title":"Kit de Grandes Trav\u00f5es Frontais Vmaxx para Seat Ibiza 6K\/6K2 330mm","og_description":"Kit de Grandes Trav\u00f5es com 2 mangueiras Vmaxx STEELFLEX  (Pastilhas de freio n\u00e3o inclu\u00eddas)","og_url":"https:\/\/bnperf.com\/pt-pt\/produit\/kit-de-grande-travoes-vmaxx-para-seat-ibiza-6k-6k2\/","og_site_name":"BNPERF","article_publisher":"https:\/\/www.facebook.com\/bnperf","article_modified_time":"2021-11-05T12:18:20+00:00","og_image":[{"width":450,"height":450,"url":"https:\/\/bnperf.com\/wp-content\/uploads\/2021\/06\/924_103.jpg","type":"image\/jpeg"}],"twitter_card":"summary_large_image","twitter_misc":{"Tempo estimado de leitura":"1 minuto"},"schema":{"@context":"https:\/\/schema.org","@graph":[{"@type":"WebPage","@id":"https:\/\/bnperf.com\/pt-pt\/produit\/kit-de-grande-travoes-vmaxx-para-seat-ibiza-6k-6k2\/","url":"https:\/\/bnperf.com\/pt-pt\/produit\/kit-de-grande-travoes-vmaxx-para-seat-ibiza-6k-6k2\/","name":"Kit de Grandes Trav\u00f5es Frontais Vmaxx para Seat Ibiza 6K\/6K2 330mm - BNPERF","isPartOf":{"@id":"https:\/\/bnperf.com\/pt-pt\/#website"},"primaryImageOfPage":{"@id":"https:\/\/bnperf.com\/pt-pt\/produit\/kit-de-grande-travoes-vmaxx-para-seat-ibiza-6k-6k2\/#primaryimage"},"image":{"@id":"https:\/\/bnperf.com\/pt-pt\/produit\/kit-de-grande-travoes-vmaxx-para-seat-ibiza-6k-6k2\/#primaryimage"},"thumbnailUrl":"https:\/\/bnperf.com\/wp-content\/uploads\/2021\/06\/924_103.jpg","datePublished":"2021-08-26T17:29:58+00:00","dateModified":"2021-11-05T12:18:20+00:00","breadcrumb":{"@id":"https:\/\/bnperf.com\/pt-pt\/produit\/kit-de-grande-travoes-vmaxx-para-seat-ibiza-6k-6k2\/#breadcrumb"},"inLanguage":"pt-PT","potentialAction":[{"@type":"ReadAction","target":["https:\/\/bnperf.com\/pt-pt\/produit\/kit-de-grande-travoes-vmaxx-para-seat-ibiza-6k-6k2\/"]}]},{"@type":"ImageObject","inLanguage":"pt-PT","@id":"https:\/\/bnperf.com\/pt-pt\/produit\/kit-de-grande-travoes-vmaxx-para-seat-ibiza-6k-6k2\/#primaryimage","url":"https:\/\/bnperf.com\/wp-content\/uploads\/2021\/06\/924_103.jpg","contentUrl":"https:\/\/bnperf.com\/wp-content\/uploads\/2021\/06\/924_103.jpg","width":450,"height":450},{"@type":"BreadcrumbList","@id":"https:\/\/bnperf.com\/pt-pt\/produit\/kit-de-grande-travoes-vmaxx-para-seat-ibiza-6k-6k2\/#breadcrumb","itemListElement":[{"@type":"ListItem","position":1,"name":"Inicio","item":"https:\/\/bnperf.com\/pt-pt\/inicio\/"},{"@type":"ListItem","position":2,"name":"Loja","item":"https:\/\/bnperf.com\/pt-pt\/loja\/"},{"@type":"ListItem","position":3,"name":"Kit de Grandes Trav\u00f5es Frontais Vmaxx para Seat Ibiza 6K\/6K2 330mm"}]},{"@type":"WebSite","@id":"https:\/\/bnperf.com\/pt-pt\/#website","url":"https:\/\/bnperf.com\/pt-pt\/","name":"BNPERF","description":"Votre Boutique Online ...","publisher":{"@id":"https:\/\/bnperf.com\/pt-pt\/#organization"},"potentialAction":[{"@type":"SearchAction","target":{"@type":"EntryPoint","urlTemplate":"https:\/\/bnperf.com\/pt-pt\/?s={search_term_string}"},"query-input":{"@type":"PropertyValueSpecification","valueRequired":true,"valueName":"search_term_string"}}],"inLanguage":"pt-PT"},{"@type":"Organization","@id":"https:\/\/bnperf.com\/pt-pt\/#organization","name":"BNPERF","url":"https:\/\/bnperf.com\/pt-pt\/","logo":{"@type":"ImageObject","inLanguage":"pt-PT","@id":"https:\/\/bnperf.com\/pt-pt\/#\/schema\/logo\/image\/","url":"https:\/\/bnperf.com\/wp-content\/uploads\/2021\/10\/bnperf-logo.png","contentUrl":"https:\/\/bnperf.com\/wp-content\/uploads\/2021\/10\/bnperf-logo.png","width":954,"height":300,"caption":"BNPERF"},"image":{"@id":"https:\/\/bnperf.com\/pt-pt\/#\/schema\/logo\/image\/"},"sameAs":["https:\/\/www.facebook.com\/bnperf","https:\/\/www.instagram.com\/bnperf"]}]}},"tiered_pricing_type":"fixed","tiered_pricing_fixed_rules":[],"tiered_pricing_product_settings":{"layout":"default","base_unit_name":{"singular":null,"plural":null},"default_variation":null},"tiered_pricing_minimum_quantity":null,"tiered_pricing_roles_data":[],"tiered_pricing_percentage_rules":[],"_links":{"self":[{"href":"https:\/\/bnperf.com\/pt-pt\/wp-json\/wp\/v2\/product\/9675","targetHints":{"allow":["GET"]}}],"collection":[{"href":"https:\/\/bnperf.com\/pt-pt\/wp-json\/wp\/v2\/product"}],"about":[{"href":"https:\/\/bnperf.com\/pt-pt\/wp-json\/wp\/v2\/types\/product"}],"replies":[{"embeddable":true,"href":"https:\/\/bnperf.com\/pt-pt\/wp-json\/wp\/v2\/comments?post=9675"}],"wp:featuredmedia":[{"embeddable":true,"href":"https:\/\/bnperf.com\/pt-pt\/wp-json\/wp\/v2\/media\/9652"}],"wp:attachment":[{"href":"https:\/\/bnperf.com\/pt-pt\/wp-json\/wp\/v2\/media?parent=9675"}],"wp:term":[{"taxonomy":"product_brand","embeddable":true,"href":"https:\/\/bnperf.com\/pt-pt\/wp-json\/wp\/v2\/product_brand?post=9675"},{"taxonomy":"product_cat","embeddable":true,"href":"https:\/\/bnperf.com\/pt-pt\/wp-json\/wp\/v2\/product_cat?post=9675"},{"taxonomy":"product_tag","embeddable":true,"href":"https:\/\/bnperf.com\/pt-pt\/wp-json\/wp\/v2\/product_tag?post=9675"}],"curies":[{"name":"wp","href":"https:\/\/api.w.org\/{rel}","templated":true}]}}