{"id":9591,"date":"2021-06-24T12:26:07","date_gmt":"2021-08-25T17:33:41","guid":{"rendered":"http:\/\/bnperf.com\/produit\/sensor-6bars-com-cabo-de-conversao\/"},"modified":"2024-02-22T10:16:11","modified_gmt":"2024-02-22T09:16:11","slug":"sensor-6bars-com-cabo-de-conversao-1-9-tdi","status":"publish","type":"product","link":"https:\/\/bnperf.com\/pt-pt\/produit\/sensor-6bars-com-cabo-de-conversao-1-9-tdi\/","title":{"rendered":"Sensor 6BARS com cabo de convers\u00e3o 1.9 TDI"},"content":{"rendered":"<h3>Sensor de medi\u00e7\u00e3o de press\u00e3o turbo, com leitura at\u00e9 6 bar e cabo adaptador para converter sensores antigos 2, 3 e 4 BARS<\/h3>\n","protected":false},"excerpt":{"rendered":"<p>Sensor de medi\u00e7\u00e3o de press\u00e3o turbo, com leitura at\u00e9 6 bar e cabo adaptador para converter sensores antigos 2, 3 e 4 BARS<\/p>\n","protected":false},"featured_media":28231,"comment_status":"open","ping_status":"closed","template":"","meta":[],"product_brand":[],"product_cat":[1791,1782,1795],"product_tag":[26908,26907,576,575,544,29895,26906,524,26909,26910,561,578,26602,552,29894,528],"class_list":{"0":"post-9591","1":"product","2":"type-product","3":"status-publish","4":"has-post-thumbnail","6":"product_cat-motor","7":"product_cat-performance-pt-pt","8":"product_cat-sensores-map","9":"product_tag-6bar-pt-pt","10":"product_tag-6bars-pt-pt","11":"product_tag-8l-pt-pt","12":"product_tag-a3-pt-pt","13":"product_tag-audi-pt-pt","14":"product_tag-bar-pt-pt","15":"product_tag-bnperf-pt-pt","16":"product_tag-bnperfshop-pt-pt","17":"product_tag-bosh-pt-pt","18":"product_tag-cupra-ibiza-pt-pt","19":"product_tag-fr-pt-pt","20":"product_tag-golf4-pt-pt","21":"product_tag-sensor","22":"product_tag-vw-pt-pt","23":"product_tag-bars-pt-pt","24":"product_tag-ibiza-pt-pt","26":"first","27":"instock","28":"sale","29":"taxable","30":"shipping-taxable","31":"purchasable","32":"product-type-simple","33":"add-to-wishlist-before_image"},"bundled_by":[],"bundle_stock_status":"instock","bundle_stock_quantity":0,"bundle_virtual":false,"bundle_layout":"","bundle_add_to_cart_form_location":"","bundle_editable_in_cart":false,"bundle_sold_individually_context":"","bundle_item_grouping":"","bundle_min_size":"","bundle_max_size":"","bundle_price":[],"bundled_items":[],"bundle_sell_ids":[],"exclude_global_add_ons":[],"addons":[],"yoast_head":"<!-- This site is optimized with the Yoast SEO Premium plugin v27.4 (Yoast SEO v27.4) - https:\/\/yoast.com\/product\/yoast-seo-premium-wordpress\/ -->\n<title>Sensor 6BARS com cabo de convers\u00e3o 1.9 TDI - BNPERF<\/title>\n<meta name=\"robots\" content=\"index, follow, max-snippet:-1, max-image-preview:large, max-video-preview:-1\" \/>\n<link rel=\"canonical\" href=\"https:\/\/bnperf.com\/pt-pt\/produit\/sensor-6bars-com-cabo-de-conversao-1-9-tdi\/\" \/>\n<meta property=\"og:locale\" content=\"pt_PT\" \/>\n<meta property=\"og:type\" content=\"article\" \/>\n<meta property=\"og:title\" content=\"Sensor 6BARS com cabo de convers\u00e3o 1.9 TDI\" \/>\n<meta property=\"og:description\" content=\"Sensor de medi\u00e7\u00e3o de press\u00e3o turbo, com leitura at\u00e9 6 bar e cabo adaptador para converter sensores antigos 2, 3 e 4 BARS\" \/>\n<meta property=\"og:url\" content=\"https:\/\/bnperf.com\/pt-pt\/produit\/sensor-6bars-com-cabo-de-conversao-1-9-tdi\/\" \/>\n<meta property=\"og:site_name\" content=\"BNPERF\" \/>\n<meta property=\"article:publisher\" content=\"https:\/\/www.facebook.com\/bnperf\" \/>\n<meta property=\"article:modified_time\" content=\"2024-02-22T09:16:11+00:00\" \/>\n<meta property=\"og:image\" content=\"https:\/\/bnperf.com\/wp-content\/uploads\/2019\/09\/Photo-21-06-2021-22-42-25-PhotoRoom-copie.jpg\" \/>\n\t<meta property=\"og:image:width\" content=\"800\" \/>\n\t<meta property=\"og:image:height\" content=\"800\" \/>\n\t<meta property=\"og:image:type\" content=\"image\/jpeg\" \/>\n<meta name=\"twitter:card\" content=\"summary_large_image\" \/>\n<script type=\"application\/ld+json\" class=\"yoast-schema-graph\">{\"@context\":\"https:\\\/\\\/schema.org\",\"@graph\":[{\"@type\":\"WebPage\",\"@id\":\"https:\\\/\\\/bnperf.com\\\/pt-pt\\\/produit\\\/sensor-6bars-com-cabo-de-conversao-1-9-tdi\\\/\",\"url\":\"https:\\\/\\\/bnperf.com\\\/pt-pt\\\/produit\\\/sensor-6bars-com-cabo-de-conversao-1-9-tdi\\\/\",\"name\":\"Sensor 6BARS com cabo de convers\u00e3o 1.9 TDI - BNPERF\",\"isPartOf\":{\"@id\":\"https:\\\/\\\/bnperf.com\\\/pt-pt\\\/#website\"},\"primaryImageOfPage\":{\"@id\":\"https:\\\/\\\/bnperf.com\\\/pt-pt\\\/produit\\\/sensor-6bars-com-cabo-de-conversao-1-9-tdi\\\/#primaryimage\"},\"image\":{\"@id\":\"https:\\\/\\\/bnperf.com\\\/pt-pt\\\/produit\\\/sensor-6bars-com-cabo-de-conversao-1-9-tdi\\\/#primaryimage\"},\"thumbnailUrl\":\"https:\\\/\\\/bnperf.com\\\/wp-content\\\/uploads\\\/2019\\\/09\\\/Photo-21-06-2021-22-42-25-PhotoRoom-copie.jpg\",\"datePublished\":\"2021-08-25T17:33:41+00:00\",\"dateModified\":\"2024-02-22T09:16:11+00:00\",\"breadcrumb\":{\"@id\":\"https:\\\/\\\/bnperf.com\\\/pt-pt\\\/produit\\\/sensor-6bars-com-cabo-de-conversao-1-9-tdi\\\/#breadcrumb\"},\"inLanguage\":\"pt-PT\",\"potentialAction\":[{\"@type\":\"ReadAction\",\"target\":[\"https:\\\/\\\/bnperf.com\\\/pt-pt\\\/produit\\\/sensor-6bars-com-cabo-de-conversao-1-9-tdi\\\/\"]}]},{\"@type\":\"ImageObject\",\"inLanguage\":\"pt-PT\",\"@id\":\"https:\\\/\\\/bnperf.com\\\/pt-pt\\\/produit\\\/sensor-6bars-com-cabo-de-conversao-1-9-tdi\\\/#primaryimage\",\"url\":\"https:\\\/\\\/bnperf.com\\\/wp-content\\\/uploads\\\/2019\\\/09\\\/Photo-21-06-2021-22-42-25-PhotoRoom-copie.jpg\",\"contentUrl\":\"https:\\\/\\\/bnperf.com\\\/wp-content\\\/uploads\\\/2019\\\/09\\\/Photo-21-06-2021-22-42-25-PhotoRoom-copie.jpg\",\"width\":800,\"height\":800},{\"@type\":\"BreadcrumbList\",\"@id\":\"https:\\\/\\\/bnperf.com\\\/pt-pt\\\/produit\\\/sensor-6bars-com-cabo-de-conversao-1-9-tdi\\\/#breadcrumb\",\"itemListElement\":[{\"@type\":\"ListItem\",\"position\":1,\"name\":\"Inicio\",\"item\":\"https:\\\/\\\/bnperf.com\\\/pt-pt\\\/inicio\\\/\"},{\"@type\":\"ListItem\",\"position\":2,\"name\":\"Loja\",\"item\":\"https:\\\/\\\/bnperf.com\\\/pt-pt\\\/loja\\\/\"},{\"@type\":\"ListItem\",\"position\":3,\"name\":\"Sensor 6BARS com cabo de convers\u00e3o 1.9 TDI\"}]},{\"@type\":\"WebSite\",\"@id\":\"https:\\\/\\\/bnperf.com\\\/pt-pt\\\/#website\",\"url\":\"https:\\\/\\\/bnperf.com\\\/pt-pt\\\/\",\"name\":\"BNPERF\",\"description\":\"Votre Boutique Online ...\",\"publisher\":{\"@id\":\"https:\\\/\\\/bnperf.com\\\/pt-pt\\\/#organization\"},\"potentialAction\":[{\"@type\":\"SearchAction\",\"target\":{\"@type\":\"EntryPoint\",\"urlTemplate\":\"https:\\\/\\\/bnperf.com\\\/pt-pt\\\/?s={search_term_string}\"},\"query-input\":{\"@type\":\"PropertyValueSpecification\",\"valueRequired\":true,\"valueName\":\"search_term_string\"}}],\"inLanguage\":\"pt-PT\"},{\"@type\":\"Organization\",\"@id\":\"https:\\\/\\\/bnperf.com\\\/pt-pt\\\/#organization\",\"name\":\"BNPERF\",\"url\":\"https:\\\/\\\/bnperf.com\\\/pt-pt\\\/\",\"logo\":{\"@type\":\"ImageObject\",\"inLanguage\":\"pt-PT\",\"@id\":\"https:\\\/\\\/bnperf.com\\\/pt-pt\\\/#\\\/schema\\\/logo\\\/image\\\/\",\"url\":\"https:\\\/\\\/bnperf.com\\\/wp-content\\\/uploads\\\/2021\\\/10\\\/bnperf-logo.png\",\"contentUrl\":\"https:\\\/\\\/bnperf.com\\\/wp-content\\\/uploads\\\/2021\\\/10\\\/bnperf-logo.png\",\"width\":954,\"height\":300,\"caption\":\"BNPERF\"},\"image\":{\"@id\":\"https:\\\/\\\/bnperf.com\\\/pt-pt\\\/#\\\/schema\\\/logo\\\/image\\\/\"},\"sameAs\":[\"https:\\\/\\\/www.facebook.com\\\/bnperf\",\"https:\\\/\\\/www.instagram.com\\\/bnperf\"]}]}<\/script>\n<!-- \/ Yoast SEO Premium plugin. -->","yoast_head_json":{"title":"Sensor 6BARS com cabo de convers\u00e3o 1.9 TDI - BNPERF","robots":{"index":"index","follow":"follow","max-snippet":"max-snippet:-1","max-image-preview":"max-image-preview:large","max-video-preview":"max-video-preview:-1"},"canonical":"https:\/\/bnperf.com\/pt-pt\/produit\/sensor-6bars-com-cabo-de-conversao-1-9-tdi\/","og_locale":"pt_PT","og_type":"article","og_title":"Sensor 6BARS com cabo de convers\u00e3o 1.9 TDI","og_description":"Sensor de medi\u00e7\u00e3o de press\u00e3o turbo, com leitura at\u00e9 6 bar e cabo adaptador para converter sensores antigos 2, 3 e 4 BARS","og_url":"https:\/\/bnperf.com\/pt-pt\/produit\/sensor-6bars-com-cabo-de-conversao-1-9-tdi\/","og_site_name":"BNPERF","article_publisher":"https:\/\/www.facebook.com\/bnperf","article_modified_time":"2024-02-22T09:16:11+00:00","og_image":[{"width":800,"height":800,"url":"https:\/\/bnperf.com\/wp-content\/uploads\/2019\/09\/Photo-21-06-2021-22-42-25-PhotoRoom-copie.jpg","type":"image\/jpeg"}],"twitter_card":"summary_large_image","schema":{"@context":"https:\/\/schema.org","@graph":[{"@type":"WebPage","@id":"https:\/\/bnperf.com\/pt-pt\/produit\/sensor-6bars-com-cabo-de-conversao-1-9-tdi\/","url":"https:\/\/bnperf.com\/pt-pt\/produit\/sensor-6bars-com-cabo-de-conversao-1-9-tdi\/","name":"Sensor 6BARS com cabo de convers\u00e3o 1.9 TDI - BNPERF","isPartOf":{"@id":"https:\/\/bnperf.com\/pt-pt\/#website"},"primaryImageOfPage":{"@id":"https:\/\/bnperf.com\/pt-pt\/produit\/sensor-6bars-com-cabo-de-conversao-1-9-tdi\/#primaryimage"},"image":{"@id":"https:\/\/bnperf.com\/pt-pt\/produit\/sensor-6bars-com-cabo-de-conversao-1-9-tdi\/#primaryimage"},"thumbnailUrl":"https:\/\/bnperf.com\/wp-content\/uploads\/2019\/09\/Photo-21-06-2021-22-42-25-PhotoRoom-copie.jpg","datePublished":"2021-08-25T17:33:41+00:00","dateModified":"2024-02-22T09:16:11+00:00","breadcrumb":{"@id":"https:\/\/bnperf.com\/pt-pt\/produit\/sensor-6bars-com-cabo-de-conversao-1-9-tdi\/#breadcrumb"},"inLanguage":"pt-PT","potentialAction":[{"@type":"ReadAction","target":["https:\/\/bnperf.com\/pt-pt\/produit\/sensor-6bars-com-cabo-de-conversao-1-9-tdi\/"]}]},{"@type":"ImageObject","inLanguage":"pt-PT","@id":"https:\/\/bnperf.com\/pt-pt\/produit\/sensor-6bars-com-cabo-de-conversao-1-9-tdi\/#primaryimage","url":"https:\/\/bnperf.com\/wp-content\/uploads\/2019\/09\/Photo-21-06-2021-22-42-25-PhotoRoom-copie.jpg","contentUrl":"https:\/\/bnperf.com\/wp-content\/uploads\/2019\/09\/Photo-21-06-2021-22-42-25-PhotoRoom-copie.jpg","width":800,"height":800},{"@type":"BreadcrumbList","@id":"https:\/\/bnperf.com\/pt-pt\/produit\/sensor-6bars-com-cabo-de-conversao-1-9-tdi\/#breadcrumb","itemListElement":[{"@type":"ListItem","position":1,"name":"Inicio","item":"https:\/\/bnperf.com\/pt-pt\/inicio\/"},{"@type":"ListItem","position":2,"name":"Loja","item":"https:\/\/bnperf.com\/pt-pt\/loja\/"},{"@type":"ListItem","position":3,"name":"Sensor 6BARS com cabo de convers\u00e3o 1.9 TDI"}]},{"@type":"WebSite","@id":"https:\/\/bnperf.com\/pt-pt\/#website","url":"https:\/\/bnperf.com\/pt-pt\/","name":"BNPERF","description":"Votre Boutique Online ...","publisher":{"@id":"https:\/\/bnperf.com\/pt-pt\/#organization"},"potentialAction":[{"@type":"SearchAction","target":{"@type":"EntryPoint","urlTemplate":"https:\/\/bnperf.com\/pt-pt\/?s={search_term_string}"},"query-input":{"@type":"PropertyValueSpecification","valueRequired":true,"valueName":"search_term_string"}}],"inLanguage":"pt-PT"},{"@type":"Organization","@id":"https:\/\/bnperf.com\/pt-pt\/#organization","name":"BNPERF","url":"https:\/\/bnperf.com\/pt-pt\/","logo":{"@type":"ImageObject","inLanguage":"pt-PT","@id":"https:\/\/bnperf.com\/pt-pt\/#\/schema\/logo\/image\/","url":"https:\/\/bnperf.com\/wp-content\/uploads\/2021\/10\/bnperf-logo.png","contentUrl":"https:\/\/bnperf.com\/wp-content\/uploads\/2021\/10\/bnperf-logo.png","width":954,"height":300,"caption":"BNPERF"},"image":{"@id":"https:\/\/bnperf.com\/pt-pt\/#\/schema\/logo\/image\/"},"sameAs":["https:\/\/www.facebook.com\/bnperf","https:\/\/www.instagram.com\/bnperf"]}]}},"tiered_pricing_type":"fixed","tiered_pricing_fixed_rules":[],"tiered_pricing_product_settings":{"layout":"default","base_unit_name":{"singular":null,"plural":null},"default_variation":null},"tiered_pricing_minimum_quantity":null,"tiered_pricing_roles_data":[],"tiered_pricing_percentage_rules":[],"_links":{"self":[{"href":"https:\/\/bnperf.com\/pt-pt\/wp-json\/wp\/v2\/product\/9591","targetHints":{"allow":["GET"]}}],"collection":[{"href":"https:\/\/bnperf.com\/pt-pt\/wp-json\/wp\/v2\/product"}],"about":[{"href":"https:\/\/bnperf.com\/pt-pt\/wp-json\/wp\/v2\/types\/product"}],"replies":[{"embeddable":true,"href":"https:\/\/bnperf.com\/pt-pt\/wp-json\/wp\/v2\/comments?post=9591"}],"wp:featuredmedia":[{"embeddable":true,"href":"https:\/\/bnperf.com\/pt-pt\/wp-json\/wp\/v2\/media\/28231"}],"wp:attachment":[{"href":"https:\/\/bnperf.com\/pt-pt\/wp-json\/wp\/v2\/media?parent=9591"}],"wp:term":[{"taxonomy":"product_brand","embeddable":true,"href":"https:\/\/bnperf.com\/pt-pt\/wp-json\/wp\/v2\/product_brand?post=9591"},{"taxonomy":"product_cat","embeddable":true,"href":"https:\/\/bnperf.com\/pt-pt\/wp-json\/wp\/v2\/product_cat?post=9591"},{"taxonomy":"product_tag","embeddable":true,"href":"https:\/\/bnperf.com\/pt-pt\/wp-json\/wp\/v2\/product_tag?post=9591"}],"curies":[{"name":"wp","href":"https:\/\/api.w.org\/{rel}","templated":true}]}}