{"id":9522,"date":"2021-01-22T22:07:43","date_gmt":"2021-01-22T21:07:43","guid":{"rendered":"http:\/\/bnperf.com\/produit\/medidor-de-temperatura-do-gas-de-escape-egt-depo-52-mm\/"},"modified":"2023-11-03T18:30:09","modified_gmt":"2023-11-03T17:30:09","slug":"manometro-de-temperatura-dos-gazes-de-escape-egt-depo-52-mm","status":"publish","type":"product","link":"https:\/\/bnperf.com\/pt-pt\/produit\/manometro-de-temperatura-dos-gazes-de-escape-egt-depo-52-mm\/","title":{"rendered":"Manometro temperatura g\u00e1s de escape (EGT) Depo 52 Mm"},"content":{"rendered":"<p><strong>Manometro temperatura g\u00e1s de escape<\/strong><\/p>\n<ul>\n<li><strong>Sensores inclu\u00eddos<\/strong><\/li>\n<li><strong>Apoio para os p\u00e9s incluso<\/strong><\/li>\n<li><strong>Marca de excelente qualidade e confiabilidade<\/strong><\/li>\n<li><strong>Man\u00f4metro el\u00e9trico<\/strong><\/li>\n<li><strong>Di\u00e2metro 52 mm<\/strong><\/li>\n<\/ul>\n","protected":false},"excerpt":{"rendered":"<p>Manometro temperatura g\u00e1s de escape Sensores inclu\u00eddos Apoio para os p\u00e9s incluso Marca de excelente qualidade e confiabilidade Man\u00f4metro el\u00e9trico Di\u00e2metro 52 mm<\/p>\n","protected":false},"featured_media":22563,"comment_status":"open","ping_status":"closed","template":"","meta":[],"product_brand":[],"product_cat":[1757,1748,1752],"product_tag":[26891,524,26666,26892,26893,26894,26782],"class_list":{"0":"post-9522","1":"product","2":"type-product","3":"status-publish","4":"has-post-thumbnail","6":"product_cat-depo-racing-pt-pt","7":"product_cat-interior-pt-pt-2","8":"product_cat-manometros","9":"product_tag-52mm-pt-pt","10":"product_tag-bnperfshop-pt-pt","11":"product_tag-depo-pt-pt","12":"product_tag-egt-pt-pt","13":"product_tag-egts-pt-pt","14":"product_tag-mano-pt-pt","15":"product_tag-manometro","17":"first","18":"instock","19":"taxable","20":"shipping-taxable","21":"purchasable","22":"product-type-simple","23":"add-to-wishlist-before_image"},"bundled_by":[],"bundle_stock_status":"instock","bundle_stock_quantity":null,"bundle_virtual":false,"bundle_layout":"","bundle_add_to_cart_form_location":"","bundle_editable_in_cart":false,"bundle_sold_individually_context":"","bundle_item_grouping":"","bundle_min_size":"","bundle_max_size":"","bundle_price":[],"bundled_items":[],"bundle_sell_ids":[],"exclude_global_add_ons":[],"addons":[],"yoast_head":"<!-- This site is optimized with the Yoast SEO Premium plugin v27.4 (Yoast SEO v27.4) - https:\/\/yoast.com\/product\/yoast-seo-premium-wordpress\/ -->\n<title>Manometro temperatura g\u00e1s de escape (EGT) Depo 52 Mm - BNPERF<\/title>\n<meta name=\"robots\" content=\"index, follow, max-snippet:-1, max-image-preview:large, max-video-preview:-1\" \/>\n<link rel=\"canonical\" href=\"https:\/\/bnperf.com\/pt-pt\/produit\/manometro-de-temperatura-dos-gazes-de-escape-egt-depo-52-mm\/\" \/>\n<meta property=\"og:locale\" content=\"pt_PT\" \/>\n<meta property=\"og:type\" content=\"article\" \/>\n<meta property=\"og:title\" content=\"Manometro temperatura g\u00e1s de escape (EGT) Depo 52 Mm\" \/>\n<meta property=\"og:description\" content=\"Manometro temperatura g\u00e1s de escape Sensores inclu\u00eddos Apoio para os p\u00e9s incluso Marca de excelente qualidade e confiabilidade Man\u00f4metro el\u00e9trico Di\u00e2metro 52 mm\" \/>\n<meta property=\"og:url\" content=\"https:\/\/bnperf.com\/pt-pt\/produit\/manometro-de-temperatura-dos-gazes-de-escape-egt-depo-52-mm\/\" \/>\n<meta property=\"og:site_name\" content=\"BNPERF\" \/>\n<meta property=\"article:publisher\" content=\"https:\/\/www.facebook.com\/bnperf\" \/>\n<meta property=\"article:modified_time\" content=\"2023-11-03T17:30:09+00:00\" \/>\n<meta property=\"og:image\" content=\"https:\/\/bnperf.com\/wp-content\/uploads\/2021\/01\/U2f84be9479c84cb085d70262dde2497b2-2-copie.jpg\" \/>\n\t<meta property=\"og:image:width\" content=\"800\" \/>\n\t<meta property=\"og:image:height\" content=\"800\" \/>\n\t<meta property=\"og:image:type\" content=\"image\/jpeg\" \/>\n<meta name=\"twitter:card\" content=\"summary_large_image\" \/>\n<meta name=\"twitter:label1\" content=\"Tempo estimado de leitura\" \/>\n\t<meta name=\"twitter:data1\" content=\"1 minuto\" \/>\n<script type=\"application\/ld+json\" class=\"yoast-schema-graph\">{\"@context\":\"https:\\\/\\\/schema.org\",\"@graph\":[{\"@type\":\"WebPage\",\"@id\":\"https:\\\/\\\/bnperf.com\\\/pt-pt\\\/produit\\\/manometro-de-temperatura-dos-gazes-de-escape-egt-depo-52-mm\\\/\",\"url\":\"https:\\\/\\\/bnperf.com\\\/pt-pt\\\/produit\\\/manometro-de-temperatura-dos-gazes-de-escape-egt-depo-52-mm\\\/\",\"name\":\"Manometro temperatura g\u00e1s de escape (EGT) Depo 52 Mm - BNPERF\",\"isPartOf\":{\"@id\":\"https:\\\/\\\/bnperf.com\\\/pt-pt\\\/#website\"},\"primaryImageOfPage\":{\"@id\":\"https:\\\/\\\/bnperf.com\\\/pt-pt\\\/produit\\\/manometro-de-temperatura-dos-gazes-de-escape-egt-depo-52-mm\\\/#primaryimage\"},\"image\":{\"@id\":\"https:\\\/\\\/bnperf.com\\\/pt-pt\\\/produit\\\/manometro-de-temperatura-dos-gazes-de-escape-egt-depo-52-mm\\\/#primaryimage\"},\"thumbnailUrl\":\"https:\\\/\\\/bnperf.com\\\/wp-content\\\/uploads\\\/2021\\\/01\\\/U2f84be9479c84cb085d70262dde2497b2-2-copie.jpg\",\"datePublished\":\"2021-01-22T21:07:43+00:00\",\"dateModified\":\"2023-11-03T17:30:09+00:00\",\"breadcrumb\":{\"@id\":\"https:\\\/\\\/bnperf.com\\\/pt-pt\\\/produit\\\/manometro-de-temperatura-dos-gazes-de-escape-egt-depo-52-mm\\\/#breadcrumb\"},\"inLanguage\":\"pt-PT\",\"potentialAction\":[{\"@type\":\"ReadAction\",\"target\":[\"https:\\\/\\\/bnperf.com\\\/pt-pt\\\/produit\\\/manometro-de-temperatura-dos-gazes-de-escape-egt-depo-52-mm\\\/\"]}]},{\"@type\":\"ImageObject\",\"inLanguage\":\"pt-PT\",\"@id\":\"https:\\\/\\\/bnperf.com\\\/pt-pt\\\/produit\\\/manometro-de-temperatura-dos-gazes-de-escape-egt-depo-52-mm\\\/#primaryimage\",\"url\":\"https:\\\/\\\/bnperf.com\\\/wp-content\\\/uploads\\\/2021\\\/01\\\/U2f84be9479c84cb085d70262dde2497b2-2-copie.jpg\",\"contentUrl\":\"https:\\\/\\\/bnperf.com\\\/wp-content\\\/uploads\\\/2021\\\/01\\\/U2f84be9479c84cb085d70262dde2497b2-2-copie.jpg\",\"width\":800,\"height\":800},{\"@type\":\"BreadcrumbList\",\"@id\":\"https:\\\/\\\/bnperf.com\\\/pt-pt\\\/produit\\\/manometro-de-temperatura-dos-gazes-de-escape-egt-depo-52-mm\\\/#breadcrumb\",\"itemListElement\":[{\"@type\":\"ListItem\",\"position\":1,\"name\":\"Inicio\",\"item\":\"https:\\\/\\\/bnperf.com\\\/pt-pt\\\/inicio\\\/\"},{\"@type\":\"ListItem\",\"position\":2,\"name\":\"Loja\",\"item\":\"https:\\\/\\\/bnperf.com\\\/pt-pt\\\/loja\\\/\"},{\"@type\":\"ListItem\",\"position\":3,\"name\":\"Manometro temperatura g\u00e1s de escape (EGT) Depo 52 Mm\"}]},{\"@type\":\"WebSite\",\"@id\":\"https:\\\/\\\/bnperf.com\\\/pt-pt\\\/#website\",\"url\":\"https:\\\/\\\/bnperf.com\\\/pt-pt\\\/\",\"name\":\"BNPERF\",\"description\":\"Votre Boutique Online ...\",\"publisher\":{\"@id\":\"https:\\\/\\\/bnperf.com\\\/pt-pt\\\/#organization\"},\"potentialAction\":[{\"@type\":\"SearchAction\",\"target\":{\"@type\":\"EntryPoint\",\"urlTemplate\":\"https:\\\/\\\/bnperf.com\\\/pt-pt\\\/?s={search_term_string}\"},\"query-input\":{\"@type\":\"PropertyValueSpecification\",\"valueRequired\":true,\"valueName\":\"search_term_string\"}}],\"inLanguage\":\"pt-PT\"},{\"@type\":\"Organization\",\"@id\":\"https:\\\/\\\/bnperf.com\\\/pt-pt\\\/#organization\",\"name\":\"BNPERF\",\"url\":\"https:\\\/\\\/bnperf.com\\\/pt-pt\\\/\",\"logo\":{\"@type\":\"ImageObject\",\"inLanguage\":\"pt-PT\",\"@id\":\"https:\\\/\\\/bnperf.com\\\/pt-pt\\\/#\\\/schema\\\/logo\\\/image\\\/\",\"url\":\"https:\\\/\\\/bnperf.com\\\/wp-content\\\/uploads\\\/2021\\\/10\\\/bnperf-logo.png\",\"contentUrl\":\"https:\\\/\\\/bnperf.com\\\/wp-content\\\/uploads\\\/2021\\\/10\\\/bnperf-logo.png\",\"width\":954,\"height\":300,\"caption\":\"BNPERF\"},\"image\":{\"@id\":\"https:\\\/\\\/bnperf.com\\\/pt-pt\\\/#\\\/schema\\\/logo\\\/image\\\/\"},\"sameAs\":[\"https:\\\/\\\/www.facebook.com\\\/bnperf\",\"https:\\\/\\\/www.instagram.com\\\/bnperf\"]}]}<\/script>\n<!-- \/ Yoast SEO Premium plugin. -->","yoast_head_json":{"title":"Manometro temperatura g\u00e1s de escape (EGT) Depo 52 Mm - BNPERF","robots":{"index":"index","follow":"follow","max-snippet":"max-snippet:-1","max-image-preview":"max-image-preview:large","max-video-preview":"max-video-preview:-1"},"canonical":"https:\/\/bnperf.com\/pt-pt\/produit\/manometro-de-temperatura-dos-gazes-de-escape-egt-depo-52-mm\/","og_locale":"pt_PT","og_type":"article","og_title":"Manometro temperatura g\u00e1s de escape (EGT) Depo 52 Mm","og_description":"Manometro temperatura g\u00e1s de escape Sensores inclu\u00eddos Apoio para os p\u00e9s incluso Marca de excelente qualidade e confiabilidade Man\u00f4metro el\u00e9trico Di\u00e2metro 52 mm","og_url":"https:\/\/bnperf.com\/pt-pt\/produit\/manometro-de-temperatura-dos-gazes-de-escape-egt-depo-52-mm\/","og_site_name":"BNPERF","article_publisher":"https:\/\/www.facebook.com\/bnperf","article_modified_time":"2023-11-03T17:30:09+00:00","og_image":[{"width":800,"height":800,"url":"https:\/\/bnperf.com\/wp-content\/uploads\/2021\/01\/U2f84be9479c84cb085d70262dde2497b2-2-copie.jpg","type":"image\/jpeg"}],"twitter_card":"summary_large_image","twitter_misc":{"Tempo estimado de leitura":"1 minuto"},"schema":{"@context":"https:\/\/schema.org","@graph":[{"@type":"WebPage","@id":"https:\/\/bnperf.com\/pt-pt\/produit\/manometro-de-temperatura-dos-gazes-de-escape-egt-depo-52-mm\/","url":"https:\/\/bnperf.com\/pt-pt\/produit\/manometro-de-temperatura-dos-gazes-de-escape-egt-depo-52-mm\/","name":"Manometro temperatura g\u00e1s de escape (EGT) Depo 52 Mm - BNPERF","isPartOf":{"@id":"https:\/\/bnperf.com\/pt-pt\/#website"},"primaryImageOfPage":{"@id":"https:\/\/bnperf.com\/pt-pt\/produit\/manometro-de-temperatura-dos-gazes-de-escape-egt-depo-52-mm\/#primaryimage"},"image":{"@id":"https:\/\/bnperf.com\/pt-pt\/produit\/manometro-de-temperatura-dos-gazes-de-escape-egt-depo-52-mm\/#primaryimage"},"thumbnailUrl":"https:\/\/bnperf.com\/wp-content\/uploads\/2021\/01\/U2f84be9479c84cb085d70262dde2497b2-2-copie.jpg","datePublished":"2021-01-22T21:07:43+00:00","dateModified":"2023-11-03T17:30:09+00:00","breadcrumb":{"@id":"https:\/\/bnperf.com\/pt-pt\/produit\/manometro-de-temperatura-dos-gazes-de-escape-egt-depo-52-mm\/#breadcrumb"},"inLanguage":"pt-PT","potentialAction":[{"@type":"ReadAction","target":["https:\/\/bnperf.com\/pt-pt\/produit\/manometro-de-temperatura-dos-gazes-de-escape-egt-depo-52-mm\/"]}]},{"@type":"ImageObject","inLanguage":"pt-PT","@id":"https:\/\/bnperf.com\/pt-pt\/produit\/manometro-de-temperatura-dos-gazes-de-escape-egt-depo-52-mm\/#primaryimage","url":"https:\/\/bnperf.com\/wp-content\/uploads\/2021\/01\/U2f84be9479c84cb085d70262dde2497b2-2-copie.jpg","contentUrl":"https:\/\/bnperf.com\/wp-content\/uploads\/2021\/01\/U2f84be9479c84cb085d70262dde2497b2-2-copie.jpg","width":800,"height":800},{"@type":"BreadcrumbList","@id":"https:\/\/bnperf.com\/pt-pt\/produit\/manometro-de-temperatura-dos-gazes-de-escape-egt-depo-52-mm\/#breadcrumb","itemListElement":[{"@type":"ListItem","position":1,"name":"Inicio","item":"https:\/\/bnperf.com\/pt-pt\/inicio\/"},{"@type":"ListItem","position":2,"name":"Loja","item":"https:\/\/bnperf.com\/pt-pt\/loja\/"},{"@type":"ListItem","position":3,"name":"Manometro temperatura g\u00e1s de escape (EGT) Depo 52 Mm"}]},{"@type":"WebSite","@id":"https:\/\/bnperf.com\/pt-pt\/#website","url":"https:\/\/bnperf.com\/pt-pt\/","name":"BNPERF","description":"Votre Boutique Online ...","publisher":{"@id":"https:\/\/bnperf.com\/pt-pt\/#organization"},"potentialAction":[{"@type":"SearchAction","target":{"@type":"EntryPoint","urlTemplate":"https:\/\/bnperf.com\/pt-pt\/?s={search_term_string}"},"query-input":{"@type":"PropertyValueSpecification","valueRequired":true,"valueName":"search_term_string"}}],"inLanguage":"pt-PT"},{"@type":"Organization","@id":"https:\/\/bnperf.com\/pt-pt\/#organization","name":"BNPERF","url":"https:\/\/bnperf.com\/pt-pt\/","logo":{"@type":"ImageObject","inLanguage":"pt-PT","@id":"https:\/\/bnperf.com\/pt-pt\/#\/schema\/logo\/image\/","url":"https:\/\/bnperf.com\/wp-content\/uploads\/2021\/10\/bnperf-logo.png","contentUrl":"https:\/\/bnperf.com\/wp-content\/uploads\/2021\/10\/bnperf-logo.png","width":954,"height":300,"caption":"BNPERF"},"image":{"@id":"https:\/\/bnperf.com\/pt-pt\/#\/schema\/logo\/image\/"},"sameAs":["https:\/\/www.facebook.com\/bnperf","https:\/\/www.instagram.com\/bnperf"]}]}},"tiered_pricing_type":"fixed","tiered_pricing_fixed_rules":[],"tiered_pricing_product_settings":{"layout":"default","base_unit_name":{"singular":null,"plural":null},"default_variation":null},"tiered_pricing_minimum_quantity":null,"tiered_pricing_roles_data":[],"tiered_pricing_percentage_rules":[],"_links":{"self":[{"href":"https:\/\/bnperf.com\/pt-pt\/wp-json\/wp\/v2\/product\/9522","targetHints":{"allow":["GET"]}}],"collection":[{"href":"https:\/\/bnperf.com\/pt-pt\/wp-json\/wp\/v2\/product"}],"about":[{"href":"https:\/\/bnperf.com\/pt-pt\/wp-json\/wp\/v2\/types\/product"}],"replies":[{"embeddable":true,"href":"https:\/\/bnperf.com\/pt-pt\/wp-json\/wp\/v2\/comments?post=9522"}],"wp:featuredmedia":[{"embeddable":true,"href":"https:\/\/bnperf.com\/pt-pt\/wp-json\/wp\/v2\/media\/22563"}],"wp:attachment":[{"href":"https:\/\/bnperf.com\/pt-pt\/wp-json\/wp\/v2\/media?parent=9522"}],"wp:term":[{"taxonomy":"product_brand","embeddable":true,"href":"https:\/\/bnperf.com\/pt-pt\/wp-json\/wp\/v2\/product_brand?post=9522"},{"taxonomy":"product_cat","embeddable":true,"href":"https:\/\/bnperf.com\/pt-pt\/wp-json\/wp\/v2\/product_cat?post=9522"},{"taxonomy":"product_tag","embeddable":true,"href":"https:\/\/bnperf.com\/pt-pt\/wp-json\/wp\/v2\/product_tag?post=9522"}],"curies":[{"name":"wp","href":"https:\/\/api.w.org\/{rel}","templated":true}]}}