{"id":9455,"date":"2020-04-23T16:32:48","date_gmt":"2021-08-17T09:41:34","guid":{"rendered":"http:\/\/bnperf.com\/produit\/kit-radiador-de-oleo-13-linhas\/"},"modified":"2021-10-29T15:43:58","modified_gmt":"2021-10-29T14:43:58","slug":"kit-radiador-de-oelo-combustivel","status":"publish","type":"product","link":"https:\/\/bnperf.com\/pt-pt\/produit\/kit-radiador-de-oelo-combustivel\/","title":{"rendered":"KIT Radiador de oleo\/combustivel"},"content":{"rendered":"<p>&nbsp;<\/p>\n<p>Kit de radiador de \u00f3leo\/combustivel de 10\/13\/16 linhas, incluindo:<\/p>\n<p>-1 AN10 radiador de \u00f3leo\/combustivel de 10\/13\/16 linhas,<\/p>\n<p>-2 Mangueiras tran\u00e7adas de a\u00e7o inoxid\u00e1vel AN10 com conex\u00e3o reta e 90 \u00b0,<\/p>\n<p>-Uma placa sandu\u00edche com 2 portas para montagem do sensor de temperatura e press\u00e3o de \u00f3leo.<\/p>\n","protected":false},"excerpt":{"rendered":"<p>Elemento vital para qualquer ve\u00edculo de competi\u00e7\u00e3o, o radiador de \u00f3leo\/combustivel de alum\u00ednio <b>STC<\/b> permite regular a temperatura do \u00f3leo do motor de forma eficiente.<\/p>\n<p>A melhor posi\u00e7\u00e3o para o refrigerador de \u00f3leo \u00e9 em frente ao refrigerador de \u00e1gua para que haja fluxo de ar suficiente. Para n\u00e3o interferir no resfriamento da \u00e1gua, \u00e9 imprescind\u00edvel posicionar o radiador de \u00f3leo contra o radiador (\u00e0 frente ou atr\u00e1s dependendo da posi\u00e7\u00e3o do ventilador). Isso n\u00e3o afetar\u00e1 o resfriamento da \u00e1gua.<\/p>\n<p>&nbsp;<\/p>\n","protected":false},"featured_media":5615,"comment_status":"open","ping_status":"closed","template":"","meta":[],"product_brand":[],"product_cat":[1782,1818,1813],"product_tag":[551,26598,524,622,546,26784,26785,532,534,1096,540,523,552,550,528,529],"class_list":{"0":"post-9455","1":"product","2":"type-product","3":"status-publish","4":"has-post-thumbnail","6":"product_cat-performance-pt-pt","7":"product_cat-radiadores-de-oleo","8":"product_cat-refrigeracao","9":"product_tag-1-9-pt-pt","10":"product_tag-aluminio","11":"product_tag-bnperfshop-pt-pt","12":"product_tag-intercooler-pt-pt","13":"product_tag-leon-pt-pt","14":"product_tag-oleo","15":"product_tag-radiador","16":"product_tag-seatibiza-pt-pt","17":"product_tag-sport-pt-pt","18":"product_tag-stc-pt-pt","19":"product_tag-tdi-pt-pt","20":"product_tag-turbo-pt-pt","21":"product_tag-vw-pt-pt","22":"product_tag-6l-pt-pt","23":"product_tag-ibiza-pt-pt","24":"product_tag-seat-pt-pt","26":"first","27":"instock","28":"taxable","29":"shipping-taxable","30":"purchasable","31":"product-type-variable","32":"add-to-wishlist-before_image"},"bundled_by":[],"bundle_stock_status":"instock","bundle_stock_quantity":null,"bundle_virtual":false,"bundle_layout":"","bundle_add_to_cart_form_location":"","bundle_editable_in_cart":false,"bundle_sold_individually_context":"","bundle_item_grouping":"","bundle_min_size":"","bundle_max_size":"","bundle_price":[],"bundled_items":[],"bundle_sell_ids":[],"exclude_global_add_ons":[],"addons":[],"yoast_head":"<!-- This site is optimized with the Yoast SEO Premium plugin v27.4 (Yoast SEO v27.4) - https:\/\/yoast.com\/product\/yoast-seo-premium-wordpress\/ -->\n<title>KIT Radiador de oleo\/combustivel - BNPERF<\/title>\n<meta name=\"robots\" content=\"index, follow, max-snippet:-1, max-image-preview:large, max-video-preview:-1\" \/>\n<link rel=\"canonical\" href=\"https:\/\/bnperf.com\/pt-pt\/produit\/kit-radiador-de-oelo-combustivel\/\" \/>\n<meta property=\"og:locale\" content=\"pt_PT\" \/>\n<meta property=\"og:type\" content=\"article\" \/>\n<meta property=\"og:title\" content=\"KIT Radiador de oleo\/combustivel\" \/>\n<meta property=\"og:description\" content=\"Elemento vital para qualquer ve\u00edculo de competi\u00e7\u00e3o, o radiador de \u00f3leo\/combustivel de alum\u00ednio STC permite regular a temperatura do \u00f3leo do motor de forma eficiente.  A melhor posi\u00e7\u00e3o para o refrigerador de \u00f3leo \u00e9 em frente ao refrigerador de \u00e1gua para que haja fluxo de ar suficiente. Para n\u00e3o interferir no resfriamento da \u00e1gua, \u00e9 imprescind\u00edvel posicionar o radiador de \u00f3leo contra o radiador (\u00e0 frente ou atr\u00e1s dependendo da posi\u00e7\u00e3o do ventilador). Isso n\u00e3o afetar\u00e1 o resfriamento da \u00e1gua.  &nbsp;\" \/>\n<meta property=\"og:url\" content=\"https:\/\/bnperf.com\/pt-pt\/produit\/kit-radiador-de-oelo-combustivel\/\" \/>\n<meta property=\"og:site_name\" content=\"BNPERF\" \/>\n<meta property=\"article:publisher\" content=\"https:\/\/www.facebook.com\/bnperf\" \/>\n<meta property=\"article:modified_time\" content=\"2021-10-29T14:43:58+00:00\" \/>\n<meta property=\"og:image\" content=\"https:\/\/bnperf.com\/wp-content\/uploads\/2020\/04\/IMG_20200422_220328_540.jpg\" \/>\n\t<meta property=\"og:image:width\" content=\"960\" \/>\n\t<meta property=\"og:image:height\" content=\"960\" \/>\n\t<meta property=\"og:image:type\" content=\"image\/jpeg\" \/>\n<meta name=\"twitter:card\" content=\"summary_large_image\" \/>\n<script type=\"application\/ld+json\" class=\"yoast-schema-graph\">{\"@context\":\"https:\\\/\\\/schema.org\",\"@graph\":[{\"@type\":\"WebPage\",\"@id\":\"https:\\\/\\\/bnperf.com\\\/pt-pt\\\/produit\\\/kit-radiador-de-oelo-combustivel\\\/\",\"url\":\"https:\\\/\\\/bnperf.com\\\/pt-pt\\\/produit\\\/kit-radiador-de-oelo-combustivel\\\/\",\"name\":\"KIT Radiador de oleo\\\/combustivel - BNPERF\",\"isPartOf\":{\"@id\":\"https:\\\/\\\/bnperf.com\\\/pt-pt\\\/#website\"},\"primaryImageOfPage\":{\"@id\":\"https:\\\/\\\/bnperf.com\\\/pt-pt\\\/produit\\\/kit-radiador-de-oelo-combustivel\\\/#primaryimage\"},\"image\":{\"@id\":\"https:\\\/\\\/bnperf.com\\\/pt-pt\\\/produit\\\/kit-radiador-de-oelo-combustivel\\\/#primaryimage\"},\"thumbnailUrl\":\"https:\\\/\\\/bnperf.com\\\/wp-content\\\/uploads\\\/2020\\\/04\\\/IMG_20200422_220328_540.jpg\",\"datePublished\":\"2021-08-17T09:41:34+00:00\",\"dateModified\":\"2021-10-29T14:43:58+00:00\",\"breadcrumb\":{\"@id\":\"https:\\\/\\\/bnperf.com\\\/pt-pt\\\/produit\\\/kit-radiador-de-oelo-combustivel\\\/#breadcrumb\"},\"inLanguage\":\"pt-PT\",\"potentialAction\":[{\"@type\":\"ReadAction\",\"target\":[\"https:\\\/\\\/bnperf.com\\\/pt-pt\\\/produit\\\/kit-radiador-de-oelo-combustivel\\\/\"]}]},{\"@type\":\"ImageObject\",\"inLanguage\":\"pt-PT\",\"@id\":\"https:\\\/\\\/bnperf.com\\\/pt-pt\\\/produit\\\/kit-radiador-de-oelo-combustivel\\\/#primaryimage\",\"url\":\"https:\\\/\\\/bnperf.com\\\/wp-content\\\/uploads\\\/2020\\\/04\\\/IMG_20200422_220328_540.jpg\",\"contentUrl\":\"https:\\\/\\\/bnperf.com\\\/wp-content\\\/uploads\\\/2020\\\/04\\\/IMG_20200422_220328_540.jpg\",\"width\":960,\"height\":960},{\"@type\":\"BreadcrumbList\",\"@id\":\"https:\\\/\\\/bnperf.com\\\/pt-pt\\\/produit\\\/kit-radiador-de-oelo-combustivel\\\/#breadcrumb\",\"itemListElement\":[{\"@type\":\"ListItem\",\"position\":1,\"name\":\"Inicio\",\"item\":\"https:\\\/\\\/bnperf.com\\\/pt-pt\\\/inicio\\\/\"},{\"@type\":\"ListItem\",\"position\":2,\"name\":\"Loja\",\"item\":\"https:\\\/\\\/bnperf.com\\\/pt-pt\\\/loja\\\/\"},{\"@type\":\"ListItem\",\"position\":3,\"name\":\"KIT Radiador de oleo\\\/combustivel\"}]},{\"@type\":\"WebSite\",\"@id\":\"https:\\\/\\\/bnperf.com\\\/pt-pt\\\/#website\",\"url\":\"https:\\\/\\\/bnperf.com\\\/pt-pt\\\/\",\"name\":\"BNPERF\",\"description\":\"Votre Boutique Online ...\",\"publisher\":{\"@id\":\"https:\\\/\\\/bnperf.com\\\/pt-pt\\\/#organization\"},\"potentialAction\":[{\"@type\":\"SearchAction\",\"target\":{\"@type\":\"EntryPoint\",\"urlTemplate\":\"https:\\\/\\\/bnperf.com\\\/pt-pt\\\/?s={search_term_string}\"},\"query-input\":{\"@type\":\"PropertyValueSpecification\",\"valueRequired\":true,\"valueName\":\"search_term_string\"}}],\"inLanguage\":\"pt-PT\"},{\"@type\":\"Organization\",\"@id\":\"https:\\\/\\\/bnperf.com\\\/pt-pt\\\/#organization\",\"name\":\"BNPERF\",\"url\":\"https:\\\/\\\/bnperf.com\\\/pt-pt\\\/\",\"logo\":{\"@type\":\"ImageObject\",\"inLanguage\":\"pt-PT\",\"@id\":\"https:\\\/\\\/bnperf.com\\\/pt-pt\\\/#\\\/schema\\\/logo\\\/image\\\/\",\"url\":\"https:\\\/\\\/bnperf.com\\\/wp-content\\\/uploads\\\/2021\\\/10\\\/bnperf-logo.png\",\"contentUrl\":\"https:\\\/\\\/bnperf.com\\\/wp-content\\\/uploads\\\/2021\\\/10\\\/bnperf-logo.png\",\"width\":954,\"height\":300,\"caption\":\"BNPERF\"},\"image\":{\"@id\":\"https:\\\/\\\/bnperf.com\\\/pt-pt\\\/#\\\/schema\\\/logo\\\/image\\\/\"},\"sameAs\":[\"https:\\\/\\\/www.facebook.com\\\/bnperf\",\"https:\\\/\\\/www.instagram.com\\\/bnperf\"]}]}<\/script>\n<!-- \/ Yoast SEO Premium plugin. -->","yoast_head_json":{"title":"KIT Radiador de oleo\/combustivel - BNPERF","robots":{"index":"index","follow":"follow","max-snippet":"max-snippet:-1","max-image-preview":"max-image-preview:large","max-video-preview":"max-video-preview:-1"},"canonical":"https:\/\/bnperf.com\/pt-pt\/produit\/kit-radiador-de-oelo-combustivel\/","og_locale":"pt_PT","og_type":"article","og_title":"KIT Radiador de oleo\/combustivel","og_description":"Elemento vital para qualquer ve\u00edculo de competi\u00e7\u00e3o, o radiador de \u00f3leo\/combustivel de alum\u00ednio STC permite regular a temperatura do \u00f3leo do motor de forma eficiente.  A melhor posi\u00e7\u00e3o para o refrigerador de \u00f3leo \u00e9 em frente ao refrigerador de \u00e1gua para que haja fluxo de ar suficiente. Para n\u00e3o interferir no resfriamento da \u00e1gua, \u00e9 imprescind\u00edvel posicionar o radiador de \u00f3leo contra o radiador (\u00e0 frente ou atr\u00e1s dependendo da posi\u00e7\u00e3o do ventilador). Isso n\u00e3o afetar\u00e1 o resfriamento da \u00e1gua.  &nbsp;","og_url":"https:\/\/bnperf.com\/pt-pt\/produit\/kit-radiador-de-oelo-combustivel\/","og_site_name":"BNPERF","article_publisher":"https:\/\/www.facebook.com\/bnperf","article_modified_time":"2021-10-29T14:43:58+00:00","og_image":[{"width":960,"height":960,"url":"https:\/\/bnperf.com\/wp-content\/uploads\/2020\/04\/IMG_20200422_220328_540.jpg","type":"image\/jpeg"}],"twitter_card":"summary_large_image","schema":{"@context":"https:\/\/schema.org","@graph":[{"@type":"WebPage","@id":"https:\/\/bnperf.com\/pt-pt\/produit\/kit-radiador-de-oelo-combustivel\/","url":"https:\/\/bnperf.com\/pt-pt\/produit\/kit-radiador-de-oelo-combustivel\/","name":"KIT Radiador de oleo\/combustivel - BNPERF","isPartOf":{"@id":"https:\/\/bnperf.com\/pt-pt\/#website"},"primaryImageOfPage":{"@id":"https:\/\/bnperf.com\/pt-pt\/produit\/kit-radiador-de-oelo-combustivel\/#primaryimage"},"image":{"@id":"https:\/\/bnperf.com\/pt-pt\/produit\/kit-radiador-de-oelo-combustivel\/#primaryimage"},"thumbnailUrl":"https:\/\/bnperf.com\/wp-content\/uploads\/2020\/04\/IMG_20200422_220328_540.jpg","datePublished":"2021-08-17T09:41:34+00:00","dateModified":"2021-10-29T14:43:58+00:00","breadcrumb":{"@id":"https:\/\/bnperf.com\/pt-pt\/produit\/kit-radiador-de-oelo-combustivel\/#breadcrumb"},"inLanguage":"pt-PT","potentialAction":[{"@type":"ReadAction","target":["https:\/\/bnperf.com\/pt-pt\/produit\/kit-radiador-de-oelo-combustivel\/"]}]},{"@type":"ImageObject","inLanguage":"pt-PT","@id":"https:\/\/bnperf.com\/pt-pt\/produit\/kit-radiador-de-oelo-combustivel\/#primaryimage","url":"https:\/\/bnperf.com\/wp-content\/uploads\/2020\/04\/IMG_20200422_220328_540.jpg","contentUrl":"https:\/\/bnperf.com\/wp-content\/uploads\/2020\/04\/IMG_20200422_220328_540.jpg","width":960,"height":960},{"@type":"BreadcrumbList","@id":"https:\/\/bnperf.com\/pt-pt\/produit\/kit-radiador-de-oelo-combustivel\/#breadcrumb","itemListElement":[{"@type":"ListItem","position":1,"name":"Inicio","item":"https:\/\/bnperf.com\/pt-pt\/inicio\/"},{"@type":"ListItem","position":2,"name":"Loja","item":"https:\/\/bnperf.com\/pt-pt\/loja\/"},{"@type":"ListItem","position":3,"name":"KIT Radiador de oleo\/combustivel"}]},{"@type":"WebSite","@id":"https:\/\/bnperf.com\/pt-pt\/#website","url":"https:\/\/bnperf.com\/pt-pt\/","name":"BNPERF","description":"Votre Boutique Online ...","publisher":{"@id":"https:\/\/bnperf.com\/pt-pt\/#organization"},"potentialAction":[{"@type":"SearchAction","target":{"@type":"EntryPoint","urlTemplate":"https:\/\/bnperf.com\/pt-pt\/?s={search_term_string}"},"query-input":{"@type":"PropertyValueSpecification","valueRequired":true,"valueName":"search_term_string"}}],"inLanguage":"pt-PT"},{"@type":"Organization","@id":"https:\/\/bnperf.com\/pt-pt\/#organization","name":"BNPERF","url":"https:\/\/bnperf.com\/pt-pt\/","logo":{"@type":"ImageObject","inLanguage":"pt-PT","@id":"https:\/\/bnperf.com\/pt-pt\/#\/schema\/logo\/image\/","url":"https:\/\/bnperf.com\/wp-content\/uploads\/2021\/10\/bnperf-logo.png","contentUrl":"https:\/\/bnperf.com\/wp-content\/uploads\/2021\/10\/bnperf-logo.png","width":954,"height":300,"caption":"BNPERF"},"image":{"@id":"https:\/\/bnperf.com\/pt-pt\/#\/schema\/logo\/image\/"},"sameAs":["https:\/\/www.facebook.com\/bnperf","https:\/\/www.instagram.com\/bnperf"]}]}},"tiered_pricing_type":"fixed","tiered_pricing_fixed_rules":[],"tiered_pricing_product_settings":{"layout":"default","base_unit_name":{"singular":null,"plural":null},"default_variation":null},"tiered_pricing_minimum_quantity":null,"tiered_pricing_roles_data":[],"tiered_pricing_percentage_rules":[],"_links":{"self":[{"href":"https:\/\/bnperf.com\/pt-pt\/wp-json\/wp\/v2\/product\/9455","targetHints":{"allow":["GET"]}}],"collection":[{"href":"https:\/\/bnperf.com\/pt-pt\/wp-json\/wp\/v2\/product"}],"about":[{"href":"https:\/\/bnperf.com\/pt-pt\/wp-json\/wp\/v2\/types\/product"}],"replies":[{"embeddable":true,"href":"https:\/\/bnperf.com\/pt-pt\/wp-json\/wp\/v2\/comments?post=9455"}],"wp:featuredmedia":[{"embeddable":true,"href":"https:\/\/bnperf.com\/pt-pt\/wp-json\/wp\/v2\/media\/5615"}],"wp:attachment":[{"href":"https:\/\/bnperf.com\/pt-pt\/wp-json\/wp\/v2\/media?parent=9455"}],"wp:term":[{"taxonomy":"product_brand","embeddable":true,"href":"https:\/\/bnperf.com\/pt-pt\/wp-json\/wp\/v2\/product_brand?post=9455"},{"taxonomy":"product_cat","embeddable":true,"href":"https:\/\/bnperf.com\/pt-pt\/wp-json\/wp\/v2\/product_cat?post=9455"},{"taxonomy":"product_tag","embeddable":true,"href":"https:\/\/bnperf.com\/pt-pt\/wp-json\/wp\/v2\/product_tag?post=9455"}],"curies":[{"name":"wp","href":"https:\/\/api.w.org\/{rel}","templated":true}]}}