{"id":9422,"date":"2019-11-20T00:13:21","date_gmt":"2021-08-16T17:10:07","guid":{"rendered":"http:\/\/bnperf.com\/produit\/aac-arvore-de-cames-stc-performance-grupo-de-motores-vw-pd-280o\/"},"modified":"2021-10-28T10:09:19","modified_gmt":"2021-10-28T09:09:19","slug":"aac-arvore-de-cames-stc-performance-groupo-motores-vw-pd-280o","status":"publish","type":"product","link":"https:\/\/bnperf.com\/pt-pt\/produit\/aac-arvore-de-cames-stc-performance-groupo-motores-vw-pd-280o\/","title":{"rendered":"AAC Arvore de Cames STC Performance Grupo de Motores VW PD 280\u00ba"},"content":{"rendered":"<p>Motor: AVB \/ ATD \/ AXR \/ AJM \/ ATJ \/ AUY \/ ASZ \/ ARL \/ AWX \/ AVF \/ BGW \/ BPX \/ BUK \/ BLT \/ BMT \/ BXE \/ BLS \/ BMM \/ BRU \/ BXF \/ BXJ \/ BJC \/ BKC \/ BXE \/ BLS<\/p>\n","protected":false},"excerpt":{"rendered":"<p>Arvore de cames performance VW<\/p>\n<p>1,9 &#8211; 2,0 TDI PD hydro<\/p>\n<p>Aplica\u00e7\u00e3o: estrada<\/p>\n<p>&#8211; Dura\u00e7\u00e3o :: 280\u00ba Momento de<br \/>\n&#8211; Bras\u00e3o :: 112 Eleva\u00e7\u00e3o<br \/>\n&#8211; V\u00e1lvula :: 10.5<br \/>\n&#8211; Levantado em TDC :: 0,8<br \/>\n&#8211; Momento da v\u00e1lvula: 28\/72 &#8211; 72\/28<br \/>\n&#8211; Folga da v\u00e1lvula :: &#8212;<\/p>\n","protected":false},"featured_media":5506,"comment_status":"open","ping_status":"closed","template":"","meta":[],"product_brand":[],"product_cat":[1792,1791,1782],"product_tag":[551,26588,26754,26751,544,524,26755,558,546,532,534,1096,540,523,552,550,528,529],"class_list":{"0":"post-9422","1":"product","2":"type-product","3":"status-publish","4":"has-post-thumbnail","6":"product_cat-arvore-de-cames","7":"product_cat-motor","8":"product_cat-performance-pt-pt","9":"product_tag-1-9-pt-pt","10":"product_tag-aac-pt-pt","11":"product_tag-arvore","12":"product_tag-arvoredecames-pt-pt","13":"product_tag-audi-pt-pt","14":"product_tag-bnperfshop-pt-pt","15":"product_tag-cames-pt-pt","16":"product_tag-cupra-pt-pt","17":"product_tag-leon-pt-pt","18":"product_tag-seatibiza-pt-pt","19":"product_tag-sport-pt-pt","20":"product_tag-stc-pt-pt","21":"product_tag-tdi-pt-pt","22":"product_tag-turbo-pt-pt","23":"product_tag-vw-pt-pt","24":"product_tag-6l-pt-pt","25":"product_tag-ibiza-pt-pt","26":"product_tag-seat-pt-pt","28":"first","29":"outofstock","30":"taxable","31":"shipping-taxable","32":"purchasable","33":"product-type-simple","34":"add-to-wishlist-before_image"},"bundled_by":[],"bundle_stock_status":"outofstock","bundle_stock_quantity":null,"bundle_virtual":false,"bundle_layout":"","bundle_add_to_cart_form_location":"","bundle_editable_in_cart":false,"bundle_sold_individually_context":"","bundle_item_grouping":"","bundle_min_size":"","bundle_max_size":"","bundle_price":[],"bundled_items":[],"bundle_sell_ids":[9416,9417,23754],"exclude_global_add_ons":[],"addons":[],"yoast_head":"<!-- This site is optimized with the Yoast SEO Premium plugin v27.4 (Yoast SEO v27.4) - https:\/\/yoast.com\/product\/yoast-seo-premium-wordpress\/ -->\n<title>AAC Arvore de Cames STC Performance Grupo de Motores VW PD 280\u00ba - BNPERF<\/title>\n<meta name=\"robots\" content=\"index, follow, max-snippet:-1, max-image-preview:large, max-video-preview:-1\" \/>\n<link rel=\"canonical\" href=\"https:\/\/bnperf.com\/pt-pt\/produit\/aac-arvore-de-cames-stc-performance-groupo-motores-vw-pd-280o\/\" \/>\n<meta property=\"og:locale\" content=\"pt_PT\" \/>\n<meta property=\"og:type\" content=\"article\" \/>\n<meta property=\"og:title\" content=\"AAC Arvore de Cames STC Performance Grupo de Motores VW PD 280\u00ba\" \/>\n<meta property=\"og:description\" content=\"Arvore de cames performance VW  1,9 - 2,0 TDI PD hydro  Aplica\u00e7\u00e3o: estrada  - Dura\u00e7\u00e3o :: 280\u00ba Momento de - Bras\u00e3o :: 112 Eleva\u00e7\u00e3o - V\u00e1lvula :: 10.5 - Levantado em TDC :: 0,8 - Momento da v\u00e1lvula: 28\/72 - 72\/28  - Folga da v\u00e1lvula :: ---\" \/>\n<meta property=\"og:url\" content=\"https:\/\/bnperf.com\/pt-pt\/produit\/aac-arvore-de-cames-stc-performance-groupo-motores-vw-pd-280o\/\" \/>\n<meta property=\"og:site_name\" content=\"BNPERF\" \/>\n<meta property=\"article:publisher\" content=\"https:\/\/www.facebook.com\/bnperf\" \/>\n<meta property=\"article:modified_time\" content=\"2021-10-28T09:09:19+00:00\" \/>\n<meta property=\"og:image\" content=\"https:\/\/bnperf.com\/wp-content\/uploads\/2019\/11\/STC-PD-2-740x740.jpg\" \/>\n\t<meta property=\"og:image:width\" content=\"740\" \/>\n\t<meta property=\"og:image:height\" content=\"740\" \/>\n\t<meta property=\"og:image:type\" content=\"image\/jpeg\" \/>\n<meta name=\"twitter:card\" content=\"summary_large_image\" \/>\n<script type=\"application\/ld+json\" class=\"yoast-schema-graph\">{\"@context\":\"https:\\\/\\\/schema.org\",\"@graph\":[{\"@type\":\"WebPage\",\"@id\":\"https:\\\/\\\/bnperf.com\\\/pt-pt\\\/produit\\\/aac-arvore-de-cames-stc-performance-groupo-motores-vw-pd-280o\\\/\",\"url\":\"https:\\\/\\\/bnperf.com\\\/pt-pt\\\/produit\\\/aac-arvore-de-cames-stc-performance-groupo-motores-vw-pd-280o\\\/\",\"name\":\"AAC Arvore de Cames STC Performance Grupo de Motores VW PD 280\u00ba - BNPERF\",\"isPartOf\":{\"@id\":\"https:\\\/\\\/bnperf.com\\\/pt-pt\\\/#website\"},\"primaryImageOfPage\":{\"@id\":\"https:\\\/\\\/bnperf.com\\\/pt-pt\\\/produit\\\/aac-arvore-de-cames-stc-performance-groupo-motores-vw-pd-280o\\\/#primaryimage\"},\"image\":{\"@id\":\"https:\\\/\\\/bnperf.com\\\/pt-pt\\\/produit\\\/aac-arvore-de-cames-stc-performance-groupo-motores-vw-pd-280o\\\/#primaryimage\"},\"thumbnailUrl\":\"https:\\\/\\\/bnperf.com\\\/wp-content\\\/uploads\\\/2019\\\/11\\\/STC-PD-2-740x740.jpg\",\"datePublished\":\"2021-08-16T17:10:07+00:00\",\"dateModified\":\"2021-10-28T09:09:19+00:00\",\"breadcrumb\":{\"@id\":\"https:\\\/\\\/bnperf.com\\\/pt-pt\\\/produit\\\/aac-arvore-de-cames-stc-performance-groupo-motores-vw-pd-280o\\\/#breadcrumb\"},\"inLanguage\":\"pt-PT\",\"potentialAction\":[{\"@type\":\"ReadAction\",\"target\":[\"https:\\\/\\\/bnperf.com\\\/pt-pt\\\/produit\\\/aac-arvore-de-cames-stc-performance-groupo-motores-vw-pd-280o\\\/\"]}]},{\"@type\":\"ImageObject\",\"inLanguage\":\"pt-PT\",\"@id\":\"https:\\\/\\\/bnperf.com\\\/pt-pt\\\/produit\\\/aac-arvore-de-cames-stc-performance-groupo-motores-vw-pd-280o\\\/#primaryimage\",\"url\":\"https:\\\/\\\/bnperf.com\\\/wp-content\\\/uploads\\\/2019\\\/11\\\/STC-PD-2-740x740.jpg\",\"contentUrl\":\"https:\\\/\\\/bnperf.com\\\/wp-content\\\/uploads\\\/2019\\\/11\\\/STC-PD-2-740x740.jpg\",\"width\":740,\"height\":740},{\"@type\":\"BreadcrumbList\",\"@id\":\"https:\\\/\\\/bnperf.com\\\/pt-pt\\\/produit\\\/aac-arvore-de-cames-stc-performance-groupo-motores-vw-pd-280o\\\/#breadcrumb\",\"itemListElement\":[{\"@type\":\"ListItem\",\"position\":1,\"name\":\"Inicio\",\"item\":\"https:\\\/\\\/bnperf.com\\\/pt-pt\\\/inicio\\\/\"},{\"@type\":\"ListItem\",\"position\":2,\"name\":\"Loja\",\"item\":\"https:\\\/\\\/bnperf.com\\\/pt-pt\\\/loja\\\/\"},{\"@type\":\"ListItem\",\"position\":3,\"name\":\"AAC Arvore de Cames STC Performance Grupo de Motores VW PD 280\u00ba\"}]},{\"@type\":\"WebSite\",\"@id\":\"https:\\\/\\\/bnperf.com\\\/pt-pt\\\/#website\",\"url\":\"https:\\\/\\\/bnperf.com\\\/pt-pt\\\/\",\"name\":\"BNPERF\",\"description\":\"Votre Boutique Online ...\",\"publisher\":{\"@id\":\"https:\\\/\\\/bnperf.com\\\/pt-pt\\\/#organization\"},\"potentialAction\":[{\"@type\":\"SearchAction\",\"target\":{\"@type\":\"EntryPoint\",\"urlTemplate\":\"https:\\\/\\\/bnperf.com\\\/pt-pt\\\/?s={search_term_string}\"},\"query-input\":{\"@type\":\"PropertyValueSpecification\",\"valueRequired\":true,\"valueName\":\"search_term_string\"}}],\"inLanguage\":\"pt-PT\"},{\"@type\":\"Organization\",\"@id\":\"https:\\\/\\\/bnperf.com\\\/pt-pt\\\/#organization\",\"name\":\"BNPERF\",\"url\":\"https:\\\/\\\/bnperf.com\\\/pt-pt\\\/\",\"logo\":{\"@type\":\"ImageObject\",\"inLanguage\":\"pt-PT\",\"@id\":\"https:\\\/\\\/bnperf.com\\\/pt-pt\\\/#\\\/schema\\\/logo\\\/image\\\/\",\"url\":\"https:\\\/\\\/bnperf.com\\\/wp-content\\\/uploads\\\/2021\\\/10\\\/bnperf-logo.png\",\"contentUrl\":\"https:\\\/\\\/bnperf.com\\\/wp-content\\\/uploads\\\/2021\\\/10\\\/bnperf-logo.png\",\"width\":954,\"height\":300,\"caption\":\"BNPERF\"},\"image\":{\"@id\":\"https:\\\/\\\/bnperf.com\\\/pt-pt\\\/#\\\/schema\\\/logo\\\/image\\\/\"},\"sameAs\":[\"https:\\\/\\\/www.facebook.com\\\/bnperf\",\"https:\\\/\\\/www.instagram.com\\\/bnperf\"]}]}<\/script>\n<!-- \/ Yoast SEO Premium plugin. -->","yoast_head_json":{"title":"AAC Arvore de Cames STC Performance Grupo de Motores VW PD 280\u00ba - BNPERF","robots":{"index":"index","follow":"follow","max-snippet":"max-snippet:-1","max-image-preview":"max-image-preview:large","max-video-preview":"max-video-preview:-1"},"canonical":"https:\/\/bnperf.com\/pt-pt\/produit\/aac-arvore-de-cames-stc-performance-groupo-motores-vw-pd-280o\/","og_locale":"pt_PT","og_type":"article","og_title":"AAC Arvore de Cames STC Performance Grupo de Motores VW PD 280\u00ba","og_description":"Arvore de cames performance VW  1,9 - 2,0 TDI PD hydro  Aplica\u00e7\u00e3o: estrada  - Dura\u00e7\u00e3o :: 280\u00ba Momento de - Bras\u00e3o :: 112 Eleva\u00e7\u00e3o - V\u00e1lvula :: 10.5 - Levantado em TDC :: 0,8 - Momento da v\u00e1lvula: 28\/72 - 72\/28  - Folga da v\u00e1lvula :: ---","og_url":"https:\/\/bnperf.com\/pt-pt\/produit\/aac-arvore-de-cames-stc-performance-groupo-motores-vw-pd-280o\/","og_site_name":"BNPERF","article_publisher":"https:\/\/www.facebook.com\/bnperf","article_modified_time":"2021-10-28T09:09:19+00:00","og_image":[{"width":740,"height":740,"url":"https:\/\/bnperf.com\/wp-content\/uploads\/2019\/11\/STC-PD-2-740x740.jpg","type":"image\/jpeg"}],"twitter_card":"summary_large_image","schema":{"@context":"https:\/\/schema.org","@graph":[{"@type":"WebPage","@id":"https:\/\/bnperf.com\/pt-pt\/produit\/aac-arvore-de-cames-stc-performance-groupo-motores-vw-pd-280o\/","url":"https:\/\/bnperf.com\/pt-pt\/produit\/aac-arvore-de-cames-stc-performance-groupo-motores-vw-pd-280o\/","name":"AAC Arvore de Cames STC Performance Grupo de Motores VW PD 280\u00ba - BNPERF","isPartOf":{"@id":"https:\/\/bnperf.com\/pt-pt\/#website"},"primaryImageOfPage":{"@id":"https:\/\/bnperf.com\/pt-pt\/produit\/aac-arvore-de-cames-stc-performance-groupo-motores-vw-pd-280o\/#primaryimage"},"image":{"@id":"https:\/\/bnperf.com\/pt-pt\/produit\/aac-arvore-de-cames-stc-performance-groupo-motores-vw-pd-280o\/#primaryimage"},"thumbnailUrl":"https:\/\/bnperf.com\/wp-content\/uploads\/2019\/11\/STC-PD-2-740x740.jpg","datePublished":"2021-08-16T17:10:07+00:00","dateModified":"2021-10-28T09:09:19+00:00","breadcrumb":{"@id":"https:\/\/bnperf.com\/pt-pt\/produit\/aac-arvore-de-cames-stc-performance-groupo-motores-vw-pd-280o\/#breadcrumb"},"inLanguage":"pt-PT","potentialAction":[{"@type":"ReadAction","target":["https:\/\/bnperf.com\/pt-pt\/produit\/aac-arvore-de-cames-stc-performance-groupo-motores-vw-pd-280o\/"]}]},{"@type":"ImageObject","inLanguage":"pt-PT","@id":"https:\/\/bnperf.com\/pt-pt\/produit\/aac-arvore-de-cames-stc-performance-groupo-motores-vw-pd-280o\/#primaryimage","url":"https:\/\/bnperf.com\/wp-content\/uploads\/2019\/11\/STC-PD-2-740x740.jpg","contentUrl":"https:\/\/bnperf.com\/wp-content\/uploads\/2019\/11\/STC-PD-2-740x740.jpg","width":740,"height":740},{"@type":"BreadcrumbList","@id":"https:\/\/bnperf.com\/pt-pt\/produit\/aac-arvore-de-cames-stc-performance-groupo-motores-vw-pd-280o\/#breadcrumb","itemListElement":[{"@type":"ListItem","position":1,"name":"Inicio","item":"https:\/\/bnperf.com\/pt-pt\/inicio\/"},{"@type":"ListItem","position":2,"name":"Loja","item":"https:\/\/bnperf.com\/pt-pt\/loja\/"},{"@type":"ListItem","position":3,"name":"AAC Arvore de Cames STC Performance Grupo de Motores VW PD 280\u00ba"}]},{"@type":"WebSite","@id":"https:\/\/bnperf.com\/pt-pt\/#website","url":"https:\/\/bnperf.com\/pt-pt\/","name":"BNPERF","description":"Votre Boutique Online ...","publisher":{"@id":"https:\/\/bnperf.com\/pt-pt\/#organization"},"potentialAction":[{"@type":"SearchAction","target":{"@type":"EntryPoint","urlTemplate":"https:\/\/bnperf.com\/pt-pt\/?s={search_term_string}"},"query-input":{"@type":"PropertyValueSpecification","valueRequired":true,"valueName":"search_term_string"}}],"inLanguage":"pt-PT"},{"@type":"Organization","@id":"https:\/\/bnperf.com\/pt-pt\/#organization","name":"BNPERF","url":"https:\/\/bnperf.com\/pt-pt\/","logo":{"@type":"ImageObject","inLanguage":"pt-PT","@id":"https:\/\/bnperf.com\/pt-pt\/#\/schema\/logo\/image\/","url":"https:\/\/bnperf.com\/wp-content\/uploads\/2021\/10\/bnperf-logo.png","contentUrl":"https:\/\/bnperf.com\/wp-content\/uploads\/2021\/10\/bnperf-logo.png","width":954,"height":300,"caption":"BNPERF"},"image":{"@id":"https:\/\/bnperf.com\/pt-pt\/#\/schema\/logo\/image\/"},"sameAs":["https:\/\/www.facebook.com\/bnperf","https:\/\/www.instagram.com\/bnperf"]}]}},"tiered_pricing_type":"fixed","tiered_pricing_fixed_rules":[],"tiered_pricing_product_settings":{"layout":"default","base_unit_name":{"singular":null,"plural":null},"default_variation":null},"tiered_pricing_minimum_quantity":null,"tiered_pricing_roles_data":[],"tiered_pricing_percentage_rules":[],"_links":{"self":[{"href":"https:\/\/bnperf.com\/pt-pt\/wp-json\/wp\/v2\/product\/9422","targetHints":{"allow":["GET"]}}],"collection":[{"href":"https:\/\/bnperf.com\/pt-pt\/wp-json\/wp\/v2\/product"}],"about":[{"href":"https:\/\/bnperf.com\/pt-pt\/wp-json\/wp\/v2\/types\/product"}],"replies":[{"embeddable":true,"href":"https:\/\/bnperf.com\/pt-pt\/wp-json\/wp\/v2\/comments?post=9422"}],"wp:featuredmedia":[{"embeddable":true,"href":"https:\/\/bnperf.com\/pt-pt\/wp-json\/wp\/v2\/media\/5506"}],"wp:attachment":[{"href":"https:\/\/bnperf.com\/pt-pt\/wp-json\/wp\/v2\/media?parent=9422"}],"wp:term":[{"taxonomy":"product_brand","embeddable":true,"href":"https:\/\/bnperf.com\/pt-pt\/wp-json\/wp\/v2\/product_brand?post=9422"},{"taxonomy":"product_cat","embeddable":true,"href":"https:\/\/bnperf.com\/pt-pt\/wp-json\/wp\/v2\/product_cat?post=9422"},{"taxonomy":"product_tag","embeddable":true,"href":"https:\/\/bnperf.com\/pt-pt\/wp-json\/wp\/v2\/product_tag?post=9422"}],"curies":[{"name":"wp","href":"https:\/\/api.w.org\/{rel}","templated":true}]}}