{"id":9382,"date":"2019-10-16T19:40:10","date_gmt":"2021-08-13T11:05:25","guid":{"rendered":"http:\/\/bnperf.com\/produit\/coilovers-jom-blueline-bmw-e90-e91-e92-e93\/"},"modified":"2021-10-27T10:11:17","modified_gmt":"2021-10-27T09:11:17","slug":"coilovers-jom-blueline-bmw-e46","status":"publish","type":"product","link":"https:\/\/bnperf.com\/pt-pt\/produit\/coilovers-jom-blueline-bmw-e46\/","title":{"rendered":"Coilovers JOM BlueLine Bmw E90 E91 E92 E93"},"content":{"rendered":"","protected":false},"excerpt":{"rendered":"<ul>\n<li style=\"list-style-type: none;\">\n<ul>\n<li style=\"list-style-type: none;\">\n<ul>\n<li style=\"list-style-type: none;\">\n<ul>\n<li style=\"list-style-type: none;\">\n<\/li>\n<\/ul>\n<\/li>\n<\/ul>\n<\/li>\n<\/ul>\n<\/li>\n<\/ul>\n<ul>\n<li style=\"list-style-type: none;\">\n<ul>\n<li><strong>Kits completos, incluindo molas totalmente ajust\u00e1veis \u200b\u200bem altura e amortecedores, chaves de ajuste e seu certificado TUV substituem completamente a suspens\u00e3o original.<\/strong><\/li>\n<li><strong>Excelente conforto, especialmente considerando o rebaixamento significativo, manuseio e seguran\u00e7a significativamente aprimorados.<\/strong><\/li>\n<li><strong>Entrega imediata, a menos que haja ruptura de stock<\/strong><\/li>\n<li><strong>Totalmente ajust\u00e1vel em altura, estruturas de a\u00e7o inoxid\u00e1vel galvanizado.<\/strong><\/li>\n<li><strong>Ajustavel entre 30mm et 60mm<\/strong><\/li>\n<li><strong>Compativel com BMW E90 E91 E92 E93 Berline, Touring et Coup\u00e9.<\/strong><\/li>\n<li><strong>Modelo: BMW E90 E91 E92 E93 2007-2010<\/strong><\/li>\n<li><strong>** NOTA: \u00c9 aconselh\u00e1vel instalar barras estabilizadoras + 40 \u20ac<\/strong><\/li>\n<li>\n \t<\/li>\n<li><b>** NOTA: \u00c9 aconselh\u00e1vel instalar as barras de estabiliza\u00e7\u00e3o (hastes) + 50 \u20ac<\/b><\/li>\n<\/ul>\n<\/li>\n<li style=\"list-style-type: none;\"><strong>(*) A imagem pode n\u00e3o corresponder a um kit espec\u00edfico e \u00e9 meramente ilustrativa.<\/strong><\/li>\n<\/ul>\n","protected":false},"featured_media":5425,"comment_status":"open","ping_status":"closed","template":"","meta":[],"product_brand":[],"product_cat":[1703,1717,1713],"product_tag":[551,522,26689,520,524,554,26688,26707,26486,26487,26485,26488,578,26686,534,540,523],"class_list":{"0":"post-9382","1":"product","2":"type-product","3":"status-publish","4":"has-post-thumbnail","6":"product_cat-chassis-pt-pt","7":"product_cat-coillovers","8":"product_cat-suspensoes","9":"product_tag-1-9-pt-pt","10":"product_tag-1m-pt-pt","11":"product_tag-ap-pt-pt","12":"product_tag-bmw-pt-pt","13":"product_tag-bnperfshop-pt-pt","14":"product_tag-coilovers-pt-pt","15":"product_tag-coiloversap-pt-pt","16":"product_tag-e30-pt-pt","17":"product_tag-e90-pt-pt","18":"product_tag-e91-pt-pt","19":"product_tag-e92-pt-pt","20":"product_tag-e93-pt-pt","21":"product_tag-golf4-pt-pt","22":"product_tag-jom-pt-pt","23":"product_tag-sport-pt-pt","24":"product_tag-tdi-pt-pt","25":"product_tag-turbo-pt-pt","27":"first","28":"instock","29":"taxable","30":"shipping-taxable","31":"purchasable","32":"product-type-simple","33":"add-to-wishlist-before_image"},"bundled_by":[],"bundle_stock_status":"instock","bundle_stock_quantity":null,"bundle_virtual":false,"bundle_layout":"","bundle_add_to_cart_form_location":"","bundle_editable_in_cart":false,"bundle_sold_individually_context":"","bundle_item_grouping":"","bundle_min_size":"","bundle_max_size":"","bundle_price":[],"bundled_items":[],"bundle_sell_ids":[],"exclude_global_add_ons":[],"addons":[],"yoast_head":"<!-- This site is optimized with the Yoast SEO Premium plugin v27.4 (Yoast SEO v27.4) - https:\/\/yoast.com\/product\/yoast-seo-premium-wordpress\/ -->\n<title>Coilovers JOM BlueLine Bmw E90 E91 E92 E93 - BNPERF<\/title>\n<meta name=\"robots\" content=\"index, follow, max-snippet:-1, max-image-preview:large, max-video-preview:-1\" \/>\n<link rel=\"canonical\" href=\"https:\/\/bnperf.com\/pt-pt\/produit\/coilovers-jom-blueline-bmw-e46\/\" \/>\n<meta property=\"og:locale\" content=\"pt_PT\" \/>\n<meta property=\"og:type\" content=\"article\" \/>\n<meta property=\"og:title\" content=\"Coilovers JOM BlueLine Bmw E90 E91 E92 E93\" \/>\n<meta property=\"og:description\" content=\"Kits completos, incluindo molas totalmente ajust\u00e1veis \u200b\u200bem altura e amortecedores, chaves de ajuste e seu certificado TUV substituem completamente a suspens\u00e3o original.  Excelente conforto, especialmente considerando o rebaixamento significativo, manuseio e seguran\u00e7a significativamente aprimorados.  Entrega imediata, a menos que haja ruptura de stock  Totalmente ajust\u00e1vel em altura, estruturas de a\u00e7o inoxid\u00e1vel galvanizado.  Ajustavel entre 30mm et 60mm  Compativel com BMW E90 E91 E92 E93 Berline, Touring et Coup\u00e9.  Modelo: BMW E90 E91 E92 E93 2007-2010  ** NOTA: \u00c9 aconselh\u00e1vel instalar barras estabilizadoras + 40 \u20ac    ** NOTA: \u00c9 aconselh\u00e1vel instalar as barras de estabiliza\u00e7\u00e3o (hastes) + 50 \u20ac    (*) A imagem pode n\u00e3o corresponder a um kit espec\u00edfico e \u00e9 meramente ilustrativa.\" \/>\n<meta property=\"og:url\" content=\"https:\/\/bnperf.com\/pt-pt\/produit\/coilovers-jom-blueline-bmw-e46\/\" \/>\n<meta property=\"og:site_name\" content=\"BNPERF\" \/>\n<meta property=\"article:publisher\" content=\"https:\/\/www.facebook.com\/bnperf\" \/>\n<meta property=\"article:modified_time\" content=\"2021-10-27T09:11:17+00:00\" \/>\n<meta property=\"og:image\" content=\"https:\/\/bnperf.com\/wp-content\/uploads\/2019\/10\/Jom.png\" \/>\n\t<meta property=\"og:image:width\" content=\"740\" \/>\n\t<meta property=\"og:image:height\" content=\"740\" \/>\n\t<meta property=\"og:image:type\" content=\"image\/png\" \/>\n<meta name=\"twitter:card\" content=\"summary_large_image\" \/>\n<script type=\"application\/ld+json\" class=\"yoast-schema-graph\">{\"@context\":\"https:\\\/\\\/schema.org\",\"@graph\":[{\"@type\":\"WebPage\",\"@id\":\"https:\\\/\\\/bnperf.com\\\/pt-pt\\\/produit\\\/coilovers-jom-blueline-bmw-e46\\\/\",\"url\":\"https:\\\/\\\/bnperf.com\\\/pt-pt\\\/produit\\\/coilovers-jom-blueline-bmw-e46\\\/\",\"name\":\"Coilovers JOM BlueLine Bmw E90 E91 E92 E93 - BNPERF\",\"isPartOf\":{\"@id\":\"https:\\\/\\\/bnperf.com\\\/pt-pt\\\/#website\"},\"primaryImageOfPage\":{\"@id\":\"https:\\\/\\\/bnperf.com\\\/pt-pt\\\/produit\\\/coilovers-jom-blueline-bmw-e46\\\/#primaryimage\"},\"image\":{\"@id\":\"https:\\\/\\\/bnperf.com\\\/pt-pt\\\/produit\\\/coilovers-jom-blueline-bmw-e46\\\/#primaryimage\"},\"thumbnailUrl\":\"https:\\\/\\\/bnperf.com\\\/wp-content\\\/uploads\\\/2019\\\/10\\\/Jom.png\",\"datePublished\":\"2021-08-13T11:05:25+00:00\",\"dateModified\":\"2021-10-27T09:11:17+00:00\",\"breadcrumb\":{\"@id\":\"https:\\\/\\\/bnperf.com\\\/pt-pt\\\/produit\\\/coilovers-jom-blueline-bmw-e46\\\/#breadcrumb\"},\"inLanguage\":\"pt-PT\",\"potentialAction\":[{\"@type\":\"ReadAction\",\"target\":[\"https:\\\/\\\/bnperf.com\\\/pt-pt\\\/produit\\\/coilovers-jom-blueline-bmw-e46\\\/\"]}]},{\"@type\":\"ImageObject\",\"inLanguage\":\"pt-PT\",\"@id\":\"https:\\\/\\\/bnperf.com\\\/pt-pt\\\/produit\\\/coilovers-jom-blueline-bmw-e46\\\/#primaryimage\",\"url\":\"https:\\\/\\\/bnperf.com\\\/wp-content\\\/uploads\\\/2019\\\/10\\\/Jom.png\",\"contentUrl\":\"https:\\\/\\\/bnperf.com\\\/wp-content\\\/uploads\\\/2019\\\/10\\\/Jom.png\",\"width\":740,\"height\":740},{\"@type\":\"BreadcrumbList\",\"@id\":\"https:\\\/\\\/bnperf.com\\\/pt-pt\\\/produit\\\/coilovers-jom-blueline-bmw-e46\\\/#breadcrumb\",\"itemListElement\":[{\"@type\":\"ListItem\",\"position\":1,\"name\":\"Inicio\",\"item\":\"https:\\\/\\\/bnperf.com\\\/pt-pt\\\/inicio\\\/\"},{\"@type\":\"ListItem\",\"position\":2,\"name\":\"Loja\",\"item\":\"https:\\\/\\\/bnperf.com\\\/pt-pt\\\/loja\\\/\"},{\"@type\":\"ListItem\",\"position\":3,\"name\":\"Coilovers JOM BlueLine Bmw E90 E91 E92 E93\"}]},{\"@type\":\"WebSite\",\"@id\":\"https:\\\/\\\/bnperf.com\\\/pt-pt\\\/#website\",\"url\":\"https:\\\/\\\/bnperf.com\\\/pt-pt\\\/\",\"name\":\"BNPERF\",\"description\":\"Votre Boutique Online ...\",\"publisher\":{\"@id\":\"https:\\\/\\\/bnperf.com\\\/pt-pt\\\/#organization\"},\"potentialAction\":[{\"@type\":\"SearchAction\",\"target\":{\"@type\":\"EntryPoint\",\"urlTemplate\":\"https:\\\/\\\/bnperf.com\\\/pt-pt\\\/?s={search_term_string}\"},\"query-input\":{\"@type\":\"PropertyValueSpecification\",\"valueRequired\":true,\"valueName\":\"search_term_string\"}}],\"inLanguage\":\"pt-PT\"},{\"@type\":\"Organization\",\"@id\":\"https:\\\/\\\/bnperf.com\\\/pt-pt\\\/#organization\",\"name\":\"BNPERF\",\"url\":\"https:\\\/\\\/bnperf.com\\\/pt-pt\\\/\",\"logo\":{\"@type\":\"ImageObject\",\"inLanguage\":\"pt-PT\",\"@id\":\"https:\\\/\\\/bnperf.com\\\/pt-pt\\\/#\\\/schema\\\/logo\\\/image\\\/\",\"url\":\"https:\\\/\\\/bnperf.com\\\/wp-content\\\/uploads\\\/2021\\\/10\\\/bnperf-logo.png\",\"contentUrl\":\"https:\\\/\\\/bnperf.com\\\/wp-content\\\/uploads\\\/2021\\\/10\\\/bnperf-logo.png\",\"width\":954,\"height\":300,\"caption\":\"BNPERF\"},\"image\":{\"@id\":\"https:\\\/\\\/bnperf.com\\\/pt-pt\\\/#\\\/schema\\\/logo\\\/image\\\/\"},\"sameAs\":[\"https:\\\/\\\/www.facebook.com\\\/bnperf\",\"https:\\\/\\\/www.instagram.com\\\/bnperf\"]}]}<\/script>\n<!-- \/ Yoast SEO Premium plugin. -->","yoast_head_json":{"title":"Coilovers JOM BlueLine Bmw E90 E91 E92 E93 - BNPERF","robots":{"index":"index","follow":"follow","max-snippet":"max-snippet:-1","max-image-preview":"max-image-preview:large","max-video-preview":"max-video-preview:-1"},"canonical":"https:\/\/bnperf.com\/pt-pt\/produit\/coilovers-jom-blueline-bmw-e46\/","og_locale":"pt_PT","og_type":"article","og_title":"Coilovers JOM BlueLine Bmw E90 E91 E92 E93","og_description":"Kits completos, incluindo molas totalmente ajust\u00e1veis \u200b\u200bem altura e amortecedores, chaves de ajuste e seu certificado TUV substituem completamente a suspens\u00e3o original.  Excelente conforto, especialmente considerando o rebaixamento significativo, manuseio e seguran\u00e7a significativamente aprimorados.  Entrega imediata, a menos que haja ruptura de stock  Totalmente ajust\u00e1vel em altura, estruturas de a\u00e7o inoxid\u00e1vel galvanizado.  Ajustavel entre 30mm et 60mm  Compativel com BMW E90 E91 E92 E93 Berline, Touring et Coup\u00e9.  Modelo: BMW E90 E91 E92 E93 2007-2010  ** NOTA: \u00c9 aconselh\u00e1vel instalar barras estabilizadoras + 40 \u20ac    ** NOTA: \u00c9 aconselh\u00e1vel instalar as barras de estabiliza\u00e7\u00e3o (hastes) + 50 \u20ac    (*) A imagem pode n\u00e3o corresponder a um kit espec\u00edfico e \u00e9 meramente ilustrativa.","og_url":"https:\/\/bnperf.com\/pt-pt\/produit\/coilovers-jom-blueline-bmw-e46\/","og_site_name":"BNPERF","article_publisher":"https:\/\/www.facebook.com\/bnperf","article_modified_time":"2021-10-27T09:11:17+00:00","og_image":[{"width":740,"height":740,"url":"https:\/\/bnperf.com\/wp-content\/uploads\/2019\/10\/Jom.png","type":"image\/png"}],"twitter_card":"summary_large_image","schema":{"@context":"https:\/\/schema.org","@graph":[{"@type":"WebPage","@id":"https:\/\/bnperf.com\/pt-pt\/produit\/coilovers-jom-blueline-bmw-e46\/","url":"https:\/\/bnperf.com\/pt-pt\/produit\/coilovers-jom-blueline-bmw-e46\/","name":"Coilovers JOM BlueLine Bmw E90 E91 E92 E93 - BNPERF","isPartOf":{"@id":"https:\/\/bnperf.com\/pt-pt\/#website"},"primaryImageOfPage":{"@id":"https:\/\/bnperf.com\/pt-pt\/produit\/coilovers-jom-blueline-bmw-e46\/#primaryimage"},"image":{"@id":"https:\/\/bnperf.com\/pt-pt\/produit\/coilovers-jom-blueline-bmw-e46\/#primaryimage"},"thumbnailUrl":"https:\/\/bnperf.com\/wp-content\/uploads\/2019\/10\/Jom.png","datePublished":"2021-08-13T11:05:25+00:00","dateModified":"2021-10-27T09:11:17+00:00","breadcrumb":{"@id":"https:\/\/bnperf.com\/pt-pt\/produit\/coilovers-jom-blueline-bmw-e46\/#breadcrumb"},"inLanguage":"pt-PT","potentialAction":[{"@type":"ReadAction","target":["https:\/\/bnperf.com\/pt-pt\/produit\/coilovers-jom-blueline-bmw-e46\/"]}]},{"@type":"ImageObject","inLanguage":"pt-PT","@id":"https:\/\/bnperf.com\/pt-pt\/produit\/coilovers-jom-blueline-bmw-e46\/#primaryimage","url":"https:\/\/bnperf.com\/wp-content\/uploads\/2019\/10\/Jom.png","contentUrl":"https:\/\/bnperf.com\/wp-content\/uploads\/2019\/10\/Jom.png","width":740,"height":740},{"@type":"BreadcrumbList","@id":"https:\/\/bnperf.com\/pt-pt\/produit\/coilovers-jom-blueline-bmw-e46\/#breadcrumb","itemListElement":[{"@type":"ListItem","position":1,"name":"Inicio","item":"https:\/\/bnperf.com\/pt-pt\/inicio\/"},{"@type":"ListItem","position":2,"name":"Loja","item":"https:\/\/bnperf.com\/pt-pt\/loja\/"},{"@type":"ListItem","position":3,"name":"Coilovers JOM BlueLine Bmw E90 E91 E92 E93"}]},{"@type":"WebSite","@id":"https:\/\/bnperf.com\/pt-pt\/#website","url":"https:\/\/bnperf.com\/pt-pt\/","name":"BNPERF","description":"Votre Boutique Online ...","publisher":{"@id":"https:\/\/bnperf.com\/pt-pt\/#organization"},"potentialAction":[{"@type":"SearchAction","target":{"@type":"EntryPoint","urlTemplate":"https:\/\/bnperf.com\/pt-pt\/?s={search_term_string}"},"query-input":{"@type":"PropertyValueSpecification","valueRequired":true,"valueName":"search_term_string"}}],"inLanguage":"pt-PT"},{"@type":"Organization","@id":"https:\/\/bnperf.com\/pt-pt\/#organization","name":"BNPERF","url":"https:\/\/bnperf.com\/pt-pt\/","logo":{"@type":"ImageObject","inLanguage":"pt-PT","@id":"https:\/\/bnperf.com\/pt-pt\/#\/schema\/logo\/image\/","url":"https:\/\/bnperf.com\/wp-content\/uploads\/2021\/10\/bnperf-logo.png","contentUrl":"https:\/\/bnperf.com\/wp-content\/uploads\/2021\/10\/bnperf-logo.png","width":954,"height":300,"caption":"BNPERF"},"image":{"@id":"https:\/\/bnperf.com\/pt-pt\/#\/schema\/logo\/image\/"},"sameAs":["https:\/\/www.facebook.com\/bnperf","https:\/\/www.instagram.com\/bnperf"]}]}},"tiered_pricing_type":"fixed","tiered_pricing_fixed_rules":[],"tiered_pricing_product_settings":{"layout":"default","base_unit_name":{"singular":null,"plural":null},"default_variation":null},"tiered_pricing_minimum_quantity":null,"tiered_pricing_roles_data":[],"tiered_pricing_percentage_rules":[],"_links":{"self":[{"href":"https:\/\/bnperf.com\/pt-pt\/wp-json\/wp\/v2\/product\/9382","targetHints":{"allow":["GET"]}}],"collection":[{"href":"https:\/\/bnperf.com\/pt-pt\/wp-json\/wp\/v2\/product"}],"about":[{"href":"https:\/\/bnperf.com\/pt-pt\/wp-json\/wp\/v2\/types\/product"}],"replies":[{"embeddable":true,"href":"https:\/\/bnperf.com\/pt-pt\/wp-json\/wp\/v2\/comments?post=9382"}],"wp:featuredmedia":[{"embeddable":true,"href":"https:\/\/bnperf.com\/pt-pt\/wp-json\/wp\/v2\/media\/5425"}],"wp:attachment":[{"href":"https:\/\/bnperf.com\/pt-pt\/wp-json\/wp\/v2\/media?parent=9382"}],"wp:term":[{"taxonomy":"product_brand","embeddable":true,"href":"https:\/\/bnperf.com\/pt-pt\/wp-json\/wp\/v2\/product_brand?post=9382"},{"taxonomy":"product_cat","embeddable":true,"href":"https:\/\/bnperf.com\/pt-pt\/wp-json\/wp\/v2\/product_cat?post=9382"},{"taxonomy":"product_tag","embeddable":true,"href":"https:\/\/bnperf.com\/pt-pt\/wp-json\/wp\/v2\/product_tag?post=9382"}],"curies":[{"name":"wp","href":"https:\/\/api.w.org\/{rel}","templated":true}]}}