{"id":9364,"date":"2019-10-16T18:52:43","date_gmt":"2021-08-12T18:56:11","guid":{"rendered":"http:\/\/bnperf.com\/produit\/coilovers-ap-para-audi-a3-8l-golf-4-altura-ajustavel\/"},"modified":"2021-10-26T15:21:58","modified_gmt":"2021-10-26T14:21:58","slug":"coilovers-ap-para-audi-a3-8l-golf-4-altura-ajustavel","status":"publish","type":"product","link":"https:\/\/bnperf.com\/pt-pt\/produit\/coilovers-ap-para-audi-a3-8l-golf-4-altura-ajustavel\/","title":{"rendered":"Coilovers AP Para Audi A3 8L \/ Golf 4 Altura Ajust\u00e1vel"},"content":{"rendered":"","protected":false},"excerpt":{"rendered":"<ul>\n<li><strong>Kits completos, incluindo molas totalmente ajust\u00e1veis \u200b\u200bem altura e amortecedores, chaves de ajuste e seu certificado TUV substituem completamente a suspens\u00e3o original.<\/strong><\/li>\n<li><strong>Excelente conforto, especialmente considerando o rebaixamento significativo, manuseio e seguran\u00e7a significativamente aprimorados.<\/strong><\/li>\n<li><strong>Entrega imediata, a menos que o estoque perdure.<\/strong><\/li>\n<li><strong>Totalmente ajust\u00e1vel em altura, estruturas de a\u00e7o inoxid\u00e1vel galvanizado.<\/strong><\/li>\n<li><strong>Ajust\u00e1vel entre frente: 30 mm a 70 mm, parte traseira: 45 mm a 70 mm<\/strong><\/li>\n<li><strong>Compat\u00edvel com Audi A3 8L, VW Golf 4<\/strong><\/li>\n<\/ul>\n<p>&nbsp;<\/p>\n<p><strong>(*) A imagem pode n\u00e3o corresponder a um kit espec\u00edfico e \u00e9 meramente ilustrativa.<\/strong><\/p>\n","protected":false},"featured_media":5421,"comment_status":"open","ping_status":"closed","template":"","meta":[],"product_brand":[],"product_cat":[1703,1717,1713],"product_tag":[551,522,26689,524,554,26688,547,578,546,534,540,523,529],"class_list":{"0":"post-9364","1":"product","2":"type-product","3":"status-publish","4":"has-post-thumbnail","6":"product_cat-chassis-pt-pt","7":"product_cat-coillovers","8":"product_cat-suspensoes","9":"product_tag-1-9-pt-pt","10":"product_tag-1m-pt-pt","11":"product_tag-ap-pt-pt","12":"product_tag-bnperfshop-pt-pt","13":"product_tag-coilovers-pt-pt","14":"product_tag-coiloversap-pt-pt","15":"product_tag-golf-pt-pt","16":"product_tag-golf4-pt-pt","17":"product_tag-leon-pt-pt","18":"product_tag-sport-pt-pt","19":"product_tag-tdi-pt-pt","20":"product_tag-turbo-pt-pt","21":"product_tag-seat-pt-pt","23":"first","24":"instock","25":"taxable","26":"shipping-taxable","27":"purchasable","28":"product-type-simple","29":"add-to-wishlist-before_image"},"bundled_by":[],"bundle_stock_status":"instock","bundle_stock_quantity":null,"bundle_virtual":false,"bundle_layout":"","bundle_add_to_cart_form_location":"","bundle_editable_in_cart":false,"bundle_sold_individually_context":"","bundle_item_grouping":"","bundle_min_size":"","bundle_max_size":"","bundle_price":[],"bundled_items":[],"bundle_sell_ids":[],"exclude_global_add_ons":[],"addons":[],"yoast_head":"<!-- This site is optimized with the Yoast SEO Premium plugin v27.4 (Yoast SEO v27.4) - https:\/\/yoast.com\/product\/yoast-seo-premium-wordpress\/ -->\n<title>Coilovers AP Para Audi A3 8L \/ Golf 4 Altura Ajust\u00e1vel - BNPERF<\/title>\n<meta name=\"robots\" content=\"index, follow, max-snippet:-1, max-image-preview:large, max-video-preview:-1\" \/>\n<link rel=\"canonical\" href=\"https:\/\/bnperf.com\/pt-pt\/produit\/coilovers-ap-para-audi-a3-8l-golf-4-altura-ajustavel\/\" \/>\n<meta property=\"og:locale\" content=\"pt_PT\" \/>\n<meta property=\"og:type\" content=\"article\" \/>\n<meta property=\"og:title\" content=\"Coilovers AP Para Audi A3 8L \/ Golf 4 Altura Ajust\u00e1vel\" \/>\n<meta property=\"og:description\" content=\"Kits completos, incluindo molas totalmente ajust\u00e1veis \u200b\u200bem altura e amortecedores, chaves de ajuste e seu certificado TUV substituem completamente a suspens\u00e3o original.  Excelente conforto, especialmente considerando o rebaixamento significativo, manuseio e seguran\u00e7a significativamente aprimorados.  Entrega imediata, a menos que o estoque perdure.  Totalmente ajust\u00e1vel em altura, estruturas de a\u00e7o inoxid\u00e1vel galvanizado.  Ajust\u00e1vel entre frente: 30 mm a 70 mm, parte traseira: 45 mm a 70 mm  Compat\u00edvel com Audi A3 8L, VW Golf 4  &nbsp;  (*) A imagem pode n\u00e3o corresponder a um kit espec\u00edfico e \u00e9 meramente ilustrativa.\" \/>\n<meta property=\"og:url\" content=\"https:\/\/bnperf.com\/pt-pt\/produit\/coilovers-ap-para-audi-a3-8l-golf-4-altura-ajustavel\/\" \/>\n<meta property=\"og:site_name\" content=\"BNPERF\" \/>\n<meta property=\"article:publisher\" content=\"https:\/\/www.facebook.com\/bnperf\" \/>\n<meta property=\"article:modified_time\" content=\"2021-10-26T14:21:58+00:00\" \/>\n<meta property=\"og:image\" content=\"https:\/\/bnperf.com\/wp-content\/uploads\/2019\/10\/Ap.jpg\" \/>\n\t<meta property=\"og:image:width\" content=\"740\" \/>\n\t<meta property=\"og:image:height\" content=\"740\" \/>\n\t<meta property=\"og:image:type\" content=\"image\/jpeg\" \/>\n<meta name=\"twitter:card\" content=\"summary_large_image\" \/>\n<script type=\"application\/ld+json\" class=\"yoast-schema-graph\">{\"@context\":\"https:\\\/\\\/schema.org\",\"@graph\":[{\"@type\":\"WebPage\",\"@id\":\"https:\\\/\\\/bnperf.com\\\/pt-pt\\\/produit\\\/coilovers-ap-para-audi-a3-8l-golf-4-altura-ajustavel\\\/\",\"url\":\"https:\\\/\\\/bnperf.com\\\/pt-pt\\\/produit\\\/coilovers-ap-para-audi-a3-8l-golf-4-altura-ajustavel\\\/\",\"name\":\"Coilovers AP Para Audi A3 8L \\\/ Golf 4 Altura Ajust\u00e1vel - BNPERF\",\"isPartOf\":{\"@id\":\"https:\\\/\\\/bnperf.com\\\/pt-pt\\\/#website\"},\"primaryImageOfPage\":{\"@id\":\"https:\\\/\\\/bnperf.com\\\/pt-pt\\\/produit\\\/coilovers-ap-para-audi-a3-8l-golf-4-altura-ajustavel\\\/#primaryimage\"},\"image\":{\"@id\":\"https:\\\/\\\/bnperf.com\\\/pt-pt\\\/produit\\\/coilovers-ap-para-audi-a3-8l-golf-4-altura-ajustavel\\\/#primaryimage\"},\"thumbnailUrl\":\"https:\\\/\\\/bnperf.com\\\/wp-content\\\/uploads\\\/2019\\\/10\\\/Ap.jpg\",\"datePublished\":\"2021-08-12T18:56:11+00:00\",\"dateModified\":\"2021-10-26T14:21:58+00:00\",\"breadcrumb\":{\"@id\":\"https:\\\/\\\/bnperf.com\\\/pt-pt\\\/produit\\\/coilovers-ap-para-audi-a3-8l-golf-4-altura-ajustavel\\\/#breadcrumb\"},\"inLanguage\":\"pt-PT\",\"potentialAction\":[{\"@type\":\"ReadAction\",\"target\":[\"https:\\\/\\\/bnperf.com\\\/pt-pt\\\/produit\\\/coilovers-ap-para-audi-a3-8l-golf-4-altura-ajustavel\\\/\"]}]},{\"@type\":\"ImageObject\",\"inLanguage\":\"pt-PT\",\"@id\":\"https:\\\/\\\/bnperf.com\\\/pt-pt\\\/produit\\\/coilovers-ap-para-audi-a3-8l-golf-4-altura-ajustavel\\\/#primaryimage\",\"url\":\"https:\\\/\\\/bnperf.com\\\/wp-content\\\/uploads\\\/2019\\\/10\\\/Ap.jpg\",\"contentUrl\":\"https:\\\/\\\/bnperf.com\\\/wp-content\\\/uploads\\\/2019\\\/10\\\/Ap.jpg\",\"width\":740,\"height\":740},{\"@type\":\"BreadcrumbList\",\"@id\":\"https:\\\/\\\/bnperf.com\\\/pt-pt\\\/produit\\\/coilovers-ap-para-audi-a3-8l-golf-4-altura-ajustavel\\\/#breadcrumb\",\"itemListElement\":[{\"@type\":\"ListItem\",\"position\":1,\"name\":\"Inicio\",\"item\":\"https:\\\/\\\/bnperf.com\\\/pt-pt\\\/inicio\\\/\"},{\"@type\":\"ListItem\",\"position\":2,\"name\":\"Loja\",\"item\":\"https:\\\/\\\/bnperf.com\\\/pt-pt\\\/loja\\\/\"},{\"@type\":\"ListItem\",\"position\":3,\"name\":\"Coilovers AP Para Audi A3 8L \\\/ Golf 4 Altura Ajust\u00e1vel\"}]},{\"@type\":\"WebSite\",\"@id\":\"https:\\\/\\\/bnperf.com\\\/pt-pt\\\/#website\",\"url\":\"https:\\\/\\\/bnperf.com\\\/pt-pt\\\/\",\"name\":\"BNPERF\",\"description\":\"Votre Boutique Online ...\",\"publisher\":{\"@id\":\"https:\\\/\\\/bnperf.com\\\/pt-pt\\\/#organization\"},\"potentialAction\":[{\"@type\":\"SearchAction\",\"target\":{\"@type\":\"EntryPoint\",\"urlTemplate\":\"https:\\\/\\\/bnperf.com\\\/pt-pt\\\/?s={search_term_string}\"},\"query-input\":{\"@type\":\"PropertyValueSpecification\",\"valueRequired\":true,\"valueName\":\"search_term_string\"}}],\"inLanguage\":\"pt-PT\"},{\"@type\":\"Organization\",\"@id\":\"https:\\\/\\\/bnperf.com\\\/pt-pt\\\/#organization\",\"name\":\"BNPERF\",\"url\":\"https:\\\/\\\/bnperf.com\\\/pt-pt\\\/\",\"logo\":{\"@type\":\"ImageObject\",\"inLanguage\":\"pt-PT\",\"@id\":\"https:\\\/\\\/bnperf.com\\\/pt-pt\\\/#\\\/schema\\\/logo\\\/image\\\/\",\"url\":\"https:\\\/\\\/bnperf.com\\\/wp-content\\\/uploads\\\/2021\\\/10\\\/bnperf-logo.png\",\"contentUrl\":\"https:\\\/\\\/bnperf.com\\\/wp-content\\\/uploads\\\/2021\\\/10\\\/bnperf-logo.png\",\"width\":954,\"height\":300,\"caption\":\"BNPERF\"},\"image\":{\"@id\":\"https:\\\/\\\/bnperf.com\\\/pt-pt\\\/#\\\/schema\\\/logo\\\/image\\\/\"},\"sameAs\":[\"https:\\\/\\\/www.facebook.com\\\/bnperf\",\"https:\\\/\\\/www.instagram.com\\\/bnperf\"]}]}<\/script>\n<!-- \/ Yoast SEO Premium plugin. -->","yoast_head_json":{"title":"Coilovers AP Para Audi A3 8L \/ Golf 4 Altura Ajust\u00e1vel - BNPERF","robots":{"index":"index","follow":"follow","max-snippet":"max-snippet:-1","max-image-preview":"max-image-preview:large","max-video-preview":"max-video-preview:-1"},"canonical":"https:\/\/bnperf.com\/pt-pt\/produit\/coilovers-ap-para-audi-a3-8l-golf-4-altura-ajustavel\/","og_locale":"pt_PT","og_type":"article","og_title":"Coilovers AP Para Audi A3 8L \/ Golf 4 Altura Ajust\u00e1vel","og_description":"Kits completos, incluindo molas totalmente ajust\u00e1veis \u200b\u200bem altura e amortecedores, chaves de ajuste e seu certificado TUV substituem completamente a suspens\u00e3o original.  Excelente conforto, especialmente considerando o rebaixamento significativo, manuseio e seguran\u00e7a significativamente aprimorados.  Entrega imediata, a menos que o estoque perdure.  Totalmente ajust\u00e1vel em altura, estruturas de a\u00e7o inoxid\u00e1vel galvanizado.  Ajust\u00e1vel entre frente: 30 mm a 70 mm, parte traseira: 45 mm a 70 mm  Compat\u00edvel com Audi A3 8L, VW Golf 4  &nbsp;  (*) A imagem pode n\u00e3o corresponder a um kit espec\u00edfico e \u00e9 meramente ilustrativa.","og_url":"https:\/\/bnperf.com\/pt-pt\/produit\/coilovers-ap-para-audi-a3-8l-golf-4-altura-ajustavel\/","og_site_name":"BNPERF","article_publisher":"https:\/\/www.facebook.com\/bnperf","article_modified_time":"2021-10-26T14:21:58+00:00","og_image":[{"width":740,"height":740,"url":"https:\/\/bnperf.com\/wp-content\/uploads\/2019\/10\/Ap.jpg","type":"image\/jpeg"}],"twitter_card":"summary_large_image","schema":{"@context":"https:\/\/schema.org","@graph":[{"@type":"WebPage","@id":"https:\/\/bnperf.com\/pt-pt\/produit\/coilovers-ap-para-audi-a3-8l-golf-4-altura-ajustavel\/","url":"https:\/\/bnperf.com\/pt-pt\/produit\/coilovers-ap-para-audi-a3-8l-golf-4-altura-ajustavel\/","name":"Coilovers AP Para Audi A3 8L \/ Golf 4 Altura Ajust\u00e1vel - BNPERF","isPartOf":{"@id":"https:\/\/bnperf.com\/pt-pt\/#website"},"primaryImageOfPage":{"@id":"https:\/\/bnperf.com\/pt-pt\/produit\/coilovers-ap-para-audi-a3-8l-golf-4-altura-ajustavel\/#primaryimage"},"image":{"@id":"https:\/\/bnperf.com\/pt-pt\/produit\/coilovers-ap-para-audi-a3-8l-golf-4-altura-ajustavel\/#primaryimage"},"thumbnailUrl":"https:\/\/bnperf.com\/wp-content\/uploads\/2019\/10\/Ap.jpg","datePublished":"2021-08-12T18:56:11+00:00","dateModified":"2021-10-26T14:21:58+00:00","breadcrumb":{"@id":"https:\/\/bnperf.com\/pt-pt\/produit\/coilovers-ap-para-audi-a3-8l-golf-4-altura-ajustavel\/#breadcrumb"},"inLanguage":"pt-PT","potentialAction":[{"@type":"ReadAction","target":["https:\/\/bnperf.com\/pt-pt\/produit\/coilovers-ap-para-audi-a3-8l-golf-4-altura-ajustavel\/"]}]},{"@type":"ImageObject","inLanguage":"pt-PT","@id":"https:\/\/bnperf.com\/pt-pt\/produit\/coilovers-ap-para-audi-a3-8l-golf-4-altura-ajustavel\/#primaryimage","url":"https:\/\/bnperf.com\/wp-content\/uploads\/2019\/10\/Ap.jpg","contentUrl":"https:\/\/bnperf.com\/wp-content\/uploads\/2019\/10\/Ap.jpg","width":740,"height":740},{"@type":"BreadcrumbList","@id":"https:\/\/bnperf.com\/pt-pt\/produit\/coilovers-ap-para-audi-a3-8l-golf-4-altura-ajustavel\/#breadcrumb","itemListElement":[{"@type":"ListItem","position":1,"name":"Inicio","item":"https:\/\/bnperf.com\/pt-pt\/inicio\/"},{"@type":"ListItem","position":2,"name":"Loja","item":"https:\/\/bnperf.com\/pt-pt\/loja\/"},{"@type":"ListItem","position":3,"name":"Coilovers AP Para Audi A3 8L \/ Golf 4 Altura Ajust\u00e1vel"}]},{"@type":"WebSite","@id":"https:\/\/bnperf.com\/pt-pt\/#website","url":"https:\/\/bnperf.com\/pt-pt\/","name":"BNPERF","description":"Votre Boutique Online ...","publisher":{"@id":"https:\/\/bnperf.com\/pt-pt\/#organization"},"potentialAction":[{"@type":"SearchAction","target":{"@type":"EntryPoint","urlTemplate":"https:\/\/bnperf.com\/pt-pt\/?s={search_term_string}"},"query-input":{"@type":"PropertyValueSpecification","valueRequired":true,"valueName":"search_term_string"}}],"inLanguage":"pt-PT"},{"@type":"Organization","@id":"https:\/\/bnperf.com\/pt-pt\/#organization","name":"BNPERF","url":"https:\/\/bnperf.com\/pt-pt\/","logo":{"@type":"ImageObject","inLanguage":"pt-PT","@id":"https:\/\/bnperf.com\/pt-pt\/#\/schema\/logo\/image\/","url":"https:\/\/bnperf.com\/wp-content\/uploads\/2021\/10\/bnperf-logo.png","contentUrl":"https:\/\/bnperf.com\/wp-content\/uploads\/2021\/10\/bnperf-logo.png","width":954,"height":300,"caption":"BNPERF"},"image":{"@id":"https:\/\/bnperf.com\/pt-pt\/#\/schema\/logo\/image\/"},"sameAs":["https:\/\/www.facebook.com\/bnperf","https:\/\/www.instagram.com\/bnperf"]}]}},"tiered_pricing_type":"fixed","tiered_pricing_fixed_rules":[],"tiered_pricing_product_settings":{"layout":"default","base_unit_name":{"singular":null,"plural":null},"default_variation":null},"tiered_pricing_minimum_quantity":null,"tiered_pricing_roles_data":[],"tiered_pricing_percentage_rules":[],"_links":{"self":[{"href":"https:\/\/bnperf.com\/pt-pt\/wp-json\/wp\/v2\/product\/9364","targetHints":{"allow":["GET"]}}],"collection":[{"href":"https:\/\/bnperf.com\/pt-pt\/wp-json\/wp\/v2\/product"}],"about":[{"href":"https:\/\/bnperf.com\/pt-pt\/wp-json\/wp\/v2\/types\/product"}],"replies":[{"embeddable":true,"href":"https:\/\/bnperf.com\/pt-pt\/wp-json\/wp\/v2\/comments?post=9364"}],"wp:featuredmedia":[{"embeddable":true,"href":"https:\/\/bnperf.com\/pt-pt\/wp-json\/wp\/v2\/media\/5421"}],"wp:attachment":[{"href":"https:\/\/bnperf.com\/pt-pt\/wp-json\/wp\/v2\/media?parent=9364"}],"wp:term":[{"taxonomy":"product_brand","embeddable":true,"href":"https:\/\/bnperf.com\/pt-pt\/wp-json\/wp\/v2\/product_brand?post=9364"},{"taxonomy":"product_cat","embeddable":true,"href":"https:\/\/bnperf.com\/pt-pt\/wp-json\/wp\/v2\/product_cat?post=9364"},{"taxonomy":"product_tag","embeddable":true,"href":"https:\/\/bnperf.com\/pt-pt\/wp-json\/wp\/v2\/product_tag?post=9364"}],"curies":[{"name":"wp","href":"https:\/\/api.w.org\/{rel}","templated":true}]}}