{"id":9361,"date":"2019-10-16T18:30:32","date_gmt":"2021-08-12T18:18:11","guid":{"rendered":"http:\/\/bnperf.com\/produit\/kit-de-limpeza-de-filtro-kn-kn-99-5000eu\/"},"modified":"2021-10-26T12:47:45","modified_gmt":"2021-10-26T11:47:45","slug":"kit-de-limpeza-de-filtro-kn-kn-99-5000eu","status":"publish","type":"product","link":"https:\/\/bnperf.com\/pt-pt\/produit\/kit-de-limpeza-de-filtro-kn-kn-99-5000eu\/","title":{"rendered":"Kit De Limpeza De Filtro K&amp;N (KN-99-5000EU)"},"content":{"rendered":"<div id=\"descriptionAndDetails\" class=\"a-section a-spacing-extra-large\">\n<div id=\"productDescription_feature_div\" class=\"feature\" data-feature-name=\"productDescription\" data-cel-widget=\"productDescription_feature_div\">\n<div id=\"productDescription_feature_div\" class=\"a-row feature\" data-feature-name=\"productDescription\" data-template-name=\"productDescription\" data-cel-widget=\"productDescription_feature_div\">\n<div id=\"productDescription\" class=\"a-section a-spacing-small\">\n<p>O kit de recarga 99-5000EU foi projetado para limpar seu filtro de ar de algod\u00e3o oleado K&amp;N quando chegar a hora de consertar. O frasco \u00e9 rotulado em alem\u00e3o, franc\u00eas, holand\u00eas, italiano e portugu\u00eas para uso na Europa. O kit vem com o limpador de filtro de ar K&amp;N Power Kleen e \u00f3leo de filtro de ar. O 99-5000EU ir\u00e1 restaurar a efici\u00eancia do fluxo de ar e colocar seu filtro de ar de algod\u00e3o oleado K&amp;N em uma condi\u00e7\u00e3o de novo. O K&amp;N Power Kleen trabalha para dissolver o ac\u00famulo de sujeira e \u00f3leo de filtro velho e, em seguida, pode ser lavado com \u00e1gua. Depois que o filtro de ar secar completamente, lubrifique novamente o filtro de ar e reinstale-o. Este kit de recarga vem com uma lata de spray de 204ml de \u00f3leo e uma bomba de garrafa de 355ml de limpador de filtro de ar K&amp;N Power Kleen.<\/p>\n<\/div>\n<\/div>\n<\/div>\n<\/div>\n<table border=\"0\" cellspacing=\"0\" cellpadding=\"0\" align=\"right\">\n<tbody>\n<tr>\n<td valign=\"top\" width=\"100%\"><\/td>\n<\/tr>\n<\/tbody>\n<\/table>\n","protected":false},"excerpt":{"rendered":"<ul class=\"a-unordered-list a-vertical a-spacing-none\">\n<li><span class=\"a-list-item\">Remove a sujeira da estrada, escapamento do motor e graxa<\/span><\/li>\n<li><span class=\"a-list-item\">O \u00fanico limpador projetado especificamente para filtros de algod\u00e3o K&amp;N<\/span><\/li>\n<li><span class=\"a-list-item\">Restaura o filtro para gostar da nova condi\u00e7\u00e3o<\/span><\/li>\n<li><span class=\"a-list-item\">\u00d3leo inclu\u00eddo para lubrificar novamente o filtro de ar ap\u00f3s a limpeza<\/span><\/li>\n<\/ul>\n","protected":false},"featured_media":5417,"comment_status":"open","ping_status":"closed","template":"","meta":[],"product_brand":[],"product_cat":[1788,1789,1782],"product_tag":[551,544,746,520,524,558,547,578,26682,26685,532,534,540,523,553,552,550,528,529],"class_list":{"0":"post-9361","1":"product","2":"type-product","3":"status-publish","4":"has-post-thumbnail","6":"product_cat-filtros-de-ar-sport","7":"product_cat-manutencao-filtros-de-ar","8":"product_cat-performance-pt-pt","9":"product_tag-1-9-pt-pt","10":"product_tag-audi-pt-pt","11":"product_tag-biturbo-pt-pt","12":"product_tag-bmw-pt-pt","13":"product_tag-bnperfshop-pt-pt","14":"product_tag-cupra-pt-pt","15":"product_tag-golf-pt-pt","16":"product_tag-golf4-pt-pt","17":"product_tag-kn-pt-pt","18":"product_tag-limpeza","19":"product_tag-seatibiza-pt-pt","20":"product_tag-sport-pt-pt","21":"product_tag-tdi-pt-pt","22":"product_tag-turbo-pt-pt","23":"product_tag-universal","24":"product_tag-vw-pt-pt","25":"product_tag-6l-pt-pt","26":"product_tag-ibiza-pt-pt","27":"product_tag-seat-pt-pt","29":"first","30":"instock","31":"taxable","32":"shipping-taxable","33":"purchasable","34":"product-type-simple","35":"add-to-wishlist-before_image"},"bundled_by":[],"bundle_stock_status":"instock","bundle_stock_quantity":null,"bundle_virtual":false,"bundle_layout":"","bundle_add_to_cart_form_location":"","bundle_editable_in_cart":false,"bundle_sold_individually_context":"","bundle_item_grouping":"","bundle_min_size":"","bundle_max_size":"","bundle_price":[],"bundled_items":[],"bundle_sell_ids":[],"exclude_global_add_ons":[],"addons":[],"yoast_head":"<!-- This site is optimized with the Yoast SEO Premium plugin v27.4 (Yoast SEO v27.4) - https:\/\/yoast.com\/product\/yoast-seo-premium-wordpress\/ -->\n<title>Kit De Limpeza De Filtro K&amp;N (KN-99-5000EU) - BNPERF<\/title>\n<meta name=\"robots\" content=\"index, follow, max-snippet:-1, max-image-preview:large, max-video-preview:-1\" \/>\n<link rel=\"canonical\" href=\"https:\/\/bnperf.com\/pt-pt\/produit\/kit-de-limpeza-de-filtro-kn-kn-99-5000eu\/\" \/>\n<meta property=\"og:locale\" content=\"pt_PT\" \/>\n<meta property=\"og:type\" content=\"article\" \/>\n<meta property=\"og:title\" content=\"Kit De Limpeza De Filtro K&amp;N (KN-99-5000EU)\" \/>\n<meta property=\"og:description\" content=\"Remove a sujeira da estrada, escapamento do motor e graxa  O \u00fanico limpador projetado especificamente para filtros de algod\u00e3o K&amp;N  Restaura o filtro para gostar da nova condi\u00e7\u00e3o  \u00d3leo inclu\u00eddo para lubrificar novamente o filtro de ar ap\u00f3s a limpeza\" \/>\n<meta property=\"og:url\" content=\"https:\/\/bnperf.com\/pt-pt\/produit\/kit-de-limpeza-de-filtro-kn-kn-99-5000eu\/\" \/>\n<meta property=\"og:site_name\" content=\"BNPERF\" \/>\n<meta property=\"article:publisher\" content=\"https:\/\/www.facebook.com\/bnperf\" \/>\n<meta property=\"article:modified_time\" content=\"2021-10-26T11:47:45+00:00\" \/>\n<meta property=\"og:image\" content=\"https:\/\/bnperf.com\/wp-content\/uploads\/2019\/10\/Limpeza.jpg\" \/>\n\t<meta property=\"og:image:width\" content=\"543\" \/>\n\t<meta property=\"og:image:height\" content=\"536\" \/>\n\t<meta property=\"og:image:type\" content=\"image\/jpeg\" \/>\n<meta name=\"twitter:card\" content=\"summary_large_image\" \/>\n<meta name=\"twitter:label1\" content=\"Tempo estimado de leitura\" \/>\n\t<meta name=\"twitter:data1\" content=\"1 minuto\" \/>\n<script type=\"application\/ld+json\" class=\"yoast-schema-graph\">{\"@context\":\"https:\\\/\\\/schema.org\",\"@graph\":[{\"@type\":\"WebPage\",\"@id\":\"https:\\\/\\\/bnperf.com\\\/pt-pt\\\/produit\\\/kit-de-limpeza-de-filtro-kn-kn-99-5000eu\\\/\",\"url\":\"https:\\\/\\\/bnperf.com\\\/pt-pt\\\/produit\\\/kit-de-limpeza-de-filtro-kn-kn-99-5000eu\\\/\",\"name\":\"Kit De Limpeza De Filtro K&amp;N (KN-99-5000EU) - BNPERF\",\"isPartOf\":{\"@id\":\"https:\\\/\\\/bnperf.com\\\/pt-pt\\\/#website\"},\"primaryImageOfPage\":{\"@id\":\"https:\\\/\\\/bnperf.com\\\/pt-pt\\\/produit\\\/kit-de-limpeza-de-filtro-kn-kn-99-5000eu\\\/#primaryimage\"},\"image\":{\"@id\":\"https:\\\/\\\/bnperf.com\\\/pt-pt\\\/produit\\\/kit-de-limpeza-de-filtro-kn-kn-99-5000eu\\\/#primaryimage\"},\"thumbnailUrl\":\"https:\\\/\\\/bnperf.com\\\/wp-content\\\/uploads\\\/2019\\\/10\\\/Limpeza.jpg\",\"datePublished\":\"2021-08-12T18:18:11+00:00\",\"dateModified\":\"2021-10-26T11:47:45+00:00\",\"breadcrumb\":{\"@id\":\"https:\\\/\\\/bnperf.com\\\/pt-pt\\\/produit\\\/kit-de-limpeza-de-filtro-kn-kn-99-5000eu\\\/#breadcrumb\"},\"inLanguage\":\"pt-PT\",\"potentialAction\":[{\"@type\":\"ReadAction\",\"target\":[\"https:\\\/\\\/bnperf.com\\\/pt-pt\\\/produit\\\/kit-de-limpeza-de-filtro-kn-kn-99-5000eu\\\/\"]}]},{\"@type\":\"ImageObject\",\"inLanguage\":\"pt-PT\",\"@id\":\"https:\\\/\\\/bnperf.com\\\/pt-pt\\\/produit\\\/kit-de-limpeza-de-filtro-kn-kn-99-5000eu\\\/#primaryimage\",\"url\":\"https:\\\/\\\/bnperf.com\\\/wp-content\\\/uploads\\\/2019\\\/10\\\/Limpeza.jpg\",\"contentUrl\":\"https:\\\/\\\/bnperf.com\\\/wp-content\\\/uploads\\\/2019\\\/10\\\/Limpeza.jpg\",\"width\":543,\"height\":536},{\"@type\":\"BreadcrumbList\",\"@id\":\"https:\\\/\\\/bnperf.com\\\/pt-pt\\\/produit\\\/kit-de-limpeza-de-filtro-kn-kn-99-5000eu\\\/#breadcrumb\",\"itemListElement\":[{\"@type\":\"ListItem\",\"position\":1,\"name\":\"Inicio\",\"item\":\"https:\\\/\\\/bnperf.com\\\/pt-pt\\\/inicio\\\/\"},{\"@type\":\"ListItem\",\"position\":2,\"name\":\"Loja\",\"item\":\"https:\\\/\\\/bnperf.com\\\/pt-pt\\\/loja\\\/\"},{\"@type\":\"ListItem\",\"position\":3,\"name\":\"Kit De Limpeza De Filtro K&amp;N (KN-99-5000EU)\"}]},{\"@type\":\"WebSite\",\"@id\":\"https:\\\/\\\/bnperf.com\\\/pt-pt\\\/#website\",\"url\":\"https:\\\/\\\/bnperf.com\\\/pt-pt\\\/\",\"name\":\"BNPERF\",\"description\":\"Votre Boutique Online ...\",\"publisher\":{\"@id\":\"https:\\\/\\\/bnperf.com\\\/pt-pt\\\/#organization\"},\"potentialAction\":[{\"@type\":\"SearchAction\",\"target\":{\"@type\":\"EntryPoint\",\"urlTemplate\":\"https:\\\/\\\/bnperf.com\\\/pt-pt\\\/?s={search_term_string}\"},\"query-input\":{\"@type\":\"PropertyValueSpecification\",\"valueRequired\":true,\"valueName\":\"search_term_string\"}}],\"inLanguage\":\"pt-PT\"},{\"@type\":\"Organization\",\"@id\":\"https:\\\/\\\/bnperf.com\\\/pt-pt\\\/#organization\",\"name\":\"BNPERF\",\"url\":\"https:\\\/\\\/bnperf.com\\\/pt-pt\\\/\",\"logo\":{\"@type\":\"ImageObject\",\"inLanguage\":\"pt-PT\",\"@id\":\"https:\\\/\\\/bnperf.com\\\/pt-pt\\\/#\\\/schema\\\/logo\\\/image\\\/\",\"url\":\"https:\\\/\\\/bnperf.com\\\/wp-content\\\/uploads\\\/2021\\\/10\\\/bnperf-logo.png\",\"contentUrl\":\"https:\\\/\\\/bnperf.com\\\/wp-content\\\/uploads\\\/2021\\\/10\\\/bnperf-logo.png\",\"width\":954,\"height\":300,\"caption\":\"BNPERF\"},\"image\":{\"@id\":\"https:\\\/\\\/bnperf.com\\\/pt-pt\\\/#\\\/schema\\\/logo\\\/image\\\/\"},\"sameAs\":[\"https:\\\/\\\/www.facebook.com\\\/bnperf\",\"https:\\\/\\\/www.instagram.com\\\/bnperf\"]}]}<\/script>\n<!-- \/ Yoast SEO Premium plugin. -->","yoast_head_json":{"title":"Kit De Limpeza De Filtro K&amp;N (KN-99-5000EU) - BNPERF","robots":{"index":"index","follow":"follow","max-snippet":"max-snippet:-1","max-image-preview":"max-image-preview:large","max-video-preview":"max-video-preview:-1"},"canonical":"https:\/\/bnperf.com\/pt-pt\/produit\/kit-de-limpeza-de-filtro-kn-kn-99-5000eu\/","og_locale":"pt_PT","og_type":"article","og_title":"Kit De Limpeza De Filtro K&amp;N (KN-99-5000EU)","og_description":"Remove a sujeira da estrada, escapamento do motor e graxa  O \u00fanico limpador projetado especificamente para filtros de algod\u00e3o K&amp;N  Restaura o filtro para gostar da nova condi\u00e7\u00e3o  \u00d3leo inclu\u00eddo para lubrificar novamente o filtro de ar ap\u00f3s a limpeza","og_url":"https:\/\/bnperf.com\/pt-pt\/produit\/kit-de-limpeza-de-filtro-kn-kn-99-5000eu\/","og_site_name":"BNPERF","article_publisher":"https:\/\/www.facebook.com\/bnperf","article_modified_time":"2021-10-26T11:47:45+00:00","og_image":[{"width":543,"height":536,"url":"https:\/\/bnperf.com\/wp-content\/uploads\/2019\/10\/Limpeza.jpg","type":"image\/jpeg"}],"twitter_card":"summary_large_image","twitter_misc":{"Tempo estimado de leitura":"1 minuto"},"schema":{"@context":"https:\/\/schema.org","@graph":[{"@type":"WebPage","@id":"https:\/\/bnperf.com\/pt-pt\/produit\/kit-de-limpeza-de-filtro-kn-kn-99-5000eu\/","url":"https:\/\/bnperf.com\/pt-pt\/produit\/kit-de-limpeza-de-filtro-kn-kn-99-5000eu\/","name":"Kit De Limpeza De Filtro K&amp;N (KN-99-5000EU) - BNPERF","isPartOf":{"@id":"https:\/\/bnperf.com\/pt-pt\/#website"},"primaryImageOfPage":{"@id":"https:\/\/bnperf.com\/pt-pt\/produit\/kit-de-limpeza-de-filtro-kn-kn-99-5000eu\/#primaryimage"},"image":{"@id":"https:\/\/bnperf.com\/pt-pt\/produit\/kit-de-limpeza-de-filtro-kn-kn-99-5000eu\/#primaryimage"},"thumbnailUrl":"https:\/\/bnperf.com\/wp-content\/uploads\/2019\/10\/Limpeza.jpg","datePublished":"2021-08-12T18:18:11+00:00","dateModified":"2021-10-26T11:47:45+00:00","breadcrumb":{"@id":"https:\/\/bnperf.com\/pt-pt\/produit\/kit-de-limpeza-de-filtro-kn-kn-99-5000eu\/#breadcrumb"},"inLanguage":"pt-PT","potentialAction":[{"@type":"ReadAction","target":["https:\/\/bnperf.com\/pt-pt\/produit\/kit-de-limpeza-de-filtro-kn-kn-99-5000eu\/"]}]},{"@type":"ImageObject","inLanguage":"pt-PT","@id":"https:\/\/bnperf.com\/pt-pt\/produit\/kit-de-limpeza-de-filtro-kn-kn-99-5000eu\/#primaryimage","url":"https:\/\/bnperf.com\/wp-content\/uploads\/2019\/10\/Limpeza.jpg","contentUrl":"https:\/\/bnperf.com\/wp-content\/uploads\/2019\/10\/Limpeza.jpg","width":543,"height":536},{"@type":"BreadcrumbList","@id":"https:\/\/bnperf.com\/pt-pt\/produit\/kit-de-limpeza-de-filtro-kn-kn-99-5000eu\/#breadcrumb","itemListElement":[{"@type":"ListItem","position":1,"name":"Inicio","item":"https:\/\/bnperf.com\/pt-pt\/inicio\/"},{"@type":"ListItem","position":2,"name":"Loja","item":"https:\/\/bnperf.com\/pt-pt\/loja\/"},{"@type":"ListItem","position":3,"name":"Kit De Limpeza De Filtro K&amp;N (KN-99-5000EU)"}]},{"@type":"WebSite","@id":"https:\/\/bnperf.com\/pt-pt\/#website","url":"https:\/\/bnperf.com\/pt-pt\/","name":"BNPERF","description":"Votre Boutique Online ...","publisher":{"@id":"https:\/\/bnperf.com\/pt-pt\/#organization"},"potentialAction":[{"@type":"SearchAction","target":{"@type":"EntryPoint","urlTemplate":"https:\/\/bnperf.com\/pt-pt\/?s={search_term_string}"},"query-input":{"@type":"PropertyValueSpecification","valueRequired":true,"valueName":"search_term_string"}}],"inLanguage":"pt-PT"},{"@type":"Organization","@id":"https:\/\/bnperf.com\/pt-pt\/#organization","name":"BNPERF","url":"https:\/\/bnperf.com\/pt-pt\/","logo":{"@type":"ImageObject","inLanguage":"pt-PT","@id":"https:\/\/bnperf.com\/pt-pt\/#\/schema\/logo\/image\/","url":"https:\/\/bnperf.com\/wp-content\/uploads\/2021\/10\/bnperf-logo.png","contentUrl":"https:\/\/bnperf.com\/wp-content\/uploads\/2021\/10\/bnperf-logo.png","width":954,"height":300,"caption":"BNPERF"},"image":{"@id":"https:\/\/bnperf.com\/pt-pt\/#\/schema\/logo\/image\/"},"sameAs":["https:\/\/www.facebook.com\/bnperf","https:\/\/www.instagram.com\/bnperf"]}]}},"tiered_pricing_type":"fixed","tiered_pricing_fixed_rules":[],"tiered_pricing_product_settings":{"layout":"default","base_unit_name":{"singular":null,"plural":null},"default_variation":null},"tiered_pricing_minimum_quantity":null,"tiered_pricing_roles_data":[],"tiered_pricing_percentage_rules":[],"_links":{"self":[{"href":"https:\/\/bnperf.com\/pt-pt\/wp-json\/wp\/v2\/product\/9361","targetHints":{"allow":["GET"]}}],"collection":[{"href":"https:\/\/bnperf.com\/pt-pt\/wp-json\/wp\/v2\/product"}],"about":[{"href":"https:\/\/bnperf.com\/pt-pt\/wp-json\/wp\/v2\/types\/product"}],"replies":[{"embeddable":true,"href":"https:\/\/bnperf.com\/pt-pt\/wp-json\/wp\/v2\/comments?post=9361"}],"wp:featuredmedia":[{"embeddable":true,"href":"https:\/\/bnperf.com\/pt-pt\/wp-json\/wp\/v2\/media\/5417"}],"wp:attachment":[{"href":"https:\/\/bnperf.com\/pt-pt\/wp-json\/wp\/v2\/media?parent=9361"}],"wp:term":[{"taxonomy":"product_brand","embeddable":true,"href":"https:\/\/bnperf.com\/pt-pt\/wp-json\/wp\/v2\/product_brand?post=9361"},{"taxonomy":"product_cat","embeddable":true,"href":"https:\/\/bnperf.com\/pt-pt\/wp-json\/wp\/v2\/product_cat?post=9361"},{"taxonomy":"product_tag","embeddable":true,"href":"https:\/\/bnperf.com\/pt-pt\/wp-json\/wp\/v2\/product_tag?post=9361"}],"curies":[{"name":"wp","href":"https:\/\/api.w.org\/{rel}","templated":true}]}}