{"id":9213,"date":"2018-10-15T19:17:26","date_gmt":"2021-08-07T10:34:47","guid":{"rendered":"http:\/\/bnperf.com\/produit\/suppressor-egr-bmw-2005-2013\/"},"modified":"2022-04-21T12:07:36","modified_gmt":"2022-04-21T11:07:36","slug":"kit-supressor-egr-bmw","status":"publish","type":"product","link":"https:\/\/bnperf.com\/pt-pt\/produit\/kit-supressor-egr-bmw\/","title":{"rendered":"Supressor EGR BMW (2005-2013)"},"content":{"rendered":"<p>&nbsp;<\/p>\n<p><span class=\"\" title=\"\">Modelos de ve\u00edculos compativeis:<\/span><\/p>\n<ul>\n<li>S\u00e9rie 1 (E81) 118d 123cv 09.2006 &#8211; 09.2012<\/li>\n<li>S\u00e9rie 1 (E81) 118d 143cv 09.2006 &#8211; 09.2012<\/li>\n<li>S\u00e9rie 1 (E81) 120d 163cv 09.2006 &#8211; 09.2012<\/li>\n<li>S\u00e9rie 1 (E81) 120d 177cv 09.2006 &#8211; 09.2012<\/li>\n<li><\/li>\n<li>S\u00e9rie 3 (E90) 318d 123cv 09.2005 &#8211; 12.2011<\/li>\n<li>S\u00e9rie 3 (E90) 318d 143cv 09.2005 &#8211; 12.2011<\/li>\n<li>S\u00e9rie 3 (E90) 320d 149cv 09.2005 &#8211; 12.2011<\/li>\n<li>S\u00e9rie 3 (E90) 320d 163cv 01.2005 &#8211; 12.2011<\/li>\n<li>S\u00e9rie 3 (E90) 320d 177cv 09.2007 &#8211; 12.2011<\/li>\n<li>S\u00e9rie 3 (E90) 325d 197cv 09.2006 &#8211; 12.2011<\/li>\n<li>S\u00e9rie 3 (E90) 330d 231cv 09.2005 &#8211; 12.2011<\/li>\n<li>S\u00e9rie 3 (E90) 330xd 231cv 09.2005 &#8211; 12.2011<\/li>\n<li>S\u00e9rie 3 (E90) Berline 335d 3.0 d 24V 286cv<\/li>\n<li>S\u00e9rie 3 (E90 LCI) Berline 335d 3.0 d DPF 24V 286 cv<\/li>\n<li><\/li>\n<li>S\u00e9rie 3 Coup\u00e9 (E92) 325d 197cv 03.2007 &#8211; &#8230;<\/li>\n<li>S\u00e9rie 3 Coup\u00e9 (E92) 330d 231cv 09.2006 &#8211; &#8230;<\/li>\n<li>S\u00e9rie 3 Coup\u00e9 (E92) 330xd 231cv 09.2006 &#8211; &#8230;<\/li>\n<li>S\u00e9rie 3 Coup\u00e9 (E92) 335d 3.0 d 24V 286cv<\/li>\n<li>S\u00e9rie 3 (E92 LCI) Coup\u00e9 335d 3.0 d DPF 24V 286 cv<\/li>\n<li><\/li>\n<li>S\u00e9rie 3 d\u00e9capotable (E93) 325d 197cv 03.2007 &#8211; &#8230;<\/li>\n<li><\/li>\n<li>S\u00e9rie 3 Touring (E91) 318d 123cv 09.2005 &#8211; &#8230;<\/li>\n<li>S\u00e9rie 3 Touring (E91) 318d 143cv 09.2007 &#8211; &#8230;<\/li>\n<li>S\u00e9rie 3 Touring (E91) 320d 149cv 09.2005 &#8211; &#8230;<\/li>\n<li>S\u00e9rie 3 Touring (E91) 320d 163cv 09.2005 &#8211; &#8230;<\/li>\n<li>S\u00e9rie 3 Touring (E91) 320d 177cv 09.2007 &#8211; &#8230;<\/li>\n<li>S\u00e9rie 3 Touring (E91) 320xd 177cv 09.2007 &#8211; &#8230;<\/li>\n<li>S\u00e9rie 3 Touring (E91) 325d 197cv 09.2006 &#8211; &#8230;<\/li>\n<li>S\u00e9rie 3 Touring (E91) 330d 231cv 09.2005 &#8211; &#8230;<\/li>\n<li>S\u00e9rie 3 Touring (E91) 330xd 231cv 09.2005 &#8211; &#8230;<\/li>\n<li>S\u00e9rie 3 (E91) Touring 335d 3.0 d 24V 286cv<\/li>\n<li>S\u00e9rie 3 (E91 LCI) Touring 335d 3.0 d DPF 24V 286 cv<\/li>\n<li><\/li>\n<li>S\u00e9rie 5 (E60) 520d 149cv 09.2005 &#8211; 03.2010<\/li>\n<li>S\u00e9rie 5 (E60) 520d 163cv 07.2005 &#8211; 03.2010<\/li>\n<li>S\u00e9rie 5 (E60) 520d 177cv 09.2007 &#8211; 03.2010<\/li>\n<li>S\u00e9rie 5 (E60) 525d 163cv 12.2004 &#8211; 03.2010<\/li>\n<li>S\u00e9rie 5 (E60) 525d 177cv 06.2004 &#8211; 03.2010<\/li>\n<li>S\u00e9rie 5 (E60) 525d 197cv 01.2007 &#8211; 03.2010<\/li>\n<li>S\u00e9rie 5 (E60) 525xd 197cv 01.2007 &#8211; 03.2010<\/li>\n<li>S\u00e9rie 5 (E60) 530d 211cv 07.2003 &#8211; 03.2010<\/li>\n<li>S\u00e9rie 5 (E60) 530d 217cv 07.2003 &#8211; 03.2010<\/li>\n<li>S\u00e9rie 5 (E60) 530d 231cv 07.2003 &#8211; 03.2010<\/li>\n<li>S\u00e9rie 5 (E60) 530xd 231cv 07.2005 &#8211; 03.2010<\/li>\n<li>S\u00e9rie 5 (E60) 530d 235cv 01.2007 &#8211; 03.2010<\/li>\n<li>S\u00e9rie 5 (E60) 530xd 235cv 01.2007 &#8211; 03.2010<\/li>\n<li>S\u00e9rie 5 (E60) 535d 272cv 09.2004 &#8211; 03.2010<\/li>\n<li>S\u00e9rie 5 (E60 LCI) Berline 535d 3.0 d 24V 286cv<\/li>\n<li><\/li>\n<li>S\u00e9rie 5 Touring (E61) 520d 149cv 09.2005 &#8211; &#8230;<\/li>\n<li>S\u00e9rie 5 Touring (E61) 520d 163cv 07.2005 &#8211; &#8230;<\/li>\n<li>S\u00e9rie 5 Touring (E61) 520d 177cv 09.2007 &#8211; &#8230;<\/li>\n<li>S\u00e9rie 5 Touring (E61) 525d 163cv 12.2004 &#8211; &#8230;<\/li>\n<li>S\u00e9rie 5 Touring (E61) 525d 177cv 06.2004 &#8211; &#8230;<\/li>\n<li>S\u00e9rie 5 Touring (E61) 525d 197cv 01.2007 &#8211; &#8230;<\/li>\n<li>S\u00e9rie 5 Touring (E61) 525xd 197cv 01.2007 &#8211; &#8230;<\/li>\n<li>S\u00e9rie 5 Touring (E61) 530d 217cv 06.2004 &#8211; &#8230;<\/li>\n<li>S\u00e9rie 5 Touring (E61) 530d 231cv 07.2005 &#8211; &#8230;<\/li>\n<li>S\u00e9rie 5 Touring (E61) 530xd 231cv 07.2005 &#8211; &#8230;<\/li>\n<li>S\u00e9rie 5 Touring (E61) 530d 235cv 01.2007 &#8211; &#8230;<\/li>\n<li>S\u00e9rie 5 Touring (E61) 530xd 235cv 01.2007 &#8211; &#8230;<\/li>\n<li>S\u00e9rie 5 Touring (E61) 535d 272cv 09.2004 &#8211; &#8230;<\/li>\n<li>S\u00e9rie 5 Touring (E61 LCI) 535d 3.0 d 24V 286cv<\/li>\n<li><\/li>\n<li>S\u00e9rie 6 (E63 LCI ) Coup\u00e9 635d 3.0 24V 286 cv<\/li>\n<li><\/li>\n<li>S\u00e9rie 6 (E64 LCI ) Cabriolet 635d 3.0 24V 286 cv<\/li>\n<li><\/li>\n<li>S\u00e9rie 7 (E65, E66) 730d 211cv 10.2002 &#8211; &#8230;<\/li>\n<li>S\u00e9rie 7 (E65, E66) 730d 217cv 10.2002 &#8211; &#8230;<\/li>\n<li>S\u00e9rie 7 (E65, E66) 730 Ld 231cv 07.2005 &#8211; &#8230;<\/li>\n<li><\/li>\n<li>S\u00e9rie X3 (E83) 2.0d 149cv 10.2004 &#8211; &#8230;<\/li>\n<li>S\u00e9rie X3 (E83) 2.0d 177cv 09.2007 &#8211; &#8230;<\/li>\n<li>S\u00e9rie X3 (E83)xdrive 20d 163cv 09.2008 &#8211; &#8230;<\/li>\n<li>S\u00e9rie X3 (E83)xdrive 20d 177cv 09.2008 &#8211; &#8230;<\/li>\n<li>S\u00e9rie X3 (E83) 3.0d 204cv 01.2004 &#8211; &#8230;<\/li>\n<li>S\u00e9rie X3 (E83) 3.0d 217cv 01.2004 &#8211; &#8230;<\/li>\n<li>S\u00e9rie X3 (E83 LCI) 3.0 sd 286cv<\/li>\n<li><\/li>\n<li>S\u00e9rie X5 (E53) 3.0d 183cv 05.2001 &#8211; &#8230;<\/li>\n<li>S\u00e9rie X5 (E53) 3.0d 211cv 08.2004 &#8211; &#8230;<\/li>\n<li>S\u00e9rie X5 (E53) 3.0d 217cv 12.2003 &#8211; &#8230;<\/li>\n<\/ul>\n<p>&nbsp;<\/p>\n<p><span title=\"\">Verifique as especifica\u00e7\u00f5es antes de pagar! <\/span><\/p>\n<p><span title=\"\">Se voc\u00ea tiver alguma d\u00favida, sinta-se \u00e0 vontade para entrar em contato comigo \ud83d\ude42<\/span><\/p>\n<p>&nbsp;<\/p>\n","protected":false},"excerpt":{"rendered":"<p>Vantagens do supressor EGR:<\/p>\n<ul>\n<li>O turbo funciona mais r\u00e1pido e em rota\u00e7\u00f5es mais baixas (menos turbo lag)<\/li>\n<li>Impede o ac\u00famulo de carbono dentro do coletor de admiss\u00e3o e portas<\/li>\n<li>Recupera\u00e7\u00e3o mais suave da marcha lenta e melhor economia de combust\u00edvel<\/li>\n<li>\u00d3leo de motor mais limpo ajudando a prolongar a vida \u00fatil do motor.<\/li>\n<li>Reduz a produ\u00e7\u00e3o de fuligem (menos fuma\u00e7a no fragmento)<\/li>\n<li>Por favor, inspecione visualmente sua v\u00e1lvula EGR para se certificar de que o seu veiculo \u00e9 compativel com este modelo de supressor EGR.<\/li>\n<li>Ou, em caso de d\u00favida, envie-nos um e-mail, teremos todo o gosto em ajudar.<\/li>\n<\/ul>\n<p>&nbsp;<\/p>\n<p>&nbsp;<\/p>\n<p>&nbsp;<\/p>\n","protected":false},"featured_media":3730,"comment_status":"open","ping_status":"closed","template":"","meta":[],"product_brand":[],"product_cat":[1791,1782,1811],"product_tag":[520,26521,742,743,745,744,26523,26531,635,26486,26487,26485,26488,538,26532],"class_list":{"0":"post-9213","1":"product","2":"type-product","3":"status-publish","4":"has-post-thumbnail","6":"product_cat-motor","7":"product_cat-performance-pt-pt","8":"product_cat-supressor-egr","9":"product_tag-bmw-pt-pt","10":"product_tag-e53-pt-pt","11":"product_tag-e60-pt-pt","12":"product_tag-e61-pt-pt","13":"product_tag-e63-pt-pt","14":"product_tag-e64-pt-pt","15":"product_tag-e65-pt-pt","16":"product_tag-e81-pt-pt","17":"product_tag-e83-pt-pt","18":"product_tag-e90-pt-pt","19":"product_tag-e91-pt-pt","20":"product_tag-e92-pt-pt","21":"product_tag-e93-pt-pt","22":"product_tag-egr-pt-pt","23":"product_tag-suppressoregr","25":"first","26":"onbackorder","27":"taxable","28":"shipping-taxable","29":"purchasable","30":"product-type-simple","31":"add-to-wishlist-before_image"},"bundled_by":[],"bundle_stock_status":"onbackorder","bundle_stock_quantity":-4,"bundle_virtual":false,"bundle_layout":"","bundle_add_to_cart_form_location":"","bundle_editable_in_cart":false,"bundle_sold_individually_context":"","bundle_item_grouping":"","bundle_min_size":"","bundle_max_size":"","bundle_price":[],"bundled_items":[],"bundle_sell_ids":[],"exclude_global_add_ons":[],"addons":[],"yoast_head":"<!-- This site is optimized with the Yoast SEO Premium plugin v27.4 (Yoast SEO v27.4) - https:\/\/yoast.com\/product\/yoast-seo-premium-wordpress\/ -->\n<title>Supressor EGR BMW (2005-2013) - BNPERF<\/title>\n<meta name=\"robots\" content=\"index, follow, max-snippet:-1, max-image-preview:large, max-video-preview:-1\" \/>\n<link rel=\"canonical\" href=\"https:\/\/bnperf.com\/pt-pt\/produit\/kit-supressor-egr-bmw\/\" \/>\n<meta property=\"og:locale\" content=\"pt_PT\" \/>\n<meta property=\"og:type\" content=\"article\" \/>\n<meta property=\"og:title\" content=\"Supressor EGR BMW (2005-2013)\" \/>\n<meta property=\"og:description\" content=\"Vantagens do supressor EGR:   O turbo funciona mais r\u00e1pido e em rota\u00e7\u00f5es mais baixas (menos turbo lag)  Impede o ac\u00famulo de carbono dentro do coletor de admiss\u00e3o e portas  Recupera\u00e7\u00e3o mais suave da marcha lenta e melhor economia de combust\u00edvel  \u00d3leo de motor mais limpo ajudando a prolongar a vida \u00fatil do motor.  Reduz a produ\u00e7\u00e3o de fuligem (menos fuma\u00e7a no fragmento)  Por favor, inspecione visualmente sua v\u00e1lvula EGR para se certificar de que o seu veiculo \u00e9 compativel com este modelo de supressor EGR.  Ou, em caso de d\u00favida, envie-nos um e-mail, teremos todo o gosto em ajudar.  &nbsp;  &nbsp;  &nbsp;\" \/>\n<meta property=\"og:url\" content=\"https:\/\/bnperf.com\/pt-pt\/produit\/kit-supressor-egr-bmw\/\" \/>\n<meta property=\"og:site_name\" content=\"BNPERF\" \/>\n<meta property=\"article:publisher\" content=\"https:\/\/www.facebook.com\/bnperf\" \/>\n<meta property=\"article:modified_time\" content=\"2022-04-21T11:07:36+00:00\" \/>\n<meta property=\"og:image\" content=\"https:\/\/bnperf.com\/wp-content\/uploads\/2018\/10\/s-l1600-2.jpg\" \/>\n\t<meta property=\"og:image:width\" content=\"1500\" \/>\n\t<meta property=\"og:image:height\" content=\"1500\" \/>\n\t<meta property=\"og:image:type\" content=\"image\/jpeg\" \/>\n<meta name=\"twitter:card\" content=\"summary_large_image\" \/>\n<meta name=\"twitter:label1\" content=\"Tempo estimado de leitura\" \/>\n\t<meta name=\"twitter:data1\" content=\"3 minutos\" \/>\n<script type=\"application\/ld+json\" class=\"yoast-schema-graph\">{\"@context\":\"https:\\\/\\\/schema.org\",\"@graph\":[{\"@type\":\"WebPage\",\"@id\":\"https:\\\/\\\/bnperf.com\\\/pt-pt\\\/produit\\\/kit-supressor-egr-bmw\\\/\",\"url\":\"https:\\\/\\\/bnperf.com\\\/pt-pt\\\/produit\\\/kit-supressor-egr-bmw\\\/\",\"name\":\"Supressor EGR BMW (2005-2013) - BNPERF\",\"isPartOf\":{\"@id\":\"https:\\\/\\\/bnperf.com\\\/pt-pt\\\/#website\"},\"primaryImageOfPage\":{\"@id\":\"https:\\\/\\\/bnperf.com\\\/pt-pt\\\/produit\\\/kit-supressor-egr-bmw\\\/#primaryimage\"},\"image\":{\"@id\":\"https:\\\/\\\/bnperf.com\\\/pt-pt\\\/produit\\\/kit-supressor-egr-bmw\\\/#primaryimage\"},\"thumbnailUrl\":\"https:\\\/\\\/bnperf.com\\\/wp-content\\\/uploads\\\/2018\\\/10\\\/s-l1600-2.jpg\",\"datePublished\":\"2021-08-07T10:34:47+00:00\",\"dateModified\":\"2022-04-21T11:07:36+00:00\",\"breadcrumb\":{\"@id\":\"https:\\\/\\\/bnperf.com\\\/pt-pt\\\/produit\\\/kit-supressor-egr-bmw\\\/#breadcrumb\"},\"inLanguage\":\"pt-PT\",\"potentialAction\":[{\"@type\":\"ReadAction\",\"target\":[\"https:\\\/\\\/bnperf.com\\\/pt-pt\\\/produit\\\/kit-supressor-egr-bmw\\\/\"]}]},{\"@type\":\"ImageObject\",\"inLanguage\":\"pt-PT\",\"@id\":\"https:\\\/\\\/bnperf.com\\\/pt-pt\\\/produit\\\/kit-supressor-egr-bmw\\\/#primaryimage\",\"url\":\"https:\\\/\\\/bnperf.com\\\/wp-content\\\/uploads\\\/2018\\\/10\\\/s-l1600-2.jpg\",\"contentUrl\":\"https:\\\/\\\/bnperf.com\\\/wp-content\\\/uploads\\\/2018\\\/10\\\/s-l1600-2.jpg\",\"width\":1500,\"height\":1500},{\"@type\":\"BreadcrumbList\",\"@id\":\"https:\\\/\\\/bnperf.com\\\/pt-pt\\\/produit\\\/kit-supressor-egr-bmw\\\/#breadcrumb\",\"itemListElement\":[{\"@type\":\"ListItem\",\"position\":1,\"name\":\"Inicio\",\"item\":\"https:\\\/\\\/bnperf.com\\\/pt-pt\\\/inicio\\\/\"},{\"@type\":\"ListItem\",\"position\":2,\"name\":\"Loja\",\"item\":\"https:\\\/\\\/bnperf.com\\\/pt-pt\\\/loja\\\/\"},{\"@type\":\"ListItem\",\"position\":3,\"name\":\"Supressor EGR BMW (2005-2013)\"}]},{\"@type\":\"WebSite\",\"@id\":\"https:\\\/\\\/bnperf.com\\\/pt-pt\\\/#website\",\"url\":\"https:\\\/\\\/bnperf.com\\\/pt-pt\\\/\",\"name\":\"BNPERF\",\"description\":\"Votre Boutique Online ...\",\"publisher\":{\"@id\":\"https:\\\/\\\/bnperf.com\\\/pt-pt\\\/#organization\"},\"potentialAction\":[{\"@type\":\"SearchAction\",\"target\":{\"@type\":\"EntryPoint\",\"urlTemplate\":\"https:\\\/\\\/bnperf.com\\\/pt-pt\\\/?s={search_term_string}\"},\"query-input\":{\"@type\":\"PropertyValueSpecification\",\"valueRequired\":true,\"valueName\":\"search_term_string\"}}],\"inLanguage\":\"pt-PT\"},{\"@type\":\"Organization\",\"@id\":\"https:\\\/\\\/bnperf.com\\\/pt-pt\\\/#organization\",\"name\":\"BNPERF\",\"url\":\"https:\\\/\\\/bnperf.com\\\/pt-pt\\\/\",\"logo\":{\"@type\":\"ImageObject\",\"inLanguage\":\"pt-PT\",\"@id\":\"https:\\\/\\\/bnperf.com\\\/pt-pt\\\/#\\\/schema\\\/logo\\\/image\\\/\",\"url\":\"https:\\\/\\\/bnperf.com\\\/wp-content\\\/uploads\\\/2021\\\/10\\\/bnperf-logo.png\",\"contentUrl\":\"https:\\\/\\\/bnperf.com\\\/wp-content\\\/uploads\\\/2021\\\/10\\\/bnperf-logo.png\",\"width\":954,\"height\":300,\"caption\":\"BNPERF\"},\"image\":{\"@id\":\"https:\\\/\\\/bnperf.com\\\/pt-pt\\\/#\\\/schema\\\/logo\\\/image\\\/\"},\"sameAs\":[\"https:\\\/\\\/www.facebook.com\\\/bnperf\",\"https:\\\/\\\/www.instagram.com\\\/bnperf\"]}]}<\/script>\n<!-- \/ Yoast SEO Premium plugin. -->","yoast_head_json":{"title":"Supressor EGR BMW (2005-2013) - BNPERF","robots":{"index":"index","follow":"follow","max-snippet":"max-snippet:-1","max-image-preview":"max-image-preview:large","max-video-preview":"max-video-preview:-1"},"canonical":"https:\/\/bnperf.com\/pt-pt\/produit\/kit-supressor-egr-bmw\/","og_locale":"pt_PT","og_type":"article","og_title":"Supressor EGR BMW (2005-2013)","og_description":"Vantagens do supressor EGR:   O turbo funciona mais r\u00e1pido e em rota\u00e7\u00f5es mais baixas (menos turbo lag)  Impede o ac\u00famulo de carbono dentro do coletor de admiss\u00e3o e portas  Recupera\u00e7\u00e3o mais suave da marcha lenta e melhor economia de combust\u00edvel  \u00d3leo de motor mais limpo ajudando a prolongar a vida \u00fatil do motor.  Reduz a produ\u00e7\u00e3o de fuligem (menos fuma\u00e7a no fragmento)  Por favor, inspecione visualmente sua v\u00e1lvula EGR para se certificar de que o seu veiculo \u00e9 compativel com este modelo de supressor EGR.  Ou, em caso de d\u00favida, envie-nos um e-mail, teremos todo o gosto em ajudar.  &nbsp;  &nbsp;  &nbsp;","og_url":"https:\/\/bnperf.com\/pt-pt\/produit\/kit-supressor-egr-bmw\/","og_site_name":"BNPERF","article_publisher":"https:\/\/www.facebook.com\/bnperf","article_modified_time":"2022-04-21T11:07:36+00:00","og_image":[{"width":1500,"height":1500,"url":"https:\/\/bnperf.com\/wp-content\/uploads\/2018\/10\/s-l1600-2.jpg","type":"image\/jpeg"}],"twitter_card":"summary_large_image","twitter_misc":{"Tempo estimado de leitura":"3 minutos"},"schema":{"@context":"https:\/\/schema.org","@graph":[{"@type":"WebPage","@id":"https:\/\/bnperf.com\/pt-pt\/produit\/kit-supressor-egr-bmw\/","url":"https:\/\/bnperf.com\/pt-pt\/produit\/kit-supressor-egr-bmw\/","name":"Supressor EGR BMW (2005-2013) - BNPERF","isPartOf":{"@id":"https:\/\/bnperf.com\/pt-pt\/#website"},"primaryImageOfPage":{"@id":"https:\/\/bnperf.com\/pt-pt\/produit\/kit-supressor-egr-bmw\/#primaryimage"},"image":{"@id":"https:\/\/bnperf.com\/pt-pt\/produit\/kit-supressor-egr-bmw\/#primaryimage"},"thumbnailUrl":"https:\/\/bnperf.com\/wp-content\/uploads\/2018\/10\/s-l1600-2.jpg","datePublished":"2021-08-07T10:34:47+00:00","dateModified":"2022-04-21T11:07:36+00:00","breadcrumb":{"@id":"https:\/\/bnperf.com\/pt-pt\/produit\/kit-supressor-egr-bmw\/#breadcrumb"},"inLanguage":"pt-PT","potentialAction":[{"@type":"ReadAction","target":["https:\/\/bnperf.com\/pt-pt\/produit\/kit-supressor-egr-bmw\/"]}]},{"@type":"ImageObject","inLanguage":"pt-PT","@id":"https:\/\/bnperf.com\/pt-pt\/produit\/kit-supressor-egr-bmw\/#primaryimage","url":"https:\/\/bnperf.com\/wp-content\/uploads\/2018\/10\/s-l1600-2.jpg","contentUrl":"https:\/\/bnperf.com\/wp-content\/uploads\/2018\/10\/s-l1600-2.jpg","width":1500,"height":1500},{"@type":"BreadcrumbList","@id":"https:\/\/bnperf.com\/pt-pt\/produit\/kit-supressor-egr-bmw\/#breadcrumb","itemListElement":[{"@type":"ListItem","position":1,"name":"Inicio","item":"https:\/\/bnperf.com\/pt-pt\/inicio\/"},{"@type":"ListItem","position":2,"name":"Loja","item":"https:\/\/bnperf.com\/pt-pt\/loja\/"},{"@type":"ListItem","position":3,"name":"Supressor EGR BMW (2005-2013)"}]},{"@type":"WebSite","@id":"https:\/\/bnperf.com\/pt-pt\/#website","url":"https:\/\/bnperf.com\/pt-pt\/","name":"BNPERF","description":"Votre Boutique Online ...","publisher":{"@id":"https:\/\/bnperf.com\/pt-pt\/#organization"},"potentialAction":[{"@type":"SearchAction","target":{"@type":"EntryPoint","urlTemplate":"https:\/\/bnperf.com\/pt-pt\/?s={search_term_string}"},"query-input":{"@type":"PropertyValueSpecification","valueRequired":true,"valueName":"search_term_string"}}],"inLanguage":"pt-PT"},{"@type":"Organization","@id":"https:\/\/bnperf.com\/pt-pt\/#organization","name":"BNPERF","url":"https:\/\/bnperf.com\/pt-pt\/","logo":{"@type":"ImageObject","inLanguage":"pt-PT","@id":"https:\/\/bnperf.com\/pt-pt\/#\/schema\/logo\/image\/","url":"https:\/\/bnperf.com\/wp-content\/uploads\/2021\/10\/bnperf-logo.png","contentUrl":"https:\/\/bnperf.com\/wp-content\/uploads\/2021\/10\/bnperf-logo.png","width":954,"height":300,"caption":"BNPERF"},"image":{"@id":"https:\/\/bnperf.com\/pt-pt\/#\/schema\/logo\/image\/"},"sameAs":["https:\/\/www.facebook.com\/bnperf","https:\/\/www.instagram.com\/bnperf"]}]}},"tiered_pricing_type":"fixed","tiered_pricing_fixed_rules":[],"tiered_pricing_product_settings":{"layout":"default","base_unit_name":{"singular":null,"plural":null},"default_variation":null},"tiered_pricing_minimum_quantity":null,"tiered_pricing_roles_data":[],"tiered_pricing_percentage_rules":[],"_links":{"self":[{"href":"https:\/\/bnperf.com\/pt-pt\/wp-json\/wp\/v2\/product\/9213","targetHints":{"allow":["GET"]}}],"collection":[{"href":"https:\/\/bnperf.com\/pt-pt\/wp-json\/wp\/v2\/product"}],"about":[{"href":"https:\/\/bnperf.com\/pt-pt\/wp-json\/wp\/v2\/types\/product"}],"replies":[{"embeddable":true,"href":"https:\/\/bnperf.com\/pt-pt\/wp-json\/wp\/v2\/comments?post=9213"}],"wp:featuredmedia":[{"embeddable":true,"href":"https:\/\/bnperf.com\/pt-pt\/wp-json\/wp\/v2\/media\/3730"}],"wp:attachment":[{"href":"https:\/\/bnperf.com\/pt-pt\/wp-json\/wp\/v2\/media?parent=9213"}],"wp:term":[{"taxonomy":"product_brand","embeddable":true,"href":"https:\/\/bnperf.com\/pt-pt\/wp-json\/wp\/v2\/product_brand?post=9213"},{"taxonomy":"product_cat","embeddable":true,"href":"https:\/\/bnperf.com\/pt-pt\/wp-json\/wp\/v2\/product_cat?post=9213"},{"taxonomy":"product_tag","embeddable":true,"href":"https:\/\/bnperf.com\/pt-pt\/wp-json\/wp\/v2\/product_tag?post=9213"}],"curies":[{"name":"wp","href":"https:\/\/api.w.org\/{rel}","templated":true}]}}