{"id":6931,"date":"2021-01-17T17:10:55","date_gmt":"2021-01-17T17:38:35","guid":{"rendered":"http:\/\/bnperf.com\/produit\/vw-1-9l-2-0l-tdi-pistoes-forjados-zrp-diamond\/"},"modified":"2024-02-24T13:07:20","modified_gmt":"2024-02-24T12:07:20","slug":"pistoes-forjados-zrp-diamond-para-vw-1-9l-2-0l-tdi","status":"publish","type":"product","link":"https:\/\/bnperf.com\/pt-pt\/produit\/pistoes-forjados-zrp-diamond-para-vw-1-9l-2-0l-tdi\/","title":{"rendered":"Pist\u00f5es Forjados ZRP Diamond para VW 1.9L \/ 2.0L TDI"},"content":{"rendered":"<p>Os pist\u00f5es Audi \/ VW 1.9L Diesel s\u00e3o fabricados pela Diamond Racing USA especificamente para a ZRP. S\u00e3o constru\u00eddas o mais forte poss\u00edvel para suportar as fortes exig\u00eancias das corridas. N\u00e3o importa a press\u00e3o do sobrecarregador que voc\u00ea corre ou a velocidade da velocidade, estes pist\u00f5es v\u00e3o lev\u00e1-lo e pedir mais! Confira as caracter\u00edsticas individuais da sua aplica\u00e7\u00e3o abaixo.<\/p>\n<p><strong><u>Caracter\u00edsticas do produto e design<\/u><\/strong><\/p>\n<ul>\n<li>2618 Baixa Gama de Silicone\/Alta Expans\u00e3o para aplica\u00e7\u00f5es HP\/High Boost<\/li>\n<li>Design de saia redonda com banda de refor\u00e7o inferior<\/li>\n<li>Moagem 3D sob coroa para garantir o m\u00ednimo de peso sem comprometer a resist\u00eancia.<\/li>\n<li>Moagem 3D em coroas de pist\u00e3o para um acabamento pronto a instalar<\/li>\n<li>Bolsas de v\u00e1lvulas de grandes dimens\u00f5es para v\u00e1lvulas maiores do que as originais e cortes de grampo na borda dos pist\u00f5es<\/li>\n<li>Moagem de janelas, reduzindo o peso total do pist\u00e3o, mantendo a sua for\u00e7a e integridade estrutural<\/li>\n<li>Aberturas laterais de g\u00e1s para um melhor anel de veda\u00e7\u00e3o<\/li>\n<li>Broches escalonados para opera\u00e7\u00e3o tranquila<\/li>\n<li>Total de selo Pro-Select 1,00 mm x 1,20 mm x 2,00 mm conjunto de anel<\/li>\n<li>Pinos de meia de ferramenta H-13 (dureza rockwell em torno de Rc54) Espessura da parede. 6,65 mm<\/li>\n<\/ul>\n<p>&nbsp;<\/p>\n<p><strong><u>Pist\u00f5es de diamante<\/u><\/strong><br \/>\nOs pist\u00f5es de diamante s\u00e3o projetados com apenas uma coisa em mente: ganhar corridas! S\u00e3o fabricados nos Estados Unidos a partir de 2618 materiais. A empresa de corridas de diamantes \u00e9 conhecida desde o final dos anos 60 por produzir pe\u00e7as de motor da mais alta qualidade. Nas \u00faltimas duas d\u00e9cadas, a Diamond dedicou-se exclusivamente ao fabrico de pist\u00f5es forjados. Com todas as m\u00e1quinas de \u00faltima gera\u00e7\u00e3o, oferecem aos clientes o estado da ind\u00fastria de maquina\u00e7\u00e3o. A m\u00e1quina de medi\u00e7\u00e3o de coordenadas (CMM) \u00e9 um dos muitos sofisticados dispositivos de medi\u00e7\u00e3o e modela\u00e7\u00e3o utilizados no departamento de engenharia da Diamond. O MWC fornece medi\u00e7\u00f5es muito precisas, medindo a localiza\u00e7\u00e3o e detalhes dos bolsos das v\u00e1lvulas, por exemplo, a menos de 0,001 polegadas. Este scanner a laser \u00e9 utilizado para fins de modela\u00e7\u00e3o, especialmente para digitalizar c\u00fapulas de pist\u00e3o onde digitaliza milhares de pontos de superf\u00edcie em quest\u00e3o de minutos. Desenvolver os pist\u00f5es da mais alta qualidade da ind\u00fastria utilizando as mais recentes m\u00e1quinas CNC e as mais recentes ferramentas de computador, bem como fornecer um controlo de qualidade sem paralelo. Com estas credenciais, era apenas uma quest\u00e3o de tempo at\u00e9 decidir que esta \u00e9 a empresa com quem trabalhar para produzir energia ilimitada!<\/p>\n<p>&nbsp;<\/p>\n<h2>Informa\u00e7\u00e3o adicional<\/h2>\n<table class=\"shop_attributes\">\n<tbody>\n<tr>\n<th>Tamanho<\/th>\n<td><a href=\"https:\/\/www.zrp-rods.com\/bore-size\/82-00mm\/\" rel=\"tag\">82,00 mm<\/a><\/td>\n<\/tr>\n<tr>\n<th>Mais tamanho<\/th>\n<td><a href=\"https:\/\/www.zrp-rods.com\/over-size\/2-50-mm\/\" rel=\"tag\">2,50 mm<\/a><\/td>\n<\/tr>\n<tr>\n<th>R\u00e1cio comp<\/th>\n<td><a href=\"https:\/\/www.zrp-rods.com\/comp-ratio\/18-01\/\" rel=\"tag\">18,0: 1<\/a><\/td>\n<\/tr>\n<tr>\n<th>Comp de altura<\/th>\n<td><a href=\"https:\/\/www.zrp-rods.com\/comp-height\/45-79\/\" rel=\"tag\">45,79<\/a><\/td>\n<\/tr>\n<tr>\n<th>Acidente vascular cerebral<\/th>\n<td><a href=\"https:\/\/www.zrp-rods.com\/stroke\/95-50-mm\/\" rel=\"tag\">95,50 mil\u00edmetros<\/a><\/td>\n<\/tr>\n<tr>\n<th>Bar<\/th>\n<td><a href=\"https:\/\/www.zrp-rods.com\/rod\/144-00mm\/\" rel=\"tag\">144,00 mm<\/a><\/td>\n<\/tr>\n<tr>\n<th>Broche de pulso pn<\/th>\n<td><a href=\"https:\/\/www.zrp-rods.com\/wrist-pin-pn\/26-00-mm\/\" rel=\"tag\">26,00 mil\u00edmetros<\/a><\/td>\n<\/tr>\n<tr>\n<th>Deck Clr<\/th>\n<td><a href=\"https:\/\/www.zrp-rods.com\/deck-clr\/0-10\/\" rel=\"tag\">-0,10<\/a><\/td>\n<\/tr>\n<tr>\n<th>C\u00fapula CCS<\/th>\n<td><a href=\"https:\/\/www.zrp-rods.com\/dome-ccs\/21-50\/\" rel=\"tag\">-21,50<\/a><\/td>\n<\/tr>\n<tr>\n<th>CHEFE CCS<\/th>\n<td><a href=\"https:\/\/www.zrp-rods.com\/head-ccs\/46-00-45-00\/\" rel=\"tag\">46,00 \/ 45,00<\/a><\/td>\n<\/tr>\n<tr>\n<th>Altura do bloco<\/th>\n<td><a href=\"https:\/\/www.zrp-rods.com\/block-height\/296-00-mm\/\" rel=\"tag\">296,00 mil\u00edmetros<\/a><\/td>\n<\/tr>\n<tr>\n<th>Anel superior para baixo<\/th>\n<td><a href=\"https:\/\/www.zrp-rods.com\/top-ring-down\/10-10\/\" rel=\"tag\">10.10<\/a><\/td>\n<\/tr>\n<tr>\n<th>Conjunto de an\u00e9is<\/th>\n<td><a href=\"https:\/\/www.zrp-rods.com\/ring-set\/custom-cs-04\/\" rel=\"tag\">PERSONALIZADO-CS-04<\/a><\/td>\n<\/tr>\n<tr>\n<th>Material de pist\u00e3o<\/th>\n<td><a href=\"https:\/\/www.zrp-rods.com\/piston-material\/2618\/\" rel=\"tag\">2618<\/a><\/td>\n<\/tr>\n<tr>\n<th>S\u00e9rie<\/th>\n<td><a href=\"https:\/\/www.zrp-rods.com\/series\/diamond-series\/\" rel=\"tag\">S\u00e9rie Diamante<\/a><\/td>\n<\/tr>\n<\/tbody>\n<\/table>\n","protected":false},"excerpt":{"rendered":"<p>Os pist\u00f5es Audi \/ VW 1.9L Diesel s\u00e3o fabricados pela Diamond Racing USA especificamente para a ZRP. S\u00e3o constru\u00eddas o mais forte poss\u00edvel para suportar as fortes exig\u00eancias das corridas&#8230;.<\/p>\n","protected":false},"featured_media":30508,"comment_status":"open","ping_status":"closed","template":"","meta":[],"product_brand":[],"product_cat":[1791,1782,1805],"product_tag":[551,549,544,524,558,1073,547,578,546,1072,532,534,540,523,552,1071,550,528,529],"class_list":{"0":"post-6931","1":"product","2":"type-product","3":"status-publish","4":"has-post-thumbnail","6":"product_cat-motor","7":"product_cat-performance-pt-pt","8":"product_cat-pistoes-forjados","9":"product_tag-1-9-pt-pt","10":"product_tag-2-0-pt-pt","11":"product_tag-audi-pt-pt","12":"product_tag-bnperfshop-pt-pt","13":"product_tag-cupra-pt-pt","14":"product_tag-forges-pt-pt","15":"product_tag-golf-pt-pt","16":"product_tag-golf4-pt-pt","17":"product_tag-leon-pt-pt","18":"product_tag-pistons-pt-pt","19":"product_tag-seatibiza-pt-pt","20":"product_tag-sport-pt-pt","21":"product_tag-tdi-pt-pt","22":"product_tag-turbo-pt-pt","23":"product_tag-vw-pt-pt","24":"product_tag-zrp-pt-pt","25":"product_tag-6l-pt-pt","26":"product_tag-ibiza-pt-pt","27":"product_tag-seat-pt-pt","29":"first","30":"instock","31":"taxable","32":"shipping-taxable","33":"purchasable","34":"product-type-simple","35":"add-to-wishlist-before_image"},"bundled_by":[],"bundle_stock_status":"instock","bundle_stock_quantity":null,"bundle_virtual":false,"bundle_layout":"","bundle_add_to_cart_form_location":"","bundle_editable_in_cart":false,"bundle_sold_individually_context":"","bundle_item_grouping":"","bundle_min_size":"","bundle_max_size":"","bundle_price":[],"bundled_items":[],"bundle_sell_ids":[],"exclude_global_add_ons":[],"addons":[],"yoast_head":"<!-- This site is optimized with the Yoast SEO Premium plugin v27.4 (Yoast SEO v27.4) - https:\/\/yoast.com\/product\/yoast-seo-premium-wordpress\/ -->\n<title>Pist\u00f5es Forjados ZRP Diamond para VW 1.9L \/ 2.0L TDI - BNPERF<\/title>\n<meta name=\"robots\" content=\"index, follow, max-snippet:-1, max-image-preview:large, max-video-preview:-1\" \/>\n<link rel=\"canonical\" href=\"https:\/\/bnperf.com\/pt-pt\/produit\/pistoes-forjados-zrp-diamond-para-vw-1-9l-2-0l-tdi\/\" \/>\n<meta property=\"og:locale\" content=\"pt_PT\" \/>\n<meta property=\"og:type\" content=\"article\" \/>\n<meta property=\"og:title\" content=\"Pist\u00f5es Forjados ZRP Diamond para VW 1.9L \/ 2.0L TDI\" \/>\n<meta property=\"og:description\" content=\"Os pist\u00f5es Audi \/ VW 1.9L Diesel s\u00e3o fabricados pela Diamond Racing USA especificamente para a ZRP. S\u00e3o constru\u00eddas o mais forte poss\u00edvel para suportar as fortes exig\u00eancias das corridas....\" \/>\n<meta property=\"og:url\" content=\"https:\/\/bnperf.com\/pt-pt\/produit\/pistoes-forjados-zrp-diamond-para-vw-1-9l-2-0l-tdi\/\" \/>\n<meta property=\"og:site_name\" content=\"BNPERF\" \/>\n<meta property=\"article:publisher\" content=\"https:\/\/www.facebook.com\/bnperf\" \/>\n<meta property=\"article:modified_time\" content=\"2024-02-24T12:07:20+00:00\" \/>\n<meta property=\"og:image\" content=\"https:\/\/bnperf.com\/wp-content\/uploads\/2021\/01\/zrp-diamond.webp\" \/>\n\t<meta property=\"og:image:width\" content=\"800\" \/>\n\t<meta property=\"og:image:height\" content=\"800\" \/>\n\t<meta property=\"og:image:type\" content=\"image\/webp\" \/>\n<meta name=\"twitter:card\" content=\"summary_large_image\" \/>\n<meta name=\"twitter:label1\" content=\"Tempo estimado de leitura\" \/>\n\t<meta name=\"twitter:data1\" content=\"3 minutos\" \/>\n<script type=\"application\/ld+json\" class=\"yoast-schema-graph\">{\"@context\":\"https:\\\/\\\/schema.org\",\"@graph\":[{\"@type\":\"WebPage\",\"@id\":\"https:\\\/\\\/bnperf.com\\\/pt-pt\\\/produit\\\/pistoes-forjados-zrp-diamond-para-vw-1-9l-2-0l-tdi\\\/\",\"url\":\"https:\\\/\\\/bnperf.com\\\/pt-pt\\\/produit\\\/pistoes-forjados-zrp-diamond-para-vw-1-9l-2-0l-tdi\\\/\",\"name\":\"Pist\u00f5es Forjados ZRP Diamond para VW 1.9L \\\/ 2.0L TDI - BNPERF\",\"isPartOf\":{\"@id\":\"https:\\\/\\\/bnperf.com\\\/pt-pt\\\/#website\"},\"primaryImageOfPage\":{\"@id\":\"https:\\\/\\\/bnperf.com\\\/pt-pt\\\/produit\\\/pistoes-forjados-zrp-diamond-para-vw-1-9l-2-0l-tdi\\\/#primaryimage\"},\"image\":{\"@id\":\"https:\\\/\\\/bnperf.com\\\/pt-pt\\\/produit\\\/pistoes-forjados-zrp-diamond-para-vw-1-9l-2-0l-tdi\\\/#primaryimage\"},\"thumbnailUrl\":\"https:\\\/\\\/bnperf.com\\\/wp-content\\\/uploads\\\/2021\\\/01\\\/zrp-diamond.webp\",\"datePublished\":\"2021-01-17T17:38:35+00:00\",\"dateModified\":\"2024-02-24T12:07:20+00:00\",\"breadcrumb\":{\"@id\":\"https:\\\/\\\/bnperf.com\\\/pt-pt\\\/produit\\\/pistoes-forjados-zrp-diamond-para-vw-1-9l-2-0l-tdi\\\/#breadcrumb\"},\"inLanguage\":\"pt-PT\",\"potentialAction\":[{\"@type\":\"ReadAction\",\"target\":[\"https:\\\/\\\/bnperf.com\\\/pt-pt\\\/produit\\\/pistoes-forjados-zrp-diamond-para-vw-1-9l-2-0l-tdi\\\/\"]}]},{\"@type\":\"ImageObject\",\"inLanguage\":\"pt-PT\",\"@id\":\"https:\\\/\\\/bnperf.com\\\/pt-pt\\\/produit\\\/pistoes-forjados-zrp-diamond-para-vw-1-9l-2-0l-tdi\\\/#primaryimage\",\"url\":\"https:\\\/\\\/bnperf.com\\\/wp-content\\\/uploads\\\/2021\\\/01\\\/zrp-diamond.webp\",\"contentUrl\":\"https:\\\/\\\/bnperf.com\\\/wp-content\\\/uploads\\\/2021\\\/01\\\/zrp-diamond.webp\",\"width\":800,\"height\":800},{\"@type\":\"BreadcrumbList\",\"@id\":\"https:\\\/\\\/bnperf.com\\\/pt-pt\\\/produit\\\/pistoes-forjados-zrp-diamond-para-vw-1-9l-2-0l-tdi\\\/#breadcrumb\",\"itemListElement\":[{\"@type\":\"ListItem\",\"position\":1,\"name\":\"Inicio\",\"item\":\"https:\\\/\\\/bnperf.com\\\/pt-pt\\\/inicio\\\/\"},{\"@type\":\"ListItem\",\"position\":2,\"name\":\"Loja\",\"item\":\"https:\\\/\\\/bnperf.com\\\/pt-pt\\\/loja\\\/\"},{\"@type\":\"ListItem\",\"position\":3,\"name\":\"Pist\u00f5es Forjados ZRP Diamond para VW 1.9L \\\/ 2.0L TDI\"}]},{\"@type\":\"WebSite\",\"@id\":\"https:\\\/\\\/bnperf.com\\\/pt-pt\\\/#website\",\"url\":\"https:\\\/\\\/bnperf.com\\\/pt-pt\\\/\",\"name\":\"BNPERF\",\"description\":\"Votre Boutique Online ...\",\"publisher\":{\"@id\":\"https:\\\/\\\/bnperf.com\\\/pt-pt\\\/#organization\"},\"potentialAction\":[{\"@type\":\"SearchAction\",\"target\":{\"@type\":\"EntryPoint\",\"urlTemplate\":\"https:\\\/\\\/bnperf.com\\\/pt-pt\\\/?s={search_term_string}\"},\"query-input\":{\"@type\":\"PropertyValueSpecification\",\"valueRequired\":true,\"valueName\":\"search_term_string\"}}],\"inLanguage\":\"pt-PT\"},{\"@type\":\"Organization\",\"@id\":\"https:\\\/\\\/bnperf.com\\\/pt-pt\\\/#organization\",\"name\":\"BNPERF\",\"url\":\"https:\\\/\\\/bnperf.com\\\/pt-pt\\\/\",\"logo\":{\"@type\":\"ImageObject\",\"inLanguage\":\"pt-PT\",\"@id\":\"https:\\\/\\\/bnperf.com\\\/pt-pt\\\/#\\\/schema\\\/logo\\\/image\\\/\",\"url\":\"https:\\\/\\\/bnperf.com\\\/wp-content\\\/uploads\\\/2021\\\/10\\\/bnperf-logo.png\",\"contentUrl\":\"https:\\\/\\\/bnperf.com\\\/wp-content\\\/uploads\\\/2021\\\/10\\\/bnperf-logo.png\",\"width\":954,\"height\":300,\"caption\":\"BNPERF\"},\"image\":{\"@id\":\"https:\\\/\\\/bnperf.com\\\/pt-pt\\\/#\\\/schema\\\/logo\\\/image\\\/\"},\"sameAs\":[\"https:\\\/\\\/www.facebook.com\\\/bnperf\",\"https:\\\/\\\/www.instagram.com\\\/bnperf\"]}]}<\/script>\n<!-- \/ Yoast SEO Premium plugin. -->","yoast_head_json":{"title":"Pist\u00f5es Forjados ZRP Diamond para VW 1.9L \/ 2.0L TDI - BNPERF","robots":{"index":"index","follow":"follow","max-snippet":"max-snippet:-1","max-image-preview":"max-image-preview:large","max-video-preview":"max-video-preview:-1"},"canonical":"https:\/\/bnperf.com\/pt-pt\/produit\/pistoes-forjados-zrp-diamond-para-vw-1-9l-2-0l-tdi\/","og_locale":"pt_PT","og_type":"article","og_title":"Pist\u00f5es Forjados ZRP Diamond para VW 1.9L \/ 2.0L TDI","og_description":"Os pist\u00f5es Audi \/ VW 1.9L Diesel s\u00e3o fabricados pela Diamond Racing USA especificamente para a ZRP. S\u00e3o constru\u00eddas o mais forte poss\u00edvel para suportar as fortes exig\u00eancias das corridas....","og_url":"https:\/\/bnperf.com\/pt-pt\/produit\/pistoes-forjados-zrp-diamond-para-vw-1-9l-2-0l-tdi\/","og_site_name":"BNPERF","article_publisher":"https:\/\/www.facebook.com\/bnperf","article_modified_time":"2024-02-24T12:07:20+00:00","og_image":[{"width":800,"height":800,"url":"https:\/\/bnperf.com\/wp-content\/uploads\/2021\/01\/zrp-diamond.webp","type":"image\/webp"}],"twitter_card":"summary_large_image","twitter_misc":{"Tempo estimado de leitura":"3 minutos"},"schema":{"@context":"https:\/\/schema.org","@graph":[{"@type":"WebPage","@id":"https:\/\/bnperf.com\/pt-pt\/produit\/pistoes-forjados-zrp-diamond-para-vw-1-9l-2-0l-tdi\/","url":"https:\/\/bnperf.com\/pt-pt\/produit\/pistoes-forjados-zrp-diamond-para-vw-1-9l-2-0l-tdi\/","name":"Pist\u00f5es Forjados ZRP Diamond para VW 1.9L \/ 2.0L TDI - BNPERF","isPartOf":{"@id":"https:\/\/bnperf.com\/pt-pt\/#website"},"primaryImageOfPage":{"@id":"https:\/\/bnperf.com\/pt-pt\/produit\/pistoes-forjados-zrp-diamond-para-vw-1-9l-2-0l-tdi\/#primaryimage"},"image":{"@id":"https:\/\/bnperf.com\/pt-pt\/produit\/pistoes-forjados-zrp-diamond-para-vw-1-9l-2-0l-tdi\/#primaryimage"},"thumbnailUrl":"https:\/\/bnperf.com\/wp-content\/uploads\/2021\/01\/zrp-diamond.webp","datePublished":"2021-01-17T17:38:35+00:00","dateModified":"2024-02-24T12:07:20+00:00","breadcrumb":{"@id":"https:\/\/bnperf.com\/pt-pt\/produit\/pistoes-forjados-zrp-diamond-para-vw-1-9l-2-0l-tdi\/#breadcrumb"},"inLanguage":"pt-PT","potentialAction":[{"@type":"ReadAction","target":["https:\/\/bnperf.com\/pt-pt\/produit\/pistoes-forjados-zrp-diamond-para-vw-1-9l-2-0l-tdi\/"]}]},{"@type":"ImageObject","inLanguage":"pt-PT","@id":"https:\/\/bnperf.com\/pt-pt\/produit\/pistoes-forjados-zrp-diamond-para-vw-1-9l-2-0l-tdi\/#primaryimage","url":"https:\/\/bnperf.com\/wp-content\/uploads\/2021\/01\/zrp-diamond.webp","contentUrl":"https:\/\/bnperf.com\/wp-content\/uploads\/2021\/01\/zrp-diamond.webp","width":800,"height":800},{"@type":"BreadcrumbList","@id":"https:\/\/bnperf.com\/pt-pt\/produit\/pistoes-forjados-zrp-diamond-para-vw-1-9l-2-0l-tdi\/#breadcrumb","itemListElement":[{"@type":"ListItem","position":1,"name":"Inicio","item":"https:\/\/bnperf.com\/pt-pt\/inicio\/"},{"@type":"ListItem","position":2,"name":"Loja","item":"https:\/\/bnperf.com\/pt-pt\/loja\/"},{"@type":"ListItem","position":3,"name":"Pist\u00f5es Forjados ZRP Diamond para VW 1.9L \/ 2.0L TDI"}]},{"@type":"WebSite","@id":"https:\/\/bnperf.com\/pt-pt\/#website","url":"https:\/\/bnperf.com\/pt-pt\/","name":"BNPERF","description":"Votre Boutique Online ...","publisher":{"@id":"https:\/\/bnperf.com\/pt-pt\/#organization"},"potentialAction":[{"@type":"SearchAction","target":{"@type":"EntryPoint","urlTemplate":"https:\/\/bnperf.com\/pt-pt\/?s={search_term_string}"},"query-input":{"@type":"PropertyValueSpecification","valueRequired":true,"valueName":"search_term_string"}}],"inLanguage":"pt-PT"},{"@type":"Organization","@id":"https:\/\/bnperf.com\/pt-pt\/#organization","name":"BNPERF","url":"https:\/\/bnperf.com\/pt-pt\/","logo":{"@type":"ImageObject","inLanguage":"pt-PT","@id":"https:\/\/bnperf.com\/pt-pt\/#\/schema\/logo\/image\/","url":"https:\/\/bnperf.com\/wp-content\/uploads\/2021\/10\/bnperf-logo.png","contentUrl":"https:\/\/bnperf.com\/wp-content\/uploads\/2021\/10\/bnperf-logo.png","width":954,"height":300,"caption":"BNPERF"},"image":{"@id":"https:\/\/bnperf.com\/pt-pt\/#\/schema\/logo\/image\/"},"sameAs":["https:\/\/www.facebook.com\/bnperf","https:\/\/www.instagram.com\/bnperf"]}]}},"tiered_pricing_type":"fixed","tiered_pricing_fixed_rules":[],"tiered_pricing_product_settings":{"layout":"default","base_unit_name":{"singular":null,"plural":null},"default_variation":null},"tiered_pricing_minimum_quantity":null,"tiered_pricing_roles_data":[],"tiered_pricing_percentage_rules":[],"_links":{"self":[{"href":"https:\/\/bnperf.com\/pt-pt\/wp-json\/wp\/v2\/product\/6931","targetHints":{"allow":["GET"]}}],"collection":[{"href":"https:\/\/bnperf.com\/pt-pt\/wp-json\/wp\/v2\/product"}],"about":[{"href":"https:\/\/bnperf.com\/pt-pt\/wp-json\/wp\/v2\/types\/product"}],"replies":[{"embeddable":true,"href":"https:\/\/bnperf.com\/pt-pt\/wp-json\/wp\/v2\/comments?post=6931"}],"wp:featuredmedia":[{"embeddable":true,"href":"https:\/\/bnperf.com\/pt-pt\/wp-json\/wp\/v2\/media\/30508"}],"wp:attachment":[{"href":"https:\/\/bnperf.com\/pt-pt\/wp-json\/wp\/v2\/media?parent=6931"}],"wp:term":[{"taxonomy":"product_brand","embeddable":true,"href":"https:\/\/bnperf.com\/pt-pt\/wp-json\/wp\/v2\/product_brand?post=6931"},{"taxonomy":"product_cat","embeddable":true,"href":"https:\/\/bnperf.com\/pt-pt\/wp-json\/wp\/v2\/product_cat?post=6931"},{"taxonomy":"product_tag","embeddable":true,"href":"https:\/\/bnperf.com\/pt-pt\/wp-json\/wp\/v2\/product_tag?post=6931"}],"curies":[{"name":"wp","href":"https:\/\/api.w.org\/{rel}","templated":true}]}}