{"id":6402,"date":"2020-11-27T16:14:54","date_gmt":"2020-11-27T15:14:54","guid":{"rendered":"http:\/\/bnperf.com\/?post_type=product&#038;p=6402"},"modified":"2021-11-05T00:16:24","modified_gmt":"2021-11-04T23:16:24","slug":"rrc-leather-cleaner-strong-1l","status":"publish","type":"product","link":"https:\/\/bnperf.com\/pt-pt\/produit\/rrc-leather-cleaner-strong-1l\/","title":{"rendered":"RRC Leather Cleaner Strong 1L"},"content":{"rendered":"<p><span style=\"font-family: Verdana;\"><b>RC LEATHER CLEANER STRONG<\/b>\u00a0\u00e9 um agente de limpeza eficiente que remove toda a sujidade e manchas do couro liso.<\/span><\/p>\n<p><span style=\"font-family: Verdana;\">Gra\u00e7as \u00e0 f\u00f3rmula especial, que \u00e9 uma combina\u00e7\u00e3o de agentes de limpeza com efeito intensivo, elimina a sujidade das superf\u00edcies de couro.\u00a0<\/span><\/p>\n<p><span style=\"font-family: Verdana;\">Seguro para a pele, com um pH neutro. Neutraliza odores desagrad\u00e1veis, como: fumo de cigarro, suor humano, odores de cozinha, etc.<\/span><\/p>\n<p><span style=\"font-family: Verdana;\"><b>RRC LEATHER CLEANER STRONG\u00a0<\/b>\u00e9 destinado \u00e0 limpeza couro liso em carros, m\u00f3veis de couro e artigos de pele.<\/span><\/p>\n<p><span style=\"font-family: Verdana;\">\u00c9 especialmente recomendado para estofos muito sujos. N\u00e3o use o produto em couro poroso ou grosso (nubuck, camur\u00e7a, veludo&#8230;).<\/span><\/p>\n<p><img loading=\"lazy\" decoding=\"async\" class=\"\" src=\"https:\/\/www.ventauto.pt\/image\/catalog\/produtos\/_RRCUSTOMS\/leather\/soft-leather-cleaner_1.jpg\" width=\"276\" height=\"184\" \/><img loading=\"lazy\" decoding=\"async\" class=\"\" src=\"https:\/\/www.ventauto.pt\/image\/catalog\/produtos\/_RRCUSTOMS\/leather\/soft-leather-cleaner_36.jpg\" width=\"278\" height=\"185\" \/><img loading=\"lazy\" decoding=\"async\" class=\"\" src=\"https:\/\/www.ventauto.pt\/image\/catalog\/produtos\/_RRCUSTOMS\/leather\/soft-leather-cleaner_4.jpg\" width=\"127\" height=\"191\" \/><span style=\"font-family: Verdana;\"><br \/>\n<\/span><\/p>\n<p><span style=\"font-family: Verdana;\"><b><u>Como usar:<\/u><\/b><\/span><\/p>\n<ul>\n<li><span style=\"font-family: Verdana;\">Antes do primeiro uso, testar o efeito do produto numa \u00e1rea vis\u00edvel.<\/span><\/li>\n<li><span style=\"font-family: Verdana;\">Remova as manchas novas imediatamente usando um pano absorvente.<\/span><\/li>\n<li><span style=\"font-family: Verdana;\">RRC COURO CLEANER STRONG deve ser aplicado na superf\u00edcie com uma escova ou uma esponja.<\/span><\/li>\n<li><span style=\"font-family: Verdana;\">Limpe fazendo movimentos circulares ou cruzados, dependendo da superf\u00edcie.<\/span><\/li>\n<li><span style=\"font-family: Verdana;\">Controle o processo de limpeza. Dependendo do grau de sujidade, lave a escova \/ esponja de vez em quando com \u00e1gua.<\/span><\/li>\n<li><span style=\"font-family: Verdana;\">Remova os res\u00edduos da prepara\u00e7\u00e3o com um pano de microfibras molhado.<\/span><\/li>\n<li><span style=\"font-family: Verdana;\">Deixe a superf\u00edcie secar ou limpe-a com um pano limpo e seco.<\/span><\/li>\n<li><span style=\"font-family: Verdana;\">Quando a superf\u00edcie estiver seca, use o RRC LEATHER CONDITIONER para um acabamento perfeito.<\/span><\/li>\n<\/ul>\n<p><span style=\"font-family: Verdana;\"><b><u>Notas:<\/u><\/b><\/span><\/p>\n<ul>\n<li><span style=\"font-family: Verdana;\">Evite limpar \u00e0 luz do sol.<\/span><\/li>\n<li><span style=\"font-family: Verdana;\">Mantenha em local seco e fresco a uma temperatura de 5 \u00b0 C &#8211; 25 \u00b0 C.<\/span><\/li>\n<li><span style=\"font-family: Verdana;\">N\u00e3o congele o produto.<\/span><\/li>\n<\/ul>\n<p><iframe loading=\"lazy\" class=\"note-video-clip\" src=\"https:\/\/www.youtube.com\/embed\/iaq6ZiENwCA\" width=\"640\" height=\"360\" frameborder=\"0\" data-mce-fragment=\"1\"><\/iframe><\/p>\n<p><iframe loading=\"lazy\" class=\"note-video-clip\" src=\"https:\/\/www.youtube.com\/embed\/Vckgjo59aas\" width=\"640\" height=\"360\" frameborder=\"0\" data-mce-fragment=\"1\"><\/iframe><\/p>\n","protected":false},"excerpt":{"rendered":"<p>RC LEATHER CLEANER STRONG\u00a0\u00e9 um agente de limpeza eficiente que remove toda a sujidade e manchas do couro liso. Gra\u00e7as \u00e0 f\u00f3rmula especial, que \u00e9 uma combina\u00e7\u00e3o de agentes de&#8230;<\/p>\n","protected":false},"featured_media":6403,"comment_status":"open","ping_status":"closed","template":"","meta":[],"product_brand":[],"product_cat":[1733],"product_tag":[524,707,909,715],"class_list":{"0":"post-6402","1":"product","2":"type-product","3":"status-publish","4":"has-post-thumbnail","6":"product_cat-rr-customs-pt-pt","7":"product_tag-bnperfshop-pt-pt","8":"product_tag-rrc-pt-pt","9":"product_tag-cleaner","10":"product_tag-leather-pt-pt","12":"first","13":"instock","14":"taxable","15":"shipping-taxable","16":"purchasable","17":"product-type-simple","18":"add-to-wishlist-before_image"},"bundled_by":[],"bundle_stock_status":"instock","bundle_stock_quantity":null,"bundle_virtual":false,"bundle_layout":"","bundle_add_to_cart_form_location":"","bundle_editable_in_cart":false,"bundle_sold_individually_context":"","bundle_item_grouping":"","bundle_min_size":"","bundle_max_size":"","bundle_price":[],"bundled_items":[],"bundle_sell_ids":[],"exclude_global_add_ons":[],"addons":[],"yoast_head":"<!-- This site is optimized with the Yoast SEO Premium plugin v27.1 (Yoast SEO v27.3) - https:\/\/yoast.com\/product\/yoast-seo-premium-wordpress\/ -->\n<title>RRC Leather Cleaner Strong 1L - BNPERF<\/title>\n<meta name=\"robots\" content=\"index, follow, max-snippet:-1, max-image-preview:large, max-video-preview:-1\" \/>\n<link rel=\"canonical\" href=\"https:\/\/bnperf.com\/pt-pt\/produit\/rrc-leather-cleaner-strong-1l\/\" \/>\n<meta property=\"og:locale\" content=\"pt_PT\" \/>\n<meta property=\"og:type\" content=\"article\" \/>\n<meta property=\"og:title\" content=\"RRC Leather Cleaner Strong 1L\" \/>\n<meta property=\"og:description\" content=\"RC LEATHER CLEANER STRONG\u00a0\u00e9 um agente de limpeza eficiente que remove toda a sujidade e manchas do couro liso. Gra\u00e7as \u00e0 f\u00f3rmula especial, que \u00e9 uma combina\u00e7\u00e3o de agentes de...\" \/>\n<meta property=\"og:url\" content=\"https:\/\/bnperf.com\/pt-pt\/produit\/rrc-leather-cleaner-strong-1l\/\" \/>\n<meta property=\"og:site_name\" content=\"BNPERF\" \/>\n<meta property=\"article:publisher\" content=\"https:\/\/www.facebook.com\/bnperf\" \/>\n<meta property=\"article:modified_time\" content=\"2021-11-04T23:16:24+00:00\" \/>\n<meta property=\"og:image\" content=\"https:\/\/bnperf.com\/wp-content\/uploads\/2020\/11\/1-20.jpg\" \/>\n\t<meta property=\"og:image:width\" content=\"750\" \/>\n\t<meta property=\"og:image:height\" content=\"750\" \/>\n\t<meta property=\"og:image:type\" content=\"image\/jpeg\" \/>\n<meta name=\"twitter:card\" content=\"summary_large_image\" \/>\n<meta name=\"twitter:label1\" content=\"Tempo estimado de leitura\" \/>\n\t<meta name=\"twitter:data1\" content=\"1 minuto\" \/>\n<script type=\"application\/ld+json\" class=\"yoast-schema-graph\">{\"@context\":\"https:\\\/\\\/schema.org\",\"@graph\":[{\"@type\":\"WebPage\",\"@id\":\"https:\\\/\\\/bnperf.com\\\/pt-pt\\\/produit\\\/rrc-leather-cleaner-strong-1l\\\/\",\"url\":\"https:\\\/\\\/bnperf.com\\\/pt-pt\\\/produit\\\/rrc-leather-cleaner-strong-1l\\\/\",\"name\":\"RRC Leather Cleaner Strong 1L - BNPERF\",\"isPartOf\":{\"@id\":\"https:\\\/\\\/bnperf.com\\\/pt-pt\\\/#website\"},\"primaryImageOfPage\":{\"@id\":\"https:\\\/\\\/bnperf.com\\\/pt-pt\\\/produit\\\/rrc-leather-cleaner-strong-1l\\\/#primaryimage\"},\"image\":{\"@id\":\"https:\\\/\\\/bnperf.com\\\/pt-pt\\\/produit\\\/rrc-leather-cleaner-strong-1l\\\/#primaryimage\"},\"thumbnailUrl\":\"https:\\\/\\\/bnperf.com\\\/wp-content\\\/uploads\\\/2020\\\/11\\\/1-20.jpg\",\"datePublished\":\"2020-11-27T15:14:54+00:00\",\"dateModified\":\"2021-11-04T23:16:24+00:00\",\"breadcrumb\":{\"@id\":\"https:\\\/\\\/bnperf.com\\\/pt-pt\\\/produit\\\/rrc-leather-cleaner-strong-1l\\\/#breadcrumb\"},\"inLanguage\":\"pt-PT\",\"potentialAction\":[{\"@type\":\"ReadAction\",\"target\":[\"https:\\\/\\\/bnperf.com\\\/pt-pt\\\/produit\\\/rrc-leather-cleaner-strong-1l\\\/\"]}]},{\"@type\":\"ImageObject\",\"inLanguage\":\"pt-PT\",\"@id\":\"https:\\\/\\\/bnperf.com\\\/pt-pt\\\/produit\\\/rrc-leather-cleaner-strong-1l\\\/#primaryimage\",\"url\":\"https:\\\/\\\/bnperf.com\\\/wp-content\\\/uploads\\\/2020\\\/11\\\/1-20.jpg\",\"contentUrl\":\"https:\\\/\\\/bnperf.com\\\/wp-content\\\/uploads\\\/2020\\\/11\\\/1-20.jpg\",\"width\":750,\"height\":750},{\"@type\":\"BreadcrumbList\",\"@id\":\"https:\\\/\\\/bnperf.com\\\/pt-pt\\\/produit\\\/rrc-leather-cleaner-strong-1l\\\/#breadcrumb\",\"itemListElement\":[{\"@type\":\"ListItem\",\"position\":1,\"name\":\"Inicio\",\"item\":\"https:\\\/\\\/bnperf.com\\\/pt-pt\\\/inicio\\\/\"},{\"@type\":\"ListItem\",\"position\":2,\"name\":\"Loja\",\"item\":\"https:\\\/\\\/bnperf.com\\\/pt-pt\\\/loja\\\/\"},{\"@type\":\"ListItem\",\"position\":3,\"name\":\"RRC Leather Cleaner Strong 1L\"}]},{\"@type\":\"WebSite\",\"@id\":\"https:\\\/\\\/bnperf.com\\\/pt-pt\\\/#website\",\"url\":\"https:\\\/\\\/bnperf.com\\\/pt-pt\\\/\",\"name\":\"BNPERF\",\"description\":\"Votre Boutique Online ...\",\"publisher\":{\"@id\":\"https:\\\/\\\/bnperf.com\\\/pt-pt\\\/#organization\"},\"potentialAction\":[{\"@type\":\"SearchAction\",\"target\":{\"@type\":\"EntryPoint\",\"urlTemplate\":\"https:\\\/\\\/bnperf.com\\\/pt-pt\\\/?s={search_term_string}\"},\"query-input\":{\"@type\":\"PropertyValueSpecification\",\"valueRequired\":true,\"valueName\":\"search_term_string\"}}],\"inLanguage\":\"pt-PT\"},{\"@type\":\"Organization\",\"@id\":\"https:\\\/\\\/bnperf.com\\\/pt-pt\\\/#organization\",\"name\":\"BNPERF\",\"url\":\"https:\\\/\\\/bnperf.com\\\/pt-pt\\\/\",\"logo\":{\"@type\":\"ImageObject\",\"inLanguage\":\"pt-PT\",\"@id\":\"https:\\\/\\\/bnperf.com\\\/pt-pt\\\/#\\\/schema\\\/logo\\\/image\\\/\",\"url\":\"https:\\\/\\\/bnperf.com\\\/wp-content\\\/uploads\\\/2021\\\/10\\\/bnperf-logo.png\",\"contentUrl\":\"https:\\\/\\\/bnperf.com\\\/wp-content\\\/uploads\\\/2021\\\/10\\\/bnperf-logo.png\",\"width\":954,\"height\":300,\"caption\":\"BNPERF\"},\"image\":{\"@id\":\"https:\\\/\\\/bnperf.com\\\/pt-pt\\\/#\\\/schema\\\/logo\\\/image\\\/\"},\"sameAs\":[\"https:\\\/\\\/www.facebook.com\\\/bnperf\",\"https:\\\/\\\/www.instagram.com\\\/bnperf\"]}]}<\/script>\n<!-- \/ Yoast SEO Premium plugin. -->","yoast_head_json":{"title":"RRC Leather Cleaner Strong 1L - BNPERF","robots":{"index":"index","follow":"follow","max-snippet":"max-snippet:-1","max-image-preview":"max-image-preview:large","max-video-preview":"max-video-preview:-1"},"canonical":"https:\/\/bnperf.com\/pt-pt\/produit\/rrc-leather-cleaner-strong-1l\/","og_locale":"pt_PT","og_type":"article","og_title":"RRC Leather Cleaner Strong 1L","og_description":"RC LEATHER CLEANER STRONG\u00a0\u00e9 um agente de limpeza eficiente que remove toda a sujidade e manchas do couro liso. Gra\u00e7as \u00e0 f\u00f3rmula especial, que \u00e9 uma combina\u00e7\u00e3o de agentes de...","og_url":"https:\/\/bnperf.com\/pt-pt\/produit\/rrc-leather-cleaner-strong-1l\/","og_site_name":"BNPERF","article_publisher":"https:\/\/www.facebook.com\/bnperf","article_modified_time":"2021-11-04T23:16:24+00:00","og_image":[{"width":750,"height":750,"url":"https:\/\/bnperf.com\/wp-content\/uploads\/2020\/11\/1-20.jpg","type":"image\/jpeg"}],"twitter_card":"summary_large_image","twitter_misc":{"Tempo estimado de leitura":"1 minuto"},"schema":{"@context":"https:\/\/schema.org","@graph":[{"@type":"WebPage","@id":"https:\/\/bnperf.com\/pt-pt\/produit\/rrc-leather-cleaner-strong-1l\/","url":"https:\/\/bnperf.com\/pt-pt\/produit\/rrc-leather-cleaner-strong-1l\/","name":"RRC Leather Cleaner Strong 1L - BNPERF","isPartOf":{"@id":"https:\/\/bnperf.com\/pt-pt\/#website"},"primaryImageOfPage":{"@id":"https:\/\/bnperf.com\/pt-pt\/produit\/rrc-leather-cleaner-strong-1l\/#primaryimage"},"image":{"@id":"https:\/\/bnperf.com\/pt-pt\/produit\/rrc-leather-cleaner-strong-1l\/#primaryimage"},"thumbnailUrl":"https:\/\/bnperf.com\/wp-content\/uploads\/2020\/11\/1-20.jpg","datePublished":"2020-11-27T15:14:54+00:00","dateModified":"2021-11-04T23:16:24+00:00","breadcrumb":{"@id":"https:\/\/bnperf.com\/pt-pt\/produit\/rrc-leather-cleaner-strong-1l\/#breadcrumb"},"inLanguage":"pt-PT","potentialAction":[{"@type":"ReadAction","target":["https:\/\/bnperf.com\/pt-pt\/produit\/rrc-leather-cleaner-strong-1l\/"]}]},{"@type":"ImageObject","inLanguage":"pt-PT","@id":"https:\/\/bnperf.com\/pt-pt\/produit\/rrc-leather-cleaner-strong-1l\/#primaryimage","url":"https:\/\/bnperf.com\/wp-content\/uploads\/2020\/11\/1-20.jpg","contentUrl":"https:\/\/bnperf.com\/wp-content\/uploads\/2020\/11\/1-20.jpg","width":750,"height":750},{"@type":"BreadcrumbList","@id":"https:\/\/bnperf.com\/pt-pt\/produit\/rrc-leather-cleaner-strong-1l\/#breadcrumb","itemListElement":[{"@type":"ListItem","position":1,"name":"Inicio","item":"https:\/\/bnperf.com\/pt-pt\/inicio\/"},{"@type":"ListItem","position":2,"name":"Loja","item":"https:\/\/bnperf.com\/pt-pt\/loja\/"},{"@type":"ListItem","position":3,"name":"RRC Leather Cleaner Strong 1L"}]},{"@type":"WebSite","@id":"https:\/\/bnperf.com\/pt-pt\/#website","url":"https:\/\/bnperf.com\/pt-pt\/","name":"BNPERF","description":"Votre Boutique Online ...","publisher":{"@id":"https:\/\/bnperf.com\/pt-pt\/#organization"},"potentialAction":[{"@type":"SearchAction","target":{"@type":"EntryPoint","urlTemplate":"https:\/\/bnperf.com\/pt-pt\/?s={search_term_string}"},"query-input":{"@type":"PropertyValueSpecification","valueRequired":true,"valueName":"search_term_string"}}],"inLanguage":"pt-PT"},{"@type":"Organization","@id":"https:\/\/bnperf.com\/pt-pt\/#organization","name":"BNPERF","url":"https:\/\/bnperf.com\/pt-pt\/","logo":{"@type":"ImageObject","inLanguage":"pt-PT","@id":"https:\/\/bnperf.com\/pt-pt\/#\/schema\/logo\/image\/","url":"https:\/\/bnperf.com\/wp-content\/uploads\/2021\/10\/bnperf-logo.png","contentUrl":"https:\/\/bnperf.com\/wp-content\/uploads\/2021\/10\/bnperf-logo.png","width":954,"height":300,"caption":"BNPERF"},"image":{"@id":"https:\/\/bnperf.com\/pt-pt\/#\/schema\/logo\/image\/"},"sameAs":["https:\/\/www.facebook.com\/bnperf","https:\/\/www.instagram.com\/bnperf"]}]}},"tiered_pricing_type":"fixed","tiered_pricing_fixed_rules":[],"tiered_pricing_product_settings":{"layout":"default","base_unit_name":{"singular":null,"plural":null},"default_variation":null},"tiered_pricing_minimum_quantity":null,"tiered_pricing_roles_data":[],"tiered_pricing_percentage_rules":[],"_links":{"self":[{"href":"https:\/\/bnperf.com\/pt-pt\/wp-json\/wp\/v2\/product\/6402","targetHints":{"allow":["GET"]}}],"collection":[{"href":"https:\/\/bnperf.com\/pt-pt\/wp-json\/wp\/v2\/product"}],"about":[{"href":"https:\/\/bnperf.com\/pt-pt\/wp-json\/wp\/v2\/types\/product"}],"replies":[{"embeddable":true,"href":"https:\/\/bnperf.com\/pt-pt\/wp-json\/wp\/v2\/comments?post=6402"}],"wp:featuredmedia":[{"embeddable":true,"href":"https:\/\/bnperf.com\/pt-pt\/wp-json\/wp\/v2\/media\/6403"}],"wp:attachment":[{"href":"https:\/\/bnperf.com\/pt-pt\/wp-json\/wp\/v2\/media?parent=6402"}],"wp:term":[{"taxonomy":"product_brand","embeddable":true,"href":"https:\/\/bnperf.com\/pt-pt\/wp-json\/wp\/v2\/product_brand?post=6402"},{"taxonomy":"product_cat","embeddable":true,"href":"https:\/\/bnperf.com\/pt-pt\/wp-json\/wp\/v2\/product_cat?post=6402"},{"taxonomy":"product_tag","embeddable":true,"href":"https:\/\/bnperf.com\/pt-pt\/wp-json\/wp\/v2\/product_tag?post=6402"}],"curies":[{"name":"wp","href":"https:\/\/api.w.org\/{rel}","templated":true}]}}