{"id":6383,"date":"2020-11-27T15:55:58","date_gmt":"2020-11-27T14:55:58","guid":{"rendered":"http:\/\/bnperf.com\/?post_type=product&#038;p=6383"},"modified":"2021-11-05T00:10:05","modified_gmt":"2021-11-04T23:10:05","slug":"rrc-interior-detailer-5l","status":"publish","type":"product","link":"https:\/\/bnperf.com\/pt-pt\/produit\/rrc-interior-detailer-5l\/","title":{"rendered":"RRC Interior Detailer 5L"},"content":{"rendered":"<p><b>RRC INTERIOR DETAILER<\/b>\u00a0\u00e9 uma f\u00f3rmula para limpeza r\u00e1pida e refrescante de pl\u00e1stico, borracha e superf\u00edcies de vinil do interior do seu veiculo.<\/p>\n<p>Al\u00e9m de propriedades de limpeza, o Interior Detailer d\u00e1 \u00e0s superf\u00edcies um ar natural, protege pl\u00e1sticos da deposi\u00e7\u00e3o de poeira e reduz os efeitos negativos de luz solar.<\/p>\n<p>PARA UM ACABAMENTO MAIS BRILHANTE PODE USAR EM COMPLEMENTO O\u00a0<b>RRC INTERIOR DRESSING\u00a0<\/b><\/p>\n<p><img loading=\"lazy\" decoding=\"async\" class=\"\" src=\"https:\/\/www.ventauto.pt\/image\/catalog\/produtos\/_RRCUSTOMS\/interior%20detailer\/54379893_337187306780428_7801273219431792640_n.jpg\" width=\"761\" height=\"568\" \/><b><br \/>\n<\/b><\/p>\n<p><b><u>Como usar:<\/u><\/b><\/p>\n<ul>\n<li>Agite a garrafa antes de usar.<\/li>\n<li>Aplique o produto num pano ou na superf\u00edcie usando a pistola.<\/li>\n<li>Limpe at\u00e9 secar.<\/li>\n<\/ul>\n<p><b><u>Notas:<\/u><\/b><\/p>\n<ul>\n<li>Guarde em local fresco e seco a uma temperatura de 5 &#8211; 25 \u00b0 C.<\/li>\n<li>Proteger contra a luz solar direta.<\/li>\n<\/ul>\n<p><iframe loading=\"lazy\" class=\"note-video-clip\" src=\"https:\/\/www.youtube.com\/embed\/GyFB-JPxlFY\" width=\"640\" height=\"360\" frameborder=\"0\" data-mce-fragment=\"1\"><\/iframe><\/p>\n<p><iframe loading=\"lazy\" class=\"note-video-clip\" src=\"https:\/\/www.youtube.com\/embed\/T4-ZTRsvdk4\" width=\"640\" height=\"360\" frameborder=\"0\" data-mce-fragment=\"1\"><\/iframe><\/p>\n","protected":false},"excerpt":{"rendered":"<p>RRC INTERIOR DETAILER\u00a0\u00e9 uma f\u00f3rmula para limpeza r\u00e1pida e refrescante de pl\u00e1stico, borracha e superf\u00edcies de vinil do interior do seu veiculo. Al\u00e9m de propriedades de limpeza, o Interior Detailer&#8230;<\/p>\n","protected":false},"featured_media":6384,"comment_status":"open","ping_status":"closed","template":"","meta":[],"product_brand":[],"product_cat":[1733],"product_tag":[524,707,710,708],"class_list":{"0":"post-6383","1":"product","2":"type-product","3":"status-publish","4":"has-post-thumbnail","6":"product_cat-rr-customs-pt-pt","7":"product_tag-bnperfshop-pt-pt","8":"product_tag-rrc-pt-pt","9":"product_tag-detail","10":"product_tag-interior","12":"first","13":"instock","14":"taxable","15":"shipping-taxable","16":"purchasable","17":"product-type-simple","18":"add-to-wishlist-before_image"},"bundled_by":[],"bundle_stock_status":"instock","bundle_stock_quantity":null,"bundle_virtual":false,"bundle_layout":"","bundle_add_to_cart_form_location":"","bundle_editable_in_cart":false,"bundle_sold_individually_context":"","bundle_item_grouping":"","bundle_min_size":"","bundle_max_size":"","bundle_price":[],"bundled_items":[],"bundle_sell_ids":[],"exclude_global_add_ons":[],"addons":[],"yoast_head":"<!-- This site is optimized with the Yoast SEO Premium plugin v27.1 (Yoast SEO v27.3) - https:\/\/yoast.com\/product\/yoast-seo-premium-wordpress\/ -->\n<title>RRC Interior Detailer 5L - BNPERF<\/title>\n<meta name=\"robots\" content=\"index, follow, max-snippet:-1, max-image-preview:large, max-video-preview:-1\" \/>\n<link rel=\"canonical\" href=\"https:\/\/bnperf.com\/pt-pt\/produit\/rrc-interior-detailer-5l\/\" \/>\n<meta property=\"og:locale\" content=\"pt_PT\" \/>\n<meta property=\"og:type\" content=\"article\" \/>\n<meta property=\"og:title\" content=\"RRC Interior Detailer 5L\" \/>\n<meta property=\"og:description\" content=\"RRC INTERIOR DETAILER\u00a0\u00e9 uma f\u00f3rmula para limpeza r\u00e1pida e refrescante de pl\u00e1stico, borracha e superf\u00edcies de vinil do interior do seu veiculo. Al\u00e9m de propriedades de limpeza, o Interior Detailer...\" \/>\n<meta property=\"og:url\" content=\"https:\/\/bnperf.com\/pt-pt\/produit\/rrc-interior-detailer-5l\/\" \/>\n<meta property=\"og:site_name\" content=\"BNPERF\" \/>\n<meta property=\"article:publisher\" content=\"https:\/\/www.facebook.com\/bnperf\" \/>\n<meta property=\"article:modified_time\" content=\"2021-11-04T23:10:05+00:00\" \/>\n<meta property=\"og:image\" content=\"https:\/\/bnperf.com\/wp-content\/uploads\/2020\/11\/1-15.jpg\" \/>\n\t<meta property=\"og:image:width\" content=\"750\" \/>\n\t<meta property=\"og:image:height\" content=\"750\" \/>\n\t<meta property=\"og:image:type\" content=\"image\/jpeg\" \/>\n<meta name=\"twitter:card\" content=\"summary_large_image\" \/>\n<meta name=\"twitter:label1\" content=\"Tempo estimado de leitura\" \/>\n\t<meta name=\"twitter:data1\" content=\"1 minuto\" \/>\n<script type=\"application\/ld+json\" class=\"yoast-schema-graph\">{\"@context\":\"https:\\\/\\\/schema.org\",\"@graph\":[{\"@type\":\"WebPage\",\"@id\":\"https:\\\/\\\/bnperf.com\\\/pt-pt\\\/produit\\\/rrc-interior-detailer-5l\\\/\",\"url\":\"https:\\\/\\\/bnperf.com\\\/pt-pt\\\/produit\\\/rrc-interior-detailer-5l\\\/\",\"name\":\"RRC Interior Detailer 5L - BNPERF\",\"isPartOf\":{\"@id\":\"https:\\\/\\\/bnperf.com\\\/pt-pt\\\/#website\"},\"primaryImageOfPage\":{\"@id\":\"https:\\\/\\\/bnperf.com\\\/pt-pt\\\/produit\\\/rrc-interior-detailer-5l\\\/#primaryimage\"},\"image\":{\"@id\":\"https:\\\/\\\/bnperf.com\\\/pt-pt\\\/produit\\\/rrc-interior-detailer-5l\\\/#primaryimage\"},\"thumbnailUrl\":\"https:\\\/\\\/bnperf.com\\\/wp-content\\\/uploads\\\/2020\\\/11\\\/1-15.jpg\",\"datePublished\":\"2020-11-27T14:55:58+00:00\",\"dateModified\":\"2021-11-04T23:10:05+00:00\",\"breadcrumb\":{\"@id\":\"https:\\\/\\\/bnperf.com\\\/pt-pt\\\/produit\\\/rrc-interior-detailer-5l\\\/#breadcrumb\"},\"inLanguage\":\"pt-PT\",\"potentialAction\":[{\"@type\":\"ReadAction\",\"target\":[\"https:\\\/\\\/bnperf.com\\\/pt-pt\\\/produit\\\/rrc-interior-detailer-5l\\\/\"]}]},{\"@type\":\"ImageObject\",\"inLanguage\":\"pt-PT\",\"@id\":\"https:\\\/\\\/bnperf.com\\\/pt-pt\\\/produit\\\/rrc-interior-detailer-5l\\\/#primaryimage\",\"url\":\"https:\\\/\\\/bnperf.com\\\/wp-content\\\/uploads\\\/2020\\\/11\\\/1-15.jpg\",\"contentUrl\":\"https:\\\/\\\/bnperf.com\\\/wp-content\\\/uploads\\\/2020\\\/11\\\/1-15.jpg\",\"width\":750,\"height\":750},{\"@type\":\"BreadcrumbList\",\"@id\":\"https:\\\/\\\/bnperf.com\\\/pt-pt\\\/produit\\\/rrc-interior-detailer-5l\\\/#breadcrumb\",\"itemListElement\":[{\"@type\":\"ListItem\",\"position\":1,\"name\":\"Inicio\",\"item\":\"https:\\\/\\\/bnperf.com\\\/pt-pt\\\/inicio\\\/\"},{\"@type\":\"ListItem\",\"position\":2,\"name\":\"Loja\",\"item\":\"https:\\\/\\\/bnperf.com\\\/pt-pt\\\/loja\\\/\"},{\"@type\":\"ListItem\",\"position\":3,\"name\":\"RRC Interior Detailer 5L\"}]},{\"@type\":\"WebSite\",\"@id\":\"https:\\\/\\\/bnperf.com\\\/pt-pt\\\/#website\",\"url\":\"https:\\\/\\\/bnperf.com\\\/pt-pt\\\/\",\"name\":\"BNPERF\",\"description\":\"Votre Boutique Online ...\",\"publisher\":{\"@id\":\"https:\\\/\\\/bnperf.com\\\/pt-pt\\\/#organization\"},\"potentialAction\":[{\"@type\":\"SearchAction\",\"target\":{\"@type\":\"EntryPoint\",\"urlTemplate\":\"https:\\\/\\\/bnperf.com\\\/pt-pt\\\/?s={search_term_string}\"},\"query-input\":{\"@type\":\"PropertyValueSpecification\",\"valueRequired\":true,\"valueName\":\"search_term_string\"}}],\"inLanguage\":\"pt-PT\"},{\"@type\":\"Organization\",\"@id\":\"https:\\\/\\\/bnperf.com\\\/pt-pt\\\/#organization\",\"name\":\"BNPERF\",\"url\":\"https:\\\/\\\/bnperf.com\\\/pt-pt\\\/\",\"logo\":{\"@type\":\"ImageObject\",\"inLanguage\":\"pt-PT\",\"@id\":\"https:\\\/\\\/bnperf.com\\\/pt-pt\\\/#\\\/schema\\\/logo\\\/image\\\/\",\"url\":\"https:\\\/\\\/bnperf.com\\\/wp-content\\\/uploads\\\/2021\\\/10\\\/bnperf-logo.png\",\"contentUrl\":\"https:\\\/\\\/bnperf.com\\\/wp-content\\\/uploads\\\/2021\\\/10\\\/bnperf-logo.png\",\"width\":954,\"height\":300,\"caption\":\"BNPERF\"},\"image\":{\"@id\":\"https:\\\/\\\/bnperf.com\\\/pt-pt\\\/#\\\/schema\\\/logo\\\/image\\\/\"},\"sameAs\":[\"https:\\\/\\\/www.facebook.com\\\/bnperf\",\"https:\\\/\\\/www.instagram.com\\\/bnperf\"]}]}<\/script>\n<!-- \/ Yoast SEO Premium plugin. -->","yoast_head_json":{"title":"RRC Interior Detailer 5L - BNPERF","robots":{"index":"index","follow":"follow","max-snippet":"max-snippet:-1","max-image-preview":"max-image-preview:large","max-video-preview":"max-video-preview:-1"},"canonical":"https:\/\/bnperf.com\/pt-pt\/produit\/rrc-interior-detailer-5l\/","og_locale":"pt_PT","og_type":"article","og_title":"RRC Interior Detailer 5L","og_description":"RRC INTERIOR DETAILER\u00a0\u00e9 uma f\u00f3rmula para limpeza r\u00e1pida e refrescante de pl\u00e1stico, borracha e superf\u00edcies de vinil do interior do seu veiculo. Al\u00e9m de propriedades de limpeza, o Interior Detailer...","og_url":"https:\/\/bnperf.com\/pt-pt\/produit\/rrc-interior-detailer-5l\/","og_site_name":"BNPERF","article_publisher":"https:\/\/www.facebook.com\/bnperf","article_modified_time":"2021-11-04T23:10:05+00:00","og_image":[{"width":750,"height":750,"url":"https:\/\/bnperf.com\/wp-content\/uploads\/2020\/11\/1-15.jpg","type":"image\/jpeg"}],"twitter_card":"summary_large_image","twitter_misc":{"Tempo estimado de leitura":"1 minuto"},"schema":{"@context":"https:\/\/schema.org","@graph":[{"@type":"WebPage","@id":"https:\/\/bnperf.com\/pt-pt\/produit\/rrc-interior-detailer-5l\/","url":"https:\/\/bnperf.com\/pt-pt\/produit\/rrc-interior-detailer-5l\/","name":"RRC Interior Detailer 5L - BNPERF","isPartOf":{"@id":"https:\/\/bnperf.com\/pt-pt\/#website"},"primaryImageOfPage":{"@id":"https:\/\/bnperf.com\/pt-pt\/produit\/rrc-interior-detailer-5l\/#primaryimage"},"image":{"@id":"https:\/\/bnperf.com\/pt-pt\/produit\/rrc-interior-detailer-5l\/#primaryimage"},"thumbnailUrl":"https:\/\/bnperf.com\/wp-content\/uploads\/2020\/11\/1-15.jpg","datePublished":"2020-11-27T14:55:58+00:00","dateModified":"2021-11-04T23:10:05+00:00","breadcrumb":{"@id":"https:\/\/bnperf.com\/pt-pt\/produit\/rrc-interior-detailer-5l\/#breadcrumb"},"inLanguage":"pt-PT","potentialAction":[{"@type":"ReadAction","target":["https:\/\/bnperf.com\/pt-pt\/produit\/rrc-interior-detailer-5l\/"]}]},{"@type":"ImageObject","inLanguage":"pt-PT","@id":"https:\/\/bnperf.com\/pt-pt\/produit\/rrc-interior-detailer-5l\/#primaryimage","url":"https:\/\/bnperf.com\/wp-content\/uploads\/2020\/11\/1-15.jpg","contentUrl":"https:\/\/bnperf.com\/wp-content\/uploads\/2020\/11\/1-15.jpg","width":750,"height":750},{"@type":"BreadcrumbList","@id":"https:\/\/bnperf.com\/pt-pt\/produit\/rrc-interior-detailer-5l\/#breadcrumb","itemListElement":[{"@type":"ListItem","position":1,"name":"Inicio","item":"https:\/\/bnperf.com\/pt-pt\/inicio\/"},{"@type":"ListItem","position":2,"name":"Loja","item":"https:\/\/bnperf.com\/pt-pt\/loja\/"},{"@type":"ListItem","position":3,"name":"RRC Interior Detailer 5L"}]},{"@type":"WebSite","@id":"https:\/\/bnperf.com\/pt-pt\/#website","url":"https:\/\/bnperf.com\/pt-pt\/","name":"BNPERF","description":"Votre Boutique Online ...","publisher":{"@id":"https:\/\/bnperf.com\/pt-pt\/#organization"},"potentialAction":[{"@type":"SearchAction","target":{"@type":"EntryPoint","urlTemplate":"https:\/\/bnperf.com\/pt-pt\/?s={search_term_string}"},"query-input":{"@type":"PropertyValueSpecification","valueRequired":true,"valueName":"search_term_string"}}],"inLanguage":"pt-PT"},{"@type":"Organization","@id":"https:\/\/bnperf.com\/pt-pt\/#organization","name":"BNPERF","url":"https:\/\/bnperf.com\/pt-pt\/","logo":{"@type":"ImageObject","inLanguage":"pt-PT","@id":"https:\/\/bnperf.com\/pt-pt\/#\/schema\/logo\/image\/","url":"https:\/\/bnperf.com\/wp-content\/uploads\/2021\/10\/bnperf-logo.png","contentUrl":"https:\/\/bnperf.com\/wp-content\/uploads\/2021\/10\/bnperf-logo.png","width":954,"height":300,"caption":"BNPERF"},"image":{"@id":"https:\/\/bnperf.com\/pt-pt\/#\/schema\/logo\/image\/"},"sameAs":["https:\/\/www.facebook.com\/bnperf","https:\/\/www.instagram.com\/bnperf"]}]}},"tiered_pricing_type":"fixed","tiered_pricing_fixed_rules":[],"tiered_pricing_product_settings":{"layout":"default","base_unit_name":{"singular":null,"plural":null},"default_variation":null},"tiered_pricing_minimum_quantity":null,"tiered_pricing_roles_data":[],"tiered_pricing_percentage_rules":[],"_links":{"self":[{"href":"https:\/\/bnperf.com\/pt-pt\/wp-json\/wp\/v2\/product\/6383","targetHints":{"allow":["GET"]}}],"collection":[{"href":"https:\/\/bnperf.com\/pt-pt\/wp-json\/wp\/v2\/product"}],"about":[{"href":"https:\/\/bnperf.com\/pt-pt\/wp-json\/wp\/v2\/types\/product"}],"replies":[{"embeddable":true,"href":"https:\/\/bnperf.com\/pt-pt\/wp-json\/wp\/v2\/comments?post=6383"}],"wp:featuredmedia":[{"embeddable":true,"href":"https:\/\/bnperf.com\/pt-pt\/wp-json\/wp\/v2\/media\/6384"}],"wp:attachment":[{"href":"https:\/\/bnperf.com\/pt-pt\/wp-json\/wp\/v2\/media?parent=6383"}],"wp:term":[{"taxonomy":"product_brand","embeddable":true,"href":"https:\/\/bnperf.com\/pt-pt\/wp-json\/wp\/v2\/product_brand?post=6383"},{"taxonomy":"product_cat","embeddable":true,"href":"https:\/\/bnperf.com\/pt-pt\/wp-json\/wp\/v2\/product_cat?post=6383"},{"taxonomy":"product_tag","embeddable":true,"href":"https:\/\/bnperf.com\/pt-pt\/wp-json\/wp\/v2\/product_tag?post=6383"}],"curies":[{"name":"wp","href":"https:\/\/api.w.org\/{rel}","templated":true}]}}