{"id":6349,"date":"2020-11-27T15:38:31","date_gmt":"2020-11-27T14:38:31","guid":{"rendered":"http:\/\/bnperf.com\/?post_type=product&#038;p=6349"},"modified":"2021-11-05T00:05:10","modified_gmt":"2021-11-04T23:05:10","slug":"rrc-interior-cleaner-1l","status":"publish","type":"product","link":"https:\/\/bnperf.com\/pt-pt\/produit\/rrc-interior-cleaner-1l\/","title":{"rendered":"RRC Interior Cleaner 1L"},"content":{"rendered":"<p><span style=\"font-family: Verdana;\">O\u00a0<b>Interior Cleaner<\/b>\u00a0\u00e9 um produto de limpeza para tecidos de autom\u00f3veis. Est\u00e1 pronto a usar, n\u00e3o precisa diluir.\u00a0<\/span><\/p>\n<p><span style=\"font-family: Verdana;\">Dedicado \u00e0 limpeza de assentos de autom\u00f3veis, tapetes, forros de teto, pain\u00e9is de portas, material de couro sint\u00e9tico ou veludo. Com agrad\u00e1vel aroma \u201cIceberg\u201d.<\/span><\/p>\n<p><span style=\"font-family: Verdana;\">Embalagem de 1L<\/span><\/p>\n<p><span style=\"font-family: Verdana;\">\u00a0<\/span><\/p>\n<p><u><b><span style=\"font-family: Verdana;\">Como usar:<\/span><\/b><\/u><\/p>\n<ul>\n<li><span style=\"font-family: Verdana;\">Agite bem a garrafa antes de usar.<\/span><\/li>\n<li><span style=\"font-family: Verdana;\">Aplique em uma escova ou toalha de microfibra.<\/span><\/li>\n<li><span style=\"font-family: Verdana;\">Pode tamb\u00e9m aplicar diretamente na superf\u00edcie a limpar.<\/span><\/li>\n<li><span style=\"font-family: Verdana;\">Limpe com movimentos circulares ou com movimentos cruzados.<\/span><\/li>\n<li><span style=\"font-family: Verdana;\">Seque usando um pano de microfibra limpo.<\/span><\/li>\n<\/ul>\n<p><span style=\"color: #0000ff; font-family: Verdana;\"><b><a href=\"https:\/\/www.ventauto.pt\/RRCinteriorCleaner5L\" target=\"_blank\" rel=\"noopener noreferrer\">TAMB\u00c9M\u00a0DISPON\u00cdVEL\u00a0EM EMBALAGEM 5 LITROS<\/a><\/b><\/span><\/p>\n<p><iframe loading=\"lazy\" class=\"note-video-clip\" src=\"https:\/\/www.youtube.com\/embed\/__M2WtzhyI4\" width=\"640\" height=\"360\" frameborder=\"0\" data-mce-fragment=\"1\"><\/iframe>\u00a0<iframe loading=\"lazy\" class=\"note-video-clip\" src=\"https:\/\/www.youtube.com\/embed\/k_zvGlOE-Xk\" width=\"640\" height=\"360\" frameborder=\"0\" data-mce-fragment=\"1\"><\/iframe><span style=\"font-family: Verdana;\"><br \/>\n<\/span><\/p>\n","protected":false},"excerpt":{"rendered":"<p>O\u00a0Interior Cleaner\u00a0\u00e9 um produto de limpeza para tecidos de autom\u00f3veis. Est\u00e1 pronto a usar, n\u00e3o precisa diluir.\u00a0 Dedicado \u00e0 limpeza de assentos de autom\u00f3veis, tapetes, forros de teto, pain\u00e9is de&#8230;<\/p>\n","protected":false},"featured_media":6356,"comment_status":"open","ping_status":"closed","template":"","meta":[],"product_brand":[],"product_cat":[1733],"product_tag":[524,707,909,710,708],"class_list":{"0":"post-6349","1":"product","2":"type-product","3":"status-publish","4":"has-post-thumbnail","6":"product_cat-rr-customs-pt-pt","7":"product_tag-bnperfshop-pt-pt","8":"product_tag-rrc-pt-pt","9":"product_tag-cleaner","10":"product_tag-detail","11":"product_tag-interior","13":"first","14":"instock","15":"taxable","16":"shipping-taxable","17":"purchasable","18":"product-type-simple","19":"add-to-wishlist-before_image"},"bundled_by":[],"bundle_stock_status":"instock","bundle_stock_quantity":null,"bundle_virtual":false,"bundle_layout":"","bundle_add_to_cart_form_location":"","bundle_editable_in_cart":false,"bundle_sold_individually_context":"","bundle_item_grouping":"","bundle_min_size":"","bundle_max_size":"","bundle_price":[],"bundled_items":[],"bundle_sell_ids":[],"exclude_global_add_ons":[],"addons":[],"yoast_head":"<!-- This site is optimized with the Yoast SEO Premium plugin v27.4 (Yoast SEO v27.4) - https:\/\/yoast.com\/product\/yoast-seo-premium-wordpress\/ -->\n<title>RRC Interior Cleaner 1L - BNPERF<\/title>\n<meta name=\"robots\" content=\"index, follow, max-snippet:-1, max-image-preview:large, max-video-preview:-1\" \/>\n<link rel=\"canonical\" href=\"https:\/\/bnperf.com\/pt-pt\/produit\/rrc-interior-cleaner-1l\/\" \/>\n<meta property=\"og:locale\" content=\"pt_PT\" \/>\n<meta property=\"og:type\" content=\"article\" \/>\n<meta property=\"og:title\" content=\"RRC Interior Cleaner 1L\" \/>\n<meta property=\"og:description\" content=\"O\u00a0Interior Cleaner\u00a0\u00e9 um produto de limpeza para tecidos de autom\u00f3veis. Est\u00e1 pronto a usar, n\u00e3o precisa diluir.\u00a0 Dedicado \u00e0 limpeza de assentos de autom\u00f3veis, tapetes, forros de teto, pain\u00e9is de...\" \/>\n<meta property=\"og:url\" content=\"https:\/\/bnperf.com\/pt-pt\/produit\/rrc-interior-cleaner-1l\/\" \/>\n<meta property=\"og:site_name\" content=\"BNPERF\" \/>\n<meta property=\"article:publisher\" content=\"https:\/\/www.facebook.com\/bnperf\" \/>\n<meta property=\"article:modified_time\" content=\"2021-11-04T23:05:10+00:00\" \/>\n<meta property=\"og:image\" content=\"https:\/\/bnperf.com\/wp-content\/uploads\/2020\/11\/1-13.jpg\" \/>\n\t<meta property=\"og:image:width\" content=\"750\" \/>\n\t<meta property=\"og:image:height\" content=\"750\" \/>\n\t<meta property=\"og:image:type\" content=\"image\/jpeg\" \/>\n<meta name=\"twitter:card\" content=\"summary_large_image\" \/>\n<script type=\"application\/ld+json\" class=\"yoast-schema-graph\">{\"@context\":\"https:\\\/\\\/schema.org\",\"@graph\":[{\"@type\":\"WebPage\",\"@id\":\"https:\\\/\\\/bnperf.com\\\/pt-pt\\\/produit\\\/rrc-interior-cleaner-1l\\\/\",\"url\":\"https:\\\/\\\/bnperf.com\\\/pt-pt\\\/produit\\\/rrc-interior-cleaner-1l\\\/\",\"name\":\"RRC Interior Cleaner 1L - BNPERF\",\"isPartOf\":{\"@id\":\"https:\\\/\\\/bnperf.com\\\/pt-pt\\\/#website\"},\"primaryImageOfPage\":{\"@id\":\"https:\\\/\\\/bnperf.com\\\/pt-pt\\\/produit\\\/rrc-interior-cleaner-1l\\\/#primaryimage\"},\"image\":{\"@id\":\"https:\\\/\\\/bnperf.com\\\/pt-pt\\\/produit\\\/rrc-interior-cleaner-1l\\\/#primaryimage\"},\"thumbnailUrl\":\"https:\\\/\\\/bnperf.com\\\/wp-content\\\/uploads\\\/2020\\\/11\\\/1-13.jpg\",\"datePublished\":\"2020-11-27T14:38:31+00:00\",\"dateModified\":\"2021-11-04T23:05:10+00:00\",\"breadcrumb\":{\"@id\":\"https:\\\/\\\/bnperf.com\\\/pt-pt\\\/produit\\\/rrc-interior-cleaner-1l\\\/#breadcrumb\"},\"inLanguage\":\"pt-PT\",\"potentialAction\":[{\"@type\":\"ReadAction\",\"target\":[\"https:\\\/\\\/bnperf.com\\\/pt-pt\\\/produit\\\/rrc-interior-cleaner-1l\\\/\"]}]},{\"@type\":\"ImageObject\",\"inLanguage\":\"pt-PT\",\"@id\":\"https:\\\/\\\/bnperf.com\\\/pt-pt\\\/produit\\\/rrc-interior-cleaner-1l\\\/#primaryimage\",\"url\":\"https:\\\/\\\/bnperf.com\\\/wp-content\\\/uploads\\\/2020\\\/11\\\/1-13.jpg\",\"contentUrl\":\"https:\\\/\\\/bnperf.com\\\/wp-content\\\/uploads\\\/2020\\\/11\\\/1-13.jpg\",\"width\":750,\"height\":750},{\"@type\":\"BreadcrumbList\",\"@id\":\"https:\\\/\\\/bnperf.com\\\/pt-pt\\\/produit\\\/rrc-interior-cleaner-1l\\\/#breadcrumb\",\"itemListElement\":[{\"@type\":\"ListItem\",\"position\":1,\"name\":\"Inicio\",\"item\":\"https:\\\/\\\/bnperf.com\\\/pt-pt\\\/inicio\\\/\"},{\"@type\":\"ListItem\",\"position\":2,\"name\":\"Loja\",\"item\":\"https:\\\/\\\/bnperf.com\\\/pt-pt\\\/loja\\\/\"},{\"@type\":\"ListItem\",\"position\":3,\"name\":\"RRC Interior Cleaner 1L\"}]},{\"@type\":\"WebSite\",\"@id\":\"https:\\\/\\\/bnperf.com\\\/pt-pt\\\/#website\",\"url\":\"https:\\\/\\\/bnperf.com\\\/pt-pt\\\/\",\"name\":\"BNPERF\",\"description\":\"Votre Boutique Online ...\",\"publisher\":{\"@id\":\"https:\\\/\\\/bnperf.com\\\/pt-pt\\\/#organization\"},\"potentialAction\":[{\"@type\":\"SearchAction\",\"target\":{\"@type\":\"EntryPoint\",\"urlTemplate\":\"https:\\\/\\\/bnperf.com\\\/pt-pt\\\/?s={search_term_string}\"},\"query-input\":{\"@type\":\"PropertyValueSpecification\",\"valueRequired\":true,\"valueName\":\"search_term_string\"}}],\"inLanguage\":\"pt-PT\"},{\"@type\":\"Organization\",\"@id\":\"https:\\\/\\\/bnperf.com\\\/pt-pt\\\/#organization\",\"name\":\"BNPERF\",\"url\":\"https:\\\/\\\/bnperf.com\\\/pt-pt\\\/\",\"logo\":{\"@type\":\"ImageObject\",\"inLanguage\":\"pt-PT\",\"@id\":\"https:\\\/\\\/bnperf.com\\\/pt-pt\\\/#\\\/schema\\\/logo\\\/image\\\/\",\"url\":\"https:\\\/\\\/bnperf.com\\\/wp-content\\\/uploads\\\/2021\\\/10\\\/bnperf-logo.png\",\"contentUrl\":\"https:\\\/\\\/bnperf.com\\\/wp-content\\\/uploads\\\/2021\\\/10\\\/bnperf-logo.png\",\"width\":954,\"height\":300,\"caption\":\"BNPERF\"},\"image\":{\"@id\":\"https:\\\/\\\/bnperf.com\\\/pt-pt\\\/#\\\/schema\\\/logo\\\/image\\\/\"},\"sameAs\":[\"https:\\\/\\\/www.facebook.com\\\/bnperf\",\"https:\\\/\\\/www.instagram.com\\\/bnperf\"]}]}<\/script>\n<!-- \/ Yoast SEO Premium plugin. -->","yoast_head_json":{"title":"RRC Interior Cleaner 1L - BNPERF","robots":{"index":"index","follow":"follow","max-snippet":"max-snippet:-1","max-image-preview":"max-image-preview:large","max-video-preview":"max-video-preview:-1"},"canonical":"https:\/\/bnperf.com\/pt-pt\/produit\/rrc-interior-cleaner-1l\/","og_locale":"pt_PT","og_type":"article","og_title":"RRC Interior Cleaner 1L","og_description":"O\u00a0Interior Cleaner\u00a0\u00e9 um produto de limpeza para tecidos de autom\u00f3veis. Est\u00e1 pronto a usar, n\u00e3o precisa diluir.\u00a0 Dedicado \u00e0 limpeza de assentos de autom\u00f3veis, tapetes, forros de teto, pain\u00e9is de...","og_url":"https:\/\/bnperf.com\/pt-pt\/produit\/rrc-interior-cleaner-1l\/","og_site_name":"BNPERF","article_publisher":"https:\/\/www.facebook.com\/bnperf","article_modified_time":"2021-11-04T23:05:10+00:00","og_image":[{"width":750,"height":750,"url":"https:\/\/bnperf.com\/wp-content\/uploads\/2020\/11\/1-13.jpg","type":"image\/jpeg"}],"twitter_card":"summary_large_image","schema":{"@context":"https:\/\/schema.org","@graph":[{"@type":"WebPage","@id":"https:\/\/bnperf.com\/pt-pt\/produit\/rrc-interior-cleaner-1l\/","url":"https:\/\/bnperf.com\/pt-pt\/produit\/rrc-interior-cleaner-1l\/","name":"RRC Interior Cleaner 1L - BNPERF","isPartOf":{"@id":"https:\/\/bnperf.com\/pt-pt\/#website"},"primaryImageOfPage":{"@id":"https:\/\/bnperf.com\/pt-pt\/produit\/rrc-interior-cleaner-1l\/#primaryimage"},"image":{"@id":"https:\/\/bnperf.com\/pt-pt\/produit\/rrc-interior-cleaner-1l\/#primaryimage"},"thumbnailUrl":"https:\/\/bnperf.com\/wp-content\/uploads\/2020\/11\/1-13.jpg","datePublished":"2020-11-27T14:38:31+00:00","dateModified":"2021-11-04T23:05:10+00:00","breadcrumb":{"@id":"https:\/\/bnperf.com\/pt-pt\/produit\/rrc-interior-cleaner-1l\/#breadcrumb"},"inLanguage":"pt-PT","potentialAction":[{"@type":"ReadAction","target":["https:\/\/bnperf.com\/pt-pt\/produit\/rrc-interior-cleaner-1l\/"]}]},{"@type":"ImageObject","inLanguage":"pt-PT","@id":"https:\/\/bnperf.com\/pt-pt\/produit\/rrc-interior-cleaner-1l\/#primaryimage","url":"https:\/\/bnperf.com\/wp-content\/uploads\/2020\/11\/1-13.jpg","contentUrl":"https:\/\/bnperf.com\/wp-content\/uploads\/2020\/11\/1-13.jpg","width":750,"height":750},{"@type":"BreadcrumbList","@id":"https:\/\/bnperf.com\/pt-pt\/produit\/rrc-interior-cleaner-1l\/#breadcrumb","itemListElement":[{"@type":"ListItem","position":1,"name":"Inicio","item":"https:\/\/bnperf.com\/pt-pt\/inicio\/"},{"@type":"ListItem","position":2,"name":"Loja","item":"https:\/\/bnperf.com\/pt-pt\/loja\/"},{"@type":"ListItem","position":3,"name":"RRC Interior Cleaner 1L"}]},{"@type":"WebSite","@id":"https:\/\/bnperf.com\/pt-pt\/#website","url":"https:\/\/bnperf.com\/pt-pt\/","name":"BNPERF","description":"Votre Boutique Online ...","publisher":{"@id":"https:\/\/bnperf.com\/pt-pt\/#organization"},"potentialAction":[{"@type":"SearchAction","target":{"@type":"EntryPoint","urlTemplate":"https:\/\/bnperf.com\/pt-pt\/?s={search_term_string}"},"query-input":{"@type":"PropertyValueSpecification","valueRequired":true,"valueName":"search_term_string"}}],"inLanguage":"pt-PT"},{"@type":"Organization","@id":"https:\/\/bnperf.com\/pt-pt\/#organization","name":"BNPERF","url":"https:\/\/bnperf.com\/pt-pt\/","logo":{"@type":"ImageObject","inLanguage":"pt-PT","@id":"https:\/\/bnperf.com\/pt-pt\/#\/schema\/logo\/image\/","url":"https:\/\/bnperf.com\/wp-content\/uploads\/2021\/10\/bnperf-logo.png","contentUrl":"https:\/\/bnperf.com\/wp-content\/uploads\/2021\/10\/bnperf-logo.png","width":954,"height":300,"caption":"BNPERF"},"image":{"@id":"https:\/\/bnperf.com\/pt-pt\/#\/schema\/logo\/image\/"},"sameAs":["https:\/\/www.facebook.com\/bnperf","https:\/\/www.instagram.com\/bnperf"]}]}},"tiered_pricing_type":"fixed","tiered_pricing_fixed_rules":[],"tiered_pricing_product_settings":{"layout":"default","base_unit_name":{"singular":null,"plural":null},"default_variation":null},"tiered_pricing_minimum_quantity":null,"tiered_pricing_roles_data":[],"tiered_pricing_percentage_rules":[],"_links":{"self":[{"href":"https:\/\/bnperf.com\/pt-pt\/wp-json\/wp\/v2\/product\/6349","targetHints":{"allow":["GET"]}}],"collection":[{"href":"https:\/\/bnperf.com\/pt-pt\/wp-json\/wp\/v2\/product"}],"about":[{"href":"https:\/\/bnperf.com\/pt-pt\/wp-json\/wp\/v2\/types\/product"}],"replies":[{"embeddable":true,"href":"https:\/\/bnperf.com\/pt-pt\/wp-json\/wp\/v2\/comments?post=6349"}],"wp:featuredmedia":[{"embeddable":true,"href":"https:\/\/bnperf.com\/pt-pt\/wp-json\/wp\/v2\/media\/6356"}],"wp:attachment":[{"href":"https:\/\/bnperf.com\/pt-pt\/wp-json\/wp\/v2\/media?parent=6349"}],"wp:term":[{"taxonomy":"product_brand","embeddable":true,"href":"https:\/\/bnperf.com\/pt-pt\/wp-json\/wp\/v2\/product_brand?post=6349"},{"taxonomy":"product_cat","embeddable":true,"href":"https:\/\/bnperf.com\/pt-pt\/wp-json\/wp\/v2\/product_cat?post=6349"},{"taxonomy":"product_tag","embeddable":true,"href":"https:\/\/bnperf.com\/pt-pt\/wp-json\/wp\/v2\/product_tag?post=6349"}],"curies":[{"name":"wp","href":"https:\/\/api.w.org\/{rel}","templated":true}]}}