{"id":6265,"date":"2020-11-24T18:25:55","date_gmt":"2020-11-24T17:25:55","guid":{"rendered":"http:\/\/bnperf.com\/?post_type=product&#038;p=6265"},"modified":"2021-11-04T20:27:39","modified_gmt":"2021-11-04T19:27:39","slug":"rrc-shampoo-for-hybrid-wax-1l","status":"publish","type":"product","link":"https:\/\/bnperf.com\/pt-pt\/produit\/rrc-shampoo-for-hybrid-wax-1l\/","title":{"rendered":"RRC Shampoo For Hybrid Wax 1L"},"content":{"rendered":"<p><b>SHAMPOO RRC PARA HYBRID WAX<\/b><\/p>\n<p>\u00c9 um Shampoo com uma f\u00f3rmula especial, dedicada \u00e0 lavagem de carros protegidos com cera.<\/p>\n<p>O pH\u00a0<b>levemente alcalino<\/b>\u00a0limpa a superf\u00edcie da cera, permitindo que voc\u00ea aproveite o\u00a0<b>efeito de gota por mais tempo<\/b>, mantendo o efeito hidrof\u00f3bico.<\/p>\n<p>&nbsp;<\/p>\n<p><b><u>Instru\u00e7\u00f5es de uso:<\/u><\/b><\/p>\n<ul>\n<li>Lave o ve\u00edculo com \u00e1gua sob press\u00e3o;<\/li>\n<li>Para obter um melhor efeito, recomendamos o uso de RRC Active Foam.<\/li>\n<li>Prepare a solu\u00e7\u00e3o misturando o Shampoo com \u00e1gua, aproximadamente 25 ml em 10 l de \u00e1gua.<\/li>\n<li>Recomendamos lavar com o m\u00e9todo de &#8220;dois baldes&#8221;, come\u00e7ando no telhado, trabalhando para baixo usando uma luva de l\u00e3 RRC.<\/li>\n<li>Lave o ve\u00edculo com \u00e1gua\u00a0 para remover qualquer sujidade e detritos restantes.<\/li>\n<\/ul>\n<p>&nbsp;<\/p>\n<p><b><u>Notas:<\/u><\/b><\/p>\n<p>Antes da aplica\u00e7\u00e3o, verifique se a superf\u00edcie a ser limpa est\u00e1 fria, n\u00e3o lave o carro sob luz solar direta.<\/p>\n<p>Armazenar em local seco e fresco a uma temperatura de 5-25 \u00b0 C.<\/p>\n<p>N\u00e3o exponha o agente a congelamento ou superaquecimento.<\/p>\n<p>N\u00e3o deixe secar.<\/p>\n<p>Manter fora do alcance das crian\u00e7as.<\/p>\n","protected":false},"excerpt":{"rendered":"<p>SHAMPOO RRC PARA HYBRID WAX \u00c9 um Shampoo com uma f\u00f3rmula especial, dedicada \u00e0 lavagem de carros protegidos com cera. O pH\u00a0levemente alcalino\u00a0limpa a superf\u00edcie da cera, permitindo que voc\u00ea&#8230;<\/p>\n","protected":false},"featured_media":6266,"comment_status":"open","ping_status":"closed","template":"","meta":[],"product_brand":[],"product_cat":[1733],"product_tag":[524,724,722,932,845],"class_list":{"0":"post-6265","1":"product","2":"type-product","3":"status-publish","4":"has-post-thumbnail","6":"product_cat-rr-customs-pt-pt","7":"product_tag-bnperfshop-pt-pt","8":"product_tag-hybrid-pt-pt","9":"product_tag-wax-pt-pt","10":"product_tag-alcalino-pt-pt","11":"product_tag-shampoo-pt-pt","13":"first","14":"instock","15":"taxable","16":"shipping-taxable","17":"purchasable","18":"product-type-simple","19":"add-to-wishlist-before_image"},"bundled_by":[],"bundle_stock_status":"instock","bundle_stock_quantity":null,"bundle_virtual":false,"bundle_layout":"","bundle_add_to_cart_form_location":"","bundle_editable_in_cart":false,"bundle_sold_individually_context":"","bundle_item_grouping":"","bundle_min_size":"","bundle_max_size":"","bundle_price":[],"bundled_items":[],"bundle_sell_ids":[],"exclude_global_add_ons":[],"addons":[],"yoast_head":"<!-- This site is optimized with the Yoast SEO Premium plugin v27.4 (Yoast SEO v27.4) - https:\/\/yoast.com\/product\/yoast-seo-premium-wordpress\/ -->\n<title>RRC Shampoo For Hybrid Wax 1L - BNPERF<\/title>\n<meta name=\"robots\" content=\"index, follow, max-snippet:-1, max-image-preview:large, max-video-preview:-1\" \/>\n<link rel=\"canonical\" href=\"https:\/\/bnperf.com\/pt-pt\/produit\/rrc-shampoo-for-hybrid-wax-1l\/\" \/>\n<meta property=\"og:locale\" content=\"pt_PT\" \/>\n<meta property=\"og:type\" content=\"article\" \/>\n<meta property=\"og:title\" content=\"RRC Shampoo For Hybrid Wax 1L\" \/>\n<meta property=\"og:description\" content=\"SHAMPOO RRC PARA HYBRID WAX \u00c9 um Shampoo com uma f\u00f3rmula especial, dedicada \u00e0 lavagem de carros protegidos com cera. O pH\u00a0levemente alcalino\u00a0limpa a superf\u00edcie da cera, permitindo que voc\u00ea...\" \/>\n<meta property=\"og:url\" content=\"https:\/\/bnperf.com\/pt-pt\/produit\/rrc-shampoo-for-hybrid-wax-1l\/\" \/>\n<meta property=\"og:site_name\" content=\"BNPERF\" \/>\n<meta property=\"article:publisher\" content=\"https:\/\/www.facebook.com\/bnperf\" \/>\n<meta property=\"article:modified_time\" content=\"2021-11-04T19:27:39+00:00\" \/>\n<meta property=\"og:image\" content=\"https:\/\/bnperf.com\/wp-content\/uploads\/2020\/11\/1-4.png\" \/>\n\t<meta property=\"og:image:width\" content=\"750\" \/>\n\t<meta property=\"og:image:height\" content=\"750\" \/>\n\t<meta property=\"og:image:type\" content=\"image\/png\" \/>\n<meta name=\"twitter:card\" content=\"summary_large_image\" \/>\n<meta name=\"twitter:label1\" content=\"Tempo estimado de leitura\" \/>\n\t<meta name=\"twitter:data1\" content=\"1 minuto\" \/>\n<script type=\"application\/ld+json\" class=\"yoast-schema-graph\">{\"@context\":\"https:\\\/\\\/schema.org\",\"@graph\":[{\"@type\":\"WebPage\",\"@id\":\"https:\\\/\\\/bnperf.com\\\/pt-pt\\\/produit\\\/rrc-shampoo-for-hybrid-wax-1l\\\/\",\"url\":\"https:\\\/\\\/bnperf.com\\\/pt-pt\\\/produit\\\/rrc-shampoo-for-hybrid-wax-1l\\\/\",\"name\":\"RRC Shampoo For Hybrid Wax 1L - BNPERF\",\"isPartOf\":{\"@id\":\"https:\\\/\\\/bnperf.com\\\/pt-pt\\\/#website\"},\"primaryImageOfPage\":{\"@id\":\"https:\\\/\\\/bnperf.com\\\/pt-pt\\\/produit\\\/rrc-shampoo-for-hybrid-wax-1l\\\/#primaryimage\"},\"image\":{\"@id\":\"https:\\\/\\\/bnperf.com\\\/pt-pt\\\/produit\\\/rrc-shampoo-for-hybrid-wax-1l\\\/#primaryimage\"},\"thumbnailUrl\":\"https:\\\/\\\/bnperf.com\\\/wp-content\\\/uploads\\\/2020\\\/11\\\/1-4.png\",\"datePublished\":\"2020-11-24T17:25:55+00:00\",\"dateModified\":\"2021-11-04T19:27:39+00:00\",\"breadcrumb\":{\"@id\":\"https:\\\/\\\/bnperf.com\\\/pt-pt\\\/produit\\\/rrc-shampoo-for-hybrid-wax-1l\\\/#breadcrumb\"},\"inLanguage\":\"pt-PT\",\"potentialAction\":[{\"@type\":\"ReadAction\",\"target\":[\"https:\\\/\\\/bnperf.com\\\/pt-pt\\\/produit\\\/rrc-shampoo-for-hybrid-wax-1l\\\/\"]}]},{\"@type\":\"ImageObject\",\"inLanguage\":\"pt-PT\",\"@id\":\"https:\\\/\\\/bnperf.com\\\/pt-pt\\\/produit\\\/rrc-shampoo-for-hybrid-wax-1l\\\/#primaryimage\",\"url\":\"https:\\\/\\\/bnperf.com\\\/wp-content\\\/uploads\\\/2020\\\/11\\\/1-4.png\",\"contentUrl\":\"https:\\\/\\\/bnperf.com\\\/wp-content\\\/uploads\\\/2020\\\/11\\\/1-4.png\",\"width\":750,\"height\":750},{\"@type\":\"BreadcrumbList\",\"@id\":\"https:\\\/\\\/bnperf.com\\\/pt-pt\\\/produit\\\/rrc-shampoo-for-hybrid-wax-1l\\\/#breadcrumb\",\"itemListElement\":[{\"@type\":\"ListItem\",\"position\":1,\"name\":\"Inicio\",\"item\":\"https:\\\/\\\/bnperf.com\\\/pt-pt\\\/inicio\\\/\"},{\"@type\":\"ListItem\",\"position\":2,\"name\":\"Loja\",\"item\":\"https:\\\/\\\/bnperf.com\\\/pt-pt\\\/loja\\\/\"},{\"@type\":\"ListItem\",\"position\":3,\"name\":\"RRC Shampoo For Hybrid Wax 1L\"}]},{\"@type\":\"WebSite\",\"@id\":\"https:\\\/\\\/bnperf.com\\\/pt-pt\\\/#website\",\"url\":\"https:\\\/\\\/bnperf.com\\\/pt-pt\\\/\",\"name\":\"BNPERF\",\"description\":\"Votre Boutique Online ...\",\"publisher\":{\"@id\":\"https:\\\/\\\/bnperf.com\\\/pt-pt\\\/#organization\"},\"potentialAction\":[{\"@type\":\"SearchAction\",\"target\":{\"@type\":\"EntryPoint\",\"urlTemplate\":\"https:\\\/\\\/bnperf.com\\\/pt-pt\\\/?s={search_term_string}\"},\"query-input\":{\"@type\":\"PropertyValueSpecification\",\"valueRequired\":true,\"valueName\":\"search_term_string\"}}],\"inLanguage\":\"pt-PT\"},{\"@type\":\"Organization\",\"@id\":\"https:\\\/\\\/bnperf.com\\\/pt-pt\\\/#organization\",\"name\":\"BNPERF\",\"url\":\"https:\\\/\\\/bnperf.com\\\/pt-pt\\\/\",\"logo\":{\"@type\":\"ImageObject\",\"inLanguage\":\"pt-PT\",\"@id\":\"https:\\\/\\\/bnperf.com\\\/pt-pt\\\/#\\\/schema\\\/logo\\\/image\\\/\",\"url\":\"https:\\\/\\\/bnperf.com\\\/wp-content\\\/uploads\\\/2021\\\/10\\\/bnperf-logo.png\",\"contentUrl\":\"https:\\\/\\\/bnperf.com\\\/wp-content\\\/uploads\\\/2021\\\/10\\\/bnperf-logo.png\",\"width\":954,\"height\":300,\"caption\":\"BNPERF\"},\"image\":{\"@id\":\"https:\\\/\\\/bnperf.com\\\/pt-pt\\\/#\\\/schema\\\/logo\\\/image\\\/\"},\"sameAs\":[\"https:\\\/\\\/www.facebook.com\\\/bnperf\",\"https:\\\/\\\/www.instagram.com\\\/bnperf\"]}]}<\/script>\n<!-- \/ Yoast SEO Premium plugin. -->","yoast_head_json":{"title":"RRC Shampoo For Hybrid Wax 1L - BNPERF","robots":{"index":"index","follow":"follow","max-snippet":"max-snippet:-1","max-image-preview":"max-image-preview:large","max-video-preview":"max-video-preview:-1"},"canonical":"https:\/\/bnperf.com\/pt-pt\/produit\/rrc-shampoo-for-hybrid-wax-1l\/","og_locale":"pt_PT","og_type":"article","og_title":"RRC Shampoo For Hybrid Wax 1L","og_description":"SHAMPOO RRC PARA HYBRID WAX \u00c9 um Shampoo com uma f\u00f3rmula especial, dedicada \u00e0 lavagem de carros protegidos com cera. O pH\u00a0levemente alcalino\u00a0limpa a superf\u00edcie da cera, permitindo que voc\u00ea...","og_url":"https:\/\/bnperf.com\/pt-pt\/produit\/rrc-shampoo-for-hybrid-wax-1l\/","og_site_name":"BNPERF","article_publisher":"https:\/\/www.facebook.com\/bnperf","article_modified_time":"2021-11-04T19:27:39+00:00","og_image":[{"width":750,"height":750,"url":"https:\/\/bnperf.com\/wp-content\/uploads\/2020\/11\/1-4.png","type":"image\/png"}],"twitter_card":"summary_large_image","twitter_misc":{"Tempo estimado de leitura":"1 minuto"},"schema":{"@context":"https:\/\/schema.org","@graph":[{"@type":"WebPage","@id":"https:\/\/bnperf.com\/pt-pt\/produit\/rrc-shampoo-for-hybrid-wax-1l\/","url":"https:\/\/bnperf.com\/pt-pt\/produit\/rrc-shampoo-for-hybrid-wax-1l\/","name":"RRC Shampoo For Hybrid Wax 1L - BNPERF","isPartOf":{"@id":"https:\/\/bnperf.com\/pt-pt\/#website"},"primaryImageOfPage":{"@id":"https:\/\/bnperf.com\/pt-pt\/produit\/rrc-shampoo-for-hybrid-wax-1l\/#primaryimage"},"image":{"@id":"https:\/\/bnperf.com\/pt-pt\/produit\/rrc-shampoo-for-hybrid-wax-1l\/#primaryimage"},"thumbnailUrl":"https:\/\/bnperf.com\/wp-content\/uploads\/2020\/11\/1-4.png","datePublished":"2020-11-24T17:25:55+00:00","dateModified":"2021-11-04T19:27:39+00:00","breadcrumb":{"@id":"https:\/\/bnperf.com\/pt-pt\/produit\/rrc-shampoo-for-hybrid-wax-1l\/#breadcrumb"},"inLanguage":"pt-PT","potentialAction":[{"@type":"ReadAction","target":["https:\/\/bnperf.com\/pt-pt\/produit\/rrc-shampoo-for-hybrid-wax-1l\/"]}]},{"@type":"ImageObject","inLanguage":"pt-PT","@id":"https:\/\/bnperf.com\/pt-pt\/produit\/rrc-shampoo-for-hybrid-wax-1l\/#primaryimage","url":"https:\/\/bnperf.com\/wp-content\/uploads\/2020\/11\/1-4.png","contentUrl":"https:\/\/bnperf.com\/wp-content\/uploads\/2020\/11\/1-4.png","width":750,"height":750},{"@type":"BreadcrumbList","@id":"https:\/\/bnperf.com\/pt-pt\/produit\/rrc-shampoo-for-hybrid-wax-1l\/#breadcrumb","itemListElement":[{"@type":"ListItem","position":1,"name":"Inicio","item":"https:\/\/bnperf.com\/pt-pt\/inicio\/"},{"@type":"ListItem","position":2,"name":"Loja","item":"https:\/\/bnperf.com\/pt-pt\/loja\/"},{"@type":"ListItem","position":3,"name":"RRC Shampoo For Hybrid Wax 1L"}]},{"@type":"WebSite","@id":"https:\/\/bnperf.com\/pt-pt\/#website","url":"https:\/\/bnperf.com\/pt-pt\/","name":"BNPERF","description":"Votre Boutique Online ...","publisher":{"@id":"https:\/\/bnperf.com\/pt-pt\/#organization"},"potentialAction":[{"@type":"SearchAction","target":{"@type":"EntryPoint","urlTemplate":"https:\/\/bnperf.com\/pt-pt\/?s={search_term_string}"},"query-input":{"@type":"PropertyValueSpecification","valueRequired":true,"valueName":"search_term_string"}}],"inLanguage":"pt-PT"},{"@type":"Organization","@id":"https:\/\/bnperf.com\/pt-pt\/#organization","name":"BNPERF","url":"https:\/\/bnperf.com\/pt-pt\/","logo":{"@type":"ImageObject","inLanguage":"pt-PT","@id":"https:\/\/bnperf.com\/pt-pt\/#\/schema\/logo\/image\/","url":"https:\/\/bnperf.com\/wp-content\/uploads\/2021\/10\/bnperf-logo.png","contentUrl":"https:\/\/bnperf.com\/wp-content\/uploads\/2021\/10\/bnperf-logo.png","width":954,"height":300,"caption":"BNPERF"},"image":{"@id":"https:\/\/bnperf.com\/pt-pt\/#\/schema\/logo\/image\/"},"sameAs":["https:\/\/www.facebook.com\/bnperf","https:\/\/www.instagram.com\/bnperf"]}]}},"tiered_pricing_type":"fixed","tiered_pricing_fixed_rules":[],"tiered_pricing_product_settings":{"layout":"default","base_unit_name":{"singular":null,"plural":null},"default_variation":null},"tiered_pricing_minimum_quantity":null,"tiered_pricing_roles_data":[],"tiered_pricing_percentage_rules":[],"_links":{"self":[{"href":"https:\/\/bnperf.com\/pt-pt\/wp-json\/wp\/v2\/product\/6265","targetHints":{"allow":["GET"]}}],"collection":[{"href":"https:\/\/bnperf.com\/pt-pt\/wp-json\/wp\/v2\/product"}],"about":[{"href":"https:\/\/bnperf.com\/pt-pt\/wp-json\/wp\/v2\/types\/product"}],"replies":[{"embeddable":true,"href":"https:\/\/bnperf.com\/pt-pt\/wp-json\/wp\/v2\/comments?post=6265"}],"wp:featuredmedia":[{"embeddable":true,"href":"https:\/\/bnperf.com\/pt-pt\/wp-json\/wp\/v2\/media\/6266"}],"wp:attachment":[{"href":"https:\/\/bnperf.com\/pt-pt\/wp-json\/wp\/v2\/media?parent=6265"}],"wp:term":[{"taxonomy":"product_brand","embeddable":true,"href":"https:\/\/bnperf.com\/pt-pt\/wp-json\/wp\/v2\/product_brand?post=6265"},{"taxonomy":"product_cat","embeddable":true,"href":"https:\/\/bnperf.com\/pt-pt\/wp-json\/wp\/v2\/product_cat?post=6265"},{"taxonomy":"product_tag","embeddable":true,"href":"https:\/\/bnperf.com\/pt-pt\/wp-json\/wp\/v2\/product_tag?post=6265"}],"curies":[{"name":"wp","href":"https:\/\/api.w.org\/{rel}","templated":true}]}}