{"id":6060,"date":"2020-11-18T20:47:21","date_gmt":"2020-11-18T19:47:21","guid":{"rendered":"http:\/\/bnperf.com\/?post_type=product&#038;p=6060"},"modified":"2021-11-04T18:41:44","modified_gmt":"2021-11-04T17:41:44","slug":"rrc-active-shampoo-1l","status":"publish","type":"product","link":"https:\/\/bnperf.com\/pt-pt\/produit\/rrc-active-shampoo-1l\/","title":{"rendered":"RRC Active Shampoo 1L"},"content":{"rendered":"<p><span style=\"font-family: Verdana;\">O\u00a0<b>RRC\u00a0Active Shampoo\u00a0<\/b>\u00e9 um shampoo ligeiramente \u00e1cido que oferece uma maneira f\u00e1cil e segura de remover sujidade dif\u00edcil, lamas e remover contamina\u00e7\u00f5es minerais provocadas por chuvas \u00e1cidas, sistemas de rega ou outros res\u00edduos.<\/span><\/p>\n<p><span style=\"font-family: Verdana;\">Este shampoo cont\u00e9m aditivos que ajudam a manter as propriedades hidrof\u00f3bicas de revestimentos de ceras e cer\u00e2micos.<\/span><\/p>\n<p><span style=\"font-family: Verdana;\">A sua f\u00f3rmula cont\u00e9m uma emuls\u00e3o de \u00e1cidos nobres, que elimina a pel\u00edcula de contamina\u00e7\u00e3o e \u00e9 ao mesmo tempo delicado para a cera, selante ou revestimentos cer\u00e2micos.<\/span><\/p>\n<p><span style=\"font-family: Verdana;\">\u00a0<\/span><\/p>\n<p><span style=\"font-family: Verdana;\"><b><u>Instru\u00e7\u00f5es de uso:<\/u><\/b><\/span><\/p>\n<ul>\n<li><span style=\"font-family: Verdana;\">Lave o ve\u00edculo sob press\u00e3o com \u00e1gua ou para uma lavagem mais segura, recomendamos o uso de espuma ativa RRC.<\/span><\/li>\n<li><span style=\"font-family: Verdana;\">Adicione 25 ml de produto a 10 litros de \u00e1gua ou misture na propor\u00e7\u00e3o de dilui\u00e7\u00e3o de 1: 400.<\/span><\/li>\n<li><span style=\"font-family: Verdana;\">Recomendamos o m\u00e9todo de lavagem &#8220;dois baldes&#8221; a partir do telhado, descendo com a luva de lavagem, preferencialmente a VentAuto Double Wash Mitt.<\/span><\/li>\n<li><span style=\"font-family: Verdana;\">Lave o ve\u00edculo com \u00e1gua (de prefer\u00eancia com uma lavadora de alta press\u00e3o) para remover qualquer sujeira e sujeira restantes.<\/span><\/li>\n<\/ul>\n<p><span style=\"font-family: Verdana;\">\u00a0<\/span><img loading=\"lazy\" decoding=\"async\" class=\"\" src=\"https:\/\/www.ventauto.pt\/image\/catalog\/produtos\/_RRCUSTOMS\/active%20shampoo\/70281937_420904321742059_3732052801828683776_n.jpg\" width=\"418\" height=\"465\" \/><img loading=\"lazy\" decoding=\"async\" class=\"\" src=\"https:\/\/www.ventauto.pt\/image\/catalog\/produtos\/_RRCUSTOMS\/active%20shampoo\/70450373_420904318408726_7738014480080044032_n.jpg\" width=\"420\" height=\"466\" \/><img loading=\"lazy\" decoding=\"async\" class=\"\" src=\"https:\/\/www.ventauto.pt\/image\/catalog\/produtos\/_RRCUSTOMS\/active%20shampoo\/70848696_420904315075393_9204871078680199168_n.jpg\" width=\"412\" height=\"461\" \/><\/p>\n<p><span style=\"font-family: Verdana;\"><u><b>Notas:<\/b><\/u><\/span><\/p>\n<ul>\n<li><span style=\"font-family: Verdana;\">Para obter a consist\u00eancia de &#8220;espuma cremosa&#8221;, \u00e9 necess\u00e1rio usar uma lavadora de alta press\u00e3o ao misturar a \u00e1gua e o shampoo<\/span><\/li>\n<li><span style=\"font-family: Verdana;\">Antes da aplica\u00e7\u00e3o, verifique se a superf\u00edcie a ser limpa est\u00e1 fria ao toque e n\u00e3o lave o ve\u00edculo sob luz solar direta.<\/span><\/li>\n<li><span style=\"font-family: Verdana;\">Armazenar em local fresco e seco a 5 &#8211; 25 \u00b0 C.<\/span><\/li>\n<li><span style=\"font-family: Verdana;\">N\u00e3o permita que o produto congele ou aque\u00e7a.<\/span><\/li>\n<li><span style=\"font-family: Verdana;\">Sempre recoloque a tampa e n\u00e3o deixe o produto secar.<\/span><\/li>\n<li><span style=\"font-family: Verdana;\">Mantenha fora do alcance de crian\u00e7as.<\/span><\/li>\n<li><span style=\"font-family: Verdana;\">Em caso de intoxica\u00e7\u00e3o ligar 808 250 143<\/span><\/li>\n<\/ul>\n","protected":false},"excerpt":{"rendered":"<p>O\u00a0RRC\u00a0Active Shampoo\u00a0\u00e9 um shampoo ligeiramente \u00e1cido que oferece uma maneira f\u00e1cil e segura de remover sujidade dif\u00edcil, lamas e remover contamina\u00e7\u00f5es minerais provocadas por chuvas \u00e1cidas, sistemas de rega ou&#8230;<\/p>\n","protected":false},"featured_media":6061,"comment_status":"open","ping_status":"closed","template":"","meta":[],"product_brand":[],"product_cat":[1733],"product_tag":[524,707,702,843,844,845],"class_list":{"0":"post-6060","1":"product","2":"type-product","3":"status-publish","4":"has-post-thumbnail","6":"product_cat-rr-customs-pt-pt","7":"product_tag-bnperfshop-pt-pt","8":"product_tag-rrc-pt-pt","9":"product_tag-rrcustoms-pt-pt","10":"product_tag-active","11":"product_tag-descontaminacao","12":"product_tag-shampoo-pt-pt","14":"first","15":"instock","16":"taxable","17":"shipping-taxable","18":"purchasable","19":"product-type-simple","20":"add-to-wishlist-before_image"},"bundled_by":[],"bundle_stock_status":"instock","bundle_stock_quantity":null,"bundle_virtual":false,"bundle_layout":"","bundle_add_to_cart_form_location":"","bundle_editable_in_cart":false,"bundle_sold_individually_context":"","bundle_item_grouping":"","bundle_min_size":"","bundle_max_size":"","bundle_price":[],"bundled_items":[],"bundle_sell_ids":[],"exclude_global_add_ons":[],"addons":[],"yoast_head":"<!-- This site is optimized with the Yoast SEO Premium plugin v27.4 (Yoast SEO v27.4) - https:\/\/yoast.com\/product\/yoast-seo-premium-wordpress\/ -->\n<title>RRC Active Shampoo 1L - BNPERF<\/title>\n<meta name=\"robots\" content=\"index, follow, max-snippet:-1, max-image-preview:large, max-video-preview:-1\" \/>\n<link rel=\"canonical\" href=\"https:\/\/bnperf.com\/pt-pt\/produit\/rrc-active-shampoo-1l\/\" \/>\n<meta property=\"og:locale\" content=\"pt_PT\" \/>\n<meta property=\"og:type\" content=\"article\" \/>\n<meta property=\"og:title\" content=\"RRC Active Shampoo 1L\" \/>\n<meta property=\"og:description\" content=\"O\u00a0RRC\u00a0Active Shampoo\u00a0\u00e9 um shampoo ligeiramente \u00e1cido que oferece uma maneira f\u00e1cil e segura de remover sujidade dif\u00edcil, lamas e remover contamina\u00e7\u00f5es minerais provocadas por chuvas \u00e1cidas, sistemas de rega ou...\" \/>\n<meta property=\"og:url\" content=\"https:\/\/bnperf.com\/pt-pt\/produit\/rrc-active-shampoo-1l\/\" \/>\n<meta property=\"og:site_name\" content=\"BNPERF\" \/>\n<meta property=\"article:publisher\" content=\"https:\/\/www.facebook.com\/bnperf\" \/>\n<meta property=\"article:modified_time\" content=\"2021-11-04T17:41:44+00:00\" \/>\n<meta property=\"og:image\" content=\"https:\/\/bnperf.com\/wp-content\/uploads\/2020\/11\/pol_pl_RRC-ACTIVE-SHAMPOO-500-ml-Aktywny-szampon-500-ml-40_1-750x750-1.jpg\" \/>\n\t<meta property=\"og:image:width\" content=\"750\" \/>\n\t<meta property=\"og:image:height\" content=\"750\" \/>\n\t<meta property=\"og:image:type\" content=\"image\/jpeg\" \/>\n<meta name=\"twitter:card\" content=\"summary_large_image\" \/>\n<meta name=\"twitter:label1\" content=\"Tempo estimado de leitura\" \/>\n\t<meta name=\"twitter:data1\" content=\"2 minutos\" \/>\n<script type=\"application\/ld+json\" class=\"yoast-schema-graph\">{\"@context\":\"https:\\\/\\\/schema.org\",\"@graph\":[{\"@type\":\"WebPage\",\"@id\":\"https:\\\/\\\/bnperf.com\\\/pt-pt\\\/produit\\\/rrc-active-shampoo-1l\\\/\",\"url\":\"https:\\\/\\\/bnperf.com\\\/pt-pt\\\/produit\\\/rrc-active-shampoo-1l\\\/\",\"name\":\"RRC Active Shampoo 1L - BNPERF\",\"isPartOf\":{\"@id\":\"https:\\\/\\\/bnperf.com\\\/pt-pt\\\/#website\"},\"primaryImageOfPage\":{\"@id\":\"https:\\\/\\\/bnperf.com\\\/pt-pt\\\/produit\\\/rrc-active-shampoo-1l\\\/#primaryimage\"},\"image\":{\"@id\":\"https:\\\/\\\/bnperf.com\\\/pt-pt\\\/produit\\\/rrc-active-shampoo-1l\\\/#primaryimage\"},\"thumbnailUrl\":\"https:\\\/\\\/bnperf.com\\\/wp-content\\\/uploads\\\/2020\\\/11\\\/pol_pl_RRC-ACTIVE-SHAMPOO-500-ml-Aktywny-szampon-500-ml-40_1-750x750-1.jpg\",\"datePublished\":\"2020-11-18T19:47:21+00:00\",\"dateModified\":\"2021-11-04T17:41:44+00:00\",\"breadcrumb\":{\"@id\":\"https:\\\/\\\/bnperf.com\\\/pt-pt\\\/produit\\\/rrc-active-shampoo-1l\\\/#breadcrumb\"},\"inLanguage\":\"pt-PT\",\"potentialAction\":[{\"@type\":\"ReadAction\",\"target\":[\"https:\\\/\\\/bnperf.com\\\/pt-pt\\\/produit\\\/rrc-active-shampoo-1l\\\/\"]}]},{\"@type\":\"ImageObject\",\"inLanguage\":\"pt-PT\",\"@id\":\"https:\\\/\\\/bnperf.com\\\/pt-pt\\\/produit\\\/rrc-active-shampoo-1l\\\/#primaryimage\",\"url\":\"https:\\\/\\\/bnperf.com\\\/wp-content\\\/uploads\\\/2020\\\/11\\\/pol_pl_RRC-ACTIVE-SHAMPOO-500-ml-Aktywny-szampon-500-ml-40_1-750x750-1.jpg\",\"contentUrl\":\"https:\\\/\\\/bnperf.com\\\/wp-content\\\/uploads\\\/2020\\\/11\\\/pol_pl_RRC-ACTIVE-SHAMPOO-500-ml-Aktywny-szampon-500-ml-40_1-750x750-1.jpg\",\"width\":750,\"height\":750},{\"@type\":\"BreadcrumbList\",\"@id\":\"https:\\\/\\\/bnperf.com\\\/pt-pt\\\/produit\\\/rrc-active-shampoo-1l\\\/#breadcrumb\",\"itemListElement\":[{\"@type\":\"ListItem\",\"position\":1,\"name\":\"Inicio\",\"item\":\"https:\\\/\\\/bnperf.com\\\/pt-pt\\\/inicio\\\/\"},{\"@type\":\"ListItem\",\"position\":2,\"name\":\"Loja\",\"item\":\"https:\\\/\\\/bnperf.com\\\/pt-pt\\\/loja\\\/\"},{\"@type\":\"ListItem\",\"position\":3,\"name\":\"RRC Active Shampoo 1L\"}]},{\"@type\":\"WebSite\",\"@id\":\"https:\\\/\\\/bnperf.com\\\/pt-pt\\\/#website\",\"url\":\"https:\\\/\\\/bnperf.com\\\/pt-pt\\\/\",\"name\":\"BNPERF\",\"description\":\"Votre Boutique Online ...\",\"publisher\":{\"@id\":\"https:\\\/\\\/bnperf.com\\\/pt-pt\\\/#organization\"},\"potentialAction\":[{\"@type\":\"SearchAction\",\"target\":{\"@type\":\"EntryPoint\",\"urlTemplate\":\"https:\\\/\\\/bnperf.com\\\/pt-pt\\\/?s={search_term_string}\"},\"query-input\":{\"@type\":\"PropertyValueSpecification\",\"valueRequired\":true,\"valueName\":\"search_term_string\"}}],\"inLanguage\":\"pt-PT\"},{\"@type\":\"Organization\",\"@id\":\"https:\\\/\\\/bnperf.com\\\/pt-pt\\\/#organization\",\"name\":\"BNPERF\",\"url\":\"https:\\\/\\\/bnperf.com\\\/pt-pt\\\/\",\"logo\":{\"@type\":\"ImageObject\",\"inLanguage\":\"pt-PT\",\"@id\":\"https:\\\/\\\/bnperf.com\\\/pt-pt\\\/#\\\/schema\\\/logo\\\/image\\\/\",\"url\":\"https:\\\/\\\/bnperf.com\\\/wp-content\\\/uploads\\\/2021\\\/10\\\/bnperf-logo.png\",\"contentUrl\":\"https:\\\/\\\/bnperf.com\\\/wp-content\\\/uploads\\\/2021\\\/10\\\/bnperf-logo.png\",\"width\":954,\"height\":300,\"caption\":\"BNPERF\"},\"image\":{\"@id\":\"https:\\\/\\\/bnperf.com\\\/pt-pt\\\/#\\\/schema\\\/logo\\\/image\\\/\"},\"sameAs\":[\"https:\\\/\\\/www.facebook.com\\\/bnperf\",\"https:\\\/\\\/www.instagram.com\\\/bnperf\"]}]}<\/script>\n<!-- \/ Yoast SEO Premium plugin. -->","yoast_head_json":{"title":"RRC Active Shampoo 1L - BNPERF","robots":{"index":"index","follow":"follow","max-snippet":"max-snippet:-1","max-image-preview":"max-image-preview:large","max-video-preview":"max-video-preview:-1"},"canonical":"https:\/\/bnperf.com\/pt-pt\/produit\/rrc-active-shampoo-1l\/","og_locale":"pt_PT","og_type":"article","og_title":"RRC Active Shampoo 1L","og_description":"O\u00a0RRC\u00a0Active Shampoo\u00a0\u00e9 um shampoo ligeiramente \u00e1cido que oferece uma maneira f\u00e1cil e segura de remover sujidade dif\u00edcil, lamas e remover contamina\u00e7\u00f5es minerais provocadas por chuvas \u00e1cidas, sistemas de rega ou...","og_url":"https:\/\/bnperf.com\/pt-pt\/produit\/rrc-active-shampoo-1l\/","og_site_name":"BNPERF","article_publisher":"https:\/\/www.facebook.com\/bnperf","article_modified_time":"2021-11-04T17:41:44+00:00","og_image":[{"width":750,"height":750,"url":"https:\/\/bnperf.com\/wp-content\/uploads\/2020\/11\/pol_pl_RRC-ACTIVE-SHAMPOO-500-ml-Aktywny-szampon-500-ml-40_1-750x750-1.jpg","type":"image\/jpeg"}],"twitter_card":"summary_large_image","twitter_misc":{"Tempo estimado de leitura":"2 minutos"},"schema":{"@context":"https:\/\/schema.org","@graph":[{"@type":"WebPage","@id":"https:\/\/bnperf.com\/pt-pt\/produit\/rrc-active-shampoo-1l\/","url":"https:\/\/bnperf.com\/pt-pt\/produit\/rrc-active-shampoo-1l\/","name":"RRC Active Shampoo 1L - BNPERF","isPartOf":{"@id":"https:\/\/bnperf.com\/pt-pt\/#website"},"primaryImageOfPage":{"@id":"https:\/\/bnperf.com\/pt-pt\/produit\/rrc-active-shampoo-1l\/#primaryimage"},"image":{"@id":"https:\/\/bnperf.com\/pt-pt\/produit\/rrc-active-shampoo-1l\/#primaryimage"},"thumbnailUrl":"https:\/\/bnperf.com\/wp-content\/uploads\/2020\/11\/pol_pl_RRC-ACTIVE-SHAMPOO-500-ml-Aktywny-szampon-500-ml-40_1-750x750-1.jpg","datePublished":"2020-11-18T19:47:21+00:00","dateModified":"2021-11-04T17:41:44+00:00","breadcrumb":{"@id":"https:\/\/bnperf.com\/pt-pt\/produit\/rrc-active-shampoo-1l\/#breadcrumb"},"inLanguage":"pt-PT","potentialAction":[{"@type":"ReadAction","target":["https:\/\/bnperf.com\/pt-pt\/produit\/rrc-active-shampoo-1l\/"]}]},{"@type":"ImageObject","inLanguage":"pt-PT","@id":"https:\/\/bnperf.com\/pt-pt\/produit\/rrc-active-shampoo-1l\/#primaryimage","url":"https:\/\/bnperf.com\/wp-content\/uploads\/2020\/11\/pol_pl_RRC-ACTIVE-SHAMPOO-500-ml-Aktywny-szampon-500-ml-40_1-750x750-1.jpg","contentUrl":"https:\/\/bnperf.com\/wp-content\/uploads\/2020\/11\/pol_pl_RRC-ACTIVE-SHAMPOO-500-ml-Aktywny-szampon-500-ml-40_1-750x750-1.jpg","width":750,"height":750},{"@type":"BreadcrumbList","@id":"https:\/\/bnperf.com\/pt-pt\/produit\/rrc-active-shampoo-1l\/#breadcrumb","itemListElement":[{"@type":"ListItem","position":1,"name":"Inicio","item":"https:\/\/bnperf.com\/pt-pt\/inicio\/"},{"@type":"ListItem","position":2,"name":"Loja","item":"https:\/\/bnperf.com\/pt-pt\/loja\/"},{"@type":"ListItem","position":3,"name":"RRC Active Shampoo 1L"}]},{"@type":"WebSite","@id":"https:\/\/bnperf.com\/pt-pt\/#website","url":"https:\/\/bnperf.com\/pt-pt\/","name":"BNPERF","description":"Votre Boutique Online ...","publisher":{"@id":"https:\/\/bnperf.com\/pt-pt\/#organization"},"potentialAction":[{"@type":"SearchAction","target":{"@type":"EntryPoint","urlTemplate":"https:\/\/bnperf.com\/pt-pt\/?s={search_term_string}"},"query-input":{"@type":"PropertyValueSpecification","valueRequired":true,"valueName":"search_term_string"}}],"inLanguage":"pt-PT"},{"@type":"Organization","@id":"https:\/\/bnperf.com\/pt-pt\/#organization","name":"BNPERF","url":"https:\/\/bnperf.com\/pt-pt\/","logo":{"@type":"ImageObject","inLanguage":"pt-PT","@id":"https:\/\/bnperf.com\/pt-pt\/#\/schema\/logo\/image\/","url":"https:\/\/bnperf.com\/wp-content\/uploads\/2021\/10\/bnperf-logo.png","contentUrl":"https:\/\/bnperf.com\/wp-content\/uploads\/2021\/10\/bnperf-logo.png","width":954,"height":300,"caption":"BNPERF"},"image":{"@id":"https:\/\/bnperf.com\/pt-pt\/#\/schema\/logo\/image\/"},"sameAs":["https:\/\/www.facebook.com\/bnperf","https:\/\/www.instagram.com\/bnperf"]}]}},"tiered_pricing_type":"fixed","tiered_pricing_fixed_rules":[],"tiered_pricing_product_settings":{"layout":"default","base_unit_name":{"singular":null,"plural":null},"default_variation":null},"tiered_pricing_minimum_quantity":null,"tiered_pricing_roles_data":[],"tiered_pricing_percentage_rules":[],"_links":{"self":[{"href":"https:\/\/bnperf.com\/pt-pt\/wp-json\/wp\/v2\/product\/6060","targetHints":{"allow":["GET"]}}],"collection":[{"href":"https:\/\/bnperf.com\/pt-pt\/wp-json\/wp\/v2\/product"}],"about":[{"href":"https:\/\/bnperf.com\/pt-pt\/wp-json\/wp\/v2\/types\/product"}],"replies":[{"embeddable":true,"href":"https:\/\/bnperf.com\/pt-pt\/wp-json\/wp\/v2\/comments?post=6060"}],"wp:featuredmedia":[{"embeddable":true,"href":"https:\/\/bnperf.com\/pt-pt\/wp-json\/wp\/v2\/media\/6061"}],"wp:attachment":[{"href":"https:\/\/bnperf.com\/pt-pt\/wp-json\/wp\/v2\/media?parent=6060"}],"wp:term":[{"taxonomy":"product_brand","embeddable":true,"href":"https:\/\/bnperf.com\/pt-pt\/wp-json\/wp\/v2\/product_brand?post=6060"},{"taxonomy":"product_cat","embeddable":true,"href":"https:\/\/bnperf.com\/pt-pt\/wp-json\/wp\/v2\/product_cat?post=6060"},{"taxonomy":"product_tag","embeddable":true,"href":"https:\/\/bnperf.com\/pt-pt\/wp-json\/wp\/v2\/product_tag?post=6060"}],"curies":[{"name":"wp","href":"https:\/\/api.w.org\/{rel}","templated":true}]}}