{"id":6000,"date":"2018-11-20T17:38:12","date_gmt":"2018-11-20T16:38:12","guid":{"rendered":"http:\/\/bnperf.com\/produits\/4x-bicos-de-injetores-firad-1043-vw-seat-audi-pd-tdi\/"},"modified":"2025-04-11T21:39:00","modified_gmt":"2025-04-11T20:39:00","slug":"4x-bicos-de-injetores-firad-1043-vw-seat-audi-pd-tdi","status":"publish","type":"product","link":"https:\/\/bnperf.com\/pt-pt\/produit\/4x-bicos-de-injetores-firad-1043-vw-seat-audi-pd-tdi\/","title":{"rendered":"4x Bicos de Injetores Firad 1043 VW\/SEAT\/AUDI PD TDI"},"content":{"rendered":"","protected":false},"excerpt":{"rendered":"<p>4x Bicos de Injetores Firad 1043 para VW SEAT PD (105cv,130cp,150cp,160cv, mais debito do que de origem. Com estes bicos pode passar dos 250 aos 400 cv com motor PD. * *. Esta pot\u00eancia pode ser obtida com v\u00e1rias outras pe\u00e7as de desempenho e acess\u00f3rios.<\/p>\n","protected":false},"featured_media":31365,"comment_status":"open","ping_status":"closed","template":"","meta":[],"product_brand":[],"product_cat":[1802,1800,1791,1782],"product_tag":[551,812,809,574,573,810,544,807,558,811,808,588,532,534,523,552,550,528,529],"class_list":{"0":"post-6000","1":"product","2":"type-product","3":"status-publish","4":"has-post-thumbnail","6":"product_cat-bicos-injetores","7":"product_cat-injecao-diesel","8":"product_cat-motor","9":"product_cat-performance-pt-pt","10":"product_tag-1-9-pt-pt","11":"product_tag-1043-pt-pt","12":"product_tag-105-pt-pt","13":"product_tag-130-pt-pt","14":"product_tag-150-pt-pt","15":"product_tag-160-pt-pt-2","16":"product_tag-audi-pt-pt","17":"product_tag-bicos","18":"product_tag-cupra-pt-pt","19":"product_tag-firad-pt-pt","20":"product_tag-injetores","21":"product_tag-pd-pt-pt","22":"product_tag-seatibiza-pt-pt","23":"product_tag-sport-pt-pt","24":"product_tag-turbo-pt-pt","25":"product_tag-vw-pt-pt","26":"product_tag-6l-pt-pt","27":"product_tag-ibiza-pt-pt","28":"product_tag-seat-pt-pt","30":"first","31":"instock","32":"sale","33":"taxable","34":"shipping-taxable","35":"purchasable","36":"product-type-simple","37":"add-to-wishlist-before_image"},"bundled_by":[],"bundle_stock_status":"instock","bundle_stock_quantity":null,"bundle_virtual":false,"bundle_layout":"","bundle_add_to_cart_form_location":"","bundle_editable_in_cart":false,"bundle_sold_individually_context":"","bundle_item_grouping":"","bundle_min_size":"","bundle_max_size":"","bundle_price":[],"bundled_items":[],"bundle_sell_ids":[],"exclude_global_add_ons":[],"addons":[],"yoast_head":"<!-- This site is optimized with the Yoast SEO Premium plugin v27.4 (Yoast SEO v27.4) - https:\/\/yoast.com\/product\/yoast-seo-premium-wordpress\/ -->\n<title>4x Bicos de Injetores Firad 1043 VW\/SEAT\/AUDI PD TDI - BNPERF<\/title>\n<meta name=\"robots\" content=\"index, follow, max-snippet:-1, max-image-preview:large, max-video-preview:-1\" \/>\n<link rel=\"canonical\" href=\"https:\/\/bnperf.com\/pt-pt\/produit\/4x-bicos-de-injetores-firad-1043-vw-seat-audi-pd-tdi\/\" \/>\n<meta property=\"og:locale\" content=\"pt_PT\" \/>\n<meta property=\"og:type\" content=\"article\" \/>\n<meta property=\"og:title\" content=\"4x Bicos de Injetores Firad 1043 VW\/SEAT\/AUDI PD TDI\" \/>\n<meta property=\"og:description\" content=\"4x Bicos de Injetores Firad 1043 para VW SEAT PD (105cv,130cp,150cp,160cv, mais debito do que de origem. Com estes bicos pode passar dos 250 aos 400 cv com motor PD. * *. Esta pot\u00eancia pode ser obtida com v\u00e1rias outras pe\u00e7as de desempenho e acess\u00f3rios.\" \/>\n<meta property=\"og:url\" content=\"https:\/\/bnperf.com\/pt-pt\/produit\/4x-bicos-de-injetores-firad-1043-vw-seat-audi-pd-tdi\/\" \/>\n<meta property=\"og:site_name\" content=\"BNPERF\" \/>\n<meta property=\"article:publisher\" content=\"https:\/\/www.facebook.com\/bnperf\" \/>\n<meta property=\"article:modified_time\" content=\"2025-04-11T20:39:00+00:00\" \/>\n<meta property=\"og:image\" content=\"https:\/\/bnperf.com\/wp-content\/uploads\/2018\/11\/firad1.webp\" \/>\n\t<meta property=\"og:image:width\" content=\"800\" \/>\n\t<meta property=\"og:image:height\" content=\"800\" \/>\n\t<meta property=\"og:image:type\" content=\"image\/webp\" \/>\n<meta name=\"twitter:card\" content=\"summary_large_image\" \/>\n<script type=\"application\/ld+json\" class=\"yoast-schema-graph\">{\"@context\":\"https:\\\/\\\/schema.org\",\"@graph\":[{\"@type\":\"WebPage\",\"@id\":\"https:\\\/\\\/bnperf.com\\\/pt-pt\\\/produit\\\/4x-bicos-de-injetores-firad-1043-vw-seat-audi-pd-tdi\\\/\",\"url\":\"https:\\\/\\\/bnperf.com\\\/pt-pt\\\/produit\\\/4x-bicos-de-injetores-firad-1043-vw-seat-audi-pd-tdi\\\/\",\"name\":\"4x Bicos de Injetores Firad 1043 VW\\\/SEAT\\\/AUDI PD TDI - BNPERF\",\"isPartOf\":{\"@id\":\"https:\\\/\\\/bnperf.com\\\/pt-pt\\\/#website\"},\"primaryImageOfPage\":{\"@id\":\"https:\\\/\\\/bnperf.com\\\/pt-pt\\\/produit\\\/4x-bicos-de-injetores-firad-1043-vw-seat-audi-pd-tdi\\\/#primaryimage\"},\"image\":{\"@id\":\"https:\\\/\\\/bnperf.com\\\/pt-pt\\\/produit\\\/4x-bicos-de-injetores-firad-1043-vw-seat-audi-pd-tdi\\\/#primaryimage\"},\"thumbnailUrl\":\"https:\\\/\\\/bnperf.com\\\/wp-content\\\/uploads\\\/2018\\\/11\\\/firad1.webp\",\"datePublished\":\"2018-11-20T16:38:12+00:00\",\"dateModified\":\"2025-04-11T20:39:00+00:00\",\"breadcrumb\":{\"@id\":\"https:\\\/\\\/bnperf.com\\\/pt-pt\\\/produit\\\/4x-bicos-de-injetores-firad-1043-vw-seat-audi-pd-tdi\\\/#breadcrumb\"},\"inLanguage\":\"pt-PT\",\"potentialAction\":[{\"@type\":\"ReadAction\",\"target\":[\"https:\\\/\\\/bnperf.com\\\/pt-pt\\\/produit\\\/4x-bicos-de-injetores-firad-1043-vw-seat-audi-pd-tdi\\\/\"]}]},{\"@type\":\"ImageObject\",\"inLanguage\":\"pt-PT\",\"@id\":\"https:\\\/\\\/bnperf.com\\\/pt-pt\\\/produit\\\/4x-bicos-de-injetores-firad-1043-vw-seat-audi-pd-tdi\\\/#primaryimage\",\"url\":\"https:\\\/\\\/bnperf.com\\\/wp-content\\\/uploads\\\/2018\\\/11\\\/firad1.webp\",\"contentUrl\":\"https:\\\/\\\/bnperf.com\\\/wp-content\\\/uploads\\\/2018\\\/11\\\/firad1.webp\",\"width\":800,\"height\":800},{\"@type\":\"BreadcrumbList\",\"@id\":\"https:\\\/\\\/bnperf.com\\\/pt-pt\\\/produit\\\/4x-bicos-de-injetores-firad-1043-vw-seat-audi-pd-tdi\\\/#breadcrumb\",\"itemListElement\":[{\"@type\":\"ListItem\",\"position\":1,\"name\":\"Inicio\",\"item\":\"https:\\\/\\\/bnperf.com\\\/pt-pt\\\/inicio\\\/\"},{\"@type\":\"ListItem\",\"position\":2,\"name\":\"Loja\",\"item\":\"https:\\\/\\\/bnperf.com\\\/pt-pt\\\/loja\\\/\"},{\"@type\":\"ListItem\",\"position\":3,\"name\":\"4x Bicos de Injetores Firad 1043 VW\\\/SEAT\\\/AUDI PD TDI\"}]},{\"@type\":\"WebSite\",\"@id\":\"https:\\\/\\\/bnperf.com\\\/pt-pt\\\/#website\",\"url\":\"https:\\\/\\\/bnperf.com\\\/pt-pt\\\/\",\"name\":\"BNPERF\",\"description\":\"Votre Boutique Online ...\",\"publisher\":{\"@id\":\"https:\\\/\\\/bnperf.com\\\/pt-pt\\\/#organization\"},\"potentialAction\":[{\"@type\":\"SearchAction\",\"target\":{\"@type\":\"EntryPoint\",\"urlTemplate\":\"https:\\\/\\\/bnperf.com\\\/pt-pt\\\/?s={search_term_string}\"},\"query-input\":{\"@type\":\"PropertyValueSpecification\",\"valueRequired\":true,\"valueName\":\"search_term_string\"}}],\"inLanguage\":\"pt-PT\"},{\"@type\":\"Organization\",\"@id\":\"https:\\\/\\\/bnperf.com\\\/pt-pt\\\/#organization\",\"name\":\"BNPERF\",\"url\":\"https:\\\/\\\/bnperf.com\\\/pt-pt\\\/\",\"logo\":{\"@type\":\"ImageObject\",\"inLanguage\":\"pt-PT\",\"@id\":\"https:\\\/\\\/bnperf.com\\\/pt-pt\\\/#\\\/schema\\\/logo\\\/image\\\/\",\"url\":\"https:\\\/\\\/bnperf.com\\\/wp-content\\\/uploads\\\/2021\\\/10\\\/bnperf-logo.png\",\"contentUrl\":\"https:\\\/\\\/bnperf.com\\\/wp-content\\\/uploads\\\/2021\\\/10\\\/bnperf-logo.png\",\"width\":954,\"height\":300,\"caption\":\"BNPERF\"},\"image\":{\"@id\":\"https:\\\/\\\/bnperf.com\\\/pt-pt\\\/#\\\/schema\\\/logo\\\/image\\\/\"},\"sameAs\":[\"https:\\\/\\\/www.facebook.com\\\/bnperf\",\"https:\\\/\\\/www.instagram.com\\\/bnperf\"]}]}<\/script>\n<!-- \/ Yoast SEO Premium plugin. -->","yoast_head_json":{"title":"4x Bicos de Injetores Firad 1043 VW\/SEAT\/AUDI PD TDI - BNPERF","robots":{"index":"index","follow":"follow","max-snippet":"max-snippet:-1","max-image-preview":"max-image-preview:large","max-video-preview":"max-video-preview:-1"},"canonical":"https:\/\/bnperf.com\/pt-pt\/produit\/4x-bicos-de-injetores-firad-1043-vw-seat-audi-pd-tdi\/","og_locale":"pt_PT","og_type":"article","og_title":"4x Bicos de Injetores Firad 1043 VW\/SEAT\/AUDI PD TDI","og_description":"4x Bicos de Injetores Firad 1043 para VW SEAT PD (105cv,130cp,150cp,160cv, mais debito do que de origem. Com estes bicos pode passar dos 250 aos 400 cv com motor PD. * *. Esta pot\u00eancia pode ser obtida com v\u00e1rias outras pe\u00e7as de desempenho e acess\u00f3rios.","og_url":"https:\/\/bnperf.com\/pt-pt\/produit\/4x-bicos-de-injetores-firad-1043-vw-seat-audi-pd-tdi\/","og_site_name":"BNPERF","article_publisher":"https:\/\/www.facebook.com\/bnperf","article_modified_time":"2025-04-11T20:39:00+00:00","og_image":[{"width":800,"height":800,"url":"https:\/\/bnperf.com\/wp-content\/uploads\/2018\/11\/firad1.webp","type":"image\/webp"}],"twitter_card":"summary_large_image","schema":{"@context":"https:\/\/schema.org","@graph":[{"@type":"WebPage","@id":"https:\/\/bnperf.com\/pt-pt\/produit\/4x-bicos-de-injetores-firad-1043-vw-seat-audi-pd-tdi\/","url":"https:\/\/bnperf.com\/pt-pt\/produit\/4x-bicos-de-injetores-firad-1043-vw-seat-audi-pd-tdi\/","name":"4x Bicos de Injetores Firad 1043 VW\/SEAT\/AUDI PD TDI - BNPERF","isPartOf":{"@id":"https:\/\/bnperf.com\/pt-pt\/#website"},"primaryImageOfPage":{"@id":"https:\/\/bnperf.com\/pt-pt\/produit\/4x-bicos-de-injetores-firad-1043-vw-seat-audi-pd-tdi\/#primaryimage"},"image":{"@id":"https:\/\/bnperf.com\/pt-pt\/produit\/4x-bicos-de-injetores-firad-1043-vw-seat-audi-pd-tdi\/#primaryimage"},"thumbnailUrl":"https:\/\/bnperf.com\/wp-content\/uploads\/2018\/11\/firad1.webp","datePublished":"2018-11-20T16:38:12+00:00","dateModified":"2025-04-11T20:39:00+00:00","breadcrumb":{"@id":"https:\/\/bnperf.com\/pt-pt\/produit\/4x-bicos-de-injetores-firad-1043-vw-seat-audi-pd-tdi\/#breadcrumb"},"inLanguage":"pt-PT","potentialAction":[{"@type":"ReadAction","target":["https:\/\/bnperf.com\/pt-pt\/produit\/4x-bicos-de-injetores-firad-1043-vw-seat-audi-pd-tdi\/"]}]},{"@type":"ImageObject","inLanguage":"pt-PT","@id":"https:\/\/bnperf.com\/pt-pt\/produit\/4x-bicos-de-injetores-firad-1043-vw-seat-audi-pd-tdi\/#primaryimage","url":"https:\/\/bnperf.com\/wp-content\/uploads\/2018\/11\/firad1.webp","contentUrl":"https:\/\/bnperf.com\/wp-content\/uploads\/2018\/11\/firad1.webp","width":800,"height":800},{"@type":"BreadcrumbList","@id":"https:\/\/bnperf.com\/pt-pt\/produit\/4x-bicos-de-injetores-firad-1043-vw-seat-audi-pd-tdi\/#breadcrumb","itemListElement":[{"@type":"ListItem","position":1,"name":"Inicio","item":"https:\/\/bnperf.com\/pt-pt\/inicio\/"},{"@type":"ListItem","position":2,"name":"Loja","item":"https:\/\/bnperf.com\/pt-pt\/loja\/"},{"@type":"ListItem","position":3,"name":"4x Bicos de Injetores Firad 1043 VW\/SEAT\/AUDI PD TDI"}]},{"@type":"WebSite","@id":"https:\/\/bnperf.com\/pt-pt\/#website","url":"https:\/\/bnperf.com\/pt-pt\/","name":"BNPERF","description":"Votre Boutique Online ...","publisher":{"@id":"https:\/\/bnperf.com\/pt-pt\/#organization"},"potentialAction":[{"@type":"SearchAction","target":{"@type":"EntryPoint","urlTemplate":"https:\/\/bnperf.com\/pt-pt\/?s={search_term_string}"},"query-input":{"@type":"PropertyValueSpecification","valueRequired":true,"valueName":"search_term_string"}}],"inLanguage":"pt-PT"},{"@type":"Organization","@id":"https:\/\/bnperf.com\/pt-pt\/#organization","name":"BNPERF","url":"https:\/\/bnperf.com\/pt-pt\/","logo":{"@type":"ImageObject","inLanguage":"pt-PT","@id":"https:\/\/bnperf.com\/pt-pt\/#\/schema\/logo\/image\/","url":"https:\/\/bnperf.com\/wp-content\/uploads\/2021\/10\/bnperf-logo.png","contentUrl":"https:\/\/bnperf.com\/wp-content\/uploads\/2021\/10\/bnperf-logo.png","width":954,"height":300,"caption":"BNPERF"},"image":{"@id":"https:\/\/bnperf.com\/pt-pt\/#\/schema\/logo\/image\/"},"sameAs":["https:\/\/www.facebook.com\/bnperf","https:\/\/www.instagram.com\/bnperf"]}]}},"tiered_pricing_type":"fixed","tiered_pricing_fixed_rules":[],"tiered_pricing_product_settings":{"layout":"default","base_unit_name":{"singular":null,"plural":null},"default_variation":null},"tiered_pricing_minimum_quantity":null,"tiered_pricing_roles_data":[],"tiered_pricing_percentage_rules":[],"_links":{"self":[{"href":"https:\/\/bnperf.com\/pt-pt\/wp-json\/wp\/v2\/product\/6000","targetHints":{"allow":["GET"]}}],"collection":[{"href":"https:\/\/bnperf.com\/pt-pt\/wp-json\/wp\/v2\/product"}],"about":[{"href":"https:\/\/bnperf.com\/pt-pt\/wp-json\/wp\/v2\/types\/product"}],"replies":[{"embeddable":true,"href":"https:\/\/bnperf.com\/pt-pt\/wp-json\/wp\/v2\/comments?post=6000"}],"wp:featuredmedia":[{"embeddable":true,"href":"https:\/\/bnperf.com\/pt-pt\/wp-json\/wp\/v2\/media\/31365"}],"wp:attachment":[{"href":"https:\/\/bnperf.com\/pt-pt\/wp-json\/wp\/v2\/media?parent=6000"}],"wp:term":[{"taxonomy":"product_brand","embeddable":true,"href":"https:\/\/bnperf.com\/pt-pt\/wp-json\/wp\/v2\/product_brand?post=6000"},{"taxonomy":"product_cat","embeddable":true,"href":"https:\/\/bnperf.com\/pt-pt\/wp-json\/wp\/v2\/product_cat?post=6000"},{"taxonomy":"product_tag","embeddable":true,"href":"https:\/\/bnperf.com\/pt-pt\/wp-json\/wp\/v2\/product_tag?post=6000"}],"curies":[{"name":"wp","href":"https:\/\/api.w.org\/{rel}","templated":true}]}}