{"id":5864,"date":"2019-06-28T08:17:00","date_gmt":"2019-06-28T07:17:00","guid":{"rendered":"http:\/\/bnperf.com\/produits\/intercoler-reforcado-cupra\/"},"modified":"2023-08-25T08:37:56","modified_gmt":"2023-08-25T07:37:56","slug":"intercooler-cupra-reforcado","status":"publish","type":"product","link":"https:\/\/bnperf.com\/pt-pt\/produit\/intercooler-cupra-reforcado\/","title":{"rendered":"Intercooler Reforcado Cupra"},"content":{"rendered":"<p>Intercooler de ar para vw 1.9TDI seat Ibiza 6L upgrade<br \/>\nOs favos s\u00e3o maiores que os originais<br \/>\nOs intercoolers s\u00e3o testados sob 4 bars de press\u00e3o sem qualquer fuga<br \/>\nServi\u00e7o: OEM\/ODM<\/p>\n<p>Aplica\u00e7\u00e3o para:<br \/>\nPara o Seat Ibiza Mk4 1.9 130pD Diesel<br \/>\nPara Seat Ibiza Mk4 1.8 Turbo<br \/>\nPara Skoda Fabia VRS Diesel<br \/>\nPara VW Polo GTI 1.8 Turbo<\/p>\n<p><strong>N\u00e3o assumimos qualquer responsabilidade Na instala\u00e7\u00e3o . Uma instala\u00e7\u00e3o profissional \u00e9 altamente recomendada.<\/strong><\/p>\n<h3>Caracter\u00edsticas:<\/h3>\n<p>Comprimento: 540mm<\/p>\n<p>Altura: 390mm<\/p>\n<p>Largura: 70mm<\/p>\n<p>Entrada\/Sa\u00edda (di\u00e2metro): 60mm<\/p>\n<p>Principais Dimens\u00f5es :(390x390x60)<\/p>\n","protected":false},"excerpt":{"rendered":"<p>&nbsp;<\/p>\n<h3>Intercooler de Ar Refor\u00e7ado<\/h3>\n<p><strong>Kit de convers\u00e3o de intercooler interm\u00e9dio de montagem dianteira para Seat Sport Ibiza, Polo mk4 GTI 1.9 TDI <\/strong><\/p>\n","protected":false},"featured_media":12614,"comment_status":"open","ping_status":"closed","template":"","meta":[],"product_brand":[],"product_cat":[1815,1782,1813],"product_tag":[551,26906,524,558,561,622,532,534,523,550,528,529],"class_list":{"0":"post-5864","1":"product","2":"type-product","3":"status-publish","4":"has-post-thumbnail","6":"product_cat-intercoolers","7":"product_cat-performance-pt-pt","8":"product_cat-refrigeracao","9":"product_tag-1-9-pt-pt","10":"product_tag-bnperf-pt-pt","11":"product_tag-bnperfshop-pt-pt","12":"product_tag-cupra-pt-pt","13":"product_tag-fr-pt-pt","14":"product_tag-intercooler-pt-pt","15":"product_tag-seatibiza-pt-pt","16":"product_tag-sport-pt-pt","17":"product_tag-turbo-pt-pt","18":"product_tag-6l-pt-pt","19":"product_tag-ibiza-pt-pt","20":"product_tag-seat-pt-pt","22":"first","23":"onbackorder","24":"taxable","25":"shipping-taxable","26":"purchasable","27":"product-type-variable","28":"add-to-wishlist-before_image"},"bundled_by":[],"bundle_stock_status":"onbackorder","bundle_stock_quantity":null,"bundle_virtual":false,"bundle_layout":"","bundle_add_to_cart_form_location":"","bundle_editable_in_cart":false,"bundle_sold_individually_context":"","bundle_item_grouping":"","bundle_min_size":"","bundle_max_size":"","bundle_price":[],"bundled_items":[],"bundle_sell_ids":[],"exclude_global_add_ons":[],"addons":[],"yoast_head":"<!-- This site is optimized with the Yoast SEO Premium plugin v27.4 (Yoast SEO v27.4) - https:\/\/yoast.com\/product\/yoast-seo-premium-wordpress\/ -->\n<title>Intercooler Reforcado Cupra - BNPERF<\/title>\n<meta name=\"robots\" content=\"index, follow, max-snippet:-1, max-image-preview:large, max-video-preview:-1\" \/>\n<link rel=\"canonical\" href=\"https:\/\/bnperf.com\/pt-pt\/produit\/intercooler-cupra-reforcado\/\" \/>\n<meta property=\"og:locale\" content=\"pt_PT\" \/>\n<meta property=\"og:type\" content=\"article\" \/>\n<meta property=\"og:title\" content=\"Intercooler Reforcado Cupra\" \/>\n<meta property=\"og:description\" content=\"&nbsp; Intercooler de Ar Refor\u00e7ado Kit de convers\u00e3o de intercooler interm\u00e9dio de montagem dianteira para Seat Sport Ibiza, Polo mk4 GTI 1.9 TDI\" \/>\n<meta property=\"og:url\" content=\"https:\/\/bnperf.com\/pt-pt\/produit\/intercooler-cupra-reforcado\/\" \/>\n<meta property=\"og:site_name\" content=\"BNPERF\" \/>\n<meta property=\"article:publisher\" content=\"https:\/\/www.facebook.com\/bnperf\" \/>\n<meta property=\"article:modified_time\" content=\"2023-08-25T07:37:56+00:00\" \/>\n<meta property=\"og:image\" content=\"https:\/\/bnperf.com\/wp-content\/uploads\/2019\/06\/ic-Cupra-1.jpg\" \/>\n\t<meta property=\"og:image:width\" content=\"1000\" \/>\n\t<meta property=\"og:image:height\" content=\"1000\" \/>\n\t<meta property=\"og:image:type\" content=\"image\/jpeg\" \/>\n<meta name=\"twitter:card\" content=\"summary_large_image\" \/>\n<script type=\"application\/ld+json\" class=\"yoast-schema-graph\">{\"@context\":\"https:\\\/\\\/schema.org\",\"@graph\":[{\"@type\":\"WebPage\",\"@id\":\"https:\\\/\\\/bnperf.com\\\/pt-pt\\\/produit\\\/intercooler-cupra-reforcado\\\/\",\"url\":\"https:\\\/\\\/bnperf.com\\\/pt-pt\\\/produit\\\/intercooler-cupra-reforcado\\\/\",\"name\":\"Intercooler Reforcado Cupra - BNPERF\",\"isPartOf\":{\"@id\":\"https:\\\/\\\/bnperf.com\\\/pt-pt\\\/#website\"},\"primaryImageOfPage\":{\"@id\":\"https:\\\/\\\/bnperf.com\\\/pt-pt\\\/produit\\\/intercooler-cupra-reforcado\\\/#primaryimage\"},\"image\":{\"@id\":\"https:\\\/\\\/bnperf.com\\\/pt-pt\\\/produit\\\/intercooler-cupra-reforcado\\\/#primaryimage\"},\"thumbnailUrl\":\"https:\\\/\\\/bnperf.com\\\/wp-content\\\/uploads\\\/2019\\\/06\\\/ic-Cupra-1.jpg\",\"datePublished\":\"2019-06-28T07:17:00+00:00\",\"dateModified\":\"2023-08-25T07:37:56+00:00\",\"breadcrumb\":{\"@id\":\"https:\\\/\\\/bnperf.com\\\/pt-pt\\\/produit\\\/intercooler-cupra-reforcado\\\/#breadcrumb\"},\"inLanguage\":\"pt-PT\",\"potentialAction\":[{\"@type\":\"ReadAction\",\"target\":[\"https:\\\/\\\/bnperf.com\\\/pt-pt\\\/produit\\\/intercooler-cupra-reforcado\\\/\"]}]},{\"@type\":\"ImageObject\",\"inLanguage\":\"pt-PT\",\"@id\":\"https:\\\/\\\/bnperf.com\\\/pt-pt\\\/produit\\\/intercooler-cupra-reforcado\\\/#primaryimage\",\"url\":\"https:\\\/\\\/bnperf.com\\\/wp-content\\\/uploads\\\/2019\\\/06\\\/ic-Cupra-1.jpg\",\"contentUrl\":\"https:\\\/\\\/bnperf.com\\\/wp-content\\\/uploads\\\/2019\\\/06\\\/ic-Cupra-1.jpg\",\"width\":1000,\"height\":1000},{\"@type\":\"BreadcrumbList\",\"@id\":\"https:\\\/\\\/bnperf.com\\\/pt-pt\\\/produit\\\/intercooler-cupra-reforcado\\\/#breadcrumb\",\"itemListElement\":[{\"@type\":\"ListItem\",\"position\":1,\"name\":\"Inicio\",\"item\":\"https:\\\/\\\/bnperf.com\\\/pt-pt\\\/inicio\\\/\"},{\"@type\":\"ListItem\",\"position\":2,\"name\":\"Loja\",\"item\":\"https:\\\/\\\/bnperf.com\\\/pt-pt\\\/loja\\\/\"},{\"@type\":\"ListItem\",\"position\":3,\"name\":\"Intercooler Reforcado Cupra\"}]},{\"@type\":\"WebSite\",\"@id\":\"https:\\\/\\\/bnperf.com\\\/pt-pt\\\/#website\",\"url\":\"https:\\\/\\\/bnperf.com\\\/pt-pt\\\/\",\"name\":\"BNPERF\",\"description\":\"Votre Boutique Online ...\",\"publisher\":{\"@id\":\"https:\\\/\\\/bnperf.com\\\/pt-pt\\\/#organization\"},\"potentialAction\":[{\"@type\":\"SearchAction\",\"target\":{\"@type\":\"EntryPoint\",\"urlTemplate\":\"https:\\\/\\\/bnperf.com\\\/pt-pt\\\/?s={search_term_string}\"},\"query-input\":{\"@type\":\"PropertyValueSpecification\",\"valueRequired\":true,\"valueName\":\"search_term_string\"}}],\"inLanguage\":\"pt-PT\"},{\"@type\":\"Organization\",\"@id\":\"https:\\\/\\\/bnperf.com\\\/pt-pt\\\/#organization\",\"name\":\"BNPERF\",\"url\":\"https:\\\/\\\/bnperf.com\\\/pt-pt\\\/\",\"logo\":{\"@type\":\"ImageObject\",\"inLanguage\":\"pt-PT\",\"@id\":\"https:\\\/\\\/bnperf.com\\\/pt-pt\\\/#\\\/schema\\\/logo\\\/image\\\/\",\"url\":\"https:\\\/\\\/bnperf.com\\\/wp-content\\\/uploads\\\/2021\\\/10\\\/bnperf-logo.png\",\"contentUrl\":\"https:\\\/\\\/bnperf.com\\\/wp-content\\\/uploads\\\/2021\\\/10\\\/bnperf-logo.png\",\"width\":954,\"height\":300,\"caption\":\"BNPERF\"},\"image\":{\"@id\":\"https:\\\/\\\/bnperf.com\\\/pt-pt\\\/#\\\/schema\\\/logo\\\/image\\\/\"},\"sameAs\":[\"https:\\\/\\\/www.facebook.com\\\/bnperf\",\"https:\\\/\\\/www.instagram.com\\\/bnperf\"]}]}<\/script>\n<!-- \/ Yoast SEO Premium plugin. -->","yoast_head_json":{"title":"Intercooler Reforcado Cupra - BNPERF","robots":{"index":"index","follow":"follow","max-snippet":"max-snippet:-1","max-image-preview":"max-image-preview:large","max-video-preview":"max-video-preview:-1"},"canonical":"https:\/\/bnperf.com\/pt-pt\/produit\/intercooler-cupra-reforcado\/","og_locale":"pt_PT","og_type":"article","og_title":"Intercooler Reforcado Cupra","og_description":"&nbsp; Intercooler de Ar Refor\u00e7ado Kit de convers\u00e3o de intercooler interm\u00e9dio de montagem dianteira para Seat Sport Ibiza, Polo mk4 GTI 1.9 TDI","og_url":"https:\/\/bnperf.com\/pt-pt\/produit\/intercooler-cupra-reforcado\/","og_site_name":"BNPERF","article_publisher":"https:\/\/www.facebook.com\/bnperf","article_modified_time":"2023-08-25T07:37:56+00:00","og_image":[{"width":1000,"height":1000,"url":"https:\/\/bnperf.com\/wp-content\/uploads\/2019\/06\/ic-Cupra-1.jpg","type":"image\/jpeg"}],"twitter_card":"summary_large_image","schema":{"@context":"https:\/\/schema.org","@graph":[{"@type":"WebPage","@id":"https:\/\/bnperf.com\/pt-pt\/produit\/intercooler-cupra-reforcado\/","url":"https:\/\/bnperf.com\/pt-pt\/produit\/intercooler-cupra-reforcado\/","name":"Intercooler Reforcado Cupra - BNPERF","isPartOf":{"@id":"https:\/\/bnperf.com\/pt-pt\/#website"},"primaryImageOfPage":{"@id":"https:\/\/bnperf.com\/pt-pt\/produit\/intercooler-cupra-reforcado\/#primaryimage"},"image":{"@id":"https:\/\/bnperf.com\/pt-pt\/produit\/intercooler-cupra-reforcado\/#primaryimage"},"thumbnailUrl":"https:\/\/bnperf.com\/wp-content\/uploads\/2019\/06\/ic-Cupra-1.jpg","datePublished":"2019-06-28T07:17:00+00:00","dateModified":"2023-08-25T07:37:56+00:00","breadcrumb":{"@id":"https:\/\/bnperf.com\/pt-pt\/produit\/intercooler-cupra-reforcado\/#breadcrumb"},"inLanguage":"pt-PT","potentialAction":[{"@type":"ReadAction","target":["https:\/\/bnperf.com\/pt-pt\/produit\/intercooler-cupra-reforcado\/"]}]},{"@type":"ImageObject","inLanguage":"pt-PT","@id":"https:\/\/bnperf.com\/pt-pt\/produit\/intercooler-cupra-reforcado\/#primaryimage","url":"https:\/\/bnperf.com\/wp-content\/uploads\/2019\/06\/ic-Cupra-1.jpg","contentUrl":"https:\/\/bnperf.com\/wp-content\/uploads\/2019\/06\/ic-Cupra-1.jpg","width":1000,"height":1000},{"@type":"BreadcrumbList","@id":"https:\/\/bnperf.com\/pt-pt\/produit\/intercooler-cupra-reforcado\/#breadcrumb","itemListElement":[{"@type":"ListItem","position":1,"name":"Inicio","item":"https:\/\/bnperf.com\/pt-pt\/inicio\/"},{"@type":"ListItem","position":2,"name":"Loja","item":"https:\/\/bnperf.com\/pt-pt\/loja\/"},{"@type":"ListItem","position":3,"name":"Intercooler Reforcado Cupra"}]},{"@type":"WebSite","@id":"https:\/\/bnperf.com\/pt-pt\/#website","url":"https:\/\/bnperf.com\/pt-pt\/","name":"BNPERF","description":"Votre Boutique Online ...","publisher":{"@id":"https:\/\/bnperf.com\/pt-pt\/#organization"},"potentialAction":[{"@type":"SearchAction","target":{"@type":"EntryPoint","urlTemplate":"https:\/\/bnperf.com\/pt-pt\/?s={search_term_string}"},"query-input":{"@type":"PropertyValueSpecification","valueRequired":true,"valueName":"search_term_string"}}],"inLanguage":"pt-PT"},{"@type":"Organization","@id":"https:\/\/bnperf.com\/pt-pt\/#organization","name":"BNPERF","url":"https:\/\/bnperf.com\/pt-pt\/","logo":{"@type":"ImageObject","inLanguage":"pt-PT","@id":"https:\/\/bnperf.com\/pt-pt\/#\/schema\/logo\/image\/","url":"https:\/\/bnperf.com\/wp-content\/uploads\/2021\/10\/bnperf-logo.png","contentUrl":"https:\/\/bnperf.com\/wp-content\/uploads\/2021\/10\/bnperf-logo.png","width":954,"height":300,"caption":"BNPERF"},"image":{"@id":"https:\/\/bnperf.com\/pt-pt\/#\/schema\/logo\/image\/"},"sameAs":["https:\/\/www.facebook.com\/bnperf","https:\/\/www.instagram.com\/bnperf"]}]}},"tiered_pricing_type":"fixed","tiered_pricing_fixed_rules":[],"tiered_pricing_product_settings":{"layout":"default","base_unit_name":{"singular":null,"plural":null},"default_variation":null},"tiered_pricing_minimum_quantity":null,"tiered_pricing_roles_data":[],"tiered_pricing_percentage_rules":[],"_links":{"self":[{"href":"https:\/\/bnperf.com\/pt-pt\/wp-json\/wp\/v2\/product\/5864","targetHints":{"allow":["GET"]}}],"collection":[{"href":"https:\/\/bnperf.com\/pt-pt\/wp-json\/wp\/v2\/product"}],"about":[{"href":"https:\/\/bnperf.com\/pt-pt\/wp-json\/wp\/v2\/types\/product"}],"replies":[{"embeddable":true,"href":"https:\/\/bnperf.com\/pt-pt\/wp-json\/wp\/v2\/comments?post=5864"}],"wp:featuredmedia":[{"embeddable":true,"href":"https:\/\/bnperf.com\/pt-pt\/wp-json\/wp\/v2\/media\/12614"}],"wp:attachment":[{"href":"https:\/\/bnperf.com\/pt-pt\/wp-json\/wp\/v2\/media?parent=5864"}],"wp:term":[{"taxonomy":"product_brand","embeddable":true,"href":"https:\/\/bnperf.com\/pt-pt\/wp-json\/wp\/v2\/product_brand?post=5864"},{"taxonomy":"product_cat","embeddable":true,"href":"https:\/\/bnperf.com\/pt-pt\/wp-json\/wp\/v2\/product_cat?post=5864"},{"taxonomy":"product_tag","embeddable":true,"href":"https:\/\/bnperf.com\/pt-pt\/wp-json\/wp\/v2\/product_tag?post=5864"}],"curies":[{"name":"wp","href":"https:\/\/api.w.org\/{rel}","templated":true}]}}