{"id":5772,"date":"2020-11-01T22:26:52","date_gmt":"2020-11-01T21:33:41","guid":{"rendered":"http:\/\/bnperf.com\/produits\/tubo-de-oleo-reforcado-em-malha-de-aco-para-1-9-tdi\/"},"modified":"2025-03-11T21:30:22","modified_gmt":"2025-03-11T20:30:22","slug":"tubo-de-oleo-reforcado-malha-de-aco-para-1-9-tdi","status":"publish","type":"product","link":"https:\/\/bnperf.com\/pt-pt\/produit\/tubo-de-oleo-reforcado-malha-de-aco-para-1-9-tdi\/","title":{"rendered":"Tubo de Oleo Refor\u00e7ado em Malha de A\u00e7o para 1.9 tdi (Turbo a Rolamentos)"},"content":{"rendered":"<p>Comprimento do Tubo: 100mm<\/p>\n<p>Di\u00e2metro do tubo: 8mm<\/p>\n<p style=\"font-weight: 400;\"><u>VANTAGENS DOS TUBOS DE MALHA DE A\u00c7O :<\/u><\/p>\n<p style=\"font-weight: 400;\">Sem corros\u00e3o &#8211; constru\u00e7\u00e3o feita de a\u00e7o inoxid\u00e1vel (tubos e acess\u00f3rios)<\/p>\n<p style=\"font-weight: 400;\">Press\u00e3o nominal superior<\/p>\n<p style=\"font-weight: 400;\">Melhor resist\u00eancia ao calor<\/p>\n<p style=\"font-weight: 400;\">Maior sustentabilidade<\/p>\n<p style=\"font-weight: 400;\">Seguran\u00e7a!<\/p>\n<p>&nbsp;<\/p>\n<p style=\"font-weight: 400;\"><u>Especifica\u00e7\u00e3o:<\/u><\/p>\n<p style=\"font-weight: 400;\">Material interior do tubo: PTFE<\/p>\n<p style=\"font-weight: 400;\">Material de tubo exterior: 303\/304 tampa protetora de a\u00e7o inoxid\u00e1vel e PVC<\/p>\n<p style=\"font-weight: 400;\">Material de montagem: A\u00e7o inoxid\u00e1vel 303\/304<\/p>\n<p style=\"font-weight: 400;\">Diferen\u00e7a de temperatura: -70C a 260C (-158F a 500F)<\/p>\n<p style=\"font-weight: 400;\">Press\u00e3o m\u00e1xima de servi\u00e7o: 290 bar (4206 psi)<\/p>\n<p style=\"font-weight: 400;\">Press\u00e3o de fuga: 870 bars (12618 psi)<\/p>\n","protected":false},"excerpt":{"rendered":"<p>Comprimento do Tubo: 100mm Di\u00e2metro do tubo: 8mm VANTAGENS DOS TUBOS DE MALHA DE A\u00c7O : Sem corros\u00e3o &#8211; constru\u00e7\u00e3o feita de a\u00e7o inoxid\u00e1vel (tubos e acess\u00f3rios) Press\u00e3o nominal superior&#8230;<\/p>\n","protected":false},"featured_media":34307,"comment_status":"open","ping_status":"closed","template":"","meta":[],"product_brand":[],"product_cat":[1830,1782,1829],"product_tag":[],"class_list":{"0":"post-5772","1":"product","2":"type-product","3":"status-publish","4":"has-post-thumbnail","6":"product_cat-acessorios-pt-pt-6","7":"product_cat-performance-pt-pt","8":"product_cat-turbos-pt-pt","10":"first","11":"instock","12":"taxable","13":"shipping-taxable","14":"purchasable","15":"product-type-simple","16":"add-to-wishlist-before_image"},"bundled_by":[],"bundle_stock_status":"instock","bundle_stock_quantity":null,"bundle_virtual":false,"bundle_layout":"","bundle_add_to_cart_form_location":"","bundle_editable_in_cart":false,"bundle_sold_individually_context":"","bundle_item_grouping":"","bundle_min_size":"","bundle_max_size":"","bundle_price":[],"bundled_items":[],"bundle_sell_ids":[],"exclude_global_add_ons":[],"addons":[],"yoast_head":"<!-- This site is optimized with the Yoast SEO Premium plugin v27.4 (Yoast SEO v27.4) - https:\/\/yoast.com\/product\/yoast-seo-premium-wordpress\/ -->\n<title>Tubo de Oleo Refor\u00e7ado em Malha de A\u00e7o para 1.9 tdi (Turbo a Rolamentos) - BNPERF<\/title>\n<meta name=\"robots\" content=\"index, follow, max-snippet:-1, max-image-preview:large, max-video-preview:-1\" \/>\n<link rel=\"canonical\" href=\"https:\/\/bnperf.com\/pt-pt\/produit\/tubo-de-oleo-reforcado-malha-de-aco-para-1-9-tdi\/\" \/>\n<meta property=\"og:locale\" content=\"pt_PT\" \/>\n<meta property=\"og:type\" content=\"article\" \/>\n<meta property=\"og:title\" content=\"Tubo de Oleo Refor\u00e7ado em Malha de A\u00e7o para 1.9 tdi (Turbo a Rolamentos)\" \/>\n<meta property=\"og:description\" content=\"Comprimento do Tubo: 100mm Di\u00e2metro do tubo: 8mm VANTAGENS DOS TUBOS DE MALHA DE A\u00c7O : Sem corros\u00e3o &#8211; constru\u00e7\u00e3o feita de a\u00e7o inoxid\u00e1vel (tubos e acess\u00f3rios) Press\u00e3o nominal superior...\" \/>\n<meta property=\"og:url\" content=\"https:\/\/bnperf.com\/pt-pt\/produit\/tubo-de-oleo-reforcado-malha-de-aco-para-1-9-tdi\/\" \/>\n<meta property=\"og:site_name\" content=\"BNPERF\" \/>\n<meta property=\"article:publisher\" content=\"https:\/\/www.facebook.com\/bnperf\" \/>\n<meta property=\"article:modified_time\" content=\"2025-03-11T20:30:22+00:00\" \/>\n<meta property=\"og:image\" content=\"https:\/\/bnperf.com\/wp-content\/uploads\/2020\/11\/CHEGADA-DE-OLEO-ROLAMENTOS-.webp\" \/>\n\t<meta property=\"og:image:width\" content=\"800\" \/>\n\t<meta property=\"og:image:height\" content=\"800\" \/>\n\t<meta property=\"og:image:type\" content=\"image\/webp\" \/>\n<meta name=\"twitter:card\" content=\"summary_large_image\" \/>\n<meta name=\"twitter:label1\" content=\"Tempo estimado de leitura\" \/>\n\t<meta name=\"twitter:data1\" content=\"1 minuto\" \/>\n<script type=\"application\/ld+json\" class=\"yoast-schema-graph\">{\"@context\":\"https:\\\/\\\/schema.org\",\"@graph\":[{\"@type\":\"WebPage\",\"@id\":\"https:\\\/\\\/bnperf.com\\\/pt-pt\\\/produit\\\/tubo-de-oleo-reforcado-malha-de-aco-para-1-9-tdi\\\/\",\"url\":\"https:\\\/\\\/bnperf.com\\\/pt-pt\\\/produit\\\/tubo-de-oleo-reforcado-malha-de-aco-para-1-9-tdi\\\/\",\"name\":\"Tubo de Oleo Refor\u00e7ado em Malha de A\u00e7o para 1.9 tdi (Turbo a Rolamentos) - BNPERF\",\"isPartOf\":{\"@id\":\"https:\\\/\\\/bnperf.com\\\/pt-pt\\\/#website\"},\"primaryImageOfPage\":{\"@id\":\"https:\\\/\\\/bnperf.com\\\/pt-pt\\\/produit\\\/tubo-de-oleo-reforcado-malha-de-aco-para-1-9-tdi\\\/#primaryimage\"},\"image\":{\"@id\":\"https:\\\/\\\/bnperf.com\\\/pt-pt\\\/produit\\\/tubo-de-oleo-reforcado-malha-de-aco-para-1-9-tdi\\\/#primaryimage\"},\"thumbnailUrl\":\"https:\\\/\\\/bnperf.com\\\/wp-content\\\/uploads\\\/2020\\\/11\\\/CHEGADA-DE-OLEO-ROLAMENTOS-.webp\",\"datePublished\":\"2020-11-01T21:33:41+00:00\",\"dateModified\":\"2025-03-11T20:30:22+00:00\",\"breadcrumb\":{\"@id\":\"https:\\\/\\\/bnperf.com\\\/pt-pt\\\/produit\\\/tubo-de-oleo-reforcado-malha-de-aco-para-1-9-tdi\\\/#breadcrumb\"},\"inLanguage\":\"pt-PT\",\"potentialAction\":[{\"@type\":\"ReadAction\",\"target\":[\"https:\\\/\\\/bnperf.com\\\/pt-pt\\\/produit\\\/tubo-de-oleo-reforcado-malha-de-aco-para-1-9-tdi\\\/\"]}]},{\"@type\":\"ImageObject\",\"inLanguage\":\"pt-PT\",\"@id\":\"https:\\\/\\\/bnperf.com\\\/pt-pt\\\/produit\\\/tubo-de-oleo-reforcado-malha-de-aco-para-1-9-tdi\\\/#primaryimage\",\"url\":\"https:\\\/\\\/bnperf.com\\\/wp-content\\\/uploads\\\/2020\\\/11\\\/CHEGADA-DE-OLEO-ROLAMENTOS-.webp\",\"contentUrl\":\"https:\\\/\\\/bnperf.com\\\/wp-content\\\/uploads\\\/2020\\\/11\\\/CHEGADA-DE-OLEO-ROLAMENTOS-.webp\",\"width\":800,\"height\":800},{\"@type\":\"BreadcrumbList\",\"@id\":\"https:\\\/\\\/bnperf.com\\\/pt-pt\\\/produit\\\/tubo-de-oleo-reforcado-malha-de-aco-para-1-9-tdi\\\/#breadcrumb\",\"itemListElement\":[{\"@type\":\"ListItem\",\"position\":1,\"name\":\"Inicio\",\"item\":\"https:\\\/\\\/bnperf.com\\\/pt-pt\\\/inicio\\\/\"},{\"@type\":\"ListItem\",\"position\":2,\"name\":\"Loja\",\"item\":\"https:\\\/\\\/bnperf.com\\\/pt-pt\\\/loja\\\/\"},{\"@type\":\"ListItem\",\"position\":3,\"name\":\"Tubo de Oleo Refor\u00e7ado em Malha de A\u00e7o para 1.9 tdi (Turbo a Rolamentos)\"}]},{\"@type\":\"WebSite\",\"@id\":\"https:\\\/\\\/bnperf.com\\\/pt-pt\\\/#website\",\"url\":\"https:\\\/\\\/bnperf.com\\\/pt-pt\\\/\",\"name\":\"BNPERF\",\"description\":\"Votre Boutique Online ...\",\"publisher\":{\"@id\":\"https:\\\/\\\/bnperf.com\\\/pt-pt\\\/#organization\"},\"potentialAction\":[{\"@type\":\"SearchAction\",\"target\":{\"@type\":\"EntryPoint\",\"urlTemplate\":\"https:\\\/\\\/bnperf.com\\\/pt-pt\\\/?s={search_term_string}\"},\"query-input\":{\"@type\":\"PropertyValueSpecification\",\"valueRequired\":true,\"valueName\":\"search_term_string\"}}],\"inLanguage\":\"pt-PT\"},{\"@type\":\"Organization\",\"@id\":\"https:\\\/\\\/bnperf.com\\\/pt-pt\\\/#organization\",\"name\":\"BNPERF\",\"url\":\"https:\\\/\\\/bnperf.com\\\/pt-pt\\\/\",\"logo\":{\"@type\":\"ImageObject\",\"inLanguage\":\"pt-PT\",\"@id\":\"https:\\\/\\\/bnperf.com\\\/pt-pt\\\/#\\\/schema\\\/logo\\\/image\\\/\",\"url\":\"https:\\\/\\\/bnperf.com\\\/wp-content\\\/uploads\\\/2021\\\/10\\\/bnperf-logo.png\",\"contentUrl\":\"https:\\\/\\\/bnperf.com\\\/wp-content\\\/uploads\\\/2021\\\/10\\\/bnperf-logo.png\",\"width\":954,\"height\":300,\"caption\":\"BNPERF\"},\"image\":{\"@id\":\"https:\\\/\\\/bnperf.com\\\/pt-pt\\\/#\\\/schema\\\/logo\\\/image\\\/\"},\"sameAs\":[\"https:\\\/\\\/www.facebook.com\\\/bnperf\",\"https:\\\/\\\/www.instagram.com\\\/bnperf\"]}]}<\/script>\n<!-- \/ Yoast SEO Premium plugin. -->","yoast_head_json":{"title":"Tubo de Oleo Refor\u00e7ado em Malha de A\u00e7o para 1.9 tdi (Turbo a Rolamentos) - BNPERF","robots":{"index":"index","follow":"follow","max-snippet":"max-snippet:-1","max-image-preview":"max-image-preview:large","max-video-preview":"max-video-preview:-1"},"canonical":"https:\/\/bnperf.com\/pt-pt\/produit\/tubo-de-oleo-reforcado-malha-de-aco-para-1-9-tdi\/","og_locale":"pt_PT","og_type":"article","og_title":"Tubo de Oleo Refor\u00e7ado em Malha de A\u00e7o para 1.9 tdi (Turbo a Rolamentos)","og_description":"Comprimento do Tubo: 100mm Di\u00e2metro do tubo: 8mm VANTAGENS DOS TUBOS DE MALHA DE A\u00c7O : Sem corros\u00e3o &#8211; constru\u00e7\u00e3o feita de a\u00e7o inoxid\u00e1vel (tubos e acess\u00f3rios) Press\u00e3o nominal superior...","og_url":"https:\/\/bnperf.com\/pt-pt\/produit\/tubo-de-oleo-reforcado-malha-de-aco-para-1-9-tdi\/","og_site_name":"BNPERF","article_publisher":"https:\/\/www.facebook.com\/bnperf","article_modified_time":"2025-03-11T20:30:22+00:00","og_image":[{"width":800,"height":800,"url":"https:\/\/bnperf.com\/wp-content\/uploads\/2020\/11\/CHEGADA-DE-OLEO-ROLAMENTOS-.webp","type":"image\/webp"}],"twitter_card":"summary_large_image","twitter_misc":{"Tempo estimado de leitura":"1 minuto"},"schema":{"@context":"https:\/\/schema.org","@graph":[{"@type":"WebPage","@id":"https:\/\/bnperf.com\/pt-pt\/produit\/tubo-de-oleo-reforcado-malha-de-aco-para-1-9-tdi\/","url":"https:\/\/bnperf.com\/pt-pt\/produit\/tubo-de-oleo-reforcado-malha-de-aco-para-1-9-tdi\/","name":"Tubo de Oleo Refor\u00e7ado em Malha de A\u00e7o para 1.9 tdi (Turbo a Rolamentos) - BNPERF","isPartOf":{"@id":"https:\/\/bnperf.com\/pt-pt\/#website"},"primaryImageOfPage":{"@id":"https:\/\/bnperf.com\/pt-pt\/produit\/tubo-de-oleo-reforcado-malha-de-aco-para-1-9-tdi\/#primaryimage"},"image":{"@id":"https:\/\/bnperf.com\/pt-pt\/produit\/tubo-de-oleo-reforcado-malha-de-aco-para-1-9-tdi\/#primaryimage"},"thumbnailUrl":"https:\/\/bnperf.com\/wp-content\/uploads\/2020\/11\/CHEGADA-DE-OLEO-ROLAMENTOS-.webp","datePublished":"2020-11-01T21:33:41+00:00","dateModified":"2025-03-11T20:30:22+00:00","breadcrumb":{"@id":"https:\/\/bnperf.com\/pt-pt\/produit\/tubo-de-oleo-reforcado-malha-de-aco-para-1-9-tdi\/#breadcrumb"},"inLanguage":"pt-PT","potentialAction":[{"@type":"ReadAction","target":["https:\/\/bnperf.com\/pt-pt\/produit\/tubo-de-oleo-reforcado-malha-de-aco-para-1-9-tdi\/"]}]},{"@type":"ImageObject","inLanguage":"pt-PT","@id":"https:\/\/bnperf.com\/pt-pt\/produit\/tubo-de-oleo-reforcado-malha-de-aco-para-1-9-tdi\/#primaryimage","url":"https:\/\/bnperf.com\/wp-content\/uploads\/2020\/11\/CHEGADA-DE-OLEO-ROLAMENTOS-.webp","contentUrl":"https:\/\/bnperf.com\/wp-content\/uploads\/2020\/11\/CHEGADA-DE-OLEO-ROLAMENTOS-.webp","width":800,"height":800},{"@type":"BreadcrumbList","@id":"https:\/\/bnperf.com\/pt-pt\/produit\/tubo-de-oleo-reforcado-malha-de-aco-para-1-9-tdi\/#breadcrumb","itemListElement":[{"@type":"ListItem","position":1,"name":"Inicio","item":"https:\/\/bnperf.com\/pt-pt\/inicio\/"},{"@type":"ListItem","position":2,"name":"Loja","item":"https:\/\/bnperf.com\/pt-pt\/loja\/"},{"@type":"ListItem","position":3,"name":"Tubo de Oleo Refor\u00e7ado em Malha de A\u00e7o para 1.9 tdi (Turbo a Rolamentos)"}]},{"@type":"WebSite","@id":"https:\/\/bnperf.com\/pt-pt\/#website","url":"https:\/\/bnperf.com\/pt-pt\/","name":"BNPERF","description":"Votre Boutique Online ...","publisher":{"@id":"https:\/\/bnperf.com\/pt-pt\/#organization"},"potentialAction":[{"@type":"SearchAction","target":{"@type":"EntryPoint","urlTemplate":"https:\/\/bnperf.com\/pt-pt\/?s={search_term_string}"},"query-input":{"@type":"PropertyValueSpecification","valueRequired":true,"valueName":"search_term_string"}}],"inLanguage":"pt-PT"},{"@type":"Organization","@id":"https:\/\/bnperf.com\/pt-pt\/#organization","name":"BNPERF","url":"https:\/\/bnperf.com\/pt-pt\/","logo":{"@type":"ImageObject","inLanguage":"pt-PT","@id":"https:\/\/bnperf.com\/pt-pt\/#\/schema\/logo\/image\/","url":"https:\/\/bnperf.com\/wp-content\/uploads\/2021\/10\/bnperf-logo.png","contentUrl":"https:\/\/bnperf.com\/wp-content\/uploads\/2021\/10\/bnperf-logo.png","width":954,"height":300,"caption":"BNPERF"},"image":{"@id":"https:\/\/bnperf.com\/pt-pt\/#\/schema\/logo\/image\/"},"sameAs":["https:\/\/www.facebook.com\/bnperf","https:\/\/www.instagram.com\/bnperf"]}]}},"tiered_pricing_type":"fixed","tiered_pricing_fixed_rules":[],"tiered_pricing_product_settings":{"layout":"default","base_unit_name":{"singular":null,"plural":null},"default_variation":null},"tiered_pricing_minimum_quantity":null,"tiered_pricing_roles_data":[],"tiered_pricing_percentage_rules":[],"_links":{"self":[{"href":"https:\/\/bnperf.com\/pt-pt\/wp-json\/wp\/v2\/product\/5772","targetHints":{"allow":["GET"]}}],"collection":[{"href":"https:\/\/bnperf.com\/pt-pt\/wp-json\/wp\/v2\/product"}],"about":[{"href":"https:\/\/bnperf.com\/pt-pt\/wp-json\/wp\/v2\/types\/product"}],"replies":[{"embeddable":true,"href":"https:\/\/bnperf.com\/pt-pt\/wp-json\/wp\/v2\/comments?post=5772"}],"wp:featuredmedia":[{"embeddable":true,"href":"https:\/\/bnperf.com\/pt-pt\/wp-json\/wp\/v2\/media\/34307"}],"wp:attachment":[{"href":"https:\/\/bnperf.com\/pt-pt\/wp-json\/wp\/v2\/media?parent=5772"}],"wp:term":[{"taxonomy":"product_brand","embeddable":true,"href":"https:\/\/bnperf.com\/pt-pt\/wp-json\/wp\/v2\/product_brand?post=5772"},{"taxonomy":"product_cat","embeddable":true,"href":"https:\/\/bnperf.com\/pt-pt\/wp-json\/wp\/v2\/product_cat?post=5772"},{"taxonomy":"product_tag","embeddable":true,"href":"https:\/\/bnperf.com\/pt-pt\/wp-json\/wp\/v2\/product_tag?post=5772"}],"curies":[{"name":"wp","href":"https:\/\/api.w.org\/{rel}","templated":true}]}}