{"id":3814,"date":"2020-03-20T19:57:14","date_gmt":"2020-09-24T19:27:16","guid":{"rendered":"http:\/\/bnperf.com\/produits\/ponteira-dupla-cromada-universal\/"},"modified":"2021-10-28T18:03:02","modified_gmt":"2021-10-28T17:03:02","slug":"ponteira-dupla-saida-cromada-universal","status":"publish","type":"product","link":"https:\/\/bnperf.com\/pt-pt\/produit\/ponteira-dupla-saida-cromada-universal\/","title":{"rendered":"Ponteira Dupla Cromada Universal"},"content":{"rendered":"","protected":false},"excerpt":{"rendered":"<p><span><strong>-Lado:<\/strong> Esquerdo, Direito<\/span><br \/>\n<span>&#8211;<strong>Cor<\/strong>: Cromada <\/span><\/p>\n<p><span>&#8211;<strong>Material<\/strong>:<\/span><span>Inox<\/span><\/p>\n<p><span>&#8211;<strong>Diametro Entrada<\/strong>: 63mm<\/span><\/p>\n<p><span><strong>-Diametro Saida:<\/strong> 155x75mm<\/span><\/p>\n<p><em><span>Descri\u00e7\u00e3o:<\/span><\/em><br \/>\n<span>1. Produto Novo, Nunca utilizado<\/span><br \/>\n<span>2.Boa Qualidade Que Garante uma Longa Dura\u00e7\u00e3o.<\/span><br \/>\n<span>3. Dupla Sa\u00edda<\/span><br \/>\n<span>4. Pe\u00e7as de decora\u00e7\u00e3o e manter o seu carro \u00fanico<\/span><br \/>\n<span>5. F\u00e1cil instala\u00e7\u00e3o.<\/span><\/p>\n<p><em><span>Montagem:<\/span><\/em><br \/>\n<span>Ajustavel para a maioria dos carros.<\/span><\/p>\n","protected":false},"featured_media":3815,"comment_status":"open","ping_status":"closed","template":"","meta":[],"product_brand":[],"product_cat":[1847,1839,1840,1845],"product_tag":[],"class_list":{"0":"post-3814","1":"product","2":"type-product","3":"status-publish","4":"has-post-thumbnail","6":"product_cat-duplas","7":"product_cat-escapes","8":"product_cat-escapes-pt-pt","9":"product_cat-ponteiras","11":"first","12":"instock","13":"taxable","14":"shipping-taxable","15":"purchasable","16":"product-type-simple","17":"add-to-wishlist-before_image"},"bundled_by":[],"bundle_stock_status":"instock","bundle_stock_quantity":null,"bundle_virtual":false,"bundle_layout":"","bundle_add_to_cart_form_location":"","bundle_editable_in_cart":false,"bundle_sold_individually_context":"","bundle_item_grouping":"","bundle_min_size":"","bundle_max_size":"","bundle_price":[],"bundled_items":[],"bundle_sell_ids":[],"exclude_global_add_ons":[],"addons":[],"yoast_head":"<!-- This site is optimized with the Yoast SEO Premium plugin v27.4 (Yoast SEO v27.4) - https:\/\/yoast.com\/product\/yoast-seo-premium-wordpress\/ -->\n<title>Ponteira Dupla Cromada Universal - BNPERF<\/title>\n<meta name=\"robots\" content=\"index, follow, max-snippet:-1, max-image-preview:large, max-video-preview:-1\" \/>\n<link rel=\"canonical\" href=\"https:\/\/bnperf.com\/pt-pt\/produit\/ponteira-dupla-saida-cromada-universal\/\" \/>\n<meta property=\"og:locale\" content=\"pt_PT\" \/>\n<meta property=\"og:type\" content=\"article\" \/>\n<meta property=\"og:title\" content=\"Ponteira Dupla Cromada Universal\" \/>\n<meta property=\"og:description\" content=\"-Lado: Esquerdo, Direito -Cor: Cromada   -Material:Inox  -Diametro Entrada: 63mm  -Diametro Saida: 155x75mm   Descri\u00e7\u00e3o: 1. Produto Novo, Nunca utilizado 2.Boa Qualidade Que Garante uma Longa Dura\u00e7\u00e3o. 3. Dupla Sa\u00edda 4. Pe\u00e7as de decora\u00e7\u00e3o e manter o seu carro \u00fanico 5. F\u00e1cil instala\u00e7\u00e3o.  Montagem: Ajustavel para a maioria dos carros.\" \/>\n<meta property=\"og:url\" content=\"https:\/\/bnperf.com\/pt-pt\/produit\/ponteira-dupla-saida-cromada-universal\/\" \/>\n<meta property=\"og:site_name\" content=\"BNPERF\" \/>\n<meta property=\"article:publisher\" content=\"https:\/\/www.facebook.com\/bnperf\" \/>\n<meta property=\"article:modified_time\" content=\"2021-10-28T17:03:02+00:00\" \/>\n<meta property=\"og:image\" content=\"https:\/\/bnperf.com\/wp-content\/uploads\/2020\/03\/ponteira-dupla.jpg\" \/>\n\t<meta property=\"og:image:width\" content=\"960\" \/>\n\t<meta property=\"og:image:height\" content=\"840\" \/>\n\t<meta property=\"og:image:type\" content=\"image\/jpeg\" \/>\n<meta name=\"twitter:card\" content=\"summary_large_image\" \/>\n<script type=\"application\/ld+json\" class=\"yoast-schema-graph\">{\"@context\":\"https:\\\/\\\/schema.org\",\"@graph\":[{\"@type\":\"WebPage\",\"@id\":\"https:\\\/\\\/bnperf.com\\\/pt-pt\\\/produit\\\/ponteira-dupla-saida-cromada-universal\\\/\",\"url\":\"https:\\\/\\\/bnperf.com\\\/pt-pt\\\/produit\\\/ponteira-dupla-saida-cromada-universal\\\/\",\"name\":\"Ponteira Dupla Cromada Universal - BNPERF\",\"isPartOf\":{\"@id\":\"https:\\\/\\\/bnperf.com\\\/pt-pt\\\/#website\"},\"primaryImageOfPage\":{\"@id\":\"https:\\\/\\\/bnperf.com\\\/pt-pt\\\/produit\\\/ponteira-dupla-saida-cromada-universal\\\/#primaryimage\"},\"image\":{\"@id\":\"https:\\\/\\\/bnperf.com\\\/pt-pt\\\/produit\\\/ponteira-dupla-saida-cromada-universal\\\/#primaryimage\"},\"thumbnailUrl\":\"https:\\\/\\\/bnperf.com\\\/wp-content\\\/uploads\\\/2020\\\/03\\\/ponteira-dupla.jpg\",\"datePublished\":\"2020-09-24T19:27:16+00:00\",\"dateModified\":\"2021-10-28T17:03:02+00:00\",\"breadcrumb\":{\"@id\":\"https:\\\/\\\/bnperf.com\\\/pt-pt\\\/produit\\\/ponteira-dupla-saida-cromada-universal\\\/#breadcrumb\"},\"inLanguage\":\"pt-PT\",\"potentialAction\":[{\"@type\":\"ReadAction\",\"target\":[\"https:\\\/\\\/bnperf.com\\\/pt-pt\\\/produit\\\/ponteira-dupla-saida-cromada-universal\\\/\"]}]},{\"@type\":\"ImageObject\",\"inLanguage\":\"pt-PT\",\"@id\":\"https:\\\/\\\/bnperf.com\\\/pt-pt\\\/produit\\\/ponteira-dupla-saida-cromada-universal\\\/#primaryimage\",\"url\":\"https:\\\/\\\/bnperf.com\\\/wp-content\\\/uploads\\\/2020\\\/03\\\/ponteira-dupla.jpg\",\"contentUrl\":\"https:\\\/\\\/bnperf.com\\\/wp-content\\\/uploads\\\/2020\\\/03\\\/ponteira-dupla.jpg\",\"width\":960,\"height\":840},{\"@type\":\"BreadcrumbList\",\"@id\":\"https:\\\/\\\/bnperf.com\\\/pt-pt\\\/produit\\\/ponteira-dupla-saida-cromada-universal\\\/#breadcrumb\",\"itemListElement\":[{\"@type\":\"ListItem\",\"position\":1,\"name\":\"Inicio\",\"item\":\"https:\\\/\\\/bnperf.com\\\/pt-pt\\\/inicio\\\/\"},{\"@type\":\"ListItem\",\"position\":2,\"name\":\"Loja\",\"item\":\"https:\\\/\\\/bnperf.com\\\/pt-pt\\\/loja\\\/\"},{\"@type\":\"ListItem\",\"position\":3,\"name\":\"Ponteira Dupla Cromada Universal\"}]},{\"@type\":\"WebSite\",\"@id\":\"https:\\\/\\\/bnperf.com\\\/pt-pt\\\/#website\",\"url\":\"https:\\\/\\\/bnperf.com\\\/pt-pt\\\/\",\"name\":\"BNPERF\",\"description\":\"Votre Boutique Online ...\",\"publisher\":{\"@id\":\"https:\\\/\\\/bnperf.com\\\/pt-pt\\\/#organization\"},\"potentialAction\":[{\"@type\":\"SearchAction\",\"target\":{\"@type\":\"EntryPoint\",\"urlTemplate\":\"https:\\\/\\\/bnperf.com\\\/pt-pt\\\/?s={search_term_string}\"},\"query-input\":{\"@type\":\"PropertyValueSpecification\",\"valueRequired\":true,\"valueName\":\"search_term_string\"}}],\"inLanguage\":\"pt-PT\"},{\"@type\":\"Organization\",\"@id\":\"https:\\\/\\\/bnperf.com\\\/pt-pt\\\/#organization\",\"name\":\"BNPERF\",\"url\":\"https:\\\/\\\/bnperf.com\\\/pt-pt\\\/\",\"logo\":{\"@type\":\"ImageObject\",\"inLanguage\":\"pt-PT\",\"@id\":\"https:\\\/\\\/bnperf.com\\\/pt-pt\\\/#\\\/schema\\\/logo\\\/image\\\/\",\"url\":\"https:\\\/\\\/bnperf.com\\\/wp-content\\\/uploads\\\/2021\\\/10\\\/bnperf-logo.png\",\"contentUrl\":\"https:\\\/\\\/bnperf.com\\\/wp-content\\\/uploads\\\/2021\\\/10\\\/bnperf-logo.png\",\"width\":954,\"height\":300,\"caption\":\"BNPERF\"},\"image\":{\"@id\":\"https:\\\/\\\/bnperf.com\\\/pt-pt\\\/#\\\/schema\\\/logo\\\/image\\\/\"},\"sameAs\":[\"https:\\\/\\\/www.facebook.com\\\/bnperf\",\"https:\\\/\\\/www.instagram.com\\\/bnperf\"]}]}<\/script>\n<!-- \/ Yoast SEO Premium plugin. -->","yoast_head_json":{"title":"Ponteira Dupla Cromada Universal - BNPERF","robots":{"index":"index","follow":"follow","max-snippet":"max-snippet:-1","max-image-preview":"max-image-preview:large","max-video-preview":"max-video-preview:-1"},"canonical":"https:\/\/bnperf.com\/pt-pt\/produit\/ponteira-dupla-saida-cromada-universal\/","og_locale":"pt_PT","og_type":"article","og_title":"Ponteira Dupla Cromada Universal","og_description":"-Lado: Esquerdo, Direito -Cor: Cromada   -Material:Inox  -Diametro Entrada: 63mm  -Diametro Saida: 155x75mm   Descri\u00e7\u00e3o: 1. Produto Novo, Nunca utilizado 2.Boa Qualidade Que Garante uma Longa Dura\u00e7\u00e3o. 3. Dupla Sa\u00edda 4. Pe\u00e7as de decora\u00e7\u00e3o e manter o seu carro \u00fanico 5. F\u00e1cil instala\u00e7\u00e3o.  Montagem: Ajustavel para a maioria dos carros.","og_url":"https:\/\/bnperf.com\/pt-pt\/produit\/ponteira-dupla-saida-cromada-universal\/","og_site_name":"BNPERF","article_publisher":"https:\/\/www.facebook.com\/bnperf","article_modified_time":"2021-10-28T17:03:02+00:00","og_image":[{"width":960,"height":840,"url":"https:\/\/bnperf.com\/wp-content\/uploads\/2020\/03\/ponteira-dupla.jpg","type":"image\/jpeg"}],"twitter_card":"summary_large_image","schema":{"@context":"https:\/\/schema.org","@graph":[{"@type":"WebPage","@id":"https:\/\/bnperf.com\/pt-pt\/produit\/ponteira-dupla-saida-cromada-universal\/","url":"https:\/\/bnperf.com\/pt-pt\/produit\/ponteira-dupla-saida-cromada-universal\/","name":"Ponteira Dupla Cromada Universal - BNPERF","isPartOf":{"@id":"https:\/\/bnperf.com\/pt-pt\/#website"},"primaryImageOfPage":{"@id":"https:\/\/bnperf.com\/pt-pt\/produit\/ponteira-dupla-saida-cromada-universal\/#primaryimage"},"image":{"@id":"https:\/\/bnperf.com\/pt-pt\/produit\/ponteira-dupla-saida-cromada-universal\/#primaryimage"},"thumbnailUrl":"https:\/\/bnperf.com\/wp-content\/uploads\/2020\/03\/ponteira-dupla.jpg","datePublished":"2020-09-24T19:27:16+00:00","dateModified":"2021-10-28T17:03:02+00:00","breadcrumb":{"@id":"https:\/\/bnperf.com\/pt-pt\/produit\/ponteira-dupla-saida-cromada-universal\/#breadcrumb"},"inLanguage":"pt-PT","potentialAction":[{"@type":"ReadAction","target":["https:\/\/bnperf.com\/pt-pt\/produit\/ponteira-dupla-saida-cromada-universal\/"]}]},{"@type":"ImageObject","inLanguage":"pt-PT","@id":"https:\/\/bnperf.com\/pt-pt\/produit\/ponteira-dupla-saida-cromada-universal\/#primaryimage","url":"https:\/\/bnperf.com\/wp-content\/uploads\/2020\/03\/ponteira-dupla.jpg","contentUrl":"https:\/\/bnperf.com\/wp-content\/uploads\/2020\/03\/ponteira-dupla.jpg","width":960,"height":840},{"@type":"BreadcrumbList","@id":"https:\/\/bnperf.com\/pt-pt\/produit\/ponteira-dupla-saida-cromada-universal\/#breadcrumb","itemListElement":[{"@type":"ListItem","position":1,"name":"Inicio","item":"https:\/\/bnperf.com\/pt-pt\/inicio\/"},{"@type":"ListItem","position":2,"name":"Loja","item":"https:\/\/bnperf.com\/pt-pt\/loja\/"},{"@type":"ListItem","position":3,"name":"Ponteira Dupla Cromada Universal"}]},{"@type":"WebSite","@id":"https:\/\/bnperf.com\/pt-pt\/#website","url":"https:\/\/bnperf.com\/pt-pt\/","name":"BNPERF","description":"Votre Boutique Online ...","publisher":{"@id":"https:\/\/bnperf.com\/pt-pt\/#organization"},"potentialAction":[{"@type":"SearchAction","target":{"@type":"EntryPoint","urlTemplate":"https:\/\/bnperf.com\/pt-pt\/?s={search_term_string}"},"query-input":{"@type":"PropertyValueSpecification","valueRequired":true,"valueName":"search_term_string"}}],"inLanguage":"pt-PT"},{"@type":"Organization","@id":"https:\/\/bnperf.com\/pt-pt\/#organization","name":"BNPERF","url":"https:\/\/bnperf.com\/pt-pt\/","logo":{"@type":"ImageObject","inLanguage":"pt-PT","@id":"https:\/\/bnperf.com\/pt-pt\/#\/schema\/logo\/image\/","url":"https:\/\/bnperf.com\/wp-content\/uploads\/2021\/10\/bnperf-logo.png","contentUrl":"https:\/\/bnperf.com\/wp-content\/uploads\/2021\/10\/bnperf-logo.png","width":954,"height":300,"caption":"BNPERF"},"image":{"@id":"https:\/\/bnperf.com\/pt-pt\/#\/schema\/logo\/image\/"},"sameAs":["https:\/\/www.facebook.com\/bnperf","https:\/\/www.instagram.com\/bnperf"]}]}},"tiered_pricing_type":"fixed","tiered_pricing_fixed_rules":[],"tiered_pricing_product_settings":{"layout":"default","base_unit_name":{"singular":null,"plural":null},"default_variation":null},"tiered_pricing_minimum_quantity":null,"tiered_pricing_roles_data":[],"tiered_pricing_percentage_rules":[],"_links":{"self":[{"href":"https:\/\/bnperf.com\/pt-pt\/wp-json\/wp\/v2\/product\/3814","targetHints":{"allow":["GET"]}}],"collection":[{"href":"https:\/\/bnperf.com\/pt-pt\/wp-json\/wp\/v2\/product"}],"about":[{"href":"https:\/\/bnperf.com\/pt-pt\/wp-json\/wp\/v2\/types\/product"}],"replies":[{"embeddable":true,"href":"https:\/\/bnperf.com\/pt-pt\/wp-json\/wp\/v2\/comments?post=3814"}],"wp:featuredmedia":[{"embeddable":true,"href":"https:\/\/bnperf.com\/pt-pt\/wp-json\/wp\/v2\/media\/3815"}],"wp:attachment":[{"href":"https:\/\/bnperf.com\/pt-pt\/wp-json\/wp\/v2\/media?parent=3814"}],"wp:term":[{"taxonomy":"product_brand","embeddable":true,"href":"https:\/\/bnperf.com\/pt-pt\/wp-json\/wp\/v2\/product_brand?post=3814"},{"taxonomy":"product_cat","embeddable":true,"href":"https:\/\/bnperf.com\/pt-pt\/wp-json\/wp\/v2\/product_cat?post=3814"},{"taxonomy":"product_tag","embeddable":true,"href":"https:\/\/bnperf.com\/pt-pt\/wp-json\/wp\/v2\/product_tag?post=3814"}],"curies":[{"name":"wp","href":"https:\/\/api.w.org\/{rel}","templated":true}]}}