{"id":34412,"date":"2025-03-17T19:54:17","date_gmt":"2025-03-17T18:54:17","guid":{"rendered":"https:\/\/bnperf.com\/produit\/34412\/"},"modified":"2025-03-17T20:27:12","modified_gmt":"2025-03-17T19:27:12","slug":"nitrous-outlet-botao-de-aluminio-n2o-cabo-espiral-extensivel","status":"publish","type":"product","link":"https:\/\/bnperf.com\/pt-pt\/produit\/nitrous-outlet-botao-de-aluminio-n2o-cabo-espiral-extensivel\/","title":{"rendered":"NITROUS OUTLET &#8211; BOT\u00c3O DE ALUM\u00cdNIO N2O + CABO ESPIRAL EXTENS\u00cdVEL"},"content":{"rendered":"<ul>\n<li>Bot\u00e3o cogumelo em alum\u00ednio anodizado vermelho, di\u00e2metro 23 mm<\/li>\n<li>Cabo espiral expans\u00edvel com mola de 4 p\u00e9s (20 AWG)<\/li>\n<li>10 A cont\u00ednuo \/ 30 A em caso de sobretens\u00e3o<\/li>\n<li>Opera\u00e7\u00e3o moment\u00e2nea N\/O<\/li>\n<li>Aproveite o m\u00e1ximo em controle e conveni\u00eancia com o bot\u00e3o de cogumelo moment\u00e2neo e resistente do Nitrous Outlet, montado em um cabo enrolado extens\u00edvel. Este produto excepcional foi projetado para quem procura uma solu\u00e7\u00e3o confi\u00e1vel e elegante.<\/li>\n<\/ul>\n<p>Apresentando uma tampa em forma de cogumelo em alum\u00ednio anodizado vermelho com 23 mm de di\u00e2metro, este bot\u00e3o moment\u00e2neo \u00e9 uma garantia de qualidade. Seu cabo enrolado de 1,2 m (4 p\u00e9s) oferece flexibilidade de instala\u00e7\u00e3o ideal e facilidade de uso. O circuito normalmente aberto \u00e9 projetado para lidar com uma carga cont\u00ednua de 10A, com capacidade para lidar com picos de corrente curtos de at\u00e9 30A.<\/p>\n<p>Atualize sua configura\u00e7\u00e3o com o interruptor de bot\u00e3o moment\u00e2neo estilo cogumelo Nitrous Outlet Heavy Duty &#8211; a combina\u00e7\u00e3o perfeita de funcionalidade, estilo e durabilidade.<\/p>\n","protected":false},"excerpt":{"rendered":"<p><strong>** Para um desempenho ideal, recomendamos emparelhar este bot\u00e3o moment\u00e2neo com o rel\u00e9 e chicote de sa\u00edda nitroso, projetado especificamente para componentes acima de 10A (referencia <a href=\"https:\/\/bnperf.com\/pt-pt\/produtos\/nitrous-outlet-rele-porta-reles\/\">BNM.19.0015<\/a>).<\/strong><\/p>\n","protected":false},"featured_media":34407,"comment_status":"open","ping_status":"closed","template":"","meta":[],"product_brand":[],"product_cat":[27043,1782],"product_tag":[],"class_list":{"0":"post-34412","1":"product","2":"type-product","3":"status-publish","4":"has-post-thumbnail","6":"product_cat-kit-nos-pt-pt","7":"product_cat-performance-pt-pt","9":"first","10":"instock","11":"taxable","12":"shipping-taxable","13":"purchasable","14":"product-type-simple","15":"add-to-wishlist-before_image"},"bundled_by":[],"bundle_stock_status":"instock","bundle_stock_quantity":null,"bundle_virtual":false,"bundle_layout":"","bundle_add_to_cart_form_location":"","bundle_editable_in_cart":false,"bundle_sold_individually_context":"","bundle_item_grouping":"","bundle_min_size":"","bundle_max_size":"","bundle_price":[],"bundled_items":[],"bundle_sell_ids":[],"exclude_global_add_ons":[],"addons":[],"yoast_head":"<!-- This site is optimized with the Yoast SEO Premium plugin v27.4 (Yoast SEO v27.4) - https:\/\/yoast.com\/product\/yoast-seo-premium-wordpress\/ -->\n<title>NITROUS OUTLET - BOT\u00c3O DE ALUM\u00cdNIO N2O + CABO ESPIRAL EXTENS\u00cdVEL - BNPERF<\/title>\n<meta name=\"robots\" content=\"index, follow, max-snippet:-1, max-image-preview:large, max-video-preview:-1\" \/>\n<link rel=\"canonical\" href=\"https:\/\/bnperf.com\/pt-pt\/produit\/nitrous-outlet-botao-de-aluminio-n2o-cabo-espiral-extensivel\/\" \/>\n<meta property=\"og:locale\" content=\"pt_PT\" \/>\n<meta property=\"og:type\" content=\"article\" \/>\n<meta property=\"og:title\" content=\"NITROUS OUTLET - BOT\u00c3O DE ALUM\u00cdNIO N2O + CABO ESPIRAL EXTENS\u00cdVEL\" \/>\n<meta property=\"og:description\" content=\"** Para um desempenho ideal, recomendamos emparelhar este bot\u00e3o moment\u00e2neo com o rel\u00e9 e chicote de sa\u00edda nitroso, projetado especificamente para componentes acima de 10A (referencia BNM.19.0015).\" \/>\n<meta property=\"og:url\" content=\"https:\/\/bnperf.com\/pt-pt\/produit\/nitrous-outlet-botao-de-aluminio-n2o-cabo-espiral-extensivel\/\" \/>\n<meta property=\"og:site_name\" content=\"BNPERF\" \/>\n<meta property=\"article:publisher\" content=\"https:\/\/www.facebook.com\/bnperf\" \/>\n<meta property=\"article:modified_time\" content=\"2025-03-17T19:27:12+00:00\" \/>\n<meta property=\"og:image\" content=\"https:\/\/bnperf.com\/wp-content\/uploads\/2025\/03\/BOTAO-N2O-2.webp\" \/>\n\t<meta property=\"og:image:width\" content=\"800\" \/>\n\t<meta property=\"og:image:height\" content=\"800\" \/>\n\t<meta property=\"og:image:type\" content=\"image\/webp\" \/>\n<meta name=\"twitter:card\" content=\"summary_large_image\" \/>\n<meta name=\"twitter:label1\" content=\"Tempo estimado de leitura\" \/>\n\t<meta name=\"twitter:data1\" content=\"2 minutos\" \/>\n<script type=\"application\/ld+json\" class=\"yoast-schema-graph\">{\"@context\":\"https:\\\/\\\/schema.org\",\"@graph\":[{\"@type\":\"WebPage\",\"@id\":\"https:\\\/\\\/bnperf.com\\\/pt-pt\\\/produit\\\/nitrous-outlet-botao-de-aluminio-n2o-cabo-espiral-extensivel\\\/\",\"url\":\"https:\\\/\\\/bnperf.com\\\/pt-pt\\\/produit\\\/nitrous-outlet-botao-de-aluminio-n2o-cabo-espiral-extensivel\\\/\",\"name\":\"NITROUS OUTLET - BOT\u00c3O DE ALUM\u00cdNIO N2O + CABO ESPIRAL EXTENS\u00cdVEL - BNPERF\",\"isPartOf\":{\"@id\":\"https:\\\/\\\/bnperf.com\\\/pt-pt\\\/#website\"},\"primaryImageOfPage\":{\"@id\":\"https:\\\/\\\/bnperf.com\\\/pt-pt\\\/produit\\\/nitrous-outlet-botao-de-aluminio-n2o-cabo-espiral-extensivel\\\/#primaryimage\"},\"image\":{\"@id\":\"https:\\\/\\\/bnperf.com\\\/pt-pt\\\/produit\\\/nitrous-outlet-botao-de-aluminio-n2o-cabo-espiral-extensivel\\\/#primaryimage\"},\"thumbnailUrl\":\"https:\\\/\\\/bnperf.com\\\/wp-content\\\/uploads\\\/2025\\\/03\\\/BOTAO-N2O-2.webp\",\"datePublished\":\"2025-03-17T18:54:17+00:00\",\"dateModified\":\"2025-03-17T19:27:12+00:00\",\"breadcrumb\":{\"@id\":\"https:\\\/\\\/bnperf.com\\\/pt-pt\\\/produit\\\/nitrous-outlet-botao-de-aluminio-n2o-cabo-espiral-extensivel\\\/#breadcrumb\"},\"inLanguage\":\"pt-PT\",\"potentialAction\":[{\"@type\":\"ReadAction\",\"target\":[\"https:\\\/\\\/bnperf.com\\\/pt-pt\\\/produit\\\/nitrous-outlet-botao-de-aluminio-n2o-cabo-espiral-extensivel\\\/\"]}]},{\"@type\":\"ImageObject\",\"inLanguage\":\"pt-PT\",\"@id\":\"https:\\\/\\\/bnperf.com\\\/pt-pt\\\/produit\\\/nitrous-outlet-botao-de-aluminio-n2o-cabo-espiral-extensivel\\\/#primaryimage\",\"url\":\"https:\\\/\\\/bnperf.com\\\/wp-content\\\/uploads\\\/2025\\\/03\\\/BOTAO-N2O-2.webp\",\"contentUrl\":\"https:\\\/\\\/bnperf.com\\\/wp-content\\\/uploads\\\/2025\\\/03\\\/BOTAO-N2O-2.webp\",\"width\":800,\"height\":800},{\"@type\":\"BreadcrumbList\",\"@id\":\"https:\\\/\\\/bnperf.com\\\/pt-pt\\\/produit\\\/nitrous-outlet-botao-de-aluminio-n2o-cabo-espiral-extensivel\\\/#breadcrumb\",\"itemListElement\":[{\"@type\":\"ListItem\",\"position\":1,\"name\":\"Inicio\",\"item\":\"https:\\\/\\\/bnperf.com\\\/pt-pt\\\/inicio\\\/\"},{\"@type\":\"ListItem\",\"position\":2,\"name\":\"Loja\",\"item\":\"https:\\\/\\\/bnperf.com\\\/pt-pt\\\/loja\\\/\"},{\"@type\":\"ListItem\",\"position\":3,\"name\":\"NITROUS OUTLET &#8211; BOT\u00c3O DE ALUM\u00cdNIO N2O + CABO ESPIRAL EXTENS\u00cdVEL\"}]},{\"@type\":\"WebSite\",\"@id\":\"https:\\\/\\\/bnperf.com\\\/pt-pt\\\/#website\",\"url\":\"https:\\\/\\\/bnperf.com\\\/pt-pt\\\/\",\"name\":\"BNPERF\",\"description\":\"Votre Boutique Online ...\",\"publisher\":{\"@id\":\"https:\\\/\\\/bnperf.com\\\/pt-pt\\\/#organization\"},\"potentialAction\":[{\"@type\":\"SearchAction\",\"target\":{\"@type\":\"EntryPoint\",\"urlTemplate\":\"https:\\\/\\\/bnperf.com\\\/pt-pt\\\/?s={search_term_string}\"},\"query-input\":{\"@type\":\"PropertyValueSpecification\",\"valueRequired\":true,\"valueName\":\"search_term_string\"}}],\"inLanguage\":\"pt-PT\"},{\"@type\":\"Organization\",\"@id\":\"https:\\\/\\\/bnperf.com\\\/pt-pt\\\/#organization\",\"name\":\"BNPERF\",\"url\":\"https:\\\/\\\/bnperf.com\\\/pt-pt\\\/\",\"logo\":{\"@type\":\"ImageObject\",\"inLanguage\":\"pt-PT\",\"@id\":\"https:\\\/\\\/bnperf.com\\\/pt-pt\\\/#\\\/schema\\\/logo\\\/image\\\/\",\"url\":\"https:\\\/\\\/bnperf.com\\\/wp-content\\\/uploads\\\/2021\\\/10\\\/bnperf-logo.png\",\"contentUrl\":\"https:\\\/\\\/bnperf.com\\\/wp-content\\\/uploads\\\/2021\\\/10\\\/bnperf-logo.png\",\"width\":954,\"height\":300,\"caption\":\"BNPERF\"},\"image\":{\"@id\":\"https:\\\/\\\/bnperf.com\\\/pt-pt\\\/#\\\/schema\\\/logo\\\/image\\\/\"},\"sameAs\":[\"https:\\\/\\\/www.facebook.com\\\/bnperf\",\"https:\\\/\\\/www.instagram.com\\\/bnperf\"]}]}<\/script>\n<!-- \/ Yoast SEO Premium plugin. -->","yoast_head_json":{"title":"NITROUS OUTLET - BOT\u00c3O DE ALUM\u00cdNIO N2O + CABO ESPIRAL EXTENS\u00cdVEL - BNPERF","robots":{"index":"index","follow":"follow","max-snippet":"max-snippet:-1","max-image-preview":"max-image-preview:large","max-video-preview":"max-video-preview:-1"},"canonical":"https:\/\/bnperf.com\/pt-pt\/produit\/nitrous-outlet-botao-de-aluminio-n2o-cabo-espiral-extensivel\/","og_locale":"pt_PT","og_type":"article","og_title":"NITROUS OUTLET - BOT\u00c3O DE ALUM\u00cdNIO N2O + CABO ESPIRAL EXTENS\u00cdVEL","og_description":"** Para um desempenho ideal, recomendamos emparelhar este bot\u00e3o moment\u00e2neo com o rel\u00e9 e chicote de sa\u00edda nitroso, projetado especificamente para componentes acima de 10A (referencia BNM.19.0015).","og_url":"https:\/\/bnperf.com\/pt-pt\/produit\/nitrous-outlet-botao-de-aluminio-n2o-cabo-espiral-extensivel\/","og_site_name":"BNPERF","article_publisher":"https:\/\/www.facebook.com\/bnperf","article_modified_time":"2025-03-17T19:27:12+00:00","og_image":[{"width":800,"height":800,"url":"https:\/\/bnperf.com\/wp-content\/uploads\/2025\/03\/BOTAO-N2O-2.webp","type":"image\/webp"}],"twitter_card":"summary_large_image","twitter_misc":{"Tempo estimado de leitura":"2 minutos"},"schema":{"@context":"https:\/\/schema.org","@graph":[{"@type":"WebPage","@id":"https:\/\/bnperf.com\/pt-pt\/produit\/nitrous-outlet-botao-de-aluminio-n2o-cabo-espiral-extensivel\/","url":"https:\/\/bnperf.com\/pt-pt\/produit\/nitrous-outlet-botao-de-aluminio-n2o-cabo-espiral-extensivel\/","name":"NITROUS OUTLET - BOT\u00c3O DE ALUM\u00cdNIO N2O + CABO ESPIRAL EXTENS\u00cdVEL - BNPERF","isPartOf":{"@id":"https:\/\/bnperf.com\/pt-pt\/#website"},"primaryImageOfPage":{"@id":"https:\/\/bnperf.com\/pt-pt\/produit\/nitrous-outlet-botao-de-aluminio-n2o-cabo-espiral-extensivel\/#primaryimage"},"image":{"@id":"https:\/\/bnperf.com\/pt-pt\/produit\/nitrous-outlet-botao-de-aluminio-n2o-cabo-espiral-extensivel\/#primaryimage"},"thumbnailUrl":"https:\/\/bnperf.com\/wp-content\/uploads\/2025\/03\/BOTAO-N2O-2.webp","datePublished":"2025-03-17T18:54:17+00:00","dateModified":"2025-03-17T19:27:12+00:00","breadcrumb":{"@id":"https:\/\/bnperf.com\/pt-pt\/produit\/nitrous-outlet-botao-de-aluminio-n2o-cabo-espiral-extensivel\/#breadcrumb"},"inLanguage":"pt-PT","potentialAction":[{"@type":"ReadAction","target":["https:\/\/bnperf.com\/pt-pt\/produit\/nitrous-outlet-botao-de-aluminio-n2o-cabo-espiral-extensivel\/"]}]},{"@type":"ImageObject","inLanguage":"pt-PT","@id":"https:\/\/bnperf.com\/pt-pt\/produit\/nitrous-outlet-botao-de-aluminio-n2o-cabo-espiral-extensivel\/#primaryimage","url":"https:\/\/bnperf.com\/wp-content\/uploads\/2025\/03\/BOTAO-N2O-2.webp","contentUrl":"https:\/\/bnperf.com\/wp-content\/uploads\/2025\/03\/BOTAO-N2O-2.webp","width":800,"height":800},{"@type":"BreadcrumbList","@id":"https:\/\/bnperf.com\/pt-pt\/produit\/nitrous-outlet-botao-de-aluminio-n2o-cabo-espiral-extensivel\/#breadcrumb","itemListElement":[{"@type":"ListItem","position":1,"name":"Inicio","item":"https:\/\/bnperf.com\/pt-pt\/inicio\/"},{"@type":"ListItem","position":2,"name":"Loja","item":"https:\/\/bnperf.com\/pt-pt\/loja\/"},{"@type":"ListItem","position":3,"name":"NITROUS OUTLET &#8211; BOT\u00c3O DE ALUM\u00cdNIO N2O + CABO ESPIRAL EXTENS\u00cdVEL"}]},{"@type":"WebSite","@id":"https:\/\/bnperf.com\/pt-pt\/#website","url":"https:\/\/bnperf.com\/pt-pt\/","name":"BNPERF","description":"Votre Boutique Online ...","publisher":{"@id":"https:\/\/bnperf.com\/pt-pt\/#organization"},"potentialAction":[{"@type":"SearchAction","target":{"@type":"EntryPoint","urlTemplate":"https:\/\/bnperf.com\/pt-pt\/?s={search_term_string}"},"query-input":{"@type":"PropertyValueSpecification","valueRequired":true,"valueName":"search_term_string"}}],"inLanguage":"pt-PT"},{"@type":"Organization","@id":"https:\/\/bnperf.com\/pt-pt\/#organization","name":"BNPERF","url":"https:\/\/bnperf.com\/pt-pt\/","logo":{"@type":"ImageObject","inLanguage":"pt-PT","@id":"https:\/\/bnperf.com\/pt-pt\/#\/schema\/logo\/image\/","url":"https:\/\/bnperf.com\/wp-content\/uploads\/2021\/10\/bnperf-logo.png","contentUrl":"https:\/\/bnperf.com\/wp-content\/uploads\/2021\/10\/bnperf-logo.png","width":954,"height":300,"caption":"BNPERF"},"image":{"@id":"https:\/\/bnperf.com\/pt-pt\/#\/schema\/logo\/image\/"},"sameAs":["https:\/\/www.facebook.com\/bnperf","https:\/\/www.instagram.com\/bnperf"]}]}},"tiered_pricing_type":"fixed","tiered_pricing_fixed_rules":[],"tiered_pricing_product_settings":{"layout":"default","base_unit_name":{"singular":null,"plural":null},"default_variation":null},"tiered_pricing_minimum_quantity":null,"tiered_pricing_roles_data":[],"tiered_pricing_percentage_rules":[],"_links":{"self":[{"href":"https:\/\/bnperf.com\/pt-pt\/wp-json\/wp\/v2\/product\/34412","targetHints":{"allow":["GET"]}}],"collection":[{"href":"https:\/\/bnperf.com\/pt-pt\/wp-json\/wp\/v2\/product"}],"about":[{"href":"https:\/\/bnperf.com\/pt-pt\/wp-json\/wp\/v2\/types\/product"}],"replies":[{"embeddable":true,"href":"https:\/\/bnperf.com\/pt-pt\/wp-json\/wp\/v2\/comments?post=34412"}],"wp:featuredmedia":[{"embeddable":true,"href":"https:\/\/bnperf.com\/pt-pt\/wp-json\/wp\/v2\/media\/34407"}],"wp:attachment":[{"href":"https:\/\/bnperf.com\/pt-pt\/wp-json\/wp\/v2\/media?parent=34412"}],"wp:term":[{"taxonomy":"product_brand","embeddable":true,"href":"https:\/\/bnperf.com\/pt-pt\/wp-json\/wp\/v2\/product_brand?post=34412"},{"taxonomy":"product_cat","embeddable":true,"href":"https:\/\/bnperf.com\/pt-pt\/wp-json\/wp\/v2\/product_cat?post=34412"},{"taxonomy":"product_tag","embeddable":true,"href":"https:\/\/bnperf.com\/pt-pt\/wp-json\/wp\/v2\/product_tag?post=34412"}],"curies":[{"name":"wp","href":"https:\/\/api.w.org\/{rel}","templated":true}]}}