{"id":30928,"date":"2024-03-20T11:24:44","date_gmt":"2024-03-20T10:24:44","guid":{"rendered":"https:\/\/bnperf.com\/produit\/chra-pour-gtd3073rr\/"},"modified":"2024-03-20T11:34:32","modified_gmt":"2024-03-20T10:34:32","slug":"chra-pour-gtd3073rr","status":"publish","type":"product","link":"https:\/\/bnperf.com\/pt-pt\/produit\/chra-pour-gtd3073rr\/","title":{"rendered":"CORE PARA GTD3073RR"},"content":{"rendered":"<p><strong>Lado da compressora:<\/strong><\/p>\n<p>Roda da compressora: tarugo refor\u00e7ado personalizado de 7+7 l\u00e2minas;<br \/>\nIndutor:\u00a054mm;<br \/>\nExdutor:\u00a073mm;<br \/>\nEntrada de ar:\u00a076mm \/ 2&#8243;;<br \/>\nSa\u00edda de ar:\u00a090\u00b0 51mm \/ 2&#8243;;<\/p>\n<p><strong>Core:<\/strong><\/p>\n<p>rolamento de esferas de cer\u00e2mica duplo personalizado;<br \/>\ngeometria vari\u00e1vel de \u00faltima gera\u00e7\u00e3o;<\/p>\n<p><strong>Lado da turbina:<\/strong><\/p>\n<p>Carca\u00e7a da turbina baseada no modelo turbocompressor BMW F10 3.0d;<br \/>\nRoda da turbina:\u00a09 p\u00e1s;<br \/>\nIndutor:\u00a058mm;<br \/>\nExdutor:\u00a054mm;<\/p>\n","protected":false},"excerpt":{"rendered":"<p>Lado da compressora: Roda da compressora: tarugo refor\u00e7ado personalizado de 7+7 l\u00e2minas; Indutor:\u00a054mm; Exdutor:\u00a073mm; Entrada de ar:\u00a076mm \/ 2&#8243;; Sa\u00edda de ar:\u00a090\u00b0 51mm \/ 2&#8243;; Core: rolamento de esferas de&#8230;<\/p>\n","protected":false},"featured_media":30908,"comment_status":"open","ping_status":"closed","template":"","meta":[],"product_brand":[],"product_cat":[29966],"product_tag":[26906,30058,28921,30057,29967,30056],"class_list":{"0":"post-30928","1":"product","2":"type-product","3":"status-publish","4":"has-post-thumbnail","6":"product_cat-turbos-turbosystems-pt-pt","7":"product_tag-bnperf-pt-pt","8":"product_tag-3073rr-pt-pt","9":"product_tag-core","10":"product_tag-housing-pt-pt","11":"product_tag-turbosystems-pt-pt","12":"product_tag-vnt-pt-pt","14":"first","15":"instock","16":"taxable","17":"shipping-taxable","18":"purchasable","19":"product-type-simple","20":"add-to-wishlist-before_image"},"bundled_by":[],"bundle_stock_status":"instock","bundle_stock_quantity":null,"bundle_virtual":false,"bundle_layout":"","bundle_add_to_cart_form_location":"","bundle_editable_in_cart":false,"bundle_sold_individually_context":"","bundle_item_grouping":"","bundle_min_size":"","bundle_max_size":"","bundle_price":[],"bundled_items":[],"bundle_sell_ids":[],"exclude_global_add_ons":[],"addons":[],"yoast_head":"<!-- This site is optimized with the Yoast SEO Premium plugin v27.4 (Yoast SEO v27.4) - https:\/\/yoast.com\/product\/yoast-seo-premium-wordpress\/ -->\n<title>CORE PARA GTD3073RR - BNPERF<\/title>\n<meta name=\"robots\" content=\"index, follow, max-snippet:-1, max-image-preview:large, max-video-preview:-1\" \/>\n<link rel=\"canonical\" href=\"https:\/\/bnperf.com\/pt-pt\/produit\/chra-pour-gtd3073rr\/\" \/>\n<meta property=\"og:locale\" content=\"pt_PT\" \/>\n<meta property=\"og:type\" content=\"article\" \/>\n<meta property=\"og:title\" content=\"CORE PARA GTD3073RR\" \/>\n<meta property=\"og:description\" content=\"Lado da compressora: Roda da compressora: tarugo refor\u00e7ado personalizado de 7+7 l\u00e2minas; Indutor:\u00a054mm; Exdutor:\u00a073mm; Entrada de ar:\u00a076mm \/ 2&#8243;; Sa\u00edda de ar:\u00a090\u00b0 51mm \/ 2&#8243;; Core: rolamento de esferas de...\" \/>\n<meta property=\"og:url\" content=\"https:\/\/bnperf.com\/pt-pt\/produit\/chra-pour-gtd3073rr\/\" \/>\n<meta property=\"og:site_name\" content=\"BNPERF\" \/>\n<meta property=\"article:publisher\" content=\"https:\/\/www.facebook.com\/bnperf\" \/>\n<meta property=\"article:modified_time\" content=\"2024-03-20T10:34:32+00:00\" \/>\n<meta property=\"og:image\" content=\"https:\/\/bnperf.com\/wp-content\/uploads\/2024\/03\/systemchra.webp\" \/>\n\t<meta property=\"og:image:width\" content=\"800\" \/>\n\t<meta property=\"og:image:height\" content=\"800\" \/>\n\t<meta property=\"og:image:type\" content=\"image\/webp\" \/>\n<meta name=\"twitter:card\" content=\"summary_large_image\" \/>\n<script type=\"application\/ld+json\" class=\"yoast-schema-graph\">{\"@context\":\"https:\\\/\\\/schema.org\",\"@graph\":[{\"@type\":\"WebPage\",\"@id\":\"https:\\\/\\\/bnperf.com\\\/pt-pt\\\/produit\\\/chra-pour-gtd3073rr\\\/\",\"url\":\"https:\\\/\\\/bnperf.com\\\/pt-pt\\\/produit\\\/chra-pour-gtd3073rr\\\/\",\"name\":\"CORE PARA GTD3073RR - BNPERF\",\"isPartOf\":{\"@id\":\"https:\\\/\\\/bnperf.com\\\/pt-pt\\\/#website\"},\"primaryImageOfPage\":{\"@id\":\"https:\\\/\\\/bnperf.com\\\/pt-pt\\\/produit\\\/chra-pour-gtd3073rr\\\/#primaryimage\"},\"image\":{\"@id\":\"https:\\\/\\\/bnperf.com\\\/pt-pt\\\/produit\\\/chra-pour-gtd3073rr\\\/#primaryimage\"},\"thumbnailUrl\":\"https:\\\/\\\/bnperf.com\\\/wp-content\\\/uploads\\\/2024\\\/03\\\/systemchra.webp\",\"datePublished\":\"2024-03-20T10:24:44+00:00\",\"dateModified\":\"2024-03-20T10:34:32+00:00\",\"breadcrumb\":{\"@id\":\"https:\\\/\\\/bnperf.com\\\/pt-pt\\\/produit\\\/chra-pour-gtd3073rr\\\/#breadcrumb\"},\"inLanguage\":\"pt-PT\",\"potentialAction\":[{\"@type\":\"ReadAction\",\"target\":[\"https:\\\/\\\/bnperf.com\\\/pt-pt\\\/produit\\\/chra-pour-gtd3073rr\\\/\"]}]},{\"@type\":\"ImageObject\",\"inLanguage\":\"pt-PT\",\"@id\":\"https:\\\/\\\/bnperf.com\\\/pt-pt\\\/produit\\\/chra-pour-gtd3073rr\\\/#primaryimage\",\"url\":\"https:\\\/\\\/bnperf.com\\\/wp-content\\\/uploads\\\/2024\\\/03\\\/systemchra.webp\",\"contentUrl\":\"https:\\\/\\\/bnperf.com\\\/wp-content\\\/uploads\\\/2024\\\/03\\\/systemchra.webp\",\"width\":800,\"height\":800},{\"@type\":\"BreadcrumbList\",\"@id\":\"https:\\\/\\\/bnperf.com\\\/pt-pt\\\/produit\\\/chra-pour-gtd3073rr\\\/#breadcrumb\",\"itemListElement\":[{\"@type\":\"ListItem\",\"position\":1,\"name\":\"Inicio\",\"item\":\"https:\\\/\\\/bnperf.com\\\/pt-pt\\\/inicio\\\/\"},{\"@type\":\"ListItem\",\"position\":2,\"name\":\"Loja\",\"item\":\"https:\\\/\\\/bnperf.com\\\/pt-pt\\\/loja\\\/\"},{\"@type\":\"ListItem\",\"position\":3,\"name\":\"CORE PARA GTD3073RR\"}]},{\"@type\":\"WebSite\",\"@id\":\"https:\\\/\\\/bnperf.com\\\/pt-pt\\\/#website\",\"url\":\"https:\\\/\\\/bnperf.com\\\/pt-pt\\\/\",\"name\":\"BNPERF\",\"description\":\"Votre Boutique Online ...\",\"publisher\":{\"@id\":\"https:\\\/\\\/bnperf.com\\\/pt-pt\\\/#organization\"},\"potentialAction\":[{\"@type\":\"SearchAction\",\"target\":{\"@type\":\"EntryPoint\",\"urlTemplate\":\"https:\\\/\\\/bnperf.com\\\/pt-pt\\\/?s={search_term_string}\"},\"query-input\":{\"@type\":\"PropertyValueSpecification\",\"valueRequired\":true,\"valueName\":\"search_term_string\"}}],\"inLanguage\":\"pt-PT\"},{\"@type\":\"Organization\",\"@id\":\"https:\\\/\\\/bnperf.com\\\/pt-pt\\\/#organization\",\"name\":\"BNPERF\",\"url\":\"https:\\\/\\\/bnperf.com\\\/pt-pt\\\/\",\"logo\":{\"@type\":\"ImageObject\",\"inLanguage\":\"pt-PT\",\"@id\":\"https:\\\/\\\/bnperf.com\\\/pt-pt\\\/#\\\/schema\\\/logo\\\/image\\\/\",\"url\":\"https:\\\/\\\/bnperf.com\\\/wp-content\\\/uploads\\\/2021\\\/10\\\/bnperf-logo.png\",\"contentUrl\":\"https:\\\/\\\/bnperf.com\\\/wp-content\\\/uploads\\\/2021\\\/10\\\/bnperf-logo.png\",\"width\":954,\"height\":300,\"caption\":\"BNPERF\"},\"image\":{\"@id\":\"https:\\\/\\\/bnperf.com\\\/pt-pt\\\/#\\\/schema\\\/logo\\\/image\\\/\"},\"sameAs\":[\"https:\\\/\\\/www.facebook.com\\\/bnperf\",\"https:\\\/\\\/www.instagram.com\\\/bnperf\"]}]}<\/script>\n<!-- \/ Yoast SEO Premium plugin. -->","yoast_head_json":{"title":"CORE PARA GTD3073RR - BNPERF","robots":{"index":"index","follow":"follow","max-snippet":"max-snippet:-1","max-image-preview":"max-image-preview:large","max-video-preview":"max-video-preview:-1"},"canonical":"https:\/\/bnperf.com\/pt-pt\/produit\/chra-pour-gtd3073rr\/","og_locale":"pt_PT","og_type":"article","og_title":"CORE PARA GTD3073RR","og_description":"Lado da compressora: Roda da compressora: tarugo refor\u00e7ado personalizado de 7+7 l\u00e2minas; Indutor:\u00a054mm; Exdutor:\u00a073mm; Entrada de ar:\u00a076mm \/ 2&#8243;; Sa\u00edda de ar:\u00a090\u00b0 51mm \/ 2&#8243;; Core: rolamento de esferas de...","og_url":"https:\/\/bnperf.com\/pt-pt\/produit\/chra-pour-gtd3073rr\/","og_site_name":"BNPERF","article_publisher":"https:\/\/www.facebook.com\/bnperf","article_modified_time":"2024-03-20T10:34:32+00:00","og_image":[{"width":800,"height":800,"url":"https:\/\/bnperf.com\/wp-content\/uploads\/2024\/03\/systemchra.webp","type":"image\/webp"}],"twitter_card":"summary_large_image","schema":{"@context":"https:\/\/schema.org","@graph":[{"@type":"WebPage","@id":"https:\/\/bnperf.com\/pt-pt\/produit\/chra-pour-gtd3073rr\/","url":"https:\/\/bnperf.com\/pt-pt\/produit\/chra-pour-gtd3073rr\/","name":"CORE PARA GTD3073RR - BNPERF","isPartOf":{"@id":"https:\/\/bnperf.com\/pt-pt\/#website"},"primaryImageOfPage":{"@id":"https:\/\/bnperf.com\/pt-pt\/produit\/chra-pour-gtd3073rr\/#primaryimage"},"image":{"@id":"https:\/\/bnperf.com\/pt-pt\/produit\/chra-pour-gtd3073rr\/#primaryimage"},"thumbnailUrl":"https:\/\/bnperf.com\/wp-content\/uploads\/2024\/03\/systemchra.webp","datePublished":"2024-03-20T10:24:44+00:00","dateModified":"2024-03-20T10:34:32+00:00","breadcrumb":{"@id":"https:\/\/bnperf.com\/pt-pt\/produit\/chra-pour-gtd3073rr\/#breadcrumb"},"inLanguage":"pt-PT","potentialAction":[{"@type":"ReadAction","target":["https:\/\/bnperf.com\/pt-pt\/produit\/chra-pour-gtd3073rr\/"]}]},{"@type":"ImageObject","inLanguage":"pt-PT","@id":"https:\/\/bnperf.com\/pt-pt\/produit\/chra-pour-gtd3073rr\/#primaryimage","url":"https:\/\/bnperf.com\/wp-content\/uploads\/2024\/03\/systemchra.webp","contentUrl":"https:\/\/bnperf.com\/wp-content\/uploads\/2024\/03\/systemchra.webp","width":800,"height":800},{"@type":"BreadcrumbList","@id":"https:\/\/bnperf.com\/pt-pt\/produit\/chra-pour-gtd3073rr\/#breadcrumb","itemListElement":[{"@type":"ListItem","position":1,"name":"Inicio","item":"https:\/\/bnperf.com\/pt-pt\/inicio\/"},{"@type":"ListItem","position":2,"name":"Loja","item":"https:\/\/bnperf.com\/pt-pt\/loja\/"},{"@type":"ListItem","position":3,"name":"CORE PARA GTD3073RR"}]},{"@type":"WebSite","@id":"https:\/\/bnperf.com\/pt-pt\/#website","url":"https:\/\/bnperf.com\/pt-pt\/","name":"BNPERF","description":"Votre Boutique Online ...","publisher":{"@id":"https:\/\/bnperf.com\/pt-pt\/#organization"},"potentialAction":[{"@type":"SearchAction","target":{"@type":"EntryPoint","urlTemplate":"https:\/\/bnperf.com\/pt-pt\/?s={search_term_string}"},"query-input":{"@type":"PropertyValueSpecification","valueRequired":true,"valueName":"search_term_string"}}],"inLanguage":"pt-PT"},{"@type":"Organization","@id":"https:\/\/bnperf.com\/pt-pt\/#organization","name":"BNPERF","url":"https:\/\/bnperf.com\/pt-pt\/","logo":{"@type":"ImageObject","inLanguage":"pt-PT","@id":"https:\/\/bnperf.com\/pt-pt\/#\/schema\/logo\/image\/","url":"https:\/\/bnperf.com\/wp-content\/uploads\/2021\/10\/bnperf-logo.png","contentUrl":"https:\/\/bnperf.com\/wp-content\/uploads\/2021\/10\/bnperf-logo.png","width":954,"height":300,"caption":"BNPERF"},"image":{"@id":"https:\/\/bnperf.com\/pt-pt\/#\/schema\/logo\/image\/"},"sameAs":["https:\/\/www.facebook.com\/bnperf","https:\/\/www.instagram.com\/bnperf"]}]}},"tiered_pricing_type":"fixed","tiered_pricing_fixed_rules":[],"tiered_pricing_product_settings":{"layout":"default","base_unit_name":{"singular":null,"plural":null},"default_variation":null},"tiered_pricing_minimum_quantity":null,"tiered_pricing_roles_data":[],"tiered_pricing_percentage_rules":[],"_links":{"self":[{"href":"https:\/\/bnperf.com\/pt-pt\/wp-json\/wp\/v2\/product\/30928","targetHints":{"allow":["GET"]}}],"collection":[{"href":"https:\/\/bnperf.com\/pt-pt\/wp-json\/wp\/v2\/product"}],"about":[{"href":"https:\/\/bnperf.com\/pt-pt\/wp-json\/wp\/v2\/types\/product"}],"replies":[{"embeddable":true,"href":"https:\/\/bnperf.com\/pt-pt\/wp-json\/wp\/v2\/comments?post=30928"}],"wp:featuredmedia":[{"embeddable":true,"href":"https:\/\/bnperf.com\/pt-pt\/wp-json\/wp\/v2\/media\/30908"}],"wp:attachment":[{"href":"https:\/\/bnperf.com\/pt-pt\/wp-json\/wp\/v2\/media?parent=30928"}],"wp:term":[{"taxonomy":"product_brand","embeddable":true,"href":"https:\/\/bnperf.com\/pt-pt\/wp-json\/wp\/v2\/product_brand?post=30928"},{"taxonomy":"product_cat","embeddable":true,"href":"https:\/\/bnperf.com\/pt-pt\/wp-json\/wp\/v2\/product_cat?post=30928"},{"taxonomy":"product_tag","embeddable":true,"href":"https:\/\/bnperf.com\/pt-pt\/wp-json\/wp\/v2\/product_tag?post=30928"}],"curies":[{"name":"wp","href":"https:\/\/api.w.org\/{rel}","templated":true}]}}