{"id":26503,"date":"2023-04-08T12:55:28","date_gmt":"2023-04-08T11:55:28","guid":{"rendered":"https:\/\/bnperf.com\/?post_type=product&#038;p=26503"},"modified":"2025-07-15T17:32:20","modified_gmt":"2025-07-15T16:32:20","slug":"coolerworx-short-shifter-direct-fit-kit-bmw-e30-e34-e36-e46-e8x-e9x","status":"publish","type":"product","link":"https:\/\/bnperf.com\/pt-pt\/produit\/coolerworx-short-shifter-direct-fit-kit-bmw-e30-e34-e36-e46-e8x-e9x\/","title":{"rendered":"COOLERWORX SHORT SHIFTER DIRECT FIT KIT BMW E30 E34 E36 E46 E8X E9X"},"content":{"rendered":"<p>Encaixa 100%<br \/>\nn\u00e3o precisa furar<\/p>\n<p>O BMW Shifter pode ser instalado diretamente no topo de um t\u00fanel usando a almofada de ajuste universal que vem com cada c\u00e2mbio BMW por padr\u00e3o.<\/p>\n<p>Este m\u00e9todo funciona muito bem e o shifter segura muito bem. O processo: fazer furos no t\u00fanel, procurar parafusos, fazer uma cobertura contra poeira, \u00e0s vezes pode ser complicado e dif\u00edcil, sem falar que leva muito tempo.<\/p>\n<p>\u00c9 por isso que projetamos o kit de ajuste direto. Eles s\u00e3o feitos individualmente para cada chassi BMW (voc\u00ea pode aprender mais sobre o chassi aqui), por exemplo, E36, E46, etc.<\/p>\n<p>Tudo o que voc\u00ea precisa fazer para usar o kit de ajuste direto da COOLERWORX \u00e9:<\/p>\n<p>remova o c\u00e2mbio original,<br \/>\ninstale o kit de ajuste direto e o c\u00e2mbio curto COOLERWORX em seu lugar.<br \/>\n\u00c9 isso! Sem perfura\u00e7\u00e3o de furos, sem parafusos ou outras opera\u00e7\u00f5es demoradas e cansativas.<\/p>\n<p>\u00c9 uma instala\u00e7\u00e3o simples e f\u00e1cil!<\/p>\n","protected":false},"excerpt":{"rendered":"<p>Encaixa 100% n\u00e3o precisa furar O BMW Shifter pode ser instalado diretamente no topo de um t\u00fanel usando a almofada de ajuste universal que vem com cada c\u00e2mbio BMW por&#8230;<\/p>\n","protected":false},"featured_media":27138,"comment_status":"open","ping_status":"closed","template":"","meta":[],"product_brand":[],"product_cat":[1822,1782,1827,1820],"product_tag":[520,26906,29704,26707,27921,26925,26519,26531,630,635,29774,26486,26487,26485,26488,29775,26638,27019,26927],"class_list":{"0":"post-26503","1":"product","2":"type-product","3":"status-publish","4":"has-post-thumbnail","6":"product_cat-embraiagens","7":"product_cat-performance-pt-pt","8":"product_cat-short-shift-pt-pt","9":"product_cat-transmissao","10":"product_tag-bmw-pt-pt","11":"product_tag-bnperf-pt-pt","12":"product_tag-coolerworx-pt-pt","13":"product_tag-e30-pt-pt","14":"product_tag-e34-pt-pt","15":"product_tag-e36-pt-pt","16":"product_tag-e46-pt-pt","17":"product_tag-e81-pt-pt","18":"product_tag-e82-pt-pt-2","19":"product_tag-e83-pt-pt","20":"product_tag-e8x-pt-pt","21":"product_tag-e90-pt-pt","22":"product_tag-e91-pt-pt","23":"product_tag-e92-pt-pt","24":"product_tag-e93-pt-pt","25":"product_tag-e9x-pt-pt","26":"product_tag-f30-pt-pt","27":"product_tag-f80-pt-pt","28":"product_tag-short-shifter-pt-pt","30":"first","31":"instock","32":"taxable","33":"shipping-taxable","34":"purchasable","35":"product-type-simple","36":"add-to-wishlist-before_image"},"bundled_by":[],"bundle_stock_status":"instock","bundle_stock_quantity":null,"bundle_virtual":false,"bundle_layout":"","bundle_add_to_cart_form_location":"","bundle_editable_in_cart":false,"bundle_sold_individually_context":"","bundle_item_grouping":"","bundle_min_size":"","bundle_max_size":"","bundle_price":[],"bundled_items":[],"bundle_sell_ids":[],"exclude_global_add_ons":[],"addons":[],"yoast_head":"<!-- This site is optimized with the Yoast SEO Premium plugin v27.4 (Yoast SEO v27.4) - https:\/\/yoast.com\/product\/yoast-seo-premium-wordpress\/ -->\n<title>COOLERWORX SHORT SHIFTER DIRECT FIT KIT BMW E30 E34 E36 E46 E8X E9X - BNPERF<\/title>\n<meta name=\"robots\" content=\"index, follow, max-snippet:-1, max-image-preview:large, max-video-preview:-1\" \/>\n<link rel=\"canonical\" href=\"https:\/\/bnperf.com\/pt-pt\/produit\/coolerworx-short-shifter-direct-fit-kit-bmw-e30-e34-e36-e46-e8x-e9x\/\" \/>\n<meta property=\"og:locale\" content=\"pt_PT\" \/>\n<meta property=\"og:type\" content=\"article\" \/>\n<meta property=\"og:title\" content=\"COOLERWORX SHORT SHIFTER DIRECT FIT KIT BMW E30 E34 E36 E46 E8X E9X\" \/>\n<meta property=\"og:description\" content=\"Encaixa 100% n\u00e3o precisa furar O BMW Shifter pode ser instalado diretamente no topo de um t\u00fanel usando a almofada de ajuste universal que vem com cada c\u00e2mbio BMW por...\" \/>\n<meta property=\"og:url\" content=\"https:\/\/bnperf.com\/pt-pt\/produit\/coolerworx-short-shifter-direct-fit-kit-bmw-e30-e34-e36-e46-e8x-e9x\/\" \/>\n<meta property=\"og:site_name\" content=\"BNPERF\" \/>\n<meta property=\"article:publisher\" content=\"https:\/\/www.facebook.com\/bnperf\" \/>\n<meta property=\"article:modified_time\" content=\"2025-07-15T16:32:20+00:00\" \/>\n<meta property=\"og:image\" content=\"https:\/\/bnperf.com\/wp-content\/uploads\/2023\/04\/ezgif.com-webp-to-jpg-44-copie.jpg\" \/>\n\t<meta property=\"og:image:width\" content=\"800\" \/>\n\t<meta property=\"og:image:height\" content=\"800\" \/>\n\t<meta property=\"og:image:type\" content=\"image\/jpeg\" \/>\n<meta name=\"twitter:card\" content=\"summary_large_image\" \/>\n<meta name=\"twitter:label1\" content=\"Tempo estimado de leitura\" \/>\n\t<meta name=\"twitter:data1\" content=\"1 minuto\" \/>\n<script type=\"application\/ld+json\" class=\"yoast-schema-graph\">{\"@context\":\"https:\\\/\\\/schema.org\",\"@graph\":[{\"@type\":\"WebPage\",\"@id\":\"https:\\\/\\\/bnperf.com\\\/pt-pt\\\/produit\\\/coolerworx-short-shifter-direct-fit-kit-bmw-e30-e34-e36-e46-e8x-e9x\\\/\",\"url\":\"https:\\\/\\\/bnperf.com\\\/pt-pt\\\/produit\\\/coolerworx-short-shifter-direct-fit-kit-bmw-e30-e34-e36-e46-e8x-e9x\\\/\",\"name\":\"COOLERWORX SHORT SHIFTER DIRECT FIT KIT BMW E30 E34 E36 E46 E8X E9X - BNPERF\",\"isPartOf\":{\"@id\":\"https:\\\/\\\/bnperf.com\\\/pt-pt\\\/#website\"},\"primaryImageOfPage\":{\"@id\":\"https:\\\/\\\/bnperf.com\\\/pt-pt\\\/produit\\\/coolerworx-short-shifter-direct-fit-kit-bmw-e30-e34-e36-e46-e8x-e9x\\\/#primaryimage\"},\"image\":{\"@id\":\"https:\\\/\\\/bnperf.com\\\/pt-pt\\\/produit\\\/coolerworx-short-shifter-direct-fit-kit-bmw-e30-e34-e36-e46-e8x-e9x\\\/#primaryimage\"},\"thumbnailUrl\":\"https:\\\/\\\/bnperf.com\\\/wp-content\\\/uploads\\\/2023\\\/04\\\/ezgif.com-webp-to-jpg-44-copie.jpg\",\"datePublished\":\"2023-04-08T11:55:28+00:00\",\"dateModified\":\"2025-07-15T16:32:20+00:00\",\"breadcrumb\":{\"@id\":\"https:\\\/\\\/bnperf.com\\\/pt-pt\\\/produit\\\/coolerworx-short-shifter-direct-fit-kit-bmw-e30-e34-e36-e46-e8x-e9x\\\/#breadcrumb\"},\"inLanguage\":\"pt-PT\",\"potentialAction\":[{\"@type\":\"ReadAction\",\"target\":[\"https:\\\/\\\/bnperf.com\\\/pt-pt\\\/produit\\\/coolerworx-short-shifter-direct-fit-kit-bmw-e30-e34-e36-e46-e8x-e9x\\\/\"]}]},{\"@type\":\"ImageObject\",\"inLanguage\":\"pt-PT\",\"@id\":\"https:\\\/\\\/bnperf.com\\\/pt-pt\\\/produit\\\/coolerworx-short-shifter-direct-fit-kit-bmw-e30-e34-e36-e46-e8x-e9x\\\/#primaryimage\",\"url\":\"https:\\\/\\\/bnperf.com\\\/wp-content\\\/uploads\\\/2023\\\/04\\\/ezgif.com-webp-to-jpg-44-copie.jpg\",\"contentUrl\":\"https:\\\/\\\/bnperf.com\\\/wp-content\\\/uploads\\\/2023\\\/04\\\/ezgif.com-webp-to-jpg-44-copie.jpg\",\"width\":800,\"height\":800},{\"@type\":\"BreadcrumbList\",\"@id\":\"https:\\\/\\\/bnperf.com\\\/pt-pt\\\/produit\\\/coolerworx-short-shifter-direct-fit-kit-bmw-e30-e34-e36-e46-e8x-e9x\\\/#breadcrumb\",\"itemListElement\":[{\"@type\":\"ListItem\",\"position\":1,\"name\":\"Inicio\",\"item\":\"https:\\\/\\\/bnperf.com\\\/pt-pt\\\/inicio\\\/\"},{\"@type\":\"ListItem\",\"position\":2,\"name\":\"Loja\",\"item\":\"https:\\\/\\\/bnperf.com\\\/pt-pt\\\/loja\\\/\"},{\"@type\":\"ListItem\",\"position\":3,\"name\":\"COOLERWORX SHORT SHIFTER DIRECT FIT KIT BMW E30 E34 E36 E46 E8X E9X\"}]},{\"@type\":\"WebSite\",\"@id\":\"https:\\\/\\\/bnperf.com\\\/pt-pt\\\/#website\",\"url\":\"https:\\\/\\\/bnperf.com\\\/pt-pt\\\/\",\"name\":\"BNPERF\",\"description\":\"Votre Boutique Online ...\",\"publisher\":{\"@id\":\"https:\\\/\\\/bnperf.com\\\/pt-pt\\\/#organization\"},\"potentialAction\":[{\"@type\":\"SearchAction\",\"target\":{\"@type\":\"EntryPoint\",\"urlTemplate\":\"https:\\\/\\\/bnperf.com\\\/pt-pt\\\/?s={search_term_string}\"},\"query-input\":{\"@type\":\"PropertyValueSpecification\",\"valueRequired\":true,\"valueName\":\"search_term_string\"}}],\"inLanguage\":\"pt-PT\"},{\"@type\":\"Organization\",\"@id\":\"https:\\\/\\\/bnperf.com\\\/pt-pt\\\/#organization\",\"name\":\"BNPERF\",\"url\":\"https:\\\/\\\/bnperf.com\\\/pt-pt\\\/\",\"logo\":{\"@type\":\"ImageObject\",\"inLanguage\":\"pt-PT\",\"@id\":\"https:\\\/\\\/bnperf.com\\\/pt-pt\\\/#\\\/schema\\\/logo\\\/image\\\/\",\"url\":\"https:\\\/\\\/bnperf.com\\\/wp-content\\\/uploads\\\/2021\\\/10\\\/bnperf-logo.png\",\"contentUrl\":\"https:\\\/\\\/bnperf.com\\\/wp-content\\\/uploads\\\/2021\\\/10\\\/bnperf-logo.png\",\"width\":954,\"height\":300,\"caption\":\"BNPERF\"},\"image\":{\"@id\":\"https:\\\/\\\/bnperf.com\\\/pt-pt\\\/#\\\/schema\\\/logo\\\/image\\\/\"},\"sameAs\":[\"https:\\\/\\\/www.facebook.com\\\/bnperf\",\"https:\\\/\\\/www.instagram.com\\\/bnperf\"]}]}<\/script>\n<!-- \/ Yoast SEO Premium plugin. -->","yoast_head_json":{"title":"COOLERWORX SHORT SHIFTER DIRECT FIT KIT BMW E30 E34 E36 E46 E8X E9X - BNPERF","robots":{"index":"index","follow":"follow","max-snippet":"max-snippet:-1","max-image-preview":"max-image-preview:large","max-video-preview":"max-video-preview:-1"},"canonical":"https:\/\/bnperf.com\/pt-pt\/produit\/coolerworx-short-shifter-direct-fit-kit-bmw-e30-e34-e36-e46-e8x-e9x\/","og_locale":"pt_PT","og_type":"article","og_title":"COOLERWORX SHORT SHIFTER DIRECT FIT KIT BMW E30 E34 E36 E46 E8X E9X","og_description":"Encaixa 100% n\u00e3o precisa furar O BMW Shifter pode ser instalado diretamente no topo de um t\u00fanel usando a almofada de ajuste universal que vem com cada c\u00e2mbio BMW por...","og_url":"https:\/\/bnperf.com\/pt-pt\/produit\/coolerworx-short-shifter-direct-fit-kit-bmw-e30-e34-e36-e46-e8x-e9x\/","og_site_name":"BNPERF","article_publisher":"https:\/\/www.facebook.com\/bnperf","article_modified_time":"2025-07-15T16:32:20+00:00","og_image":[{"width":800,"height":800,"url":"https:\/\/bnperf.com\/wp-content\/uploads\/2023\/04\/ezgif.com-webp-to-jpg-44-copie.jpg","type":"image\/jpeg"}],"twitter_card":"summary_large_image","twitter_misc":{"Tempo estimado de leitura":"1 minuto"},"schema":{"@context":"https:\/\/schema.org","@graph":[{"@type":"WebPage","@id":"https:\/\/bnperf.com\/pt-pt\/produit\/coolerworx-short-shifter-direct-fit-kit-bmw-e30-e34-e36-e46-e8x-e9x\/","url":"https:\/\/bnperf.com\/pt-pt\/produit\/coolerworx-short-shifter-direct-fit-kit-bmw-e30-e34-e36-e46-e8x-e9x\/","name":"COOLERWORX SHORT SHIFTER DIRECT FIT KIT BMW E30 E34 E36 E46 E8X E9X - BNPERF","isPartOf":{"@id":"https:\/\/bnperf.com\/pt-pt\/#website"},"primaryImageOfPage":{"@id":"https:\/\/bnperf.com\/pt-pt\/produit\/coolerworx-short-shifter-direct-fit-kit-bmw-e30-e34-e36-e46-e8x-e9x\/#primaryimage"},"image":{"@id":"https:\/\/bnperf.com\/pt-pt\/produit\/coolerworx-short-shifter-direct-fit-kit-bmw-e30-e34-e36-e46-e8x-e9x\/#primaryimage"},"thumbnailUrl":"https:\/\/bnperf.com\/wp-content\/uploads\/2023\/04\/ezgif.com-webp-to-jpg-44-copie.jpg","datePublished":"2023-04-08T11:55:28+00:00","dateModified":"2025-07-15T16:32:20+00:00","breadcrumb":{"@id":"https:\/\/bnperf.com\/pt-pt\/produit\/coolerworx-short-shifter-direct-fit-kit-bmw-e30-e34-e36-e46-e8x-e9x\/#breadcrumb"},"inLanguage":"pt-PT","potentialAction":[{"@type":"ReadAction","target":["https:\/\/bnperf.com\/pt-pt\/produit\/coolerworx-short-shifter-direct-fit-kit-bmw-e30-e34-e36-e46-e8x-e9x\/"]}]},{"@type":"ImageObject","inLanguage":"pt-PT","@id":"https:\/\/bnperf.com\/pt-pt\/produit\/coolerworx-short-shifter-direct-fit-kit-bmw-e30-e34-e36-e46-e8x-e9x\/#primaryimage","url":"https:\/\/bnperf.com\/wp-content\/uploads\/2023\/04\/ezgif.com-webp-to-jpg-44-copie.jpg","contentUrl":"https:\/\/bnperf.com\/wp-content\/uploads\/2023\/04\/ezgif.com-webp-to-jpg-44-copie.jpg","width":800,"height":800},{"@type":"BreadcrumbList","@id":"https:\/\/bnperf.com\/pt-pt\/produit\/coolerworx-short-shifter-direct-fit-kit-bmw-e30-e34-e36-e46-e8x-e9x\/#breadcrumb","itemListElement":[{"@type":"ListItem","position":1,"name":"Inicio","item":"https:\/\/bnperf.com\/pt-pt\/inicio\/"},{"@type":"ListItem","position":2,"name":"Loja","item":"https:\/\/bnperf.com\/pt-pt\/loja\/"},{"@type":"ListItem","position":3,"name":"COOLERWORX SHORT SHIFTER DIRECT FIT KIT BMW E30 E34 E36 E46 E8X E9X"}]},{"@type":"WebSite","@id":"https:\/\/bnperf.com\/pt-pt\/#website","url":"https:\/\/bnperf.com\/pt-pt\/","name":"BNPERF","description":"Votre Boutique Online ...","publisher":{"@id":"https:\/\/bnperf.com\/pt-pt\/#organization"},"potentialAction":[{"@type":"SearchAction","target":{"@type":"EntryPoint","urlTemplate":"https:\/\/bnperf.com\/pt-pt\/?s={search_term_string}"},"query-input":{"@type":"PropertyValueSpecification","valueRequired":true,"valueName":"search_term_string"}}],"inLanguage":"pt-PT"},{"@type":"Organization","@id":"https:\/\/bnperf.com\/pt-pt\/#organization","name":"BNPERF","url":"https:\/\/bnperf.com\/pt-pt\/","logo":{"@type":"ImageObject","inLanguage":"pt-PT","@id":"https:\/\/bnperf.com\/pt-pt\/#\/schema\/logo\/image\/","url":"https:\/\/bnperf.com\/wp-content\/uploads\/2021\/10\/bnperf-logo.png","contentUrl":"https:\/\/bnperf.com\/wp-content\/uploads\/2021\/10\/bnperf-logo.png","width":954,"height":300,"caption":"BNPERF"},"image":{"@id":"https:\/\/bnperf.com\/pt-pt\/#\/schema\/logo\/image\/"},"sameAs":["https:\/\/www.facebook.com\/bnperf","https:\/\/www.instagram.com\/bnperf"]}]}},"tiered_pricing_type":"fixed","tiered_pricing_fixed_rules":[],"tiered_pricing_product_settings":{"layout":"default","base_unit_name":{"singular":null,"plural":null},"default_variation":null},"tiered_pricing_minimum_quantity":null,"tiered_pricing_roles_data":[],"tiered_pricing_percentage_rules":[],"_links":{"self":[{"href":"https:\/\/bnperf.com\/pt-pt\/wp-json\/wp\/v2\/product\/26503","targetHints":{"allow":["GET"]}}],"collection":[{"href":"https:\/\/bnperf.com\/pt-pt\/wp-json\/wp\/v2\/product"}],"about":[{"href":"https:\/\/bnperf.com\/pt-pt\/wp-json\/wp\/v2\/types\/product"}],"replies":[{"embeddable":true,"href":"https:\/\/bnperf.com\/pt-pt\/wp-json\/wp\/v2\/comments?post=26503"}],"wp:featuredmedia":[{"embeddable":true,"href":"https:\/\/bnperf.com\/pt-pt\/wp-json\/wp\/v2\/media\/27138"}],"wp:attachment":[{"href":"https:\/\/bnperf.com\/pt-pt\/wp-json\/wp\/v2\/media?parent=26503"}],"wp:term":[{"taxonomy":"product_brand","embeddable":true,"href":"https:\/\/bnperf.com\/pt-pt\/wp-json\/wp\/v2\/product_brand?post=26503"},{"taxonomy":"product_cat","embeddable":true,"href":"https:\/\/bnperf.com\/pt-pt\/wp-json\/wp\/v2\/product_cat?post=26503"},{"taxonomy":"product_tag","embeddable":true,"href":"https:\/\/bnperf.com\/pt-pt\/wp-json\/wp\/v2\/product_tag?post=26503"}],"curies":[{"name":"wp","href":"https:\/\/api.w.org\/{rel}","templated":true}]}}