{"id":26434,"date":"2023-04-08T11:08:02","date_gmt":"2023-04-08T10:10:50","guid":{"rendered":"https:\/\/bnperf.com\/?post_type=product&#038;p=26434"},"modified":"2023-04-08T11:10:51","modified_gmt":"2023-04-08T10:10:51","slug":"coolerworx-short-shifter-pro-vw-audi-skoda-seat-02a-02j-top-mount","status":"publish","type":"product","link":"https:\/\/bnperf.com\/pt-pt\/produit\/coolerworx-short-shifter-pro-vw-audi-skoda-seat-02a-02j-top-mount\/","title":{"rendered":"COOLERWORX SHORT SHIFTER PRO VW \/ AUDI \/ SKODA \/ SEAT (02A \/ 02J) TOP MOUNT"},"content":{"rendered":"<p>Este shifter \u00e9 uma vers\u00e3o de montagem superior, o que significa que os cabos ter\u00e3o que ser reencaminhados para entrar no carro. O c\u00e2mbio \u00e9 \u00fatil em situa\u00e7\u00f5es com caixa de c\u00e2mbio adaptada (ou seja, caixa de c\u00e2mbio 02A no VW Golf I). Tamb\u00e9m pode ser usado em carros onde essas caixas de c\u00e2mbio s\u00e3o OEM, ou seja, para aplica\u00e7\u00f5es de corrida, carros sem interior, etc.<br \/>\nKit completo para usar no carro da lista acima.<br \/>\nLan\u00e7amento 40% mais curto entre as marchas<br \/>\nA mola autocentrante evita qualquer folga, ajuda a engatar as marchas com mais precis\u00e3o<br \/>\nO padr\u00e3o de mudan\u00e7a de marcha encurtado permite alternar entre as marchas muito mais r\u00e1pido!<br \/>\nPode ser usado com montagens de motor\/caixa de engrenagens OEM<br \/>\nA al\u00e7a mais longa permite que o c\u00e2mbio fique mais perto do volante, proporcionando melhor desempenho na aplica\u00e7\u00e3o de corrida<br \/>\nO padr\u00e3o H original permanece, mas \u00e9 muito mais curto e preciso.<br \/>\nAs marchas reversa \/ 5\/6 podem ser travadas usando os parafusos inclu\u00eddos<br \/>\nPl\u00e1sticos interiores podem exigir algumas modifica\u00e7\u00f5es<br \/>\nMateriais de alta qualidade garantem mudan\u00e7as sem problemas<br \/>\nGarantia mundial para cada compra<\/p>\n","protected":false},"excerpt":{"rendered":"<p>Este shifter \u00e9 uma vers\u00e3o de montagem superior, o que significa que os cabos ter\u00e3o que ser reencaminhados para entrar no carro. O c\u00e2mbio \u00e9 \u00fatil em situa\u00e7\u00f5es com caixa&#8230;<\/p>\n","protected":false},"featured_media":27144,"comment_status":"open","ping_status":"closed","template":"","meta":[],"product_brand":[],"product_cat":[1782,1827,1820],"product_tag":[26655,29704,29715,29714,29716,532,552,29717,29718],"class_list":{"0":"post-26434","1":"product","2":"type-product","3":"status-publish","4":"has-post-thumbnail","6":"product_cat-performance-pt-pt","7":"product_cat-short-shift-pt-pt","8":"product_cat-transmissao","9":"product_tag-6k-pt-pt","10":"product_tag-coolerworx-pt-pt","11":"product_tag-corrado-pt-pt","12":"product_tag-golf-2-pt-pt","13":"product_tag-golf-3-pt-pt","14":"product_tag-seatibiza-pt-pt","15":"product_tag-vw-pt-pt","16":"product_tag-jetta16e-19e-1g2-pt-pt","17":"product_tag-passat-b3-b4-pt-pt","19":"first","20":"instock","21":"taxable","22":"shipping-taxable","23":"purchasable","24":"product-type-variable","25":"add-to-wishlist-before_image"},"bundled_by":[],"bundle_stock_status":"instock","bundle_stock_quantity":null,"bundle_virtual":false,"bundle_layout":"","bundle_add_to_cart_form_location":"","bundle_editable_in_cart":false,"bundle_sold_individually_context":"","bundle_item_grouping":"","bundle_min_size":"","bundle_max_size":"","bundle_price":[],"bundled_items":[],"bundle_sell_ids":[],"exclude_global_add_ons":[],"addons":[],"yoast_head":"<!-- This site is optimized with the Yoast SEO Premium plugin v27.4 (Yoast SEO v27.5) - https:\/\/yoast.com\/product\/yoast-seo-premium-wordpress\/ -->\n<title>COOLERWORX SHORT SHIFTER PRO VW \/ AUDI \/ SKODA \/ SEAT (02A \/ 02J) TOP MOUNT - BNPERF<\/title>\n<meta name=\"robots\" content=\"index, follow, max-snippet:-1, max-image-preview:large, max-video-preview:-1\" \/>\n<link rel=\"canonical\" href=\"https:\/\/bnperf.com\/pt-pt\/produit\/coolerworx-short-shifter-pro-vw-audi-skoda-seat-02a-02j-top-mount\/\" \/>\n<meta property=\"og:locale\" content=\"pt_PT\" \/>\n<meta property=\"og:type\" content=\"article\" \/>\n<meta property=\"og:title\" content=\"COOLERWORX SHORT SHIFTER PRO VW \/ AUDI \/ SKODA \/ SEAT (02A \/ 02J) TOP MOUNT\" \/>\n<meta property=\"og:description\" content=\"Este shifter \u00e9 uma vers\u00e3o de montagem superior, o que significa que os cabos ter\u00e3o que ser reencaminhados para entrar no carro. O c\u00e2mbio \u00e9 \u00fatil em situa\u00e7\u00f5es com caixa...\" \/>\n<meta property=\"og:url\" content=\"https:\/\/bnperf.com\/pt-pt\/produit\/coolerworx-short-shifter-pro-vw-audi-skoda-seat-02a-02j-top-mount\/\" \/>\n<meta property=\"og:site_name\" content=\"BNPERF\" \/>\n<meta property=\"article:publisher\" content=\"https:\/\/www.facebook.com\/bnperf\" \/>\n<meta property=\"article:modified_time\" content=\"2023-04-08T10:10:51+00:00\" \/>\n<meta property=\"og:image\" content=\"https:\/\/bnperf.com\/wp-content\/uploads\/2023\/04\/ezgif.com-webp-to-jpg-39-copie.jpg\" \/>\n\t<meta property=\"og:image:width\" content=\"800\" \/>\n\t<meta property=\"og:image:height\" content=\"800\" \/>\n\t<meta property=\"og:image:type\" content=\"image\/jpeg\" \/>\n<meta name=\"twitter:card\" content=\"summary_large_image\" \/>\n<meta name=\"twitter:label1\" content=\"Tempo estimado de leitura\" \/>\n\t<meta name=\"twitter:data1\" content=\"2 minutos\" \/>\n<script type=\"application\/ld+json\" class=\"yoast-schema-graph\">{\"@context\":\"https:\\\/\\\/schema.org\",\"@graph\":[{\"@type\":\"WebPage\",\"@id\":\"https:\\\/\\\/bnperf.com\\\/pt-pt\\\/produit\\\/coolerworx-short-shifter-pro-vw-audi-skoda-seat-02a-02j-top-mount\\\/\",\"url\":\"https:\\\/\\\/bnperf.com\\\/pt-pt\\\/produit\\\/coolerworx-short-shifter-pro-vw-audi-skoda-seat-02a-02j-top-mount\\\/\",\"name\":\"COOLERWORX SHORT SHIFTER PRO VW \\\/ AUDI \\\/ SKODA \\\/ SEAT (02A \\\/ 02J) TOP MOUNT - BNPERF\",\"isPartOf\":{\"@id\":\"https:\\\/\\\/bnperf.com\\\/pt-pt\\\/#website\"},\"primaryImageOfPage\":{\"@id\":\"https:\\\/\\\/bnperf.com\\\/pt-pt\\\/produit\\\/coolerworx-short-shifter-pro-vw-audi-skoda-seat-02a-02j-top-mount\\\/#primaryimage\"},\"image\":{\"@id\":\"https:\\\/\\\/bnperf.com\\\/pt-pt\\\/produit\\\/coolerworx-short-shifter-pro-vw-audi-skoda-seat-02a-02j-top-mount\\\/#primaryimage\"},\"thumbnailUrl\":\"https:\\\/\\\/bnperf.com\\\/wp-content\\\/uploads\\\/2023\\\/04\\\/ezgif.com-webp-to-jpg-39-copie.jpg\",\"datePublished\":\"2023-04-08T10:10:50+00:00\",\"dateModified\":\"2023-04-08T10:10:51+00:00\",\"breadcrumb\":{\"@id\":\"https:\\\/\\\/bnperf.com\\\/pt-pt\\\/produit\\\/coolerworx-short-shifter-pro-vw-audi-skoda-seat-02a-02j-top-mount\\\/#breadcrumb\"},\"inLanguage\":\"pt-PT\",\"potentialAction\":[{\"@type\":\"ReadAction\",\"target\":[\"https:\\\/\\\/bnperf.com\\\/pt-pt\\\/produit\\\/coolerworx-short-shifter-pro-vw-audi-skoda-seat-02a-02j-top-mount\\\/\"]}]},{\"@type\":\"ImageObject\",\"inLanguage\":\"pt-PT\",\"@id\":\"https:\\\/\\\/bnperf.com\\\/pt-pt\\\/produit\\\/coolerworx-short-shifter-pro-vw-audi-skoda-seat-02a-02j-top-mount\\\/#primaryimage\",\"url\":\"https:\\\/\\\/bnperf.com\\\/wp-content\\\/uploads\\\/2023\\\/04\\\/ezgif.com-webp-to-jpg-39-copie.jpg\",\"contentUrl\":\"https:\\\/\\\/bnperf.com\\\/wp-content\\\/uploads\\\/2023\\\/04\\\/ezgif.com-webp-to-jpg-39-copie.jpg\",\"width\":800,\"height\":800},{\"@type\":\"BreadcrumbList\",\"@id\":\"https:\\\/\\\/bnperf.com\\\/pt-pt\\\/produit\\\/coolerworx-short-shifter-pro-vw-audi-skoda-seat-02a-02j-top-mount\\\/#breadcrumb\",\"itemListElement\":[{\"@type\":\"ListItem\",\"position\":1,\"name\":\"Inicio\",\"item\":\"https:\\\/\\\/bnperf.com\\\/pt-pt\\\/inicio\\\/\"},{\"@type\":\"ListItem\",\"position\":2,\"name\":\"Loja\",\"item\":\"https:\\\/\\\/bnperf.com\\\/pt-pt\\\/loja\\\/\"},{\"@type\":\"ListItem\",\"position\":3,\"name\":\"COOLERWORX SHORT SHIFTER PRO VW \\\/ AUDI \\\/ SKODA \\\/ SEAT (02A \\\/ 02J) TOP MOUNT\"}]},{\"@type\":\"WebSite\",\"@id\":\"https:\\\/\\\/bnperf.com\\\/pt-pt\\\/#website\",\"url\":\"https:\\\/\\\/bnperf.com\\\/pt-pt\\\/\",\"name\":\"BNPERF\",\"description\":\"Votre Boutique Online ...\",\"publisher\":{\"@id\":\"https:\\\/\\\/bnperf.com\\\/pt-pt\\\/#organization\"},\"potentialAction\":[{\"@type\":\"SearchAction\",\"target\":{\"@type\":\"EntryPoint\",\"urlTemplate\":\"https:\\\/\\\/bnperf.com\\\/pt-pt\\\/?s={search_term_string}\"},\"query-input\":{\"@type\":\"PropertyValueSpecification\",\"valueRequired\":true,\"valueName\":\"search_term_string\"}}],\"inLanguage\":\"pt-PT\"},{\"@type\":\"Organization\",\"@id\":\"https:\\\/\\\/bnperf.com\\\/pt-pt\\\/#organization\",\"name\":\"BNPERF\",\"url\":\"https:\\\/\\\/bnperf.com\\\/pt-pt\\\/\",\"logo\":{\"@type\":\"ImageObject\",\"inLanguage\":\"pt-PT\",\"@id\":\"https:\\\/\\\/bnperf.com\\\/pt-pt\\\/#\\\/schema\\\/logo\\\/image\\\/\",\"url\":\"https:\\\/\\\/bnperf.com\\\/wp-content\\\/uploads\\\/2021\\\/10\\\/bnperf-logo.png\",\"contentUrl\":\"https:\\\/\\\/bnperf.com\\\/wp-content\\\/uploads\\\/2021\\\/10\\\/bnperf-logo.png\",\"width\":954,\"height\":300,\"caption\":\"BNPERF\"},\"image\":{\"@id\":\"https:\\\/\\\/bnperf.com\\\/pt-pt\\\/#\\\/schema\\\/logo\\\/image\\\/\"},\"sameAs\":[\"https:\\\/\\\/www.facebook.com\\\/bnperf\",\"https:\\\/\\\/www.instagram.com\\\/bnperf\"]}]}<\/script>\n<!-- \/ Yoast SEO Premium plugin. -->","yoast_head_json":{"title":"COOLERWORX SHORT SHIFTER PRO VW \/ AUDI \/ SKODA \/ SEAT (02A \/ 02J) TOP MOUNT - BNPERF","robots":{"index":"index","follow":"follow","max-snippet":"max-snippet:-1","max-image-preview":"max-image-preview:large","max-video-preview":"max-video-preview:-1"},"canonical":"https:\/\/bnperf.com\/pt-pt\/produit\/coolerworx-short-shifter-pro-vw-audi-skoda-seat-02a-02j-top-mount\/","og_locale":"pt_PT","og_type":"article","og_title":"COOLERWORX SHORT SHIFTER PRO VW \/ AUDI \/ SKODA \/ SEAT (02A \/ 02J) TOP MOUNT","og_description":"Este shifter \u00e9 uma vers\u00e3o de montagem superior, o que significa que os cabos ter\u00e3o que ser reencaminhados para entrar no carro. O c\u00e2mbio \u00e9 \u00fatil em situa\u00e7\u00f5es com caixa...","og_url":"https:\/\/bnperf.com\/pt-pt\/produit\/coolerworx-short-shifter-pro-vw-audi-skoda-seat-02a-02j-top-mount\/","og_site_name":"BNPERF","article_publisher":"https:\/\/www.facebook.com\/bnperf","article_modified_time":"2023-04-08T10:10:51+00:00","og_image":[{"width":800,"height":800,"url":"https:\/\/bnperf.com\/wp-content\/uploads\/2023\/04\/ezgif.com-webp-to-jpg-39-copie.jpg","type":"image\/jpeg"}],"twitter_card":"summary_large_image","twitter_misc":{"Tempo estimado de leitura":"2 minutos"},"schema":{"@context":"https:\/\/schema.org","@graph":[{"@type":"WebPage","@id":"https:\/\/bnperf.com\/pt-pt\/produit\/coolerworx-short-shifter-pro-vw-audi-skoda-seat-02a-02j-top-mount\/","url":"https:\/\/bnperf.com\/pt-pt\/produit\/coolerworx-short-shifter-pro-vw-audi-skoda-seat-02a-02j-top-mount\/","name":"COOLERWORX SHORT SHIFTER PRO VW \/ AUDI \/ SKODA \/ SEAT (02A \/ 02J) TOP MOUNT - BNPERF","isPartOf":{"@id":"https:\/\/bnperf.com\/pt-pt\/#website"},"primaryImageOfPage":{"@id":"https:\/\/bnperf.com\/pt-pt\/produit\/coolerworx-short-shifter-pro-vw-audi-skoda-seat-02a-02j-top-mount\/#primaryimage"},"image":{"@id":"https:\/\/bnperf.com\/pt-pt\/produit\/coolerworx-short-shifter-pro-vw-audi-skoda-seat-02a-02j-top-mount\/#primaryimage"},"thumbnailUrl":"https:\/\/bnperf.com\/wp-content\/uploads\/2023\/04\/ezgif.com-webp-to-jpg-39-copie.jpg","datePublished":"2023-04-08T10:10:50+00:00","dateModified":"2023-04-08T10:10:51+00:00","breadcrumb":{"@id":"https:\/\/bnperf.com\/pt-pt\/produit\/coolerworx-short-shifter-pro-vw-audi-skoda-seat-02a-02j-top-mount\/#breadcrumb"},"inLanguage":"pt-PT","potentialAction":[{"@type":"ReadAction","target":["https:\/\/bnperf.com\/pt-pt\/produit\/coolerworx-short-shifter-pro-vw-audi-skoda-seat-02a-02j-top-mount\/"]}]},{"@type":"ImageObject","inLanguage":"pt-PT","@id":"https:\/\/bnperf.com\/pt-pt\/produit\/coolerworx-short-shifter-pro-vw-audi-skoda-seat-02a-02j-top-mount\/#primaryimage","url":"https:\/\/bnperf.com\/wp-content\/uploads\/2023\/04\/ezgif.com-webp-to-jpg-39-copie.jpg","contentUrl":"https:\/\/bnperf.com\/wp-content\/uploads\/2023\/04\/ezgif.com-webp-to-jpg-39-copie.jpg","width":800,"height":800},{"@type":"BreadcrumbList","@id":"https:\/\/bnperf.com\/pt-pt\/produit\/coolerworx-short-shifter-pro-vw-audi-skoda-seat-02a-02j-top-mount\/#breadcrumb","itemListElement":[{"@type":"ListItem","position":1,"name":"Inicio","item":"https:\/\/bnperf.com\/pt-pt\/inicio\/"},{"@type":"ListItem","position":2,"name":"Loja","item":"https:\/\/bnperf.com\/pt-pt\/loja\/"},{"@type":"ListItem","position":3,"name":"COOLERWORX SHORT SHIFTER PRO VW \/ AUDI \/ SKODA \/ SEAT (02A \/ 02J) TOP MOUNT"}]},{"@type":"WebSite","@id":"https:\/\/bnperf.com\/pt-pt\/#website","url":"https:\/\/bnperf.com\/pt-pt\/","name":"BNPERF","description":"Votre Boutique Online ...","publisher":{"@id":"https:\/\/bnperf.com\/pt-pt\/#organization"},"potentialAction":[{"@type":"SearchAction","target":{"@type":"EntryPoint","urlTemplate":"https:\/\/bnperf.com\/pt-pt\/?s={search_term_string}"},"query-input":{"@type":"PropertyValueSpecification","valueRequired":true,"valueName":"search_term_string"}}],"inLanguage":"pt-PT"},{"@type":"Organization","@id":"https:\/\/bnperf.com\/pt-pt\/#organization","name":"BNPERF","url":"https:\/\/bnperf.com\/pt-pt\/","logo":{"@type":"ImageObject","inLanguage":"pt-PT","@id":"https:\/\/bnperf.com\/pt-pt\/#\/schema\/logo\/image\/","url":"https:\/\/bnperf.com\/wp-content\/uploads\/2021\/10\/bnperf-logo.png","contentUrl":"https:\/\/bnperf.com\/wp-content\/uploads\/2021\/10\/bnperf-logo.png","width":954,"height":300,"caption":"BNPERF"},"image":{"@id":"https:\/\/bnperf.com\/pt-pt\/#\/schema\/logo\/image\/"},"sameAs":["https:\/\/www.facebook.com\/bnperf","https:\/\/www.instagram.com\/bnperf"]}]}},"tiered_pricing_type":"fixed","tiered_pricing_fixed_rules":[],"tiered_pricing_product_settings":{"layout":"default","base_unit_name":{"singular":null,"plural":null},"default_variation":null},"tiered_pricing_minimum_quantity":null,"tiered_pricing_roles_data":[],"tiered_pricing_percentage_rules":[],"_links":{"self":[{"href":"https:\/\/bnperf.com\/pt-pt\/wp-json\/wp\/v2\/product\/26434","targetHints":{"allow":["GET"]}}],"collection":[{"href":"https:\/\/bnperf.com\/pt-pt\/wp-json\/wp\/v2\/product"}],"about":[{"href":"https:\/\/bnperf.com\/pt-pt\/wp-json\/wp\/v2\/types\/product"}],"replies":[{"embeddable":true,"href":"https:\/\/bnperf.com\/pt-pt\/wp-json\/wp\/v2\/comments?post=26434"}],"wp:featuredmedia":[{"embeddable":true,"href":"https:\/\/bnperf.com\/pt-pt\/wp-json\/wp\/v2\/media\/27144"}],"wp:attachment":[{"href":"https:\/\/bnperf.com\/pt-pt\/wp-json\/wp\/v2\/media?parent=26434"}],"wp:term":[{"taxonomy":"product_brand","embeddable":true,"href":"https:\/\/bnperf.com\/pt-pt\/wp-json\/wp\/v2\/product_brand?post=26434"},{"taxonomy":"product_cat","embeddable":true,"href":"https:\/\/bnperf.com\/pt-pt\/wp-json\/wp\/v2\/product_cat?post=26434"},{"taxonomy":"product_tag","embeddable":true,"href":"https:\/\/bnperf.com\/pt-pt\/wp-json\/wp\/v2\/product_tag?post=26434"}],"curies":[{"name":"wp","href":"https:\/\/api.w.org\/{rel}","templated":true}]}}