{"id":25215,"date":"2023-02-06T19:02:45","date_gmt":"2023-02-06T18:05:49","guid":{"rendered":"https:\/\/bnperf.com\/?post_type=product&#038;p=25215"},"modified":"2023-03-07T19:53:08","modified_gmt":"2023-03-07T18:53:08","slug":"filtro-de-ar-kn-bmw-series-1-3-5-land-rover-freelander-rover-75","status":"publish","type":"product","link":"https:\/\/bnperf.com\/pt-pt\/produit\/filtro-de-ar-kn-bmw-series-1-3-5-land-rover-freelander-rover-75\/","title":{"rendered":"Filtro de Ar K&#038;N BMW ( Series 1\/3\/5 )\/ Land Rover Freelander \/ Rover ( 75 )"},"content":{"rendered":"<p>Compativel Com:<\/p>\n<p>&nbsp;<\/p>\n<p>BMW 5 Sedan (E39) (Ano de constru\u00e7\u00e3o 02.2000 &#8211; 06.2003, 136 CV, Diesel)<br \/>\nBMW 5 Touring (E39) (Ano de constru\u00e7\u00e3o 02.2000 &#8211; 09.2003, 136 CV, Diesel)<br \/>\nBMW 3 Sedan (E46) (Ano de constru\u00e7\u00e3o 02.1998 &#8211; 04.2005, 116 &#8211; 150 CV, Diesel)<br \/>\nBMW 3 Coupe (E46) (Ano de constru\u00e7\u00e3o 11.2003 &#8211; 07.2006, 150 CV, Diesel)<br \/>\nBMW 3 Touring (E46) (Ano de constru\u00e7\u00e3o 03.2000 &#8211; 02.2005, 115 &#8211; 150 CV, Diesel)<br \/>\nBMW 3 Cabrio (E46) (Ano de constru\u00e7\u00e3o 02.2005 &#8211; 12.2007, 150 CV, Diesel)<br \/>\nBMW 3 Compact (E46) (Ano de constru\u00e7\u00e3o 09.2001 &#8211; 02.2005, 115 &#8211; 150 CV, Diesel)<br \/>\nBMW 5 Sedan (E60) (Ano de constru\u00e7\u00e3o 02.2005 &#8211; 02.2008, 150 &#8211; 163 CV, Diesel)<br \/>\nBMW 5 Touring (E61) (Ano de constru\u00e7\u00e3o 04.2005 &#8211; 02.2008, 150 &#8211; 163 CV, Diesel)<br \/>\nBMW X3 (E83) (Ano de constru\u00e7\u00e3o 11.2003 &#8211; 08.2007, 150 CV, Diesel)<br \/>\nBMW 3 Sedan (E90) (Ano de constru\u00e7\u00e3o 12.2004 &#8211; 12.2011, 122 &#8211; 177 CV, Diesel)<br \/>\nBMW 3 Touring (E91) (Ano de constru\u00e7\u00e3o 12.2004 &#8211; 06.2012, 150 &#8211; 177 CV, Diesel)<br \/>\nBMW 3 Coupe (E92) (Ano de constru\u00e7\u00e3o 09.2006 &#8211; 06.2013, 163 &#8211; 177 CV, Diesel)<br \/>\nBMW 3 Cabrio (E93) (Ano de constru\u00e7\u00e3o 09.2007 &#8211; 02.2010, 177 CV, Diesel)<br \/>\nBMW 1 Hatchback (E87) (Ano de constru\u00e7\u00e3o 03.2003 &#8211; 06.2011, 122 &#8211; 177 CV, Diesel)<\/p>\n<p>LAND ROVER Freelander I SUV (L314) (Ano de constru\u00e7\u00e3o 11.2000 &#8211; 10.2006, 109 &#8211; 112 CV, Diesel)<\/p>\n<p>ROVER 75 (RJ) (Ano de constru\u00e7\u00e3o 02.1999 &#8211; 05.2005, 115 &#8211; 131 CV, Diesel)<br \/>\nROVER 75 Tourer (RJ) (Ano de constru\u00e7\u00e3o 08.2001 &#8211; 05.2005, 115 &#8211; 131 CV, Diesel)<\/p>\n","protected":false},"excerpt":{"rendered":"<p>Compativel Com: &nbsp; BMW 5 Sedan (E39) (Ano de constru\u00e7\u00e3o 02.2000 &#8211; 06.2003, 136 CV, Diesel) BMW 5 Touring (E39) (Ano de constru\u00e7\u00e3o 02.2000 &#8211; 09.2003, 136 CV, Diesel) BMW&#8230;<\/p>\n","protected":false},"featured_media":25691,"comment_status":"open","ping_status":"closed","template":"","meta":[],"product_brand":[],"product_cat":[27035,1771,1770],"product_tag":[520,26906,26682,26615,26609,26524],"class_list":{"0":"post-25215","1":"product","2":"type-product","3":"status-publish","4":"has-post-thumbnail","6":"product_cat-filtro-de-ar","7":"product_cat-filtros","8":"product_cat-maintenance-pt-pt","9":"product_tag-bmw-pt-pt","10":"product_tag-bnperf-pt-pt","11":"product_tag-kn-pt-pt","12":"product_tag-serie-5-pt-pt","13":"product_tag-serie1-pt-pt","14":"product_tag-serie3-pt-pt","16":"first","17":"instock","18":"taxable","19":"shipping-taxable","20":"purchasable","21":"product-type-simple","22":"add-to-wishlist-before_image"},"bundled_by":[],"bundle_stock_status":"instock","bundle_stock_quantity":null,"bundle_virtual":false,"bundle_layout":"","bundle_add_to_cart_form_location":"","bundle_editable_in_cart":false,"bundle_sold_individually_context":"","bundle_item_grouping":"","bundle_min_size":"","bundle_max_size":"","bundle_price":[],"bundled_items":[],"bundle_sell_ids":[],"exclude_global_add_ons":[],"addons":[],"yoast_head":"<!-- This site is optimized with the Yoast SEO Premium plugin v27.4 (Yoast SEO v27.4) - https:\/\/yoast.com\/product\/yoast-seo-premium-wordpress\/ -->\n<title>Filtro de Ar K&amp;N BMW ( Series 1\/3\/5 )\/ Land Rover Freelander \/ Rover ( 75 ) - BNPERF<\/title>\n<meta name=\"robots\" content=\"index, follow, max-snippet:-1, max-image-preview:large, max-video-preview:-1\" \/>\n<link rel=\"canonical\" href=\"https:\/\/bnperf.com\/pt-pt\/produit\/filtro-de-ar-kn-bmw-series-1-3-5-land-rover-freelander-rover-75\/\" \/>\n<meta property=\"og:locale\" content=\"pt_PT\" \/>\n<meta property=\"og:type\" content=\"article\" \/>\n<meta property=\"og:title\" content=\"Filtro de Ar K&amp;N BMW ( Series 1\/3\/5 )\/ Land Rover Freelander \/ Rover ( 75 )\" \/>\n<meta property=\"og:description\" content=\"Compativel Com: &nbsp; BMW 5 Sedan (E39) (Ano de constru\u00e7\u00e3o 02.2000 &#8211; 06.2003, 136 CV, Diesel) BMW 5 Touring (E39) (Ano de constru\u00e7\u00e3o 02.2000 &#8211; 09.2003, 136 CV, Diesel) BMW...\" \/>\n<meta property=\"og:url\" content=\"https:\/\/bnperf.com\/pt-pt\/produit\/filtro-de-ar-kn-bmw-series-1-3-5-land-rover-freelander-rover-75\/\" \/>\n<meta property=\"og:site_name\" content=\"BNPERF\" \/>\n<meta property=\"article:publisher\" content=\"https:\/\/www.facebook.com\/bnperf\" \/>\n<meta property=\"article:modified_time\" content=\"2023-03-07T18:53:08+00:00\" \/>\n<meta property=\"og:image\" content=\"https:\/\/bnperf.com\/wp-content\/uploads\/2023\/02\/thumb-4-copie.jpg\" \/>\n\t<meta property=\"og:image:width\" content=\"800\" \/>\n\t<meta property=\"og:image:height\" content=\"800\" \/>\n\t<meta property=\"og:image:type\" content=\"image\/jpeg\" \/>\n<meta name=\"twitter:card\" content=\"summary_large_image\" \/>\n<meta name=\"twitter:label1\" content=\"Tempo estimado de leitura\" \/>\n\t<meta name=\"twitter:data1\" content=\"2 minutos\" \/>\n<script type=\"application\/ld+json\" class=\"yoast-schema-graph\">{\"@context\":\"https:\\\/\\\/schema.org\",\"@graph\":[{\"@type\":\"WebPage\",\"@id\":\"https:\\\/\\\/bnperf.com\\\/pt-pt\\\/produit\\\/filtro-de-ar-kn-bmw-series-1-3-5-land-rover-freelander-rover-75\\\/\",\"url\":\"https:\\\/\\\/bnperf.com\\\/pt-pt\\\/produit\\\/filtro-de-ar-kn-bmw-series-1-3-5-land-rover-freelander-rover-75\\\/\",\"name\":\"Filtro de Ar K&N BMW ( Series 1\\\/3\\\/5 )\\\/ Land Rover Freelander \\\/ Rover ( 75 ) - BNPERF\",\"isPartOf\":{\"@id\":\"https:\\\/\\\/bnperf.com\\\/pt-pt\\\/#website\"},\"primaryImageOfPage\":{\"@id\":\"https:\\\/\\\/bnperf.com\\\/pt-pt\\\/produit\\\/filtro-de-ar-kn-bmw-series-1-3-5-land-rover-freelander-rover-75\\\/#primaryimage\"},\"image\":{\"@id\":\"https:\\\/\\\/bnperf.com\\\/pt-pt\\\/produit\\\/filtro-de-ar-kn-bmw-series-1-3-5-land-rover-freelander-rover-75\\\/#primaryimage\"},\"thumbnailUrl\":\"https:\\\/\\\/bnperf.com\\\/wp-content\\\/uploads\\\/2023\\\/02\\\/thumb-4-copie.jpg\",\"datePublished\":\"2023-02-06T18:05:49+00:00\",\"dateModified\":\"2023-03-07T18:53:08+00:00\",\"breadcrumb\":{\"@id\":\"https:\\\/\\\/bnperf.com\\\/pt-pt\\\/produit\\\/filtro-de-ar-kn-bmw-series-1-3-5-land-rover-freelander-rover-75\\\/#breadcrumb\"},\"inLanguage\":\"pt-PT\",\"potentialAction\":[{\"@type\":\"ReadAction\",\"target\":[\"https:\\\/\\\/bnperf.com\\\/pt-pt\\\/produit\\\/filtro-de-ar-kn-bmw-series-1-3-5-land-rover-freelander-rover-75\\\/\"]}]},{\"@type\":\"ImageObject\",\"inLanguage\":\"pt-PT\",\"@id\":\"https:\\\/\\\/bnperf.com\\\/pt-pt\\\/produit\\\/filtro-de-ar-kn-bmw-series-1-3-5-land-rover-freelander-rover-75\\\/#primaryimage\",\"url\":\"https:\\\/\\\/bnperf.com\\\/wp-content\\\/uploads\\\/2023\\\/02\\\/thumb-4-copie.jpg\",\"contentUrl\":\"https:\\\/\\\/bnperf.com\\\/wp-content\\\/uploads\\\/2023\\\/02\\\/thumb-4-copie.jpg\",\"width\":800,\"height\":800},{\"@type\":\"BreadcrumbList\",\"@id\":\"https:\\\/\\\/bnperf.com\\\/pt-pt\\\/produit\\\/filtro-de-ar-kn-bmw-series-1-3-5-land-rover-freelander-rover-75\\\/#breadcrumb\",\"itemListElement\":[{\"@type\":\"ListItem\",\"position\":1,\"name\":\"Inicio\",\"item\":\"https:\\\/\\\/bnperf.com\\\/pt-pt\\\/inicio\\\/\"},{\"@type\":\"ListItem\",\"position\":2,\"name\":\"Loja\",\"item\":\"https:\\\/\\\/bnperf.com\\\/pt-pt\\\/loja\\\/\"},{\"@type\":\"ListItem\",\"position\":3,\"name\":\"Filtro de Ar K&#038;N BMW ( Series 1\\\/3\\\/5 )\\\/ Land Rover Freelander \\\/ Rover ( 75 )\"}]},{\"@type\":\"WebSite\",\"@id\":\"https:\\\/\\\/bnperf.com\\\/pt-pt\\\/#website\",\"url\":\"https:\\\/\\\/bnperf.com\\\/pt-pt\\\/\",\"name\":\"BNPERF\",\"description\":\"Votre Boutique Online ...\",\"publisher\":{\"@id\":\"https:\\\/\\\/bnperf.com\\\/pt-pt\\\/#organization\"},\"potentialAction\":[{\"@type\":\"SearchAction\",\"target\":{\"@type\":\"EntryPoint\",\"urlTemplate\":\"https:\\\/\\\/bnperf.com\\\/pt-pt\\\/?s={search_term_string}\"},\"query-input\":{\"@type\":\"PropertyValueSpecification\",\"valueRequired\":true,\"valueName\":\"search_term_string\"}}],\"inLanguage\":\"pt-PT\"},{\"@type\":\"Organization\",\"@id\":\"https:\\\/\\\/bnperf.com\\\/pt-pt\\\/#organization\",\"name\":\"BNPERF\",\"url\":\"https:\\\/\\\/bnperf.com\\\/pt-pt\\\/\",\"logo\":{\"@type\":\"ImageObject\",\"inLanguage\":\"pt-PT\",\"@id\":\"https:\\\/\\\/bnperf.com\\\/pt-pt\\\/#\\\/schema\\\/logo\\\/image\\\/\",\"url\":\"https:\\\/\\\/bnperf.com\\\/wp-content\\\/uploads\\\/2021\\\/10\\\/bnperf-logo.png\",\"contentUrl\":\"https:\\\/\\\/bnperf.com\\\/wp-content\\\/uploads\\\/2021\\\/10\\\/bnperf-logo.png\",\"width\":954,\"height\":300,\"caption\":\"BNPERF\"},\"image\":{\"@id\":\"https:\\\/\\\/bnperf.com\\\/pt-pt\\\/#\\\/schema\\\/logo\\\/image\\\/\"},\"sameAs\":[\"https:\\\/\\\/www.facebook.com\\\/bnperf\",\"https:\\\/\\\/www.instagram.com\\\/bnperf\"]}]}<\/script>\n<!-- \/ Yoast SEO Premium plugin. -->","yoast_head_json":{"title":"Filtro de Ar K&N BMW ( Series 1\/3\/5 )\/ Land Rover Freelander \/ Rover ( 75 ) - BNPERF","robots":{"index":"index","follow":"follow","max-snippet":"max-snippet:-1","max-image-preview":"max-image-preview:large","max-video-preview":"max-video-preview:-1"},"canonical":"https:\/\/bnperf.com\/pt-pt\/produit\/filtro-de-ar-kn-bmw-series-1-3-5-land-rover-freelander-rover-75\/","og_locale":"pt_PT","og_type":"article","og_title":"Filtro de Ar K&N BMW ( Series 1\/3\/5 )\/ Land Rover Freelander \/ Rover ( 75 )","og_description":"Compativel Com: &nbsp; BMW 5 Sedan (E39) (Ano de constru\u00e7\u00e3o 02.2000 &#8211; 06.2003, 136 CV, Diesel) BMW 5 Touring (E39) (Ano de constru\u00e7\u00e3o 02.2000 &#8211; 09.2003, 136 CV, Diesel) BMW...","og_url":"https:\/\/bnperf.com\/pt-pt\/produit\/filtro-de-ar-kn-bmw-series-1-3-5-land-rover-freelander-rover-75\/","og_site_name":"BNPERF","article_publisher":"https:\/\/www.facebook.com\/bnperf","article_modified_time":"2023-03-07T18:53:08+00:00","og_image":[{"width":800,"height":800,"url":"https:\/\/bnperf.com\/wp-content\/uploads\/2023\/02\/thumb-4-copie.jpg","type":"image\/jpeg"}],"twitter_card":"summary_large_image","twitter_misc":{"Tempo estimado de leitura":"2 minutos"},"schema":{"@context":"https:\/\/schema.org","@graph":[{"@type":"WebPage","@id":"https:\/\/bnperf.com\/pt-pt\/produit\/filtro-de-ar-kn-bmw-series-1-3-5-land-rover-freelander-rover-75\/","url":"https:\/\/bnperf.com\/pt-pt\/produit\/filtro-de-ar-kn-bmw-series-1-3-5-land-rover-freelander-rover-75\/","name":"Filtro de Ar K&N BMW ( Series 1\/3\/5 )\/ Land Rover Freelander \/ Rover ( 75 ) - BNPERF","isPartOf":{"@id":"https:\/\/bnperf.com\/pt-pt\/#website"},"primaryImageOfPage":{"@id":"https:\/\/bnperf.com\/pt-pt\/produit\/filtro-de-ar-kn-bmw-series-1-3-5-land-rover-freelander-rover-75\/#primaryimage"},"image":{"@id":"https:\/\/bnperf.com\/pt-pt\/produit\/filtro-de-ar-kn-bmw-series-1-3-5-land-rover-freelander-rover-75\/#primaryimage"},"thumbnailUrl":"https:\/\/bnperf.com\/wp-content\/uploads\/2023\/02\/thumb-4-copie.jpg","datePublished":"2023-02-06T18:05:49+00:00","dateModified":"2023-03-07T18:53:08+00:00","breadcrumb":{"@id":"https:\/\/bnperf.com\/pt-pt\/produit\/filtro-de-ar-kn-bmw-series-1-3-5-land-rover-freelander-rover-75\/#breadcrumb"},"inLanguage":"pt-PT","potentialAction":[{"@type":"ReadAction","target":["https:\/\/bnperf.com\/pt-pt\/produit\/filtro-de-ar-kn-bmw-series-1-3-5-land-rover-freelander-rover-75\/"]}]},{"@type":"ImageObject","inLanguage":"pt-PT","@id":"https:\/\/bnperf.com\/pt-pt\/produit\/filtro-de-ar-kn-bmw-series-1-3-5-land-rover-freelander-rover-75\/#primaryimage","url":"https:\/\/bnperf.com\/wp-content\/uploads\/2023\/02\/thumb-4-copie.jpg","contentUrl":"https:\/\/bnperf.com\/wp-content\/uploads\/2023\/02\/thumb-4-copie.jpg","width":800,"height":800},{"@type":"BreadcrumbList","@id":"https:\/\/bnperf.com\/pt-pt\/produit\/filtro-de-ar-kn-bmw-series-1-3-5-land-rover-freelander-rover-75\/#breadcrumb","itemListElement":[{"@type":"ListItem","position":1,"name":"Inicio","item":"https:\/\/bnperf.com\/pt-pt\/inicio\/"},{"@type":"ListItem","position":2,"name":"Loja","item":"https:\/\/bnperf.com\/pt-pt\/loja\/"},{"@type":"ListItem","position":3,"name":"Filtro de Ar K&#038;N BMW ( Series 1\/3\/5 )\/ Land Rover Freelander \/ Rover ( 75 )"}]},{"@type":"WebSite","@id":"https:\/\/bnperf.com\/pt-pt\/#website","url":"https:\/\/bnperf.com\/pt-pt\/","name":"BNPERF","description":"Votre Boutique Online ...","publisher":{"@id":"https:\/\/bnperf.com\/pt-pt\/#organization"},"potentialAction":[{"@type":"SearchAction","target":{"@type":"EntryPoint","urlTemplate":"https:\/\/bnperf.com\/pt-pt\/?s={search_term_string}"},"query-input":{"@type":"PropertyValueSpecification","valueRequired":true,"valueName":"search_term_string"}}],"inLanguage":"pt-PT"},{"@type":"Organization","@id":"https:\/\/bnperf.com\/pt-pt\/#organization","name":"BNPERF","url":"https:\/\/bnperf.com\/pt-pt\/","logo":{"@type":"ImageObject","inLanguage":"pt-PT","@id":"https:\/\/bnperf.com\/pt-pt\/#\/schema\/logo\/image\/","url":"https:\/\/bnperf.com\/wp-content\/uploads\/2021\/10\/bnperf-logo.png","contentUrl":"https:\/\/bnperf.com\/wp-content\/uploads\/2021\/10\/bnperf-logo.png","width":954,"height":300,"caption":"BNPERF"},"image":{"@id":"https:\/\/bnperf.com\/pt-pt\/#\/schema\/logo\/image\/"},"sameAs":["https:\/\/www.facebook.com\/bnperf","https:\/\/www.instagram.com\/bnperf"]}]}},"tiered_pricing_type":"fixed","tiered_pricing_fixed_rules":[],"tiered_pricing_product_settings":{"layout":"default","base_unit_name":{"singular":null,"plural":null},"default_variation":null},"tiered_pricing_minimum_quantity":null,"tiered_pricing_roles_data":[],"tiered_pricing_percentage_rules":[],"_links":{"self":[{"href":"https:\/\/bnperf.com\/pt-pt\/wp-json\/wp\/v2\/product\/25215","targetHints":{"allow":["GET"]}}],"collection":[{"href":"https:\/\/bnperf.com\/pt-pt\/wp-json\/wp\/v2\/product"}],"about":[{"href":"https:\/\/bnperf.com\/pt-pt\/wp-json\/wp\/v2\/types\/product"}],"replies":[{"embeddable":true,"href":"https:\/\/bnperf.com\/pt-pt\/wp-json\/wp\/v2\/comments?post=25215"}],"wp:featuredmedia":[{"embeddable":true,"href":"https:\/\/bnperf.com\/pt-pt\/wp-json\/wp\/v2\/media\/25691"}],"wp:attachment":[{"href":"https:\/\/bnperf.com\/pt-pt\/wp-json\/wp\/v2\/media?parent=25215"}],"wp:term":[{"taxonomy":"product_brand","embeddable":true,"href":"https:\/\/bnperf.com\/pt-pt\/wp-json\/wp\/v2\/product_brand?post=25215"},{"taxonomy":"product_cat","embeddable":true,"href":"https:\/\/bnperf.com\/pt-pt\/wp-json\/wp\/v2\/product_cat?post=25215"},{"taxonomy":"product_tag","embeddable":true,"href":"https:\/\/bnperf.com\/pt-pt\/wp-json\/wp\/v2\/product_tag?post=25215"}],"curies":[{"name":"wp","href":"https:\/\/api.w.org\/{rel}","templated":true}]}}