{"id":25181,"date":"2023-02-07T12:06:20","date_gmt":"2023-02-07T11:17:30","guid":{"rendered":"https:\/\/bnperf.com\/?post_type=product&#038;p=25181"},"modified":"2023-03-07T16:41:20","modified_gmt":"2023-03-07T15:41:20","slug":"filtro-de-ar-lavavel-kn-bmw-serie-1-serie-3-x1","status":"publish","type":"product","link":"https:\/\/bnperf.com\/pt-pt\/produit\/filtro-de-ar-lavavel-kn-bmw-serie-1-serie-3-x1\/","title":{"rendered":"Filtro de Ar Lav\u00e1vel K&#038;N BMW (S\u00e9rie 1\/ S\u00e9rie 3\/ X1)"},"content":{"rendered":"<p>Compativel com:<\/p>\n<p>&nbsp;<\/p>\n<ul>\n<li><b class=\"button_dropdown_list\" data-maker=\"16\" data-model=\"5114\" data-prod=\"2734599\"><i class=\"icon arrow\"><\/i>BMW 1 Hatchback (E81) (Ano de constru\u00e7\u00e3o 09.2006 &#8211; 12.2011, 90 &#8211; 204 CV, Diesel)<\/b><\/li>\n<li><b class=\"button_dropdown_list\" data-maker=\"16\" data-model=\"5389\" data-prod=\"2734599\"><i class=\"icon arrow\"><\/i>BMW 3 Sedan (E90) (Ano de constru\u00e7\u00e3o 12.2004 &#8211; 12.2011, 116 &#8211; 286 CV, Diesel)<\/b><\/li>\n<li><b class=\"button_dropdown_list\" data-maker=\"16\" data-model=\"5430\" data-prod=\"2734599\"><i class=\"icon arrow\"><\/i>BMW 3 Touring (E91) (Ano de constru\u00e7\u00e3o 12.2004 &#8211; 06.2012, 116 &#8211; 286 CV, Diesel)<\/b><\/li>\n<li><b class=\"button_dropdown_list\" data-maker=\"16\" data-model=\"5569\" data-prod=\"2734599\"><i class=\"icon arrow\"><\/i>BMW 3 Coupe (E92) (Ano de constru\u00e7\u00e3o 03.2006 &#8211; 12.2013, 163 &#8211; 286 CV, Diesel)<\/b><\/li>\n<li><b class=\"button_dropdown_list\" data-maker=\"16\" data-model=\"6241\" data-prod=\"2734599\"><i class=\"icon arrow\"><\/i>BMW 3 Cabrio (E93) (Ano de constru\u00e7\u00e3o 03.2007 &#8211; 12.2013, 163 &#8211; 245 CV, Diesel)<\/b><\/li>\n<li><b class=\"button_dropdown_list\" data-maker=\"16\" data-model=\"6441\" data-prod=\"2734599\"><i class=\"icon arrow\"><\/i>BMW 1 Coupe (E82) (Ano de constru\u00e7\u00e3o 10.2007 &#8211; 10.2013, 136 &#8211; 204 CV, Diesel)<\/b><\/li>\n<li><b class=\"button_dropdown_list\" data-maker=\"16\" data-model=\"6713\" data-prod=\"2734599\"><i class=\"icon arrow\"><\/i>BMW 1 Cabrio (E88) (Ano de constru\u00e7\u00e3o 03.2008 &#8211; 12.2013, 136 &#8211; 204 CV, Diesel)<\/b><\/li>\n<li><b class=\"button_dropdown_list\" data-maker=\"16\" data-model=\"8277\" data-prod=\"2734599\"><i class=\"icon arrow\"><\/i>BMW X1 (E84) (Ano de constru\u00e7\u00e3o 03.2009 &#8211; 06.2015, 116 &#8211; 218 CV, Diesel)<\/b><\/li>\n<li><b class=\"button_dropdown_list\" data-maker=\"16\" data-model=\"10974\" data-prod=\"2734599\"><i class=\"icon arrow\"><\/i>BMW 1 Hatchback (E87) (Ano de constru\u00e7\u00e3o 09.2006 &#8211; 09.2012, 90 &#8211; 204 CV, Diesel)<\/b><\/li>\n<\/ul>\n","protected":false},"excerpt":{"rendered":"<p>Compativel com: &nbsp; BMW 1 Hatchback (E81) (Ano de constru\u00e7\u00e3o 09.2006 &#8211; 12.2011, 90 &#8211; 204 CV, Diesel) BMW 3 Sedan (E90) (Ano de constru\u00e7\u00e3o 12.2004 &#8211; 12.2011, 116 &#8211;&#8230;<\/p>\n","protected":false},"featured_media":25702,"comment_status":"open","ping_status":"closed","template":"","meta":[],"product_brand":[],"product_cat":[27035,1771,1770],"product_tag":[520,26906,26670,26682,26609,26524],"class_list":{"0":"post-25181","1":"product","2":"type-product","3":"status-publish","4":"has-post-thumbnail","6":"product_cat-filtro-de-ar","7":"product_cat-filtros","8":"product_cat-maintenance-pt-pt","9":"product_tag-bmw-pt-pt","10":"product_tag-bnperf-pt-pt","11":"product_tag-filtre-pt-pt","12":"product_tag-kn-pt-pt","13":"product_tag-serie1-pt-pt","14":"product_tag-serie3-pt-pt","16":"first","17":"instock","18":"taxable","19":"shipping-taxable","20":"purchasable","21":"product-type-simple","22":"add-to-wishlist-before_image"},"bundled_by":[],"bundle_stock_status":"instock","bundle_stock_quantity":null,"bundle_virtual":false,"bundle_layout":"","bundle_add_to_cart_form_location":"","bundle_editable_in_cart":false,"bundle_sold_individually_context":"","bundle_item_grouping":"","bundle_min_size":"","bundle_max_size":"","bundle_price":[],"bundled_items":[],"bundle_sell_ids":[],"exclude_global_add_ons":[],"addons":[],"yoast_head":"<!-- This site is optimized with the Yoast SEO Premium plugin v27.4 (Yoast SEO v27.4) - https:\/\/yoast.com\/product\/yoast-seo-premium-wordpress\/ -->\n<title>Filtro de Ar Lav\u00e1vel K&amp;N BMW (S\u00e9rie 1\/ S\u00e9rie 3\/ X1) - BNPERF<\/title>\n<meta name=\"robots\" content=\"index, follow, max-snippet:-1, max-image-preview:large, max-video-preview:-1\" \/>\n<link rel=\"canonical\" href=\"https:\/\/bnperf.com\/pt-pt\/produit\/filtro-de-ar-lavavel-kn-bmw-serie-1-serie-3-x1\/\" \/>\n<meta property=\"og:locale\" content=\"pt_PT\" \/>\n<meta property=\"og:type\" content=\"article\" \/>\n<meta property=\"og:title\" content=\"Filtro de Ar Lav\u00e1vel K&amp;N BMW (S\u00e9rie 1\/ S\u00e9rie 3\/ X1)\" \/>\n<meta property=\"og:description\" content=\"Compativel com: &nbsp; BMW 1 Hatchback (E81) (Ano de constru\u00e7\u00e3o 09.2006 &#8211; 12.2011, 90 &#8211; 204 CV, Diesel) BMW 3 Sedan (E90) (Ano de constru\u00e7\u00e3o 12.2004 &#8211; 12.2011, 116 &#8211;...\" \/>\n<meta property=\"og:url\" content=\"https:\/\/bnperf.com\/pt-pt\/produit\/filtro-de-ar-lavavel-kn-bmw-serie-1-serie-3-x1\/\" \/>\n<meta property=\"og:site_name\" content=\"BNPERF\" \/>\n<meta property=\"article:publisher\" content=\"https:\/\/www.facebook.com\/bnperf\" \/>\n<meta property=\"article:modified_time\" content=\"2023-03-07T15:41:20+00:00\" \/>\n<meta property=\"og:image\" content=\"https:\/\/bnperf.com\/wp-content\/uploads\/2023\/02\/ezgif.com-gif-maker-39-copie.jpg\" \/>\n\t<meta property=\"og:image:width\" content=\"800\" \/>\n\t<meta property=\"og:image:height\" content=\"800\" \/>\n\t<meta property=\"og:image:type\" content=\"image\/jpeg\" \/>\n<meta name=\"twitter:card\" content=\"summary_large_image\" \/>\n<meta name=\"twitter:label1\" content=\"Tempo estimado de leitura\" \/>\n\t<meta name=\"twitter:data1\" content=\"1 minuto\" \/>\n<script type=\"application\/ld+json\" class=\"yoast-schema-graph\">{\"@context\":\"https:\\\/\\\/schema.org\",\"@graph\":[{\"@type\":\"WebPage\",\"@id\":\"https:\\\/\\\/bnperf.com\\\/pt-pt\\\/produit\\\/filtro-de-ar-lavavel-kn-bmw-serie-1-serie-3-x1\\\/\",\"url\":\"https:\\\/\\\/bnperf.com\\\/pt-pt\\\/produit\\\/filtro-de-ar-lavavel-kn-bmw-serie-1-serie-3-x1\\\/\",\"name\":\"Filtro de Ar Lav\u00e1vel K&N BMW (S\u00e9rie 1\\\/ S\u00e9rie 3\\\/ X1) - BNPERF\",\"isPartOf\":{\"@id\":\"https:\\\/\\\/bnperf.com\\\/pt-pt\\\/#website\"},\"primaryImageOfPage\":{\"@id\":\"https:\\\/\\\/bnperf.com\\\/pt-pt\\\/produit\\\/filtro-de-ar-lavavel-kn-bmw-serie-1-serie-3-x1\\\/#primaryimage\"},\"image\":{\"@id\":\"https:\\\/\\\/bnperf.com\\\/pt-pt\\\/produit\\\/filtro-de-ar-lavavel-kn-bmw-serie-1-serie-3-x1\\\/#primaryimage\"},\"thumbnailUrl\":\"https:\\\/\\\/bnperf.com\\\/wp-content\\\/uploads\\\/2023\\\/02\\\/ezgif.com-gif-maker-39-copie.jpg\",\"datePublished\":\"2023-02-07T11:17:30+00:00\",\"dateModified\":\"2023-03-07T15:41:20+00:00\",\"breadcrumb\":{\"@id\":\"https:\\\/\\\/bnperf.com\\\/pt-pt\\\/produit\\\/filtro-de-ar-lavavel-kn-bmw-serie-1-serie-3-x1\\\/#breadcrumb\"},\"inLanguage\":\"pt-PT\",\"potentialAction\":[{\"@type\":\"ReadAction\",\"target\":[\"https:\\\/\\\/bnperf.com\\\/pt-pt\\\/produit\\\/filtro-de-ar-lavavel-kn-bmw-serie-1-serie-3-x1\\\/\"]}]},{\"@type\":\"ImageObject\",\"inLanguage\":\"pt-PT\",\"@id\":\"https:\\\/\\\/bnperf.com\\\/pt-pt\\\/produit\\\/filtro-de-ar-lavavel-kn-bmw-serie-1-serie-3-x1\\\/#primaryimage\",\"url\":\"https:\\\/\\\/bnperf.com\\\/wp-content\\\/uploads\\\/2023\\\/02\\\/ezgif.com-gif-maker-39-copie.jpg\",\"contentUrl\":\"https:\\\/\\\/bnperf.com\\\/wp-content\\\/uploads\\\/2023\\\/02\\\/ezgif.com-gif-maker-39-copie.jpg\",\"width\":800,\"height\":800},{\"@type\":\"BreadcrumbList\",\"@id\":\"https:\\\/\\\/bnperf.com\\\/pt-pt\\\/produit\\\/filtro-de-ar-lavavel-kn-bmw-serie-1-serie-3-x1\\\/#breadcrumb\",\"itemListElement\":[{\"@type\":\"ListItem\",\"position\":1,\"name\":\"Inicio\",\"item\":\"https:\\\/\\\/bnperf.com\\\/pt-pt\\\/inicio\\\/\"},{\"@type\":\"ListItem\",\"position\":2,\"name\":\"Loja\",\"item\":\"https:\\\/\\\/bnperf.com\\\/pt-pt\\\/loja\\\/\"},{\"@type\":\"ListItem\",\"position\":3,\"name\":\"Filtro de Ar Lav\u00e1vel K&#038;N BMW (S\u00e9rie 1\\\/ S\u00e9rie 3\\\/ X1)\"}]},{\"@type\":\"WebSite\",\"@id\":\"https:\\\/\\\/bnperf.com\\\/pt-pt\\\/#website\",\"url\":\"https:\\\/\\\/bnperf.com\\\/pt-pt\\\/\",\"name\":\"BNPERF\",\"description\":\"Votre Boutique Online ...\",\"publisher\":{\"@id\":\"https:\\\/\\\/bnperf.com\\\/pt-pt\\\/#organization\"},\"potentialAction\":[{\"@type\":\"SearchAction\",\"target\":{\"@type\":\"EntryPoint\",\"urlTemplate\":\"https:\\\/\\\/bnperf.com\\\/pt-pt\\\/?s={search_term_string}\"},\"query-input\":{\"@type\":\"PropertyValueSpecification\",\"valueRequired\":true,\"valueName\":\"search_term_string\"}}],\"inLanguage\":\"pt-PT\"},{\"@type\":\"Organization\",\"@id\":\"https:\\\/\\\/bnperf.com\\\/pt-pt\\\/#organization\",\"name\":\"BNPERF\",\"url\":\"https:\\\/\\\/bnperf.com\\\/pt-pt\\\/\",\"logo\":{\"@type\":\"ImageObject\",\"inLanguage\":\"pt-PT\",\"@id\":\"https:\\\/\\\/bnperf.com\\\/pt-pt\\\/#\\\/schema\\\/logo\\\/image\\\/\",\"url\":\"https:\\\/\\\/bnperf.com\\\/wp-content\\\/uploads\\\/2021\\\/10\\\/bnperf-logo.png\",\"contentUrl\":\"https:\\\/\\\/bnperf.com\\\/wp-content\\\/uploads\\\/2021\\\/10\\\/bnperf-logo.png\",\"width\":954,\"height\":300,\"caption\":\"BNPERF\"},\"image\":{\"@id\":\"https:\\\/\\\/bnperf.com\\\/pt-pt\\\/#\\\/schema\\\/logo\\\/image\\\/\"},\"sameAs\":[\"https:\\\/\\\/www.facebook.com\\\/bnperf\",\"https:\\\/\\\/www.instagram.com\\\/bnperf\"]}]}<\/script>\n<!-- \/ Yoast SEO Premium plugin. -->","yoast_head_json":{"title":"Filtro de Ar Lav\u00e1vel K&N BMW (S\u00e9rie 1\/ S\u00e9rie 3\/ X1) - BNPERF","robots":{"index":"index","follow":"follow","max-snippet":"max-snippet:-1","max-image-preview":"max-image-preview:large","max-video-preview":"max-video-preview:-1"},"canonical":"https:\/\/bnperf.com\/pt-pt\/produit\/filtro-de-ar-lavavel-kn-bmw-serie-1-serie-3-x1\/","og_locale":"pt_PT","og_type":"article","og_title":"Filtro de Ar Lav\u00e1vel K&N BMW (S\u00e9rie 1\/ S\u00e9rie 3\/ X1)","og_description":"Compativel com: &nbsp; BMW 1 Hatchback (E81) (Ano de constru\u00e7\u00e3o 09.2006 &#8211; 12.2011, 90 &#8211; 204 CV, Diesel) BMW 3 Sedan (E90) (Ano de constru\u00e7\u00e3o 12.2004 &#8211; 12.2011, 116 &#8211;...","og_url":"https:\/\/bnperf.com\/pt-pt\/produit\/filtro-de-ar-lavavel-kn-bmw-serie-1-serie-3-x1\/","og_site_name":"BNPERF","article_publisher":"https:\/\/www.facebook.com\/bnperf","article_modified_time":"2023-03-07T15:41:20+00:00","og_image":[{"width":800,"height":800,"url":"https:\/\/bnperf.com\/wp-content\/uploads\/2023\/02\/ezgif.com-gif-maker-39-copie.jpg","type":"image\/jpeg"}],"twitter_card":"summary_large_image","twitter_misc":{"Tempo estimado de leitura":"1 minuto"},"schema":{"@context":"https:\/\/schema.org","@graph":[{"@type":"WebPage","@id":"https:\/\/bnperf.com\/pt-pt\/produit\/filtro-de-ar-lavavel-kn-bmw-serie-1-serie-3-x1\/","url":"https:\/\/bnperf.com\/pt-pt\/produit\/filtro-de-ar-lavavel-kn-bmw-serie-1-serie-3-x1\/","name":"Filtro de Ar Lav\u00e1vel K&N BMW (S\u00e9rie 1\/ S\u00e9rie 3\/ X1) - BNPERF","isPartOf":{"@id":"https:\/\/bnperf.com\/pt-pt\/#website"},"primaryImageOfPage":{"@id":"https:\/\/bnperf.com\/pt-pt\/produit\/filtro-de-ar-lavavel-kn-bmw-serie-1-serie-3-x1\/#primaryimage"},"image":{"@id":"https:\/\/bnperf.com\/pt-pt\/produit\/filtro-de-ar-lavavel-kn-bmw-serie-1-serie-3-x1\/#primaryimage"},"thumbnailUrl":"https:\/\/bnperf.com\/wp-content\/uploads\/2023\/02\/ezgif.com-gif-maker-39-copie.jpg","datePublished":"2023-02-07T11:17:30+00:00","dateModified":"2023-03-07T15:41:20+00:00","breadcrumb":{"@id":"https:\/\/bnperf.com\/pt-pt\/produit\/filtro-de-ar-lavavel-kn-bmw-serie-1-serie-3-x1\/#breadcrumb"},"inLanguage":"pt-PT","potentialAction":[{"@type":"ReadAction","target":["https:\/\/bnperf.com\/pt-pt\/produit\/filtro-de-ar-lavavel-kn-bmw-serie-1-serie-3-x1\/"]}]},{"@type":"ImageObject","inLanguage":"pt-PT","@id":"https:\/\/bnperf.com\/pt-pt\/produit\/filtro-de-ar-lavavel-kn-bmw-serie-1-serie-3-x1\/#primaryimage","url":"https:\/\/bnperf.com\/wp-content\/uploads\/2023\/02\/ezgif.com-gif-maker-39-copie.jpg","contentUrl":"https:\/\/bnperf.com\/wp-content\/uploads\/2023\/02\/ezgif.com-gif-maker-39-copie.jpg","width":800,"height":800},{"@type":"BreadcrumbList","@id":"https:\/\/bnperf.com\/pt-pt\/produit\/filtro-de-ar-lavavel-kn-bmw-serie-1-serie-3-x1\/#breadcrumb","itemListElement":[{"@type":"ListItem","position":1,"name":"Inicio","item":"https:\/\/bnperf.com\/pt-pt\/inicio\/"},{"@type":"ListItem","position":2,"name":"Loja","item":"https:\/\/bnperf.com\/pt-pt\/loja\/"},{"@type":"ListItem","position":3,"name":"Filtro de Ar Lav\u00e1vel K&#038;N BMW (S\u00e9rie 1\/ S\u00e9rie 3\/ X1)"}]},{"@type":"WebSite","@id":"https:\/\/bnperf.com\/pt-pt\/#website","url":"https:\/\/bnperf.com\/pt-pt\/","name":"BNPERF","description":"Votre Boutique Online ...","publisher":{"@id":"https:\/\/bnperf.com\/pt-pt\/#organization"},"potentialAction":[{"@type":"SearchAction","target":{"@type":"EntryPoint","urlTemplate":"https:\/\/bnperf.com\/pt-pt\/?s={search_term_string}"},"query-input":{"@type":"PropertyValueSpecification","valueRequired":true,"valueName":"search_term_string"}}],"inLanguage":"pt-PT"},{"@type":"Organization","@id":"https:\/\/bnperf.com\/pt-pt\/#organization","name":"BNPERF","url":"https:\/\/bnperf.com\/pt-pt\/","logo":{"@type":"ImageObject","inLanguage":"pt-PT","@id":"https:\/\/bnperf.com\/pt-pt\/#\/schema\/logo\/image\/","url":"https:\/\/bnperf.com\/wp-content\/uploads\/2021\/10\/bnperf-logo.png","contentUrl":"https:\/\/bnperf.com\/wp-content\/uploads\/2021\/10\/bnperf-logo.png","width":954,"height":300,"caption":"BNPERF"},"image":{"@id":"https:\/\/bnperf.com\/pt-pt\/#\/schema\/logo\/image\/"},"sameAs":["https:\/\/www.facebook.com\/bnperf","https:\/\/www.instagram.com\/bnperf"]}]}},"tiered_pricing_type":"fixed","tiered_pricing_fixed_rules":[],"tiered_pricing_product_settings":{"layout":"default","base_unit_name":{"singular":null,"plural":null},"default_variation":null},"tiered_pricing_minimum_quantity":null,"tiered_pricing_roles_data":[],"tiered_pricing_percentage_rules":[],"_links":{"self":[{"href":"https:\/\/bnperf.com\/pt-pt\/wp-json\/wp\/v2\/product\/25181","targetHints":{"allow":["GET"]}}],"collection":[{"href":"https:\/\/bnperf.com\/pt-pt\/wp-json\/wp\/v2\/product"}],"about":[{"href":"https:\/\/bnperf.com\/pt-pt\/wp-json\/wp\/v2\/types\/product"}],"replies":[{"embeddable":true,"href":"https:\/\/bnperf.com\/pt-pt\/wp-json\/wp\/v2\/comments?post=25181"}],"wp:featuredmedia":[{"embeddable":true,"href":"https:\/\/bnperf.com\/pt-pt\/wp-json\/wp\/v2\/media\/25702"}],"wp:attachment":[{"href":"https:\/\/bnperf.com\/pt-pt\/wp-json\/wp\/v2\/media?parent=25181"}],"wp:term":[{"taxonomy":"product_brand","embeddable":true,"href":"https:\/\/bnperf.com\/pt-pt\/wp-json\/wp\/v2\/product_brand?post=25181"},{"taxonomy":"product_cat","embeddable":true,"href":"https:\/\/bnperf.com\/pt-pt\/wp-json\/wp\/v2\/product_cat?post=25181"},{"taxonomy":"product_tag","embeddable":true,"href":"https:\/\/bnperf.com\/pt-pt\/wp-json\/wp\/v2\/product_tag?post=25181"}],"curies":[{"name":"wp","href":"https:\/\/api.w.org\/{rel}","templated":true}]}}