{"id":24834,"date":"2023-01-19T13:28:54","date_gmt":"2023-01-19T12:30:38","guid":{"rendered":"https:\/\/bnperf.com\/?post_type=product&#038;p=24834"},"modified":"2023-03-06T17:58:49","modified_gmt":"2023-03-06T16:58:49","slug":"kit-nitrous-outlet-powersports-efi-quatro-cilindros-quatro-bicos-dry-nitrous-system","status":"publish","type":"product","link":"https:\/\/bnperf.com\/pt-pt\/produit\/kit-nitrous-outlet-powersports-efi-quatro-cilindros-quatro-bicos-dry-nitrous-system\/","title":{"rendered":"Kit Nitrous Outlet Powersports EFI Quatro Cilindros, Quatro bicos Dry Nitrous System"},"content":{"rendered":"<p>MaxFlow. Os sistemas nitrosos de porta direta de 4 cilindros da Nitrous Outlet s\u00e3o projetados para serem de alto fluxo para entrega instant\u00e2nea de nitro para enviar voc\u00ea para a pista. Este kit nitroso vem com um bocal por cilindro capaz de fluir 200 HP cada. Este sistema sai da caixa pronto para pulverizar 120HP, mas \u00e9 capaz de pulverizar at\u00e9 200HP com jateamento adicional.<\/p>\n<p>Qualidade superior. Os kits nitrosos de porta direta de sa\u00edda de nitro v\u00eam completos com pe\u00e7as da mais alta qualidade dispon\u00edveis. Os sistemas de nitro de sa\u00edda direta de nitro s\u00e3o a melhor maneira de garantir uma distribui\u00e7\u00e3o igual de nitro e combust\u00edvel em cada cilindro. Este sistema vem com tudo o que \u00e9 necess\u00e1rio para o seu sistema nitroso de porta direta.<\/p>\n<p>Kit Nitro Seco. Este \u00e9 um kit de nitro seco que injeta apenas nitro, ent\u00e3o voc\u00ea pode precisar de injetores maiores e um sistema de gerenciamento de combust\u00edvel para compensar a quantidade de nitro que est\u00e1 pulverizando.<\/p>\n<p>Totalmente customiz\u00e1vel. Este sistema de porta direta \u00e9 totalmente personaliz\u00e1vel. Use o menu suspenso acima para selecionar o tipo de bico, o tamanho da garrafa e o tamanho da camiseta gr\u00e1tis.<\/p>\n<p>Sistema Completo. Este sistema inclui todos os componentes necess\u00e1rios; Um solen\u00f3ide nitroso, 4 bicos, jateamento para 40-120HP, hardware e eletricidade para instalar um sistema nitroso de porta direta capaz de adicionar 200HP \u00e0 sua bicicleta ou ATV.<\/p>\n<p>Aplicativo. Este sistema \u00e9 compat\u00edvel com quase todas as aplica\u00e7\u00f5es de esportes motorizados de quatro cilindros.<\/p>\n","protected":false},"excerpt":{"rendered":"<p>Injeta at\u00e9 200HP<br \/>\nquatro cilindros<br \/>\nSistema Nitro Seco<br \/>\nBloco de distribui\u00e7\u00e3o de 4 vias<br \/>\nEstado \u00fanico, 4 bicos de 90\u00b0<br \/>\nTodas as ferragens, acess\u00f3rios e acess\u00f3rios inclu\u00eddos<br \/>\nInclui bicos para 40-60-80-120HP<\/p>\n","protected":false},"featured_media":25637,"comment_status":"open","ping_status":"closed","template":"","meta":[],"product_brand":[],"product_cat":[27043,1791,1782],"product_tag":[551,26678,524,558,26763,561,547,578,546,26790,532,534,540,523,553,550,26883,528,529],"class_list":{"0":"post-24834","1":"product","2":"type-product","3":"status-publish","4":"has-post-thumbnail","6":"product_cat-kit-nos-pt-pt","7":"product_cat-motor","8":"product_cat-performance-pt-pt","9":"product_tag-1-9-pt-pt","10":"product_tag-1-9tdi-pt-pt-2","11":"product_tag-bnperfshop-pt-pt","12":"product_tag-cupra-pt-pt","13":"product_tag-diesel-pt-pt","14":"product_tag-fr-pt-pt","15":"product_tag-golf-pt-pt","16":"product_tag-golf4-pt-pt","17":"product_tag-leon-pt-pt","18":"product_tag-nitrous-pt-pt","19":"product_tag-seatibiza-pt-pt","20":"product_tag-sport-pt-pt","21":"product_tag-tdi-pt-pt","22":"product_tag-turbo-pt-pt","23":"product_tag-universal","24":"product_tag-6l-pt-pt","25":"product_tag-diesel-pt-pt-2","26":"product_tag-ibiza-pt-pt","27":"product_tag-seat-pt-pt","29":"first","30":"instock","31":"taxable","32":"shipping-taxable","33":"purchasable","34":"product-type-simple","35":"add-to-wishlist-before_image"},"bundled_by":[],"bundle_stock_status":"instock","bundle_stock_quantity":null,"bundle_virtual":false,"bundle_layout":"","bundle_add_to_cart_form_location":"","bundle_editable_in_cart":false,"bundle_sold_individually_context":"","bundle_item_grouping":"","bundle_min_size":"","bundle_max_size":"","bundle_price":[],"bundled_items":[],"bundle_sell_ids":[],"exclude_global_add_ons":[],"addons":[],"yoast_head":"<!-- This site is optimized with the Yoast SEO Premium plugin v27.4 (Yoast SEO v27.4) - https:\/\/yoast.com\/product\/yoast-seo-premium-wordpress\/ -->\n<title>Kit Nitrous Outlet Powersports EFI Quatro Cilindros, Quatro bicos Dry Nitrous System - BNPERF<\/title>\n<meta name=\"robots\" content=\"index, follow, max-snippet:-1, max-image-preview:large, max-video-preview:-1\" \/>\n<link rel=\"canonical\" href=\"https:\/\/bnperf.com\/pt-pt\/produit\/kit-nitrous-outlet-powersports-efi-quatro-cilindros-quatro-bicos-dry-nitrous-system\/\" \/>\n<meta property=\"og:locale\" content=\"pt_PT\" \/>\n<meta property=\"og:type\" content=\"article\" \/>\n<meta property=\"og:title\" content=\"Kit Nitrous Outlet Powersports EFI Quatro Cilindros, Quatro bicos Dry Nitrous System\" \/>\n<meta property=\"og:description\" content=\"Injeta at\u00e9 200HP quatro cilindros Sistema Nitro Seco Bloco de distribui\u00e7\u00e3o de 4 vias Estado \u00fanico, 4 bicos de 90\u00b0 Todas as ferragens, acess\u00f3rios e acess\u00f3rios inclu\u00eddos Inclui bicos para 40-60-80-120HP\" \/>\n<meta property=\"og:url\" content=\"https:\/\/bnperf.com\/pt-pt\/produit\/kit-nitrous-outlet-powersports-efi-quatro-cilindros-quatro-bicos-dry-nitrous-system\/\" \/>\n<meta property=\"og:site_name\" content=\"BNPERF\" \/>\n<meta property=\"article:publisher\" content=\"https:\/\/www.facebook.com\/bnperf\" \/>\n<meta property=\"article:modified_time\" content=\"2023-03-06T16:58:49+00:00\" \/>\n<meta property=\"og:image\" content=\"https:\/\/bnperf.com\/wp-content\/uploads\/2023\/01\/F198820204-copie.jpg\" \/>\n\t<meta property=\"og:image:width\" content=\"800\" \/>\n\t<meta property=\"og:image:height\" content=\"800\" \/>\n\t<meta property=\"og:image:type\" content=\"image\/jpeg\" \/>\n<meta name=\"twitter:card\" content=\"summary_large_image\" \/>\n<meta name=\"twitter:label1\" content=\"Tempo estimado de leitura\" \/>\n\t<meta name=\"twitter:data1\" content=\"2 minutos\" \/>\n<script type=\"application\/ld+json\" class=\"yoast-schema-graph\">{\"@context\":\"https:\\\/\\\/schema.org\",\"@graph\":[{\"@type\":\"WebPage\",\"@id\":\"https:\\\/\\\/bnperf.com\\\/pt-pt\\\/produit\\\/kit-nitrous-outlet-powersports-efi-quatro-cilindros-quatro-bicos-dry-nitrous-system\\\/\",\"url\":\"https:\\\/\\\/bnperf.com\\\/pt-pt\\\/produit\\\/kit-nitrous-outlet-powersports-efi-quatro-cilindros-quatro-bicos-dry-nitrous-system\\\/\",\"name\":\"Kit Nitrous Outlet Powersports EFI Quatro Cilindros, Quatro bicos Dry Nitrous System - BNPERF\",\"isPartOf\":{\"@id\":\"https:\\\/\\\/bnperf.com\\\/pt-pt\\\/#website\"},\"primaryImageOfPage\":{\"@id\":\"https:\\\/\\\/bnperf.com\\\/pt-pt\\\/produit\\\/kit-nitrous-outlet-powersports-efi-quatro-cilindros-quatro-bicos-dry-nitrous-system\\\/#primaryimage\"},\"image\":{\"@id\":\"https:\\\/\\\/bnperf.com\\\/pt-pt\\\/produit\\\/kit-nitrous-outlet-powersports-efi-quatro-cilindros-quatro-bicos-dry-nitrous-system\\\/#primaryimage\"},\"thumbnailUrl\":\"https:\\\/\\\/bnperf.com\\\/wp-content\\\/uploads\\\/2023\\\/01\\\/F198820204-copie.jpg\",\"datePublished\":\"2023-01-19T12:30:38+00:00\",\"dateModified\":\"2023-03-06T16:58:49+00:00\",\"breadcrumb\":{\"@id\":\"https:\\\/\\\/bnperf.com\\\/pt-pt\\\/produit\\\/kit-nitrous-outlet-powersports-efi-quatro-cilindros-quatro-bicos-dry-nitrous-system\\\/#breadcrumb\"},\"inLanguage\":\"pt-PT\",\"potentialAction\":[{\"@type\":\"ReadAction\",\"target\":[\"https:\\\/\\\/bnperf.com\\\/pt-pt\\\/produit\\\/kit-nitrous-outlet-powersports-efi-quatro-cilindros-quatro-bicos-dry-nitrous-system\\\/\"]}]},{\"@type\":\"ImageObject\",\"inLanguage\":\"pt-PT\",\"@id\":\"https:\\\/\\\/bnperf.com\\\/pt-pt\\\/produit\\\/kit-nitrous-outlet-powersports-efi-quatro-cilindros-quatro-bicos-dry-nitrous-system\\\/#primaryimage\",\"url\":\"https:\\\/\\\/bnperf.com\\\/wp-content\\\/uploads\\\/2023\\\/01\\\/F198820204-copie.jpg\",\"contentUrl\":\"https:\\\/\\\/bnperf.com\\\/wp-content\\\/uploads\\\/2023\\\/01\\\/F198820204-copie.jpg\",\"width\":800,\"height\":800},{\"@type\":\"BreadcrumbList\",\"@id\":\"https:\\\/\\\/bnperf.com\\\/pt-pt\\\/produit\\\/kit-nitrous-outlet-powersports-efi-quatro-cilindros-quatro-bicos-dry-nitrous-system\\\/#breadcrumb\",\"itemListElement\":[{\"@type\":\"ListItem\",\"position\":1,\"name\":\"Inicio\",\"item\":\"https:\\\/\\\/bnperf.com\\\/pt-pt\\\/inicio\\\/\"},{\"@type\":\"ListItem\",\"position\":2,\"name\":\"Loja\",\"item\":\"https:\\\/\\\/bnperf.com\\\/pt-pt\\\/loja\\\/\"},{\"@type\":\"ListItem\",\"position\":3,\"name\":\"Kit Nitrous Outlet Powersports EFI Quatro Cilindros, Quatro bicos Dry Nitrous System\"}]},{\"@type\":\"WebSite\",\"@id\":\"https:\\\/\\\/bnperf.com\\\/pt-pt\\\/#website\",\"url\":\"https:\\\/\\\/bnperf.com\\\/pt-pt\\\/\",\"name\":\"BNPERF\",\"description\":\"Votre Boutique Online ...\",\"publisher\":{\"@id\":\"https:\\\/\\\/bnperf.com\\\/pt-pt\\\/#organization\"},\"potentialAction\":[{\"@type\":\"SearchAction\",\"target\":{\"@type\":\"EntryPoint\",\"urlTemplate\":\"https:\\\/\\\/bnperf.com\\\/pt-pt\\\/?s={search_term_string}\"},\"query-input\":{\"@type\":\"PropertyValueSpecification\",\"valueRequired\":true,\"valueName\":\"search_term_string\"}}],\"inLanguage\":\"pt-PT\"},{\"@type\":\"Organization\",\"@id\":\"https:\\\/\\\/bnperf.com\\\/pt-pt\\\/#organization\",\"name\":\"BNPERF\",\"url\":\"https:\\\/\\\/bnperf.com\\\/pt-pt\\\/\",\"logo\":{\"@type\":\"ImageObject\",\"inLanguage\":\"pt-PT\",\"@id\":\"https:\\\/\\\/bnperf.com\\\/pt-pt\\\/#\\\/schema\\\/logo\\\/image\\\/\",\"url\":\"https:\\\/\\\/bnperf.com\\\/wp-content\\\/uploads\\\/2021\\\/10\\\/bnperf-logo.png\",\"contentUrl\":\"https:\\\/\\\/bnperf.com\\\/wp-content\\\/uploads\\\/2021\\\/10\\\/bnperf-logo.png\",\"width\":954,\"height\":300,\"caption\":\"BNPERF\"},\"image\":{\"@id\":\"https:\\\/\\\/bnperf.com\\\/pt-pt\\\/#\\\/schema\\\/logo\\\/image\\\/\"},\"sameAs\":[\"https:\\\/\\\/www.facebook.com\\\/bnperf\",\"https:\\\/\\\/www.instagram.com\\\/bnperf\"]}]}<\/script>\n<!-- \/ Yoast SEO Premium plugin. -->","yoast_head_json":{"title":"Kit Nitrous Outlet Powersports EFI Quatro Cilindros, Quatro bicos Dry Nitrous System - BNPERF","robots":{"index":"index","follow":"follow","max-snippet":"max-snippet:-1","max-image-preview":"max-image-preview:large","max-video-preview":"max-video-preview:-1"},"canonical":"https:\/\/bnperf.com\/pt-pt\/produit\/kit-nitrous-outlet-powersports-efi-quatro-cilindros-quatro-bicos-dry-nitrous-system\/","og_locale":"pt_PT","og_type":"article","og_title":"Kit Nitrous Outlet Powersports EFI Quatro Cilindros, Quatro bicos Dry Nitrous System","og_description":"Injeta at\u00e9 200HP quatro cilindros Sistema Nitro Seco Bloco de distribui\u00e7\u00e3o de 4 vias Estado \u00fanico, 4 bicos de 90\u00b0 Todas as ferragens, acess\u00f3rios e acess\u00f3rios inclu\u00eddos Inclui bicos para 40-60-80-120HP","og_url":"https:\/\/bnperf.com\/pt-pt\/produit\/kit-nitrous-outlet-powersports-efi-quatro-cilindros-quatro-bicos-dry-nitrous-system\/","og_site_name":"BNPERF","article_publisher":"https:\/\/www.facebook.com\/bnperf","article_modified_time":"2023-03-06T16:58:49+00:00","og_image":[{"width":800,"height":800,"url":"https:\/\/bnperf.com\/wp-content\/uploads\/2023\/01\/F198820204-copie.jpg","type":"image\/jpeg"}],"twitter_card":"summary_large_image","twitter_misc":{"Tempo estimado de leitura":"2 minutos"},"schema":{"@context":"https:\/\/schema.org","@graph":[{"@type":"WebPage","@id":"https:\/\/bnperf.com\/pt-pt\/produit\/kit-nitrous-outlet-powersports-efi-quatro-cilindros-quatro-bicos-dry-nitrous-system\/","url":"https:\/\/bnperf.com\/pt-pt\/produit\/kit-nitrous-outlet-powersports-efi-quatro-cilindros-quatro-bicos-dry-nitrous-system\/","name":"Kit Nitrous Outlet Powersports EFI Quatro Cilindros, Quatro bicos Dry Nitrous System - BNPERF","isPartOf":{"@id":"https:\/\/bnperf.com\/pt-pt\/#website"},"primaryImageOfPage":{"@id":"https:\/\/bnperf.com\/pt-pt\/produit\/kit-nitrous-outlet-powersports-efi-quatro-cilindros-quatro-bicos-dry-nitrous-system\/#primaryimage"},"image":{"@id":"https:\/\/bnperf.com\/pt-pt\/produit\/kit-nitrous-outlet-powersports-efi-quatro-cilindros-quatro-bicos-dry-nitrous-system\/#primaryimage"},"thumbnailUrl":"https:\/\/bnperf.com\/wp-content\/uploads\/2023\/01\/F198820204-copie.jpg","datePublished":"2023-01-19T12:30:38+00:00","dateModified":"2023-03-06T16:58:49+00:00","breadcrumb":{"@id":"https:\/\/bnperf.com\/pt-pt\/produit\/kit-nitrous-outlet-powersports-efi-quatro-cilindros-quatro-bicos-dry-nitrous-system\/#breadcrumb"},"inLanguage":"pt-PT","potentialAction":[{"@type":"ReadAction","target":["https:\/\/bnperf.com\/pt-pt\/produit\/kit-nitrous-outlet-powersports-efi-quatro-cilindros-quatro-bicos-dry-nitrous-system\/"]}]},{"@type":"ImageObject","inLanguage":"pt-PT","@id":"https:\/\/bnperf.com\/pt-pt\/produit\/kit-nitrous-outlet-powersports-efi-quatro-cilindros-quatro-bicos-dry-nitrous-system\/#primaryimage","url":"https:\/\/bnperf.com\/wp-content\/uploads\/2023\/01\/F198820204-copie.jpg","contentUrl":"https:\/\/bnperf.com\/wp-content\/uploads\/2023\/01\/F198820204-copie.jpg","width":800,"height":800},{"@type":"BreadcrumbList","@id":"https:\/\/bnperf.com\/pt-pt\/produit\/kit-nitrous-outlet-powersports-efi-quatro-cilindros-quatro-bicos-dry-nitrous-system\/#breadcrumb","itemListElement":[{"@type":"ListItem","position":1,"name":"Inicio","item":"https:\/\/bnperf.com\/pt-pt\/inicio\/"},{"@type":"ListItem","position":2,"name":"Loja","item":"https:\/\/bnperf.com\/pt-pt\/loja\/"},{"@type":"ListItem","position":3,"name":"Kit Nitrous Outlet Powersports EFI Quatro Cilindros, Quatro bicos Dry Nitrous System"}]},{"@type":"WebSite","@id":"https:\/\/bnperf.com\/pt-pt\/#website","url":"https:\/\/bnperf.com\/pt-pt\/","name":"BNPERF","description":"Votre Boutique Online ...","publisher":{"@id":"https:\/\/bnperf.com\/pt-pt\/#organization"},"potentialAction":[{"@type":"SearchAction","target":{"@type":"EntryPoint","urlTemplate":"https:\/\/bnperf.com\/pt-pt\/?s={search_term_string}"},"query-input":{"@type":"PropertyValueSpecification","valueRequired":true,"valueName":"search_term_string"}}],"inLanguage":"pt-PT"},{"@type":"Organization","@id":"https:\/\/bnperf.com\/pt-pt\/#organization","name":"BNPERF","url":"https:\/\/bnperf.com\/pt-pt\/","logo":{"@type":"ImageObject","inLanguage":"pt-PT","@id":"https:\/\/bnperf.com\/pt-pt\/#\/schema\/logo\/image\/","url":"https:\/\/bnperf.com\/wp-content\/uploads\/2021\/10\/bnperf-logo.png","contentUrl":"https:\/\/bnperf.com\/wp-content\/uploads\/2021\/10\/bnperf-logo.png","width":954,"height":300,"caption":"BNPERF"},"image":{"@id":"https:\/\/bnperf.com\/pt-pt\/#\/schema\/logo\/image\/"},"sameAs":["https:\/\/www.facebook.com\/bnperf","https:\/\/www.instagram.com\/bnperf"]}]}},"tiered_pricing_type":"fixed","tiered_pricing_fixed_rules":[],"tiered_pricing_product_settings":{"layout":"default","base_unit_name":{"singular":null,"plural":null},"default_variation":null},"tiered_pricing_minimum_quantity":null,"tiered_pricing_roles_data":[],"tiered_pricing_percentage_rules":[],"_links":{"self":[{"href":"https:\/\/bnperf.com\/pt-pt\/wp-json\/wp\/v2\/product\/24834","targetHints":{"allow":["GET"]}}],"collection":[{"href":"https:\/\/bnperf.com\/pt-pt\/wp-json\/wp\/v2\/product"}],"about":[{"href":"https:\/\/bnperf.com\/pt-pt\/wp-json\/wp\/v2\/types\/product"}],"replies":[{"embeddable":true,"href":"https:\/\/bnperf.com\/pt-pt\/wp-json\/wp\/v2\/comments?post=24834"}],"wp:featuredmedia":[{"embeddable":true,"href":"https:\/\/bnperf.com\/pt-pt\/wp-json\/wp\/v2\/media\/25637"}],"wp:attachment":[{"href":"https:\/\/bnperf.com\/pt-pt\/wp-json\/wp\/v2\/media?parent=24834"}],"wp:term":[{"taxonomy":"product_brand","embeddable":true,"href":"https:\/\/bnperf.com\/pt-pt\/wp-json\/wp\/v2\/product_brand?post=24834"},{"taxonomy":"product_cat","embeddable":true,"href":"https:\/\/bnperf.com\/pt-pt\/wp-json\/wp\/v2\/product_cat?post=24834"},{"taxonomy":"product_tag","embeddable":true,"href":"https:\/\/bnperf.com\/pt-pt\/wp-json\/wp\/v2\/product_tag?post=24834"}],"curies":[{"name":"wp","href":"https:\/\/api.w.org\/{rel}","templated":true}]}}