{"id":23787,"date":"2022-10-12T18:03:25","date_gmt":"2022-10-12T17:17:43","guid":{"rendered":"https:\/\/bnperf.com\/?post_type=product&#038;p=23787"},"modified":"2023-02-10T21:02:01","modified_gmt":"2023-02-10T20:02:01","slug":"parafusos-arp-201-4303-bmw-e46-m3-s54-e36-3-2l-evo-uk-mz3-mz4-s54-12pt","status":"publish","type":"product","link":"https:\/\/bnperf.com\/pt-pt\/produit\/parafusos-arp-201-4303-bmw-e46-m3-s54-e36-3-2l-evo-uk-mz3-mz4-s54-12pt\/","title":{"rendered":"PARAFUSOS ARP 201-4303 BMW E46 M3 S54 \/ E36 3.2L EVO UK \/ MZ3-MZ4 S54 12PT"},"content":{"rendered":"<p>Pa\u00eds de Fabrica\u00e7\u00e3o &#8211; Estados Unidos<\/p>\n<p>\u00c9 por uma boa raz\u00e3o que praticamente todos os principais construtores de motores profissionais confiam nos pinos de cabe\u00e7a ARP Pro Series para seus motores de competi\u00e7\u00e3o. Simplificando, n\u00e3o h\u00e1 uma melhor configura\u00e7\u00e3o de pinos<\/p>\n<p>no mercado hoje. A ARP usa apenas liga de grau premium 8740 e uma liga ARP2000 propriet\u00e1ria que s\u00e3o classificadas como muito superiores aos a\u00e7os de liga de qualidade \u201caeronaves\u201d. Em segundo lugar, cada pino \u00e9 colocado verticalmente<\/p>\n<p>em racks especiais e tratados termicamente com precis\u00e3o a 190.000 psi para o material 8740 e 220.000 psi para o material ARP2000. Este procedimento garante a penetra\u00e7\u00e3o completa do calor e os resultados s\u00e3o muito superiores aos pinos de qualidade inferior de outros fabricantes que apenas despejam pe\u00e7as em uma cesta e esperam o melhor. \u00c9 importante notar que os pinos de qualidade inferior n\u00e3o s\u00e3o retificados sem centro \u2013 o material \u00e9 rosqueado em forma de barra (principalmente antes do tratamento t\u00e9rmico, quando o material \u00e9<\/p>\n<p>mais f\u00e1cil de usinar). Como os prisioneiros ARP s\u00e3o fabricados com toler\u00e2ncias t\u00e3o exatas, voc\u00ea notar\u00e1 que as juntas e os cabe\u00e7otes literalmente deslizam para a posi\u00e7\u00e3o e est\u00e3o perfeitamente alinhados &#8211; algo<\/p>\n<p>isso n\u00e3o acontecer\u00e1 com pinos de cabe\u00e7a de qualidade inferior.<\/p>\n<p>O uso de pinos tornar\u00e1 a montagem de um motor muito mais f\u00e1cil (especialmente um motor de corrida que deve<\/p>\n<p>manuten\u00e7\u00e3o frequente e r\u00e1pida!) com o cabe\u00e7ote do cilindro e a gaxeta assegurados de alinhamento adequado.<\/p>\n<p>Os prisioneiros tamb\u00e9m fornecem um carregamento de torque mais preciso e consistente. Aqui est\u00e1 o porqu\u00ea. Quando voc\u00ea usa parafusos para prender a cabe\u00e7a, o fixador est\u00e1 realmente sendo \u201ctorcido\u201d enquanto est\u00e1 sendo torcido para a leitura correta. Assim, o parafuso est\u00e1 reagindo a duas for\u00e7as diferentes simultaneamente. Um pino deve ser instalado em um modo \u201crelaxado\u201d \u2013 nunca aperte-o firmemente usando uma porca emperrada. Se tudo estiver certo, o pino deve ser instalado \u00e0 m\u00e3o. Ent\u00e3o, ao aplicar torque na porca, o pino ir\u00e1 esticar<\/p>\n<p>apenas no eixo vertical. Lembre-se, um pino mais curto rebaixado ter\u00e1 uma taxa semelhante a um pino de haste padr\u00e3o mais longo. Isso fornece uma for\u00e7a de fixa\u00e7\u00e3o mais uniforme na cabe\u00e7a.<\/p>\n<p>ARP \u00ae &#8211; Automotive Racing Products \u00e9 um fabricante de fixadores\/parafusos encontrados em motores e transmiss\u00f5es, desde pe\u00e7as de reposi\u00e7\u00e3o OEM at\u00e9 hardware especializado para aplica\u00e7\u00f5es de corrida. ARP \u00e9 l\u00edder mundial em tecnologia de fixa\u00e7\u00e3o. Eles variam de pe\u00e7as de reposi\u00e7\u00e3o OEM de alto desempenho de qualidade a hardware especializado ex\u00f3tico para F\u00f3rmula 1, IndyCar, NASCAR e NHRA corridas de arrancada e aplica\u00e7\u00f5es mar\u00edtimas. do processo de fabrica\u00e7\u00e3o. Foi assim que a ARP conseguiu estabelecer uma reputa\u00e7\u00e3o de marca de topo no mercado.<\/p>\n","protected":false},"excerpt":{"rendered":"<p>Pa\u00eds de Fabrica\u00e7\u00e3o &#8211; Estados Unidos \u00c9 por uma boa raz\u00e3o que praticamente todos os principais construtores de motores profissionais confiam nos pinos de cabe\u00e7a ARP Pro Series para seus&#8230;<\/p>\n","protected":false},"featured_media":25488,"comment_status":"open","ping_status":"closed","template":"","meta":[],"product_brand":[],"product_cat":[1791,1812,1782],"product_tag":[520,26906,26519,26512,26877,26879,26876,29647,26878],"class_list":{"0":"post-23787","1":"product","2":"type-product","3":"status-publish","4":"has-post-thumbnail","6":"product_cat-motor","7":"product_cat-parafusos-pernos-de-culassa","8":"product_cat-performance-pt-pt","9":"product_tag-bmw-pt-pt","10":"product_tag-bnperf-pt-pt","11":"product_tag-e46-pt-pt","12":"product_tag-m3-pt-pt","13":"product_tag-arp-pt-pt","14":"product_tag-culassa","15":"product_tag-parafuso","16":"product_tag-parafusos-pt-pt-3","17":"product_tag-parafusos","19":"first","20":"instock","21":"taxable","22":"shipping-taxable","23":"purchasable","24":"product-type-simple","25":"add-to-wishlist-before_image"},"bundled_by":[],"bundle_stock_status":"instock","bundle_stock_quantity":null,"bundle_virtual":false,"bundle_layout":"","bundle_add_to_cart_form_location":"","bundle_editable_in_cart":false,"bundle_sold_individually_context":"","bundle_item_grouping":"","bundle_min_size":"","bundle_max_size":"","bundle_price":[],"bundled_items":[],"bundle_sell_ids":[],"exclude_global_add_ons":[],"addons":[],"yoast_head":"<!-- This site is optimized with the Yoast SEO Premium plugin v27.4 (Yoast SEO v27.5) - https:\/\/yoast.com\/product\/yoast-seo-premium-wordpress\/ -->\n<title>PARAFUSOS ARP 201-4303 BMW E46 M3 S54 \/ E36 3.2L EVO UK \/ MZ3-MZ4 S54 12PT - BNPERF<\/title>\n<meta name=\"robots\" content=\"index, follow, max-snippet:-1, max-image-preview:large, max-video-preview:-1\" \/>\n<link rel=\"canonical\" href=\"https:\/\/bnperf.com\/pt-pt\/produit\/parafusos-arp-201-4303-bmw-e46-m3-s54-e36-3-2l-evo-uk-mz3-mz4-s54-12pt\/\" \/>\n<meta property=\"og:locale\" content=\"pt_PT\" \/>\n<meta property=\"og:type\" content=\"article\" \/>\n<meta property=\"og:title\" content=\"PARAFUSOS ARP 201-4303 BMW E46 M3 S54 \/ E36 3.2L EVO UK \/ MZ3-MZ4 S54 12PT\" \/>\n<meta property=\"og:description\" content=\"Pa\u00eds de Fabrica\u00e7\u00e3o &#8211; Estados Unidos \u00c9 por uma boa raz\u00e3o que praticamente todos os principais construtores de motores profissionais confiam nos pinos de cabe\u00e7a ARP Pro Series para seus...\" \/>\n<meta property=\"og:url\" content=\"https:\/\/bnperf.com\/pt-pt\/produit\/parafusos-arp-201-4303-bmw-e46-m3-s54-e36-3-2l-evo-uk-mz3-mz4-s54-12pt\/\" \/>\n<meta property=\"og:site_name\" content=\"BNPERF\" \/>\n<meta property=\"article:publisher\" content=\"https:\/\/www.facebook.com\/bnperf\" \/>\n<meta property=\"article:modified_time\" content=\"2023-02-10T20:02:01+00:00\" \/>\n<meta property=\"og:image\" content=\"https:\/\/bnperf.com\/wp-content\/uploads\/2022\/10\/eng_pl_ARP-201-4303-head-studs-BMW-E46-M3-S54-ARP2000-1576_2-copie.jpg\" \/>\n\t<meta property=\"og:image:width\" content=\"800\" \/>\n\t<meta property=\"og:image:height\" content=\"800\" \/>\n\t<meta property=\"og:image:type\" content=\"image\/jpeg\" \/>\n<meta name=\"twitter:card\" content=\"summary_large_image\" \/>\n<meta name=\"twitter:label1\" content=\"Tempo estimado de leitura\" \/>\n\t<meta name=\"twitter:data1\" content=\"3 minutos\" \/>\n<script type=\"application\/ld+json\" class=\"yoast-schema-graph\">{\"@context\":\"https:\\\/\\\/schema.org\",\"@graph\":[{\"@type\":\"WebPage\",\"@id\":\"https:\\\/\\\/bnperf.com\\\/pt-pt\\\/produit\\\/parafusos-arp-201-4303-bmw-e46-m3-s54-e36-3-2l-evo-uk-mz3-mz4-s54-12pt\\\/\",\"url\":\"https:\\\/\\\/bnperf.com\\\/pt-pt\\\/produit\\\/parafusos-arp-201-4303-bmw-e46-m3-s54-e36-3-2l-evo-uk-mz3-mz4-s54-12pt\\\/\",\"name\":\"PARAFUSOS ARP 201-4303 BMW E46 M3 S54 \\\/ E36 3.2L EVO UK \\\/ MZ3-MZ4 S54 12PT - BNPERF\",\"isPartOf\":{\"@id\":\"https:\\\/\\\/bnperf.com\\\/pt-pt\\\/#website\"},\"primaryImageOfPage\":{\"@id\":\"https:\\\/\\\/bnperf.com\\\/pt-pt\\\/produit\\\/parafusos-arp-201-4303-bmw-e46-m3-s54-e36-3-2l-evo-uk-mz3-mz4-s54-12pt\\\/#primaryimage\"},\"image\":{\"@id\":\"https:\\\/\\\/bnperf.com\\\/pt-pt\\\/produit\\\/parafusos-arp-201-4303-bmw-e46-m3-s54-e36-3-2l-evo-uk-mz3-mz4-s54-12pt\\\/#primaryimage\"},\"thumbnailUrl\":\"https:\\\/\\\/bnperf.com\\\/wp-content\\\/uploads\\\/2022\\\/10\\\/eng_pl_ARP-201-4303-head-studs-BMW-E46-M3-S54-ARP2000-1576_2-copie.jpg\",\"datePublished\":\"2022-10-12T17:17:43+00:00\",\"dateModified\":\"2023-02-10T20:02:01+00:00\",\"breadcrumb\":{\"@id\":\"https:\\\/\\\/bnperf.com\\\/pt-pt\\\/produit\\\/parafusos-arp-201-4303-bmw-e46-m3-s54-e36-3-2l-evo-uk-mz3-mz4-s54-12pt\\\/#breadcrumb\"},\"inLanguage\":\"pt-PT\",\"potentialAction\":[{\"@type\":\"ReadAction\",\"target\":[\"https:\\\/\\\/bnperf.com\\\/pt-pt\\\/produit\\\/parafusos-arp-201-4303-bmw-e46-m3-s54-e36-3-2l-evo-uk-mz3-mz4-s54-12pt\\\/\"]}]},{\"@type\":\"ImageObject\",\"inLanguage\":\"pt-PT\",\"@id\":\"https:\\\/\\\/bnperf.com\\\/pt-pt\\\/produit\\\/parafusos-arp-201-4303-bmw-e46-m3-s54-e36-3-2l-evo-uk-mz3-mz4-s54-12pt\\\/#primaryimage\",\"url\":\"https:\\\/\\\/bnperf.com\\\/wp-content\\\/uploads\\\/2022\\\/10\\\/eng_pl_ARP-201-4303-head-studs-BMW-E46-M3-S54-ARP2000-1576_2-copie.jpg\",\"contentUrl\":\"https:\\\/\\\/bnperf.com\\\/wp-content\\\/uploads\\\/2022\\\/10\\\/eng_pl_ARP-201-4303-head-studs-BMW-E46-M3-S54-ARP2000-1576_2-copie.jpg\",\"width\":800,\"height\":800},{\"@type\":\"BreadcrumbList\",\"@id\":\"https:\\\/\\\/bnperf.com\\\/pt-pt\\\/produit\\\/parafusos-arp-201-4303-bmw-e46-m3-s54-e36-3-2l-evo-uk-mz3-mz4-s54-12pt\\\/#breadcrumb\",\"itemListElement\":[{\"@type\":\"ListItem\",\"position\":1,\"name\":\"Inicio\",\"item\":\"https:\\\/\\\/bnperf.com\\\/pt-pt\\\/inicio\\\/\"},{\"@type\":\"ListItem\",\"position\":2,\"name\":\"Loja\",\"item\":\"https:\\\/\\\/bnperf.com\\\/pt-pt\\\/loja\\\/\"},{\"@type\":\"ListItem\",\"position\":3,\"name\":\"PARAFUSOS ARP 201-4303 BMW E46 M3 S54 \\\/ E36 3.2L EVO UK \\\/ MZ3-MZ4 S54 12PT\"}]},{\"@type\":\"WebSite\",\"@id\":\"https:\\\/\\\/bnperf.com\\\/pt-pt\\\/#website\",\"url\":\"https:\\\/\\\/bnperf.com\\\/pt-pt\\\/\",\"name\":\"BNPERF\",\"description\":\"Votre Boutique Online ...\",\"publisher\":{\"@id\":\"https:\\\/\\\/bnperf.com\\\/pt-pt\\\/#organization\"},\"potentialAction\":[{\"@type\":\"SearchAction\",\"target\":{\"@type\":\"EntryPoint\",\"urlTemplate\":\"https:\\\/\\\/bnperf.com\\\/pt-pt\\\/?s={search_term_string}\"},\"query-input\":{\"@type\":\"PropertyValueSpecification\",\"valueRequired\":true,\"valueName\":\"search_term_string\"}}],\"inLanguage\":\"pt-PT\"},{\"@type\":\"Organization\",\"@id\":\"https:\\\/\\\/bnperf.com\\\/pt-pt\\\/#organization\",\"name\":\"BNPERF\",\"url\":\"https:\\\/\\\/bnperf.com\\\/pt-pt\\\/\",\"logo\":{\"@type\":\"ImageObject\",\"inLanguage\":\"pt-PT\",\"@id\":\"https:\\\/\\\/bnperf.com\\\/pt-pt\\\/#\\\/schema\\\/logo\\\/image\\\/\",\"url\":\"https:\\\/\\\/bnperf.com\\\/wp-content\\\/uploads\\\/2021\\\/10\\\/bnperf-logo.png\",\"contentUrl\":\"https:\\\/\\\/bnperf.com\\\/wp-content\\\/uploads\\\/2021\\\/10\\\/bnperf-logo.png\",\"width\":954,\"height\":300,\"caption\":\"BNPERF\"},\"image\":{\"@id\":\"https:\\\/\\\/bnperf.com\\\/pt-pt\\\/#\\\/schema\\\/logo\\\/image\\\/\"},\"sameAs\":[\"https:\\\/\\\/www.facebook.com\\\/bnperf\",\"https:\\\/\\\/www.instagram.com\\\/bnperf\"]}]}<\/script>\n<!-- \/ Yoast SEO Premium plugin. -->","yoast_head_json":{"title":"PARAFUSOS ARP 201-4303 BMW E46 M3 S54 \/ E36 3.2L EVO UK \/ MZ3-MZ4 S54 12PT - BNPERF","robots":{"index":"index","follow":"follow","max-snippet":"max-snippet:-1","max-image-preview":"max-image-preview:large","max-video-preview":"max-video-preview:-1"},"canonical":"https:\/\/bnperf.com\/pt-pt\/produit\/parafusos-arp-201-4303-bmw-e46-m3-s54-e36-3-2l-evo-uk-mz3-mz4-s54-12pt\/","og_locale":"pt_PT","og_type":"article","og_title":"PARAFUSOS ARP 201-4303 BMW E46 M3 S54 \/ E36 3.2L EVO UK \/ MZ3-MZ4 S54 12PT","og_description":"Pa\u00eds de Fabrica\u00e7\u00e3o &#8211; Estados Unidos \u00c9 por uma boa raz\u00e3o que praticamente todos os principais construtores de motores profissionais confiam nos pinos de cabe\u00e7a ARP Pro Series para seus...","og_url":"https:\/\/bnperf.com\/pt-pt\/produit\/parafusos-arp-201-4303-bmw-e46-m3-s54-e36-3-2l-evo-uk-mz3-mz4-s54-12pt\/","og_site_name":"BNPERF","article_publisher":"https:\/\/www.facebook.com\/bnperf","article_modified_time":"2023-02-10T20:02:01+00:00","og_image":[{"width":800,"height":800,"url":"https:\/\/bnperf.com\/wp-content\/uploads\/2022\/10\/eng_pl_ARP-201-4303-head-studs-BMW-E46-M3-S54-ARP2000-1576_2-copie.jpg","type":"image\/jpeg"}],"twitter_card":"summary_large_image","twitter_misc":{"Tempo estimado de leitura":"3 minutos"},"schema":{"@context":"https:\/\/schema.org","@graph":[{"@type":"WebPage","@id":"https:\/\/bnperf.com\/pt-pt\/produit\/parafusos-arp-201-4303-bmw-e46-m3-s54-e36-3-2l-evo-uk-mz3-mz4-s54-12pt\/","url":"https:\/\/bnperf.com\/pt-pt\/produit\/parafusos-arp-201-4303-bmw-e46-m3-s54-e36-3-2l-evo-uk-mz3-mz4-s54-12pt\/","name":"PARAFUSOS ARP 201-4303 BMW E46 M3 S54 \/ E36 3.2L EVO UK \/ MZ3-MZ4 S54 12PT - BNPERF","isPartOf":{"@id":"https:\/\/bnperf.com\/pt-pt\/#website"},"primaryImageOfPage":{"@id":"https:\/\/bnperf.com\/pt-pt\/produit\/parafusos-arp-201-4303-bmw-e46-m3-s54-e36-3-2l-evo-uk-mz3-mz4-s54-12pt\/#primaryimage"},"image":{"@id":"https:\/\/bnperf.com\/pt-pt\/produit\/parafusos-arp-201-4303-bmw-e46-m3-s54-e36-3-2l-evo-uk-mz3-mz4-s54-12pt\/#primaryimage"},"thumbnailUrl":"https:\/\/bnperf.com\/wp-content\/uploads\/2022\/10\/eng_pl_ARP-201-4303-head-studs-BMW-E46-M3-S54-ARP2000-1576_2-copie.jpg","datePublished":"2022-10-12T17:17:43+00:00","dateModified":"2023-02-10T20:02:01+00:00","breadcrumb":{"@id":"https:\/\/bnperf.com\/pt-pt\/produit\/parafusos-arp-201-4303-bmw-e46-m3-s54-e36-3-2l-evo-uk-mz3-mz4-s54-12pt\/#breadcrumb"},"inLanguage":"pt-PT","potentialAction":[{"@type":"ReadAction","target":["https:\/\/bnperf.com\/pt-pt\/produit\/parafusos-arp-201-4303-bmw-e46-m3-s54-e36-3-2l-evo-uk-mz3-mz4-s54-12pt\/"]}]},{"@type":"ImageObject","inLanguage":"pt-PT","@id":"https:\/\/bnperf.com\/pt-pt\/produit\/parafusos-arp-201-4303-bmw-e46-m3-s54-e36-3-2l-evo-uk-mz3-mz4-s54-12pt\/#primaryimage","url":"https:\/\/bnperf.com\/wp-content\/uploads\/2022\/10\/eng_pl_ARP-201-4303-head-studs-BMW-E46-M3-S54-ARP2000-1576_2-copie.jpg","contentUrl":"https:\/\/bnperf.com\/wp-content\/uploads\/2022\/10\/eng_pl_ARP-201-4303-head-studs-BMW-E46-M3-S54-ARP2000-1576_2-copie.jpg","width":800,"height":800},{"@type":"BreadcrumbList","@id":"https:\/\/bnperf.com\/pt-pt\/produit\/parafusos-arp-201-4303-bmw-e46-m3-s54-e36-3-2l-evo-uk-mz3-mz4-s54-12pt\/#breadcrumb","itemListElement":[{"@type":"ListItem","position":1,"name":"Inicio","item":"https:\/\/bnperf.com\/pt-pt\/inicio\/"},{"@type":"ListItem","position":2,"name":"Loja","item":"https:\/\/bnperf.com\/pt-pt\/loja\/"},{"@type":"ListItem","position":3,"name":"PARAFUSOS ARP 201-4303 BMW E46 M3 S54 \/ E36 3.2L EVO UK \/ MZ3-MZ4 S54 12PT"}]},{"@type":"WebSite","@id":"https:\/\/bnperf.com\/pt-pt\/#website","url":"https:\/\/bnperf.com\/pt-pt\/","name":"BNPERF","description":"Votre Boutique Online ...","publisher":{"@id":"https:\/\/bnperf.com\/pt-pt\/#organization"},"potentialAction":[{"@type":"SearchAction","target":{"@type":"EntryPoint","urlTemplate":"https:\/\/bnperf.com\/pt-pt\/?s={search_term_string}"},"query-input":{"@type":"PropertyValueSpecification","valueRequired":true,"valueName":"search_term_string"}}],"inLanguage":"pt-PT"},{"@type":"Organization","@id":"https:\/\/bnperf.com\/pt-pt\/#organization","name":"BNPERF","url":"https:\/\/bnperf.com\/pt-pt\/","logo":{"@type":"ImageObject","inLanguage":"pt-PT","@id":"https:\/\/bnperf.com\/pt-pt\/#\/schema\/logo\/image\/","url":"https:\/\/bnperf.com\/wp-content\/uploads\/2021\/10\/bnperf-logo.png","contentUrl":"https:\/\/bnperf.com\/wp-content\/uploads\/2021\/10\/bnperf-logo.png","width":954,"height":300,"caption":"BNPERF"},"image":{"@id":"https:\/\/bnperf.com\/pt-pt\/#\/schema\/logo\/image\/"},"sameAs":["https:\/\/www.facebook.com\/bnperf","https:\/\/www.instagram.com\/bnperf"]}]}},"tiered_pricing_type":"fixed","tiered_pricing_fixed_rules":[],"tiered_pricing_product_settings":{"layout":"default","base_unit_name":{"singular":null,"plural":null},"default_variation":null},"tiered_pricing_minimum_quantity":null,"tiered_pricing_roles_data":[],"tiered_pricing_percentage_rules":[],"_links":{"self":[{"href":"https:\/\/bnperf.com\/pt-pt\/wp-json\/wp\/v2\/product\/23787","targetHints":{"allow":["GET"]}}],"collection":[{"href":"https:\/\/bnperf.com\/pt-pt\/wp-json\/wp\/v2\/product"}],"about":[{"href":"https:\/\/bnperf.com\/pt-pt\/wp-json\/wp\/v2\/types\/product"}],"replies":[{"embeddable":true,"href":"https:\/\/bnperf.com\/pt-pt\/wp-json\/wp\/v2\/comments?post=23787"}],"wp:featuredmedia":[{"embeddable":true,"href":"https:\/\/bnperf.com\/pt-pt\/wp-json\/wp\/v2\/media\/25488"}],"wp:attachment":[{"href":"https:\/\/bnperf.com\/pt-pt\/wp-json\/wp\/v2\/media?parent=23787"}],"wp:term":[{"taxonomy":"product_brand","embeddable":true,"href":"https:\/\/bnperf.com\/pt-pt\/wp-json\/wp\/v2\/product_brand?post=23787"},{"taxonomy":"product_cat","embeddable":true,"href":"https:\/\/bnperf.com\/pt-pt\/wp-json\/wp\/v2\/product_cat?post=23787"},{"taxonomy":"product_tag","embeddable":true,"href":"https:\/\/bnperf.com\/pt-pt\/wp-json\/wp\/v2\/product_tag?post=23787"}],"curies":[{"name":"wp","href":"https:\/\/api.w.org\/{rel}","templated":true}]}}