{"id":23774,"date":"2022-10-11T16:40:41","date_gmt":"2022-10-11T15:49:28","guid":{"rendered":"https:\/\/bnperf.com\/?post_type=product&#038;p=23774"},"modified":"2023-03-03T19:29:52","modified_gmt":"2023-03-03T18:29:52","slug":"intercooler-performance-wagner-tuning-kit-mercedes-benz-c190-amg-gt","status":"publish","type":"product","link":"https:\/\/bnperf.com\/pt-pt\/produit\/intercooler-performance-wagner-tuning-kit-mercedes-benz-c190-amg-gt\/","title":{"rendered":"INTERCOOLER PERFORMANCE WAGNER TUNING KIT MERCEDES BENZ C190 AMG GT"},"content":{"rendered":"<p>Mercedes C190 AMG GT 340-390KW\/462-530PS (2015-2020)<br \/>\nMercedes C190 AMG GT S 340-390KW\/462-530PS (2015-2020)<br \/>\nMercedes C190 AMG GT C 410KW\/557PS (2017+)<br \/>\nMercedes C190 AMG GT R 430KW\/585PS (2017+)<\/p>\n<p>O motor V8 biturbo de 4,0 litros (M178 DE 40 AL) dos modelos AMG est\u00e1 equipado com um circuito de refrigera\u00e7\u00e3o indireto. Assim, o resfriamento do ar carregado \u00e9 realizado por um intercooler refrigerado a \u00e1gua que ser\u00e1 substitu\u00eddo por este intercooler de alto desempenho WagnerTuning.<\/p>\n<p>O intercooler de alto desempenho WAGNERTUNING tem um novo n\u00facleo de desempenho com as dimens\u00f5es do n\u00facleo externo 209 mm x 175 mm x 110 mm \/ 8,23 polegadas x 6,89 polegadas x 4,33 polegadas. Este n\u00facleo de intercooler foi desenvolvido diretamente para os altos requisitos do motor AMG e oferece 86% mais volume de n\u00facleo externo em compara\u00e7\u00e3o com o intercooler de estoque. A rela\u00e7\u00e3o calculada entre a superf\u00edcie de resfriamento interna e externa gera uma transfer\u00eancia de calor m\u00e1xima e, ao mesmo tempo, o melhor fluxo de ar interno poss\u00edvel. Os tanques finais de alum\u00ednio fundido foram projetados em CAD e otimizados em simula\u00e7\u00f5es de CFD. O resultado \u00e9 uma excelente propriedade de resfriamento com uma contrapress\u00e3o m\u00ednima. \u00c9 por isso que este kit tamb\u00e9m \u00e9 perfeito para uso em corridas. Um \u00f3timo efeito de resfriamento do ar carregado com um aumento significativo no desempenho!<\/p>\n<p>Todos os radiadores WAGNERTUNING est\u00e3o equipados com um revestimento anticorrosivo condutor de calor para garantir um efeito de arrefecimento duradouro. A instala\u00e7\u00e3o plug &amp; play do sistema \u00e9 simples e f\u00e1cil de executar (uma instru\u00e7\u00e3o de instala\u00e7\u00e3o tamb\u00e9m est\u00e1 inclu\u00edda).<\/p>\n<p>Vantagens deste produto:<br \/>\n&#8211; desempenho de refrigera\u00e7\u00e3o significativamente melhor<br \/>\n&#8211; menor queda de press\u00e3o<br \/>\n&#8211; mais pot\u00eancia e torque para o seu motor<br \/>\n&#8211; descarga mec\u00e2nica do turbocompressor<br \/>\n&#8211; 100% de resist\u00eancia \u00e0 press\u00e3o<br \/>\n&#8211; 100% Plug and Play<br \/>\n&#8211; at\u00e9 4 anos de garantia<\/p>\n<p>Intercooler de estoque de dimens\u00f5es do n\u00facleo:<br \/>\n177 mil\u00edmetros x 153 mil\u00edmetros x 80 mil\u00edmetros<br \/>\nV = 2,16 Litros<\/p>\n<p>dimens\u00f5es do n\u00facleo intercooler WT:<br \/>\n209 mm x 175 mm x 110 mm<br \/>\nV = 4,02 Litros (+86%)<\/p>\n<p>Kit acompanha:<br \/>\n2 Intercooler<br \/>\n4 mangueiras de silicone<br \/>\n1 Material de montagem<\/p>\n","protected":false},"excerpt":{"rendered":"<p>Mercedes C190 AMG GT 340-390KW\/462-530PS (2015-2020) Mercedes C190 AMG GT S 340-390KW\/462-530PS (2015-2020) Mercedes C190 AMG GT C 410KW\/557PS (2017+) Mercedes C190 AMG GT R 430KW\/585PS (2017+) O motor V8&#8230;<\/p>\n","protected":false},"featured_media":25485,"comment_status":"open","ping_status":"closed","template":"","meta":[],"product_brand":[],"product_cat":[1815,1782,1813],"product_tag":[858,26906,622,855,26760],"class_list":{"0":"post-23774","1":"product","2":"type-product","3":"status-publish","4":"has-post-thumbnail","6":"product_cat-intercoolers","7":"product_cat-performance-pt-pt","8":"product_cat-refrigeracao","9":"product_tag-amg","10":"product_tag-bnperf-pt-pt","11":"product_tag-intercooler-pt-pt","12":"product_tag-mercedes","13":"product_tag-wagner-pt-pt","15":"first","16":"instock","17":"taxable","18":"shipping-taxable","19":"purchasable","20":"product-type-simple","21":"add-to-wishlist-before_image"},"bundled_by":[],"bundle_stock_status":"instock","bundle_stock_quantity":null,"bundle_virtual":false,"bundle_layout":"","bundle_add_to_cart_form_location":"","bundle_editable_in_cart":false,"bundle_sold_individually_context":"","bundle_item_grouping":"","bundle_min_size":"","bundle_max_size":"","bundle_price":[],"bundled_items":[],"bundle_sell_ids":[],"exclude_global_add_ons":[],"addons":[],"yoast_head":"<!-- This site is optimized with the Yoast SEO Premium plugin v27.4 (Yoast SEO v27.5) - https:\/\/yoast.com\/product\/yoast-seo-premium-wordpress\/ -->\n<title>INTERCOOLER PERFORMANCE WAGNER TUNING KIT MERCEDES BENZ C190 AMG GT - BNPERF<\/title>\n<meta name=\"robots\" content=\"index, follow, max-snippet:-1, max-image-preview:large, max-video-preview:-1\" \/>\n<link rel=\"canonical\" href=\"https:\/\/bnperf.com\/pt-pt\/produit\/intercooler-performance-wagner-tuning-kit-mercedes-benz-c190-amg-gt\/\" \/>\n<meta property=\"og:locale\" content=\"pt_PT\" \/>\n<meta property=\"og:type\" content=\"article\" \/>\n<meta property=\"og:title\" content=\"INTERCOOLER PERFORMANCE WAGNER TUNING KIT MERCEDES BENZ C190 AMG GT\" \/>\n<meta property=\"og:description\" content=\"Mercedes C190 AMG GT 340-390KW\/462-530PS (2015-2020) Mercedes C190 AMG GT S 340-390KW\/462-530PS (2015-2020) Mercedes C190 AMG GT C 410KW\/557PS (2017+) Mercedes C190 AMG GT R 430KW\/585PS (2017+) O motor V8...\" \/>\n<meta property=\"og:url\" content=\"https:\/\/bnperf.com\/pt-pt\/produit\/intercooler-performance-wagner-tuning-kit-mercedes-benz-c190-amg-gt\/\" \/>\n<meta property=\"og:site_name\" content=\"BNPERF\" \/>\n<meta property=\"article:publisher\" content=\"https:\/\/www.facebook.com\/bnperf\" \/>\n<meta property=\"article:modified_time\" content=\"2023-03-03T18:29:52+00:00\" \/>\n<meta property=\"og:image\" content=\"https:\/\/bnperf.com\/wp-content\/uploads\/2022\/10\/200001166_2-copie.jpg\" \/>\n\t<meta property=\"og:image:width\" content=\"800\" \/>\n\t<meta property=\"og:image:height\" content=\"800\" \/>\n\t<meta property=\"og:image:type\" content=\"image\/jpeg\" \/>\n<meta name=\"twitter:card\" content=\"summary_large_image\" \/>\n<meta name=\"twitter:label1\" content=\"Tempo estimado de leitura\" \/>\n\t<meta name=\"twitter:data1\" content=\"2 minutos\" \/>\n<script type=\"application\/ld+json\" class=\"yoast-schema-graph\">{\"@context\":\"https:\\\/\\\/schema.org\",\"@graph\":[{\"@type\":\"WebPage\",\"@id\":\"https:\\\/\\\/bnperf.com\\\/pt-pt\\\/produit\\\/intercooler-performance-wagner-tuning-kit-mercedes-benz-c190-amg-gt\\\/\",\"url\":\"https:\\\/\\\/bnperf.com\\\/pt-pt\\\/produit\\\/intercooler-performance-wagner-tuning-kit-mercedes-benz-c190-amg-gt\\\/\",\"name\":\"INTERCOOLER PERFORMANCE WAGNER TUNING KIT MERCEDES BENZ C190 AMG GT - BNPERF\",\"isPartOf\":{\"@id\":\"https:\\\/\\\/bnperf.com\\\/pt-pt\\\/#website\"},\"primaryImageOfPage\":{\"@id\":\"https:\\\/\\\/bnperf.com\\\/pt-pt\\\/produit\\\/intercooler-performance-wagner-tuning-kit-mercedes-benz-c190-amg-gt\\\/#primaryimage\"},\"image\":{\"@id\":\"https:\\\/\\\/bnperf.com\\\/pt-pt\\\/produit\\\/intercooler-performance-wagner-tuning-kit-mercedes-benz-c190-amg-gt\\\/#primaryimage\"},\"thumbnailUrl\":\"https:\\\/\\\/bnperf.com\\\/wp-content\\\/uploads\\\/2022\\\/10\\\/200001166_2-copie.jpg\",\"datePublished\":\"2022-10-11T15:49:28+00:00\",\"dateModified\":\"2023-03-03T18:29:52+00:00\",\"breadcrumb\":{\"@id\":\"https:\\\/\\\/bnperf.com\\\/pt-pt\\\/produit\\\/intercooler-performance-wagner-tuning-kit-mercedes-benz-c190-amg-gt\\\/#breadcrumb\"},\"inLanguage\":\"pt-PT\",\"potentialAction\":[{\"@type\":\"ReadAction\",\"target\":[\"https:\\\/\\\/bnperf.com\\\/pt-pt\\\/produit\\\/intercooler-performance-wagner-tuning-kit-mercedes-benz-c190-amg-gt\\\/\"]}]},{\"@type\":\"ImageObject\",\"inLanguage\":\"pt-PT\",\"@id\":\"https:\\\/\\\/bnperf.com\\\/pt-pt\\\/produit\\\/intercooler-performance-wagner-tuning-kit-mercedes-benz-c190-amg-gt\\\/#primaryimage\",\"url\":\"https:\\\/\\\/bnperf.com\\\/wp-content\\\/uploads\\\/2022\\\/10\\\/200001166_2-copie.jpg\",\"contentUrl\":\"https:\\\/\\\/bnperf.com\\\/wp-content\\\/uploads\\\/2022\\\/10\\\/200001166_2-copie.jpg\",\"width\":800,\"height\":800},{\"@type\":\"BreadcrumbList\",\"@id\":\"https:\\\/\\\/bnperf.com\\\/pt-pt\\\/produit\\\/intercooler-performance-wagner-tuning-kit-mercedes-benz-c190-amg-gt\\\/#breadcrumb\",\"itemListElement\":[{\"@type\":\"ListItem\",\"position\":1,\"name\":\"Inicio\",\"item\":\"https:\\\/\\\/bnperf.com\\\/pt-pt\\\/inicio\\\/\"},{\"@type\":\"ListItem\",\"position\":2,\"name\":\"Loja\",\"item\":\"https:\\\/\\\/bnperf.com\\\/pt-pt\\\/loja\\\/\"},{\"@type\":\"ListItem\",\"position\":3,\"name\":\"INTERCOOLER PERFORMANCE WAGNER TUNING KIT MERCEDES BENZ C190 AMG GT\"}]},{\"@type\":\"WebSite\",\"@id\":\"https:\\\/\\\/bnperf.com\\\/pt-pt\\\/#website\",\"url\":\"https:\\\/\\\/bnperf.com\\\/pt-pt\\\/\",\"name\":\"BNPERF\",\"description\":\"Votre Boutique Online ...\",\"publisher\":{\"@id\":\"https:\\\/\\\/bnperf.com\\\/pt-pt\\\/#organization\"},\"potentialAction\":[{\"@type\":\"SearchAction\",\"target\":{\"@type\":\"EntryPoint\",\"urlTemplate\":\"https:\\\/\\\/bnperf.com\\\/pt-pt\\\/?s={search_term_string}\"},\"query-input\":{\"@type\":\"PropertyValueSpecification\",\"valueRequired\":true,\"valueName\":\"search_term_string\"}}],\"inLanguage\":\"pt-PT\"},{\"@type\":\"Organization\",\"@id\":\"https:\\\/\\\/bnperf.com\\\/pt-pt\\\/#organization\",\"name\":\"BNPERF\",\"url\":\"https:\\\/\\\/bnperf.com\\\/pt-pt\\\/\",\"logo\":{\"@type\":\"ImageObject\",\"inLanguage\":\"pt-PT\",\"@id\":\"https:\\\/\\\/bnperf.com\\\/pt-pt\\\/#\\\/schema\\\/logo\\\/image\\\/\",\"url\":\"https:\\\/\\\/bnperf.com\\\/wp-content\\\/uploads\\\/2021\\\/10\\\/bnperf-logo.png\",\"contentUrl\":\"https:\\\/\\\/bnperf.com\\\/wp-content\\\/uploads\\\/2021\\\/10\\\/bnperf-logo.png\",\"width\":954,\"height\":300,\"caption\":\"BNPERF\"},\"image\":{\"@id\":\"https:\\\/\\\/bnperf.com\\\/pt-pt\\\/#\\\/schema\\\/logo\\\/image\\\/\"},\"sameAs\":[\"https:\\\/\\\/www.facebook.com\\\/bnperf\",\"https:\\\/\\\/www.instagram.com\\\/bnperf\"]}]}<\/script>\n<!-- \/ Yoast SEO Premium plugin. -->","yoast_head_json":{"title":"INTERCOOLER PERFORMANCE WAGNER TUNING KIT MERCEDES BENZ C190 AMG GT - BNPERF","robots":{"index":"index","follow":"follow","max-snippet":"max-snippet:-1","max-image-preview":"max-image-preview:large","max-video-preview":"max-video-preview:-1"},"canonical":"https:\/\/bnperf.com\/pt-pt\/produit\/intercooler-performance-wagner-tuning-kit-mercedes-benz-c190-amg-gt\/","og_locale":"pt_PT","og_type":"article","og_title":"INTERCOOLER PERFORMANCE WAGNER TUNING KIT MERCEDES BENZ C190 AMG GT","og_description":"Mercedes C190 AMG GT 340-390KW\/462-530PS (2015-2020) Mercedes C190 AMG GT S 340-390KW\/462-530PS (2015-2020) Mercedes C190 AMG GT C 410KW\/557PS (2017+) Mercedes C190 AMG GT R 430KW\/585PS (2017+) O motor V8...","og_url":"https:\/\/bnperf.com\/pt-pt\/produit\/intercooler-performance-wagner-tuning-kit-mercedes-benz-c190-amg-gt\/","og_site_name":"BNPERF","article_publisher":"https:\/\/www.facebook.com\/bnperf","article_modified_time":"2023-03-03T18:29:52+00:00","og_image":[{"width":800,"height":800,"url":"https:\/\/bnperf.com\/wp-content\/uploads\/2022\/10\/200001166_2-copie.jpg","type":"image\/jpeg"}],"twitter_card":"summary_large_image","twitter_misc":{"Tempo estimado de leitura":"2 minutos"},"schema":{"@context":"https:\/\/schema.org","@graph":[{"@type":"WebPage","@id":"https:\/\/bnperf.com\/pt-pt\/produit\/intercooler-performance-wagner-tuning-kit-mercedes-benz-c190-amg-gt\/","url":"https:\/\/bnperf.com\/pt-pt\/produit\/intercooler-performance-wagner-tuning-kit-mercedes-benz-c190-amg-gt\/","name":"INTERCOOLER PERFORMANCE WAGNER TUNING KIT MERCEDES BENZ C190 AMG GT - BNPERF","isPartOf":{"@id":"https:\/\/bnperf.com\/pt-pt\/#website"},"primaryImageOfPage":{"@id":"https:\/\/bnperf.com\/pt-pt\/produit\/intercooler-performance-wagner-tuning-kit-mercedes-benz-c190-amg-gt\/#primaryimage"},"image":{"@id":"https:\/\/bnperf.com\/pt-pt\/produit\/intercooler-performance-wagner-tuning-kit-mercedes-benz-c190-amg-gt\/#primaryimage"},"thumbnailUrl":"https:\/\/bnperf.com\/wp-content\/uploads\/2022\/10\/200001166_2-copie.jpg","datePublished":"2022-10-11T15:49:28+00:00","dateModified":"2023-03-03T18:29:52+00:00","breadcrumb":{"@id":"https:\/\/bnperf.com\/pt-pt\/produit\/intercooler-performance-wagner-tuning-kit-mercedes-benz-c190-amg-gt\/#breadcrumb"},"inLanguage":"pt-PT","potentialAction":[{"@type":"ReadAction","target":["https:\/\/bnperf.com\/pt-pt\/produit\/intercooler-performance-wagner-tuning-kit-mercedes-benz-c190-amg-gt\/"]}]},{"@type":"ImageObject","inLanguage":"pt-PT","@id":"https:\/\/bnperf.com\/pt-pt\/produit\/intercooler-performance-wagner-tuning-kit-mercedes-benz-c190-amg-gt\/#primaryimage","url":"https:\/\/bnperf.com\/wp-content\/uploads\/2022\/10\/200001166_2-copie.jpg","contentUrl":"https:\/\/bnperf.com\/wp-content\/uploads\/2022\/10\/200001166_2-copie.jpg","width":800,"height":800},{"@type":"BreadcrumbList","@id":"https:\/\/bnperf.com\/pt-pt\/produit\/intercooler-performance-wagner-tuning-kit-mercedes-benz-c190-amg-gt\/#breadcrumb","itemListElement":[{"@type":"ListItem","position":1,"name":"Inicio","item":"https:\/\/bnperf.com\/pt-pt\/inicio\/"},{"@type":"ListItem","position":2,"name":"Loja","item":"https:\/\/bnperf.com\/pt-pt\/loja\/"},{"@type":"ListItem","position":3,"name":"INTERCOOLER PERFORMANCE WAGNER TUNING KIT MERCEDES BENZ C190 AMG GT"}]},{"@type":"WebSite","@id":"https:\/\/bnperf.com\/pt-pt\/#website","url":"https:\/\/bnperf.com\/pt-pt\/","name":"BNPERF","description":"Votre Boutique Online ...","publisher":{"@id":"https:\/\/bnperf.com\/pt-pt\/#organization"},"potentialAction":[{"@type":"SearchAction","target":{"@type":"EntryPoint","urlTemplate":"https:\/\/bnperf.com\/pt-pt\/?s={search_term_string}"},"query-input":{"@type":"PropertyValueSpecification","valueRequired":true,"valueName":"search_term_string"}}],"inLanguage":"pt-PT"},{"@type":"Organization","@id":"https:\/\/bnperf.com\/pt-pt\/#organization","name":"BNPERF","url":"https:\/\/bnperf.com\/pt-pt\/","logo":{"@type":"ImageObject","inLanguage":"pt-PT","@id":"https:\/\/bnperf.com\/pt-pt\/#\/schema\/logo\/image\/","url":"https:\/\/bnperf.com\/wp-content\/uploads\/2021\/10\/bnperf-logo.png","contentUrl":"https:\/\/bnperf.com\/wp-content\/uploads\/2021\/10\/bnperf-logo.png","width":954,"height":300,"caption":"BNPERF"},"image":{"@id":"https:\/\/bnperf.com\/pt-pt\/#\/schema\/logo\/image\/"},"sameAs":["https:\/\/www.facebook.com\/bnperf","https:\/\/www.instagram.com\/bnperf"]}]}},"tiered_pricing_type":"fixed","tiered_pricing_fixed_rules":[],"tiered_pricing_product_settings":{"layout":"default","base_unit_name":{"singular":null,"plural":null},"default_variation":null},"tiered_pricing_minimum_quantity":null,"tiered_pricing_roles_data":[],"tiered_pricing_percentage_rules":[],"_links":{"self":[{"href":"https:\/\/bnperf.com\/pt-pt\/wp-json\/wp\/v2\/product\/23774","targetHints":{"allow":["GET"]}}],"collection":[{"href":"https:\/\/bnperf.com\/pt-pt\/wp-json\/wp\/v2\/product"}],"about":[{"href":"https:\/\/bnperf.com\/pt-pt\/wp-json\/wp\/v2\/types\/product"}],"replies":[{"embeddable":true,"href":"https:\/\/bnperf.com\/pt-pt\/wp-json\/wp\/v2\/comments?post=23774"}],"wp:featuredmedia":[{"embeddable":true,"href":"https:\/\/bnperf.com\/pt-pt\/wp-json\/wp\/v2\/media\/25485"}],"wp:attachment":[{"href":"https:\/\/bnperf.com\/pt-pt\/wp-json\/wp\/v2\/media?parent=23774"}],"wp:term":[{"taxonomy":"product_brand","embeddable":true,"href":"https:\/\/bnperf.com\/pt-pt\/wp-json\/wp\/v2\/product_brand?post=23774"},{"taxonomy":"product_cat","embeddable":true,"href":"https:\/\/bnperf.com\/pt-pt\/wp-json\/wp\/v2\/product_cat?post=23774"},{"taxonomy":"product_tag","embeddable":true,"href":"https:\/\/bnperf.com\/pt-pt\/wp-json\/wp\/v2\/product_tag?post=23774"}],"curies":[{"name":"wp","href":"https:\/\/api.w.org\/{rel}","templated":true}]}}