{"id":23348,"date":"2022-09-27T12:31:05","date_gmt":"2022-09-27T11:32:04","guid":{"rendered":"https:\/\/bnperf.com\/?post_type=product&#038;p=23348"},"modified":"2023-06-30T16:42:03","modified_gmt":"2023-06-30T15:42:03","slug":"admissao-ramair-para-golf-6-gti-scirocco-leon-2-0-tsi","status":"publish","type":"product","link":"https:\/\/bnperf.com\/pt-pt\/produit\/admissao-ramair-para-golf-6-gti-scirocco-leon-2-0-tsi\/","title":{"rendered":"Admiss\u00e3o Ramair para Golf 6 GTI \/ Scirocco \/ Leon 2.0 TSI"},"content":{"rendered":"<p>Entrada Ramair para 2.0 TSI EA888 Gen.1 instalada entre outros no Golf VI GTI 2.0 TSI e composta por um filtro de espuma lav\u00e1vel e reutiliz\u00e1vel, um cotovelo de entrada de silicone, um escudo t\u00e9rmico espec\u00edfico e tudo kit de montagem<\/p>\n<p>&nbsp;<\/p>\n<p>&nbsp;<\/p>\n<p>Montagem direta<\/p>\n<p>Filtro de espuma seca de grande volume<\/p>\n<p>Escudos de calor de alum\u00ednio preto<\/p>\n<p>Cotovelo de entrada de silicone preto<\/p>\n<p>Pe\u00e7as necess\u00e1rias para montagem inclu\u00eddas<\/p>\n<p>Instru\u00e7\u00f5es inclu\u00eddas<\/p>\n<p>Feito no Reino Unido<\/p>\n","protected":false},"excerpt":{"rendered":"<p>Entrada Ramair para 2.0 TSI EA888 Gen.1 instalada entre outros no Golf VI GTI 2.0 TSI e composta por um filtro de espuma lav\u00e1vel e reutiliz\u00e1vel, um cotovelo de entrada&#8230;<\/p>\n","protected":false},"featured_media":23372,"comment_status":"open","ping_status":"closed","template":"","meta":[],"product_brand":[],"product_cat":[1784,1788,1782],"product_tag":[549,26743,26906,27018,546,29419,29403,29342],"class_list":{"0":"post-23348","1":"product","2":"type-product","3":"status-publish","4":"has-post-thumbnail","6":"product_cat-admissao","7":"product_cat-filtros-de-ar-sport","8":"product_cat-performance-pt-pt","9":"product_tag-2-0-pt-pt","10":"product_tag-admissao","11":"product_tag-bnperf-pt-pt","12":"product_tag-golf6-pt-pt","13":"product_tag-leon-pt-pt","14":"product_tag-ramair-pt-pt","15":"product_tag-sirocco-pt-pt","16":"product_tag-tsi-pt-pt","18":"first","19":"instock","20":"taxable","21":"shipping-taxable","22":"purchasable","23":"product-type-simple","24":"add-to-wishlist-before_image"},"bundled_by":[],"bundle_stock_status":"instock","bundle_stock_quantity":null,"bundle_virtual":false,"bundle_layout":"","bundle_add_to_cart_form_location":"","bundle_editable_in_cart":false,"bundle_sold_individually_context":"","bundle_item_grouping":"","bundle_min_size":"","bundle_max_size":"","bundle_price":[],"bundled_items":[],"bundle_sell_ids":[],"exclude_global_add_ons":[],"addons":[],"yoast_head":"<!-- This site is optimized with the Yoast SEO Premium plugin v27.4 (Yoast SEO v27.5) - https:\/\/yoast.com\/product\/yoast-seo-premium-wordpress\/ -->\n<title>Admiss\u00e3o Ramair para Golf 6 GTI \/ Scirocco \/ Leon 2.0 TSI - BNPERF<\/title>\n<meta name=\"robots\" content=\"index, follow, max-snippet:-1, max-image-preview:large, max-video-preview:-1\" \/>\n<link rel=\"canonical\" href=\"https:\/\/bnperf.com\/pt-pt\/produit\/admissao-ramair-para-golf-6-gti-scirocco-leon-2-0-tsi\/\" \/>\n<meta property=\"og:locale\" content=\"pt_PT\" \/>\n<meta property=\"og:type\" content=\"article\" \/>\n<meta property=\"og:title\" content=\"Admiss\u00e3o Ramair para Golf 6 GTI \/ Scirocco \/ Leon 2.0 TSI\" \/>\n<meta property=\"og:description\" content=\"Entrada Ramair para 2.0 TSI EA888 Gen.1 instalada entre outros no Golf VI GTI 2.0 TSI e composta por um filtro de espuma lav\u00e1vel e reutiliz\u00e1vel, um cotovelo de entrada...\" \/>\n<meta property=\"og:url\" content=\"https:\/\/bnperf.com\/pt-pt\/produit\/admissao-ramair-para-golf-6-gti-scirocco-leon-2-0-tsi\/\" \/>\n<meta property=\"og:site_name\" content=\"BNPERF\" \/>\n<meta property=\"article:publisher\" content=\"https:\/\/www.facebook.com\/bnperf\" \/>\n<meta property=\"article:modified_time\" content=\"2023-06-30T15:42:03+00:00\" \/>\n<meta property=\"og:image\" content=\"https:\/\/bnperf.com\/wp-content\/uploads\/2022\/09\/api1uyhfx__39077-copie.jpg\" \/>\n\t<meta property=\"og:image:width\" content=\"800\" \/>\n\t<meta property=\"og:image:height\" content=\"800\" \/>\n\t<meta property=\"og:image:type\" content=\"image\/jpeg\" \/>\n<meta name=\"twitter:card\" content=\"summary_large_image\" \/>\n<meta name=\"twitter:label1\" content=\"Tempo estimado de leitura\" \/>\n\t<meta name=\"twitter:data1\" content=\"1 minuto\" \/>\n<script type=\"application\/ld+json\" class=\"yoast-schema-graph\">{\"@context\":\"https:\\\/\\\/schema.org\",\"@graph\":[{\"@type\":\"WebPage\",\"@id\":\"https:\\\/\\\/bnperf.com\\\/pt-pt\\\/produit\\\/admissao-ramair-para-golf-6-gti-scirocco-leon-2-0-tsi\\\/\",\"url\":\"https:\\\/\\\/bnperf.com\\\/pt-pt\\\/produit\\\/admissao-ramair-para-golf-6-gti-scirocco-leon-2-0-tsi\\\/\",\"name\":\"Admiss\u00e3o Ramair para Golf 6 GTI \\\/ Scirocco \\\/ Leon 2.0 TSI - BNPERF\",\"isPartOf\":{\"@id\":\"https:\\\/\\\/bnperf.com\\\/pt-pt\\\/#website\"},\"primaryImageOfPage\":{\"@id\":\"https:\\\/\\\/bnperf.com\\\/pt-pt\\\/produit\\\/admissao-ramair-para-golf-6-gti-scirocco-leon-2-0-tsi\\\/#primaryimage\"},\"image\":{\"@id\":\"https:\\\/\\\/bnperf.com\\\/pt-pt\\\/produit\\\/admissao-ramair-para-golf-6-gti-scirocco-leon-2-0-tsi\\\/#primaryimage\"},\"thumbnailUrl\":\"https:\\\/\\\/bnperf.com\\\/wp-content\\\/uploads\\\/2022\\\/09\\\/api1uyhfx__39077-copie.jpg\",\"datePublished\":\"2022-09-27T11:32:04+00:00\",\"dateModified\":\"2023-06-30T15:42:03+00:00\",\"breadcrumb\":{\"@id\":\"https:\\\/\\\/bnperf.com\\\/pt-pt\\\/produit\\\/admissao-ramair-para-golf-6-gti-scirocco-leon-2-0-tsi\\\/#breadcrumb\"},\"inLanguage\":\"pt-PT\",\"potentialAction\":[{\"@type\":\"ReadAction\",\"target\":[\"https:\\\/\\\/bnperf.com\\\/pt-pt\\\/produit\\\/admissao-ramair-para-golf-6-gti-scirocco-leon-2-0-tsi\\\/\"]}]},{\"@type\":\"ImageObject\",\"inLanguage\":\"pt-PT\",\"@id\":\"https:\\\/\\\/bnperf.com\\\/pt-pt\\\/produit\\\/admissao-ramair-para-golf-6-gti-scirocco-leon-2-0-tsi\\\/#primaryimage\",\"url\":\"https:\\\/\\\/bnperf.com\\\/wp-content\\\/uploads\\\/2022\\\/09\\\/api1uyhfx__39077-copie.jpg\",\"contentUrl\":\"https:\\\/\\\/bnperf.com\\\/wp-content\\\/uploads\\\/2022\\\/09\\\/api1uyhfx__39077-copie.jpg\",\"width\":800,\"height\":800},{\"@type\":\"BreadcrumbList\",\"@id\":\"https:\\\/\\\/bnperf.com\\\/pt-pt\\\/produit\\\/admissao-ramair-para-golf-6-gti-scirocco-leon-2-0-tsi\\\/#breadcrumb\",\"itemListElement\":[{\"@type\":\"ListItem\",\"position\":1,\"name\":\"Inicio\",\"item\":\"https:\\\/\\\/bnperf.com\\\/pt-pt\\\/inicio\\\/\"},{\"@type\":\"ListItem\",\"position\":2,\"name\":\"Loja\",\"item\":\"https:\\\/\\\/bnperf.com\\\/pt-pt\\\/loja\\\/\"},{\"@type\":\"ListItem\",\"position\":3,\"name\":\"Admiss\u00e3o Ramair para Golf 6 GTI \\\/ Scirocco \\\/ Leon 2.0 TSI\"}]},{\"@type\":\"WebSite\",\"@id\":\"https:\\\/\\\/bnperf.com\\\/pt-pt\\\/#website\",\"url\":\"https:\\\/\\\/bnperf.com\\\/pt-pt\\\/\",\"name\":\"BNPERF\",\"description\":\"Votre Boutique Online ...\",\"publisher\":{\"@id\":\"https:\\\/\\\/bnperf.com\\\/pt-pt\\\/#organization\"},\"potentialAction\":[{\"@type\":\"SearchAction\",\"target\":{\"@type\":\"EntryPoint\",\"urlTemplate\":\"https:\\\/\\\/bnperf.com\\\/pt-pt\\\/?s={search_term_string}\"},\"query-input\":{\"@type\":\"PropertyValueSpecification\",\"valueRequired\":true,\"valueName\":\"search_term_string\"}}],\"inLanguage\":\"pt-PT\"},{\"@type\":\"Organization\",\"@id\":\"https:\\\/\\\/bnperf.com\\\/pt-pt\\\/#organization\",\"name\":\"BNPERF\",\"url\":\"https:\\\/\\\/bnperf.com\\\/pt-pt\\\/\",\"logo\":{\"@type\":\"ImageObject\",\"inLanguage\":\"pt-PT\",\"@id\":\"https:\\\/\\\/bnperf.com\\\/pt-pt\\\/#\\\/schema\\\/logo\\\/image\\\/\",\"url\":\"https:\\\/\\\/bnperf.com\\\/wp-content\\\/uploads\\\/2021\\\/10\\\/bnperf-logo.png\",\"contentUrl\":\"https:\\\/\\\/bnperf.com\\\/wp-content\\\/uploads\\\/2021\\\/10\\\/bnperf-logo.png\",\"width\":954,\"height\":300,\"caption\":\"BNPERF\"},\"image\":{\"@id\":\"https:\\\/\\\/bnperf.com\\\/pt-pt\\\/#\\\/schema\\\/logo\\\/image\\\/\"},\"sameAs\":[\"https:\\\/\\\/www.facebook.com\\\/bnperf\",\"https:\\\/\\\/www.instagram.com\\\/bnperf\"]}]}<\/script>\n<!-- \/ Yoast SEO Premium plugin. -->","yoast_head_json":{"title":"Admiss\u00e3o Ramair para Golf 6 GTI \/ Scirocco \/ Leon 2.0 TSI - BNPERF","robots":{"index":"index","follow":"follow","max-snippet":"max-snippet:-1","max-image-preview":"max-image-preview:large","max-video-preview":"max-video-preview:-1"},"canonical":"https:\/\/bnperf.com\/pt-pt\/produit\/admissao-ramair-para-golf-6-gti-scirocco-leon-2-0-tsi\/","og_locale":"pt_PT","og_type":"article","og_title":"Admiss\u00e3o Ramair para Golf 6 GTI \/ Scirocco \/ Leon 2.0 TSI","og_description":"Entrada Ramair para 2.0 TSI EA888 Gen.1 instalada entre outros no Golf VI GTI 2.0 TSI e composta por um filtro de espuma lav\u00e1vel e reutiliz\u00e1vel, um cotovelo de entrada...","og_url":"https:\/\/bnperf.com\/pt-pt\/produit\/admissao-ramair-para-golf-6-gti-scirocco-leon-2-0-tsi\/","og_site_name":"BNPERF","article_publisher":"https:\/\/www.facebook.com\/bnperf","article_modified_time":"2023-06-30T15:42:03+00:00","og_image":[{"width":800,"height":800,"url":"https:\/\/bnperf.com\/wp-content\/uploads\/2022\/09\/api1uyhfx__39077-copie.jpg","type":"image\/jpeg"}],"twitter_card":"summary_large_image","twitter_misc":{"Tempo estimado de leitura":"1 minuto"},"schema":{"@context":"https:\/\/schema.org","@graph":[{"@type":"WebPage","@id":"https:\/\/bnperf.com\/pt-pt\/produit\/admissao-ramair-para-golf-6-gti-scirocco-leon-2-0-tsi\/","url":"https:\/\/bnperf.com\/pt-pt\/produit\/admissao-ramair-para-golf-6-gti-scirocco-leon-2-0-tsi\/","name":"Admiss\u00e3o Ramair para Golf 6 GTI \/ Scirocco \/ Leon 2.0 TSI - BNPERF","isPartOf":{"@id":"https:\/\/bnperf.com\/pt-pt\/#website"},"primaryImageOfPage":{"@id":"https:\/\/bnperf.com\/pt-pt\/produit\/admissao-ramair-para-golf-6-gti-scirocco-leon-2-0-tsi\/#primaryimage"},"image":{"@id":"https:\/\/bnperf.com\/pt-pt\/produit\/admissao-ramair-para-golf-6-gti-scirocco-leon-2-0-tsi\/#primaryimage"},"thumbnailUrl":"https:\/\/bnperf.com\/wp-content\/uploads\/2022\/09\/api1uyhfx__39077-copie.jpg","datePublished":"2022-09-27T11:32:04+00:00","dateModified":"2023-06-30T15:42:03+00:00","breadcrumb":{"@id":"https:\/\/bnperf.com\/pt-pt\/produit\/admissao-ramair-para-golf-6-gti-scirocco-leon-2-0-tsi\/#breadcrumb"},"inLanguage":"pt-PT","potentialAction":[{"@type":"ReadAction","target":["https:\/\/bnperf.com\/pt-pt\/produit\/admissao-ramair-para-golf-6-gti-scirocco-leon-2-0-tsi\/"]}]},{"@type":"ImageObject","inLanguage":"pt-PT","@id":"https:\/\/bnperf.com\/pt-pt\/produit\/admissao-ramair-para-golf-6-gti-scirocco-leon-2-0-tsi\/#primaryimage","url":"https:\/\/bnperf.com\/wp-content\/uploads\/2022\/09\/api1uyhfx__39077-copie.jpg","contentUrl":"https:\/\/bnperf.com\/wp-content\/uploads\/2022\/09\/api1uyhfx__39077-copie.jpg","width":800,"height":800},{"@type":"BreadcrumbList","@id":"https:\/\/bnperf.com\/pt-pt\/produit\/admissao-ramair-para-golf-6-gti-scirocco-leon-2-0-tsi\/#breadcrumb","itemListElement":[{"@type":"ListItem","position":1,"name":"Inicio","item":"https:\/\/bnperf.com\/pt-pt\/inicio\/"},{"@type":"ListItem","position":2,"name":"Loja","item":"https:\/\/bnperf.com\/pt-pt\/loja\/"},{"@type":"ListItem","position":3,"name":"Admiss\u00e3o Ramair para Golf 6 GTI \/ Scirocco \/ Leon 2.0 TSI"}]},{"@type":"WebSite","@id":"https:\/\/bnperf.com\/pt-pt\/#website","url":"https:\/\/bnperf.com\/pt-pt\/","name":"BNPERF","description":"Votre Boutique Online ...","publisher":{"@id":"https:\/\/bnperf.com\/pt-pt\/#organization"},"potentialAction":[{"@type":"SearchAction","target":{"@type":"EntryPoint","urlTemplate":"https:\/\/bnperf.com\/pt-pt\/?s={search_term_string}"},"query-input":{"@type":"PropertyValueSpecification","valueRequired":true,"valueName":"search_term_string"}}],"inLanguage":"pt-PT"},{"@type":"Organization","@id":"https:\/\/bnperf.com\/pt-pt\/#organization","name":"BNPERF","url":"https:\/\/bnperf.com\/pt-pt\/","logo":{"@type":"ImageObject","inLanguage":"pt-PT","@id":"https:\/\/bnperf.com\/pt-pt\/#\/schema\/logo\/image\/","url":"https:\/\/bnperf.com\/wp-content\/uploads\/2021\/10\/bnperf-logo.png","contentUrl":"https:\/\/bnperf.com\/wp-content\/uploads\/2021\/10\/bnperf-logo.png","width":954,"height":300,"caption":"BNPERF"},"image":{"@id":"https:\/\/bnperf.com\/pt-pt\/#\/schema\/logo\/image\/"},"sameAs":["https:\/\/www.facebook.com\/bnperf","https:\/\/www.instagram.com\/bnperf"]}]}},"tiered_pricing_type":"fixed","tiered_pricing_fixed_rules":[],"tiered_pricing_product_settings":{"layout":"default","base_unit_name":{"singular":null,"plural":null},"default_variation":null},"tiered_pricing_minimum_quantity":null,"tiered_pricing_roles_data":[],"tiered_pricing_percentage_rules":[],"_links":{"self":[{"href":"https:\/\/bnperf.com\/pt-pt\/wp-json\/wp\/v2\/product\/23348","targetHints":{"allow":["GET"]}}],"collection":[{"href":"https:\/\/bnperf.com\/pt-pt\/wp-json\/wp\/v2\/product"}],"about":[{"href":"https:\/\/bnperf.com\/pt-pt\/wp-json\/wp\/v2\/types\/product"}],"replies":[{"embeddable":true,"href":"https:\/\/bnperf.com\/pt-pt\/wp-json\/wp\/v2\/comments?post=23348"}],"wp:featuredmedia":[{"embeddable":true,"href":"https:\/\/bnperf.com\/pt-pt\/wp-json\/wp\/v2\/media\/23372"}],"wp:attachment":[{"href":"https:\/\/bnperf.com\/pt-pt\/wp-json\/wp\/v2\/media?parent=23348"}],"wp:term":[{"taxonomy":"product_brand","embeddable":true,"href":"https:\/\/bnperf.com\/pt-pt\/wp-json\/wp\/v2\/product_brand?post=23348"},{"taxonomy":"product_cat","embeddable":true,"href":"https:\/\/bnperf.com\/pt-pt\/wp-json\/wp\/v2\/product_cat?post=23348"},{"taxonomy":"product_tag","embeddable":true,"href":"https:\/\/bnperf.com\/pt-pt\/wp-json\/wp\/v2\/product_tag?post=23348"}],"curies":[{"name":"wp","href":"https:\/\/api.w.org\/{rel}","templated":true}]}}