{"id":21410,"date":"2022-08-04T15:49:14","date_gmt":"2022-08-04T14:49:56","guid":{"rendered":"https:\/\/bnperf.com\/?post_type=product&#038;p=21410"},"modified":"2022-08-04T15:49:56","modified_gmt":"2022-08-04T14:49:56","slug":"kit-n75","status":"publish","type":"product","link":"https:\/\/bnperf.com\/pt-pt\/produit\/kit-n75\/","title":{"rendered":"Kit N75 para 1.9 TDI"},"content":{"rendered":"<p>Este kit \u00e9 para simplificar o sistema de v\u00e1cuo quando a v\u00e1lvula EGR foi exclu\u00edda<\/p>\n<p>Fazer essa simplifica\u00e7\u00e3o diminuir\u00e1 a probabilidade de causar problemas e\/ou fugas<\/p>\n<p>Quando a caixa de v\u00e1cuo est\u00e1 danificada, esta convers\u00e3o \u00e9 uma alternativa muito mais barata<\/p>\n<p>Kit Plug and Play<br \/>\nMais barato do que substituir uma caixa de v\u00e1cuo danificada<br \/>\nFornecido com todas as pe\u00e7as necess\u00e1rias<\/p>\n<p>ATEN\u00c7\u00c3O:<\/p>\n<p>Haver\u00e1 alguns c\u00f3digos de falha que aparecer\u00e3o quando a caixa de v\u00e1cuo e as linhas \/ pe\u00e7as correspondentes forem removidas. Eles precisar\u00e3o ser mapeados do software do ve\u00edculo, n\u00e3o apenas apagados.<br \/>\nAlguns c\u00f3digos que podem ser exibidos ao fazer essa simplifica\u00e7\u00e3o s\u00e3o P1549 \/ P1654 \/ P1619 \/ P1441. Para se livrar deles, as falhas precisam ser exclu\u00eddas no software ou os solen\u00f3ides deixados conectados<br \/>\nEste Kit de Simplifica\u00e7\u00e3o de Caixa de V\u00e1cuo \u00e9 para evitar c\u00f3digos de falha N18 e N239<br \/>\nEste kit \u00e9 para remover tudo, exceto o pr\u00f3prio N75.<\/p>\n<p>ESTE KIT CONTEM:<br \/>\nV\u00e1lvula N75<br \/>\nChicote de fia\u00e7\u00e3o<br \/>\nPe\u00e7a em T da Mangueira de V\u00e1cuo<br \/>\nESTE KIT SERVE PARA OS SEGUINTES VE\u00cdCULOS:<\/p>\n<p>&nbsp;<\/p>\n<p><strong>Seat Ibiza<\/strong>\u00a0&#8211; ATD (100) AXR (101) BLT (131) ASZ (131) BUK (160) BPX (160)<\/p>\n<p><strong>Seat Leon\u00a0<\/strong>&#8211; BXF (90) BKC (105) BXE (105) AZV (136) BKD (140)<\/p>\n<p><strong>Audi A3 \/ S3<\/strong>\u00a0&#8211; BKC (105) BXE (105) AZV (136) BKD (140)<\/p>\n<p><strong>VW Golf<\/strong>\u00a0&#8211; BRU (90) BXF (90) BKC (105) BXE (105) AZV (136) BKD (140)<\/p>\n<p><strong>VW Golf Plus<\/strong>\u00a0&#8211; BRU (90) BXF (90) BKC (105) BXE (105) BEE (131) AZV (136) BKD (140) BMM (140)<\/p>\n","protected":false},"excerpt":{"rendered":"<p>Este kit \u00e9 para simplificar o sistema de v\u00e1cuo quando a v\u00e1lvula EGR foi exclu\u00edda Fazer essa simplifica\u00e7\u00e3o diminuir\u00e1 a probabilidade de causar problemas e\/ou fugas Quando a caixa de&#8230;<\/p>\n","protected":false},"featured_media":28270,"comment_status":"open","ping_status":"closed","template":"","meta":[],"product_brand":[],"product_cat":[1791],"product_tag":[544,26906,547,532,26904],"class_list":{"0":"post-21410","1":"product","2":"type-product","3":"status-publish","4":"has-post-thumbnail","6":"product_cat-motor","7":"product_tag-audi-pt-pt","8":"product_tag-bnperf-pt-pt","9":"product_tag-golf-pt-pt","10":"product_tag-seatibiza-pt-pt","11":"product_tag-1-9-tdi-pt-pt","13":"first","14":"instock","15":"sale","16":"taxable","17":"shipping-taxable","18":"purchasable","19":"product-type-simple","20":"add-to-wishlist-before_image"},"bundled_by":[],"bundle_stock_status":"instock","bundle_stock_quantity":null,"bundle_virtual":false,"bundle_layout":"","bundle_add_to_cart_form_location":"","bundle_editable_in_cart":false,"bundle_sold_individually_context":"","bundle_item_grouping":"","bundle_min_size":"","bundle_max_size":"","bundle_price":[],"bundled_items":[],"bundle_sell_ids":[],"exclude_global_add_ons":[],"addons":[],"yoast_head":"<!-- This site is optimized with the Yoast SEO Premium plugin v27.4 (Yoast SEO v27.4) - https:\/\/yoast.com\/product\/yoast-seo-premium-wordpress\/ -->\n<title>Kit N75 para 1.9 TDI - BNPERF<\/title>\n<meta name=\"robots\" content=\"index, follow, max-snippet:-1, max-image-preview:large, max-video-preview:-1\" \/>\n<link rel=\"canonical\" href=\"https:\/\/bnperf.com\/pt-pt\/produit\/kit-n75\/\" \/>\n<meta property=\"og:locale\" content=\"pt_PT\" \/>\n<meta property=\"og:type\" content=\"article\" \/>\n<meta property=\"og:title\" content=\"Kit N75 para 1.9 TDI\" \/>\n<meta property=\"og:description\" content=\"Este kit \u00e9 para simplificar o sistema de v\u00e1cuo quando a v\u00e1lvula EGR foi exclu\u00edda Fazer essa simplifica\u00e7\u00e3o diminuir\u00e1 a probabilidade de causar problemas e\/ou fugas Quando a caixa de...\" \/>\n<meta property=\"og:url\" content=\"https:\/\/bnperf.com\/pt-pt\/produit\/kit-n75\/\" \/>\n<meta property=\"og:site_name\" content=\"BNPERF\" \/>\n<meta property=\"article:publisher\" content=\"https:\/\/www.facebook.com\/bnperf\" \/>\n<meta property=\"og:image\" content=\"https:\/\/bnperf.com\/wp-content\/uploads\/2022\/08\/P_20220530_181820_1-scaled-removebg-preview-copie.jpg\" \/>\n\t<meta property=\"og:image:width\" content=\"800\" \/>\n\t<meta property=\"og:image:height\" content=\"800\" \/>\n\t<meta property=\"og:image:type\" content=\"image\/jpeg\" \/>\n<meta name=\"twitter:card\" content=\"summary_large_image\" \/>\n<meta name=\"twitter:label1\" content=\"Tempo estimado de leitura\" \/>\n\t<meta name=\"twitter:data1\" content=\"1 minuto\" \/>\n<script type=\"application\/ld+json\" class=\"yoast-schema-graph\">{\"@context\":\"https:\\\/\\\/schema.org\",\"@graph\":[{\"@type\":\"WebPage\",\"@id\":\"https:\\\/\\\/bnperf.com\\\/pt-pt\\\/produit\\\/kit-n75\\\/\",\"url\":\"https:\\\/\\\/bnperf.com\\\/pt-pt\\\/produit\\\/kit-n75\\\/\",\"name\":\"Kit N75 para 1.9 TDI - BNPERF\",\"isPartOf\":{\"@id\":\"https:\\\/\\\/bnperf.com\\\/pt-pt\\\/#website\"},\"primaryImageOfPage\":{\"@id\":\"https:\\\/\\\/bnperf.com\\\/pt-pt\\\/produit\\\/kit-n75\\\/#primaryimage\"},\"image\":{\"@id\":\"https:\\\/\\\/bnperf.com\\\/pt-pt\\\/produit\\\/kit-n75\\\/#primaryimage\"},\"thumbnailUrl\":\"https:\\\/\\\/bnperf.com\\\/wp-content\\\/uploads\\\/2022\\\/08\\\/P_20220530_181820_1-scaled-removebg-preview-copie.jpg\",\"datePublished\":\"2022-08-04T14:49:56+00:00\",\"breadcrumb\":{\"@id\":\"https:\\\/\\\/bnperf.com\\\/pt-pt\\\/produit\\\/kit-n75\\\/#breadcrumb\"},\"inLanguage\":\"pt-PT\",\"potentialAction\":[{\"@type\":\"ReadAction\",\"target\":[\"https:\\\/\\\/bnperf.com\\\/pt-pt\\\/produit\\\/kit-n75\\\/\"]}]},{\"@type\":\"ImageObject\",\"inLanguage\":\"pt-PT\",\"@id\":\"https:\\\/\\\/bnperf.com\\\/pt-pt\\\/produit\\\/kit-n75\\\/#primaryimage\",\"url\":\"https:\\\/\\\/bnperf.com\\\/wp-content\\\/uploads\\\/2022\\\/08\\\/P_20220530_181820_1-scaled-removebg-preview-copie.jpg\",\"contentUrl\":\"https:\\\/\\\/bnperf.com\\\/wp-content\\\/uploads\\\/2022\\\/08\\\/P_20220530_181820_1-scaled-removebg-preview-copie.jpg\",\"width\":800,\"height\":800},{\"@type\":\"BreadcrumbList\",\"@id\":\"https:\\\/\\\/bnperf.com\\\/pt-pt\\\/produit\\\/kit-n75\\\/#breadcrumb\",\"itemListElement\":[{\"@type\":\"ListItem\",\"position\":1,\"name\":\"Inicio\",\"item\":\"https:\\\/\\\/bnperf.com\\\/pt-pt\\\/inicio\\\/\"},{\"@type\":\"ListItem\",\"position\":2,\"name\":\"Loja\",\"item\":\"https:\\\/\\\/bnperf.com\\\/pt-pt\\\/loja\\\/\"},{\"@type\":\"ListItem\",\"position\":3,\"name\":\"Kit N75 para 1.9 TDI\"}]},{\"@type\":\"WebSite\",\"@id\":\"https:\\\/\\\/bnperf.com\\\/pt-pt\\\/#website\",\"url\":\"https:\\\/\\\/bnperf.com\\\/pt-pt\\\/\",\"name\":\"BNPERF\",\"description\":\"Votre Boutique Online ...\",\"publisher\":{\"@id\":\"https:\\\/\\\/bnperf.com\\\/pt-pt\\\/#organization\"},\"potentialAction\":[{\"@type\":\"SearchAction\",\"target\":{\"@type\":\"EntryPoint\",\"urlTemplate\":\"https:\\\/\\\/bnperf.com\\\/pt-pt\\\/?s={search_term_string}\"},\"query-input\":{\"@type\":\"PropertyValueSpecification\",\"valueRequired\":true,\"valueName\":\"search_term_string\"}}],\"inLanguage\":\"pt-PT\"},{\"@type\":\"Organization\",\"@id\":\"https:\\\/\\\/bnperf.com\\\/pt-pt\\\/#organization\",\"name\":\"BNPERF\",\"url\":\"https:\\\/\\\/bnperf.com\\\/pt-pt\\\/\",\"logo\":{\"@type\":\"ImageObject\",\"inLanguage\":\"pt-PT\",\"@id\":\"https:\\\/\\\/bnperf.com\\\/pt-pt\\\/#\\\/schema\\\/logo\\\/image\\\/\",\"url\":\"https:\\\/\\\/bnperf.com\\\/wp-content\\\/uploads\\\/2021\\\/10\\\/bnperf-logo.png\",\"contentUrl\":\"https:\\\/\\\/bnperf.com\\\/wp-content\\\/uploads\\\/2021\\\/10\\\/bnperf-logo.png\",\"width\":954,\"height\":300,\"caption\":\"BNPERF\"},\"image\":{\"@id\":\"https:\\\/\\\/bnperf.com\\\/pt-pt\\\/#\\\/schema\\\/logo\\\/image\\\/\"},\"sameAs\":[\"https:\\\/\\\/www.facebook.com\\\/bnperf\",\"https:\\\/\\\/www.instagram.com\\\/bnperf\"]}]}<\/script>\n<!-- \/ Yoast SEO Premium plugin. -->","yoast_head_json":{"title":"Kit N75 para 1.9 TDI - BNPERF","robots":{"index":"index","follow":"follow","max-snippet":"max-snippet:-1","max-image-preview":"max-image-preview:large","max-video-preview":"max-video-preview:-1"},"canonical":"https:\/\/bnperf.com\/pt-pt\/produit\/kit-n75\/","og_locale":"pt_PT","og_type":"article","og_title":"Kit N75 para 1.9 TDI","og_description":"Este kit \u00e9 para simplificar o sistema de v\u00e1cuo quando a v\u00e1lvula EGR foi exclu\u00edda Fazer essa simplifica\u00e7\u00e3o diminuir\u00e1 a probabilidade de causar problemas e\/ou fugas Quando a caixa de...","og_url":"https:\/\/bnperf.com\/pt-pt\/produit\/kit-n75\/","og_site_name":"BNPERF","article_publisher":"https:\/\/www.facebook.com\/bnperf","og_image":[{"width":800,"height":800,"url":"https:\/\/bnperf.com\/wp-content\/uploads\/2022\/08\/P_20220530_181820_1-scaled-removebg-preview-copie.jpg","type":"image\/jpeg"}],"twitter_card":"summary_large_image","twitter_misc":{"Tempo estimado de leitura":"1 minuto"},"schema":{"@context":"https:\/\/schema.org","@graph":[{"@type":"WebPage","@id":"https:\/\/bnperf.com\/pt-pt\/produit\/kit-n75\/","url":"https:\/\/bnperf.com\/pt-pt\/produit\/kit-n75\/","name":"Kit N75 para 1.9 TDI - BNPERF","isPartOf":{"@id":"https:\/\/bnperf.com\/pt-pt\/#website"},"primaryImageOfPage":{"@id":"https:\/\/bnperf.com\/pt-pt\/produit\/kit-n75\/#primaryimage"},"image":{"@id":"https:\/\/bnperf.com\/pt-pt\/produit\/kit-n75\/#primaryimage"},"thumbnailUrl":"https:\/\/bnperf.com\/wp-content\/uploads\/2022\/08\/P_20220530_181820_1-scaled-removebg-preview-copie.jpg","datePublished":"2022-08-04T14:49:56+00:00","breadcrumb":{"@id":"https:\/\/bnperf.com\/pt-pt\/produit\/kit-n75\/#breadcrumb"},"inLanguage":"pt-PT","potentialAction":[{"@type":"ReadAction","target":["https:\/\/bnperf.com\/pt-pt\/produit\/kit-n75\/"]}]},{"@type":"ImageObject","inLanguage":"pt-PT","@id":"https:\/\/bnperf.com\/pt-pt\/produit\/kit-n75\/#primaryimage","url":"https:\/\/bnperf.com\/wp-content\/uploads\/2022\/08\/P_20220530_181820_1-scaled-removebg-preview-copie.jpg","contentUrl":"https:\/\/bnperf.com\/wp-content\/uploads\/2022\/08\/P_20220530_181820_1-scaled-removebg-preview-copie.jpg","width":800,"height":800},{"@type":"BreadcrumbList","@id":"https:\/\/bnperf.com\/pt-pt\/produit\/kit-n75\/#breadcrumb","itemListElement":[{"@type":"ListItem","position":1,"name":"Inicio","item":"https:\/\/bnperf.com\/pt-pt\/inicio\/"},{"@type":"ListItem","position":2,"name":"Loja","item":"https:\/\/bnperf.com\/pt-pt\/loja\/"},{"@type":"ListItem","position":3,"name":"Kit N75 para 1.9 TDI"}]},{"@type":"WebSite","@id":"https:\/\/bnperf.com\/pt-pt\/#website","url":"https:\/\/bnperf.com\/pt-pt\/","name":"BNPERF","description":"Votre Boutique Online ...","publisher":{"@id":"https:\/\/bnperf.com\/pt-pt\/#organization"},"potentialAction":[{"@type":"SearchAction","target":{"@type":"EntryPoint","urlTemplate":"https:\/\/bnperf.com\/pt-pt\/?s={search_term_string}"},"query-input":{"@type":"PropertyValueSpecification","valueRequired":true,"valueName":"search_term_string"}}],"inLanguage":"pt-PT"},{"@type":"Organization","@id":"https:\/\/bnperf.com\/pt-pt\/#organization","name":"BNPERF","url":"https:\/\/bnperf.com\/pt-pt\/","logo":{"@type":"ImageObject","inLanguage":"pt-PT","@id":"https:\/\/bnperf.com\/pt-pt\/#\/schema\/logo\/image\/","url":"https:\/\/bnperf.com\/wp-content\/uploads\/2021\/10\/bnperf-logo.png","contentUrl":"https:\/\/bnperf.com\/wp-content\/uploads\/2021\/10\/bnperf-logo.png","width":954,"height":300,"caption":"BNPERF"},"image":{"@id":"https:\/\/bnperf.com\/pt-pt\/#\/schema\/logo\/image\/"},"sameAs":["https:\/\/www.facebook.com\/bnperf","https:\/\/www.instagram.com\/bnperf"]}]}},"tiered_pricing_type":"fixed","tiered_pricing_fixed_rules":[],"tiered_pricing_product_settings":{"layout":"default","base_unit_name":{"singular":null,"plural":null},"default_variation":null},"tiered_pricing_minimum_quantity":null,"tiered_pricing_roles_data":[],"tiered_pricing_percentage_rules":[],"_links":{"self":[{"href":"https:\/\/bnperf.com\/pt-pt\/wp-json\/wp\/v2\/product\/21410","targetHints":{"allow":["GET"]}}],"collection":[{"href":"https:\/\/bnperf.com\/pt-pt\/wp-json\/wp\/v2\/product"}],"about":[{"href":"https:\/\/bnperf.com\/pt-pt\/wp-json\/wp\/v2\/types\/product"}],"replies":[{"embeddable":true,"href":"https:\/\/bnperf.com\/pt-pt\/wp-json\/wp\/v2\/comments?post=21410"}],"wp:featuredmedia":[{"embeddable":true,"href":"https:\/\/bnperf.com\/pt-pt\/wp-json\/wp\/v2\/media\/28270"}],"wp:attachment":[{"href":"https:\/\/bnperf.com\/pt-pt\/wp-json\/wp\/v2\/media?parent=21410"}],"wp:term":[{"taxonomy":"product_brand","embeddable":true,"href":"https:\/\/bnperf.com\/pt-pt\/wp-json\/wp\/v2\/product_brand?post=21410"},{"taxonomy":"product_cat","embeddable":true,"href":"https:\/\/bnperf.com\/pt-pt\/wp-json\/wp\/v2\/product_cat?post=21410"},{"taxonomy":"product_tag","embeddable":true,"href":"https:\/\/bnperf.com\/pt-pt\/wp-json\/wp\/v2\/product_tag?post=21410"}],"curies":[{"name":"wp","href":"https:\/\/api.w.org\/{rel}","templated":true}]}}