{"id":21078,"date":"2022-07-25T18:33:26","date_gmt":"2022-07-25T17:36:00","guid":{"rendered":"https:\/\/bnperf.com\/?post_type=product&#038;p=21078"},"modified":"2023-11-22T13:01:36","modified_gmt":"2023-11-22T12:01:36","slug":"jantes-drag-32-racing-speedstar-15x8","status":"publish","type":"product","link":"https:\/\/bnperf.com\/pt-pt\/produit\/jantes-drag-32-racing-speedstar-15x8\/","title":{"rendered":"Jantes DRAG 32 Racing Speedstar \u2013 15X8"},"content":{"rendered":"<pre id=\"tw-target-text\" class=\"tw-data-text tw-text-large tw-ta\" dir=\"ltr\" data-placeholder=\"Tradu\u00e7\u00e3o\"><span class=\"Y2IQFc\" lang=\"pt\">Combina\u00e7\u00e3o de alto desempenho com estilo de primeira classe com nosso conjunto exclusivo de rodas Speedstar. Constru\u00eddo por pilotos para pilotos, sabemos que a apar\u00eancia do seu carro \u00e9 t\u00e3o importante quanto o desempenho na pista e na estrada.\r\n\r\nO esquema de cores cromado e preto do Speedstar significa que voc\u00ea n\u00e3o apenas se destacar\u00e1 ao atingir seu limite na pista, mas seu ve\u00edculo tamb\u00e9m ter\u00e1 a apar\u00eancia correta. Afinal, por que escolher desempenho em vez de estilo ou estilo em vez de desempenho quando voc\u00ea pode ter os dois?\r\n\r\nEstrada acreditada com homologa\u00e7\u00e3o JWL\/VIA, s\u00e3o rodas que funcionam tanto em pista como em estrada.\r\n\r\nEstas rodas s\u00e3o um padr\u00e3o de parafuso de 4 \u00d7 100 mm, vendidas individualmente.\r\n\r\nEspecifica\u00e7\u00f5es completas:\r\n\r\nNome do produto: 32 rodas de corrida Speedstar SS-1580 15X8 \u2013 ET25\/5.5BS\r\n\r\nDetalhes da roda:\r\n\r\n\u2022 Di\u00e2metro da Roda - 15 POLEGADAS\r\n\u2022 Largura da Roda - 8 POLEGADAS \/ 8J\r\n\u2022 Deslocamento - ET 25\r\n\u2022 Backspace - 5,5 POLEGADAS\r\n\u2022 Padr\u00e3o de Parafuso - 4X100 MM ou 5X100 MM\r\n\u2022 Furo Central - 73,1 MM\r\n\u2022 Estilo de sede de porca de roda - 60 graus c\u00f4nico\r\n\u2022 Peso - 5,75 KG\r\n\u2022 Material - Alum\u00ednio Fundido\r\n\u2022 Legal Rodovi\u00e1rio - JWL\/VIA Aprovado\r\n\u2022 Cor \u2013 L\u00e1bio usinado com brilho preto e centro fresado\r\n\u2022 QTD \u2013 Vendido em Pares<\/span><\/pre>\n","protected":false},"excerpt":{"rendered":"<p>Combina\u00e7\u00e3o de alto desempenho com estilo de primeira classe com nosso conjunto exclusivo de rodas Speedstar. Constru\u00eddo por pilotos para pilotos, sabemos que a apar\u00eancia do seu carro \u00e9 t\u00e3o&#8230;<\/p>\n","protected":false},"featured_media":22684,"comment_status":"open","ping_status":"closed","template":"","meta":[],"product_brand":[],"product_cat":[28855,1834],"product_tag":[29066,26906,28846,29067,29949,29948],"class_list":{"0":"post-21078","1":"product","2":"type-product","3":"status-publish","4":"has-post-thumbnail","6":"product_cat-jantes-pt-pt","7":"product_cat-jantes","8":"product_tag-32racing-pt-pt","9":"product_tag-bnperf-pt-pt","10":"product_tag-jantes-pt-pt","11":"product_tag-speedstar-pt-pt","12":"product_tag-drag-pt-pt","13":"product_tag-jantes-drag-pt-pt","15":"first","16":"instock","17":"taxable","18":"shipping-taxable","19":"purchasable","20":"product-type-variable","21":"add-to-wishlist-before_image"},"bundled_by":[],"bundle_stock_status":"instock","bundle_stock_quantity":null,"bundle_virtual":false,"bundle_layout":"","bundle_add_to_cart_form_location":"","bundle_editable_in_cart":false,"bundle_sold_individually_context":"","bundle_item_grouping":"","bundle_min_size":"","bundle_max_size":"","bundle_price":[],"bundled_items":[],"bundle_sell_ids":[],"exclude_global_add_ons":[],"addons":[],"yoast_head":"<!-- This site is optimized with the Yoast SEO Premium plugin v27.1 (Yoast SEO v27.3) - https:\/\/yoast.com\/product\/yoast-seo-premium-wordpress\/ -->\n<title>Jantes DRAG 32 Racing Speedstar \u2013 15X8 - BNPERF<\/title>\n<meta name=\"robots\" content=\"index, follow, max-snippet:-1, max-image-preview:large, max-video-preview:-1\" \/>\n<link rel=\"canonical\" href=\"https:\/\/bnperf.com\/pt-pt\/produit\/jantes-drag-32-racing-speedstar-15x8\/\" \/>\n<meta property=\"og:locale\" content=\"pt_PT\" \/>\n<meta property=\"og:type\" content=\"article\" \/>\n<meta property=\"og:title\" content=\"Jantes DRAG 32 Racing Speedstar \u2013 15X8\" \/>\n<meta property=\"og:description\" content=\"Combina\u00e7\u00e3o de alto desempenho com estilo de primeira classe com nosso conjunto exclusivo de rodas Speedstar. Constru\u00eddo por pilotos para pilotos, sabemos que a apar\u00eancia do seu carro \u00e9 t\u00e3o...\" \/>\n<meta property=\"og:url\" content=\"https:\/\/bnperf.com\/pt-pt\/produit\/jantes-drag-32-racing-speedstar-15x8\/\" \/>\n<meta property=\"og:site_name\" content=\"BNPERF\" \/>\n<meta property=\"article:publisher\" content=\"https:\/\/www.facebook.com\/bnperf\" \/>\n<meta property=\"article:modified_time\" content=\"2023-11-22T12:01:36+00:00\" \/>\n<meta property=\"og:image\" content=\"https:\/\/bnperf.com\/wp-content\/uploads\/2022\/07\/292719228_162299659656888_5327637363196671821_n-removebg-preview-copie.jpg\" \/>\n\t<meta property=\"og:image:width\" content=\"800\" \/>\n\t<meta property=\"og:image:height\" content=\"800\" \/>\n\t<meta property=\"og:image:type\" content=\"image\/jpeg\" \/>\n<meta name=\"twitter:card\" content=\"summary_large_image\" \/>\n<meta name=\"twitter:label1\" content=\"Tempo estimado de leitura\" \/>\n\t<meta name=\"twitter:data1\" content=\"1 minuto\" \/>\n<script type=\"application\/ld+json\" class=\"yoast-schema-graph\">{\"@context\":\"https:\\\/\\\/schema.org\",\"@graph\":[{\"@type\":\"WebPage\",\"@id\":\"https:\\\/\\\/bnperf.com\\\/pt-pt\\\/produit\\\/jantes-drag-32-racing-speedstar-15x8\\\/\",\"url\":\"https:\\\/\\\/bnperf.com\\\/pt-pt\\\/produit\\\/jantes-drag-32-racing-speedstar-15x8\\\/\",\"name\":\"Jantes DRAG 32 Racing Speedstar \u2013 15X8 - BNPERF\",\"isPartOf\":{\"@id\":\"https:\\\/\\\/bnperf.com\\\/pt-pt\\\/#website\"},\"primaryImageOfPage\":{\"@id\":\"https:\\\/\\\/bnperf.com\\\/pt-pt\\\/produit\\\/jantes-drag-32-racing-speedstar-15x8\\\/#primaryimage\"},\"image\":{\"@id\":\"https:\\\/\\\/bnperf.com\\\/pt-pt\\\/produit\\\/jantes-drag-32-racing-speedstar-15x8\\\/#primaryimage\"},\"thumbnailUrl\":\"https:\\\/\\\/bnperf.com\\\/wp-content\\\/uploads\\\/2022\\\/07\\\/292719228_162299659656888_5327637363196671821_n-removebg-preview-copie.jpg\",\"datePublished\":\"2022-07-25T17:36:00+00:00\",\"dateModified\":\"2023-11-22T12:01:36+00:00\",\"breadcrumb\":{\"@id\":\"https:\\\/\\\/bnperf.com\\\/pt-pt\\\/produit\\\/jantes-drag-32-racing-speedstar-15x8\\\/#breadcrumb\"},\"inLanguage\":\"pt-PT\",\"potentialAction\":[{\"@type\":\"ReadAction\",\"target\":[\"https:\\\/\\\/bnperf.com\\\/pt-pt\\\/produit\\\/jantes-drag-32-racing-speedstar-15x8\\\/\"]}]},{\"@type\":\"ImageObject\",\"inLanguage\":\"pt-PT\",\"@id\":\"https:\\\/\\\/bnperf.com\\\/pt-pt\\\/produit\\\/jantes-drag-32-racing-speedstar-15x8\\\/#primaryimage\",\"url\":\"https:\\\/\\\/bnperf.com\\\/wp-content\\\/uploads\\\/2022\\\/07\\\/292719228_162299659656888_5327637363196671821_n-removebg-preview-copie.jpg\",\"contentUrl\":\"https:\\\/\\\/bnperf.com\\\/wp-content\\\/uploads\\\/2022\\\/07\\\/292719228_162299659656888_5327637363196671821_n-removebg-preview-copie.jpg\",\"width\":800,\"height\":800},{\"@type\":\"BreadcrumbList\",\"@id\":\"https:\\\/\\\/bnperf.com\\\/pt-pt\\\/produit\\\/jantes-drag-32-racing-speedstar-15x8\\\/#breadcrumb\",\"itemListElement\":[{\"@type\":\"ListItem\",\"position\":1,\"name\":\"Inicio\",\"item\":\"https:\\\/\\\/bnperf.com\\\/pt-pt\\\/inicio\\\/\"},{\"@type\":\"ListItem\",\"position\":2,\"name\":\"Loja\",\"item\":\"https:\\\/\\\/bnperf.com\\\/pt-pt\\\/loja\\\/\"},{\"@type\":\"ListItem\",\"position\":3,\"name\":\"Jantes DRAG 32 Racing Speedstar \u2013 15X8\"}]},{\"@type\":\"WebSite\",\"@id\":\"https:\\\/\\\/bnperf.com\\\/pt-pt\\\/#website\",\"url\":\"https:\\\/\\\/bnperf.com\\\/pt-pt\\\/\",\"name\":\"BNPERF\",\"description\":\"Votre Boutique Online ...\",\"publisher\":{\"@id\":\"https:\\\/\\\/bnperf.com\\\/pt-pt\\\/#organization\"},\"potentialAction\":[{\"@type\":\"SearchAction\",\"target\":{\"@type\":\"EntryPoint\",\"urlTemplate\":\"https:\\\/\\\/bnperf.com\\\/pt-pt\\\/?s={search_term_string}\"},\"query-input\":{\"@type\":\"PropertyValueSpecification\",\"valueRequired\":true,\"valueName\":\"search_term_string\"}}],\"inLanguage\":\"pt-PT\"},{\"@type\":\"Organization\",\"@id\":\"https:\\\/\\\/bnperf.com\\\/pt-pt\\\/#organization\",\"name\":\"BNPERF\",\"url\":\"https:\\\/\\\/bnperf.com\\\/pt-pt\\\/\",\"logo\":{\"@type\":\"ImageObject\",\"inLanguage\":\"pt-PT\",\"@id\":\"https:\\\/\\\/bnperf.com\\\/pt-pt\\\/#\\\/schema\\\/logo\\\/image\\\/\",\"url\":\"https:\\\/\\\/bnperf.com\\\/wp-content\\\/uploads\\\/2021\\\/10\\\/bnperf-logo.png\",\"contentUrl\":\"https:\\\/\\\/bnperf.com\\\/wp-content\\\/uploads\\\/2021\\\/10\\\/bnperf-logo.png\",\"width\":954,\"height\":300,\"caption\":\"BNPERF\"},\"image\":{\"@id\":\"https:\\\/\\\/bnperf.com\\\/pt-pt\\\/#\\\/schema\\\/logo\\\/image\\\/\"},\"sameAs\":[\"https:\\\/\\\/www.facebook.com\\\/bnperf\",\"https:\\\/\\\/www.instagram.com\\\/bnperf\"]}]}<\/script>\n<!-- \/ Yoast SEO Premium plugin. -->","yoast_head_json":{"title":"Jantes DRAG 32 Racing Speedstar \u2013 15X8 - BNPERF","robots":{"index":"index","follow":"follow","max-snippet":"max-snippet:-1","max-image-preview":"max-image-preview:large","max-video-preview":"max-video-preview:-1"},"canonical":"https:\/\/bnperf.com\/pt-pt\/produit\/jantes-drag-32-racing-speedstar-15x8\/","og_locale":"pt_PT","og_type":"article","og_title":"Jantes DRAG 32 Racing Speedstar \u2013 15X8","og_description":"Combina\u00e7\u00e3o de alto desempenho com estilo de primeira classe com nosso conjunto exclusivo de rodas Speedstar. Constru\u00eddo por pilotos para pilotos, sabemos que a apar\u00eancia do seu carro \u00e9 t\u00e3o...","og_url":"https:\/\/bnperf.com\/pt-pt\/produit\/jantes-drag-32-racing-speedstar-15x8\/","og_site_name":"BNPERF","article_publisher":"https:\/\/www.facebook.com\/bnperf","article_modified_time":"2023-11-22T12:01:36+00:00","og_image":[{"width":800,"height":800,"url":"https:\/\/bnperf.com\/wp-content\/uploads\/2022\/07\/292719228_162299659656888_5327637363196671821_n-removebg-preview-copie.jpg","type":"image\/jpeg"}],"twitter_card":"summary_large_image","twitter_misc":{"Tempo estimado de leitura":"1 minuto"},"schema":{"@context":"https:\/\/schema.org","@graph":[{"@type":"WebPage","@id":"https:\/\/bnperf.com\/pt-pt\/produit\/jantes-drag-32-racing-speedstar-15x8\/","url":"https:\/\/bnperf.com\/pt-pt\/produit\/jantes-drag-32-racing-speedstar-15x8\/","name":"Jantes DRAG 32 Racing Speedstar \u2013 15X8 - BNPERF","isPartOf":{"@id":"https:\/\/bnperf.com\/pt-pt\/#website"},"primaryImageOfPage":{"@id":"https:\/\/bnperf.com\/pt-pt\/produit\/jantes-drag-32-racing-speedstar-15x8\/#primaryimage"},"image":{"@id":"https:\/\/bnperf.com\/pt-pt\/produit\/jantes-drag-32-racing-speedstar-15x8\/#primaryimage"},"thumbnailUrl":"https:\/\/bnperf.com\/wp-content\/uploads\/2022\/07\/292719228_162299659656888_5327637363196671821_n-removebg-preview-copie.jpg","datePublished":"2022-07-25T17:36:00+00:00","dateModified":"2023-11-22T12:01:36+00:00","breadcrumb":{"@id":"https:\/\/bnperf.com\/pt-pt\/produit\/jantes-drag-32-racing-speedstar-15x8\/#breadcrumb"},"inLanguage":"pt-PT","potentialAction":[{"@type":"ReadAction","target":["https:\/\/bnperf.com\/pt-pt\/produit\/jantes-drag-32-racing-speedstar-15x8\/"]}]},{"@type":"ImageObject","inLanguage":"pt-PT","@id":"https:\/\/bnperf.com\/pt-pt\/produit\/jantes-drag-32-racing-speedstar-15x8\/#primaryimage","url":"https:\/\/bnperf.com\/wp-content\/uploads\/2022\/07\/292719228_162299659656888_5327637363196671821_n-removebg-preview-copie.jpg","contentUrl":"https:\/\/bnperf.com\/wp-content\/uploads\/2022\/07\/292719228_162299659656888_5327637363196671821_n-removebg-preview-copie.jpg","width":800,"height":800},{"@type":"BreadcrumbList","@id":"https:\/\/bnperf.com\/pt-pt\/produit\/jantes-drag-32-racing-speedstar-15x8\/#breadcrumb","itemListElement":[{"@type":"ListItem","position":1,"name":"Inicio","item":"https:\/\/bnperf.com\/pt-pt\/inicio\/"},{"@type":"ListItem","position":2,"name":"Loja","item":"https:\/\/bnperf.com\/pt-pt\/loja\/"},{"@type":"ListItem","position":3,"name":"Jantes DRAG 32 Racing Speedstar \u2013 15X8"}]},{"@type":"WebSite","@id":"https:\/\/bnperf.com\/pt-pt\/#website","url":"https:\/\/bnperf.com\/pt-pt\/","name":"BNPERF","description":"Votre Boutique Online ...","publisher":{"@id":"https:\/\/bnperf.com\/pt-pt\/#organization"},"potentialAction":[{"@type":"SearchAction","target":{"@type":"EntryPoint","urlTemplate":"https:\/\/bnperf.com\/pt-pt\/?s={search_term_string}"},"query-input":{"@type":"PropertyValueSpecification","valueRequired":true,"valueName":"search_term_string"}}],"inLanguage":"pt-PT"},{"@type":"Organization","@id":"https:\/\/bnperf.com\/pt-pt\/#organization","name":"BNPERF","url":"https:\/\/bnperf.com\/pt-pt\/","logo":{"@type":"ImageObject","inLanguage":"pt-PT","@id":"https:\/\/bnperf.com\/pt-pt\/#\/schema\/logo\/image\/","url":"https:\/\/bnperf.com\/wp-content\/uploads\/2021\/10\/bnperf-logo.png","contentUrl":"https:\/\/bnperf.com\/wp-content\/uploads\/2021\/10\/bnperf-logo.png","width":954,"height":300,"caption":"BNPERF"},"image":{"@id":"https:\/\/bnperf.com\/pt-pt\/#\/schema\/logo\/image\/"},"sameAs":["https:\/\/www.facebook.com\/bnperf","https:\/\/www.instagram.com\/bnperf"]}]}},"tiered_pricing_type":"fixed","tiered_pricing_fixed_rules":[],"tiered_pricing_product_settings":{"layout":"default","base_unit_name":{"singular":null,"plural":null},"default_variation":null},"tiered_pricing_minimum_quantity":null,"tiered_pricing_roles_data":[],"tiered_pricing_percentage_rules":[],"_links":{"self":[{"href":"https:\/\/bnperf.com\/pt-pt\/wp-json\/wp\/v2\/product\/21078","targetHints":{"allow":["GET"]}}],"collection":[{"href":"https:\/\/bnperf.com\/pt-pt\/wp-json\/wp\/v2\/product"}],"about":[{"href":"https:\/\/bnperf.com\/pt-pt\/wp-json\/wp\/v2\/types\/product"}],"replies":[{"embeddable":true,"href":"https:\/\/bnperf.com\/pt-pt\/wp-json\/wp\/v2\/comments?post=21078"}],"wp:featuredmedia":[{"embeddable":true,"href":"https:\/\/bnperf.com\/pt-pt\/wp-json\/wp\/v2\/media\/22684"}],"wp:attachment":[{"href":"https:\/\/bnperf.com\/pt-pt\/wp-json\/wp\/v2\/media?parent=21078"}],"wp:term":[{"taxonomy":"product_brand","embeddable":true,"href":"https:\/\/bnperf.com\/pt-pt\/wp-json\/wp\/v2\/product_brand?post=21078"},{"taxonomy":"product_cat","embeddable":true,"href":"https:\/\/bnperf.com\/pt-pt\/wp-json\/wp\/v2\/product_cat?post=21078"},{"taxonomy":"product_tag","embeddable":true,"href":"https:\/\/bnperf.com\/pt-pt\/wp-json\/wp\/v2\/product_tag?post=21078"}],"curies":[{"name":"wp","href":"https:\/\/api.w.org\/{rel}","templated":true}]}}