{"id":19831,"date":"2022-04-06T12:28:47","date_gmt":"2022-05-06T10:14:17","guid":{"rendered":"https:\/\/bnperf.com\/?post_type=product&#038;p=19831"},"modified":"2022-05-06T11:14:17","modified_gmt":"2022-05-06T10:14:17","slug":"manometro-de-fundo-preto-4bars-fundo-preto","status":"publish","type":"product","link":"https:\/\/bnperf.com\/pt-pt\/produit\/manometro-de-fundo-preto-4bars-fundo-preto\/","title":{"rendered":"Manometro De Fundo Preto 4BARS Fundo Preto"},"content":{"rendered":"<p><strong>Man\u00f3metro fundo preto estilo VDO.<\/strong><\/p>\n<p><strong>Ilumina\u00e7\u00e3o pode ser mudada de cor atrav\u00e9s de 1 Led T5<\/strong><\/p>\n<p><strong>Diametro: 52mm<\/strong><\/p>\n<p><strong>Funcionamento: Mec\u00e2nico<\/strong><\/p>\n","protected":false},"excerpt":{"rendered":"<p>Man\u00f3metro fundo preto estilo VDO. Ilumina\u00e7\u00e3o pode ser mudada de cor atrav\u00e9s de 1 Led T5 Diametro: 52mm Funcionamento: Mec\u00e2nico<\/p>\n","protected":false},"featured_media":19839,"comment_status":"open","ping_status":"closed","template":"","meta":[],"product_brand":[],"product_cat":[1755,1760,1748,1752],"product_tag":[551,26662,544,26663,746,520,26906,524,558,26520,26521,743,745,744,26523,26493,26494,630,635,631,634,26486,26487,26488,561,26661,26664,532,534,540,523,525,553,552,550,528,529],"class_list":{"0":"post-19831","1":"product","2":"type-product","3":"status-publish","4":"has-post-thumbnail","6":"product_cat-auto-gauge-pt-pt","7":"product_cat-estilo-vdo","8":"product_cat-interior-pt-pt-2","9":"product_cat-manometros","10":"product_tag-1-9-pt-pt","11":"product_tag-3bars-pt-pt","12":"product_tag-audi-pt-pt","13":"product_tag-autogage-pt-pt","14":"product_tag-biturbo-pt-pt","15":"product_tag-bmw-pt-pt","16":"product_tag-bnperf-pt-pt","17":"product_tag-bnperfshop-pt-pt","18":"product_tag-cupra-pt-pt","19":"product_tag-e39-pt-pt","20":"product_tag-e53-pt-pt","21":"product_tag-e61-pt-pt","22":"product_tag-e63-pt-pt","23":"product_tag-e64-pt-pt","24":"product_tag-e65-pt-pt","25":"product_tag-e70-pt-pt","26":"product_tag-e71-pt-pt","27":"product_tag-e82-pt-pt-2","28":"product_tag-e83-pt-pt","29":"product_tag-e88-pt-pt","30":"product_tag-e89-pt-pt-2","31":"product_tag-e90-pt-pt","32":"product_tag-e91-pt-pt","33":"product_tag-e93-pt-pt","34":"product_tag-fr-pt-pt","35":"product_tag-manometros","36":"product_tag-pressaoturbo","37":"product_tag-seatibiza-pt-pt","38":"product_tag-sport-pt-pt","39":"product_tag-tdi-pt-pt","40":"product_tag-turbo-pt-pt","41":"product_tag-twinturbo-pt-pt","42":"product_tag-universal","43":"product_tag-vw-pt-pt","44":"product_tag-6l-pt-pt","45":"product_tag-ibiza-pt-pt","46":"product_tag-seat-pt-pt","48":"first","49":"instock","50":"taxable","51":"shipping-taxable","52":"purchasable","53":"product-type-simple","54":"add-to-wishlist-before_image"},"bundled_by":[],"bundle_stock_status":"instock","bundle_stock_quantity":null,"bundle_virtual":false,"bundle_layout":"","bundle_add_to_cart_form_location":"","bundle_editable_in_cart":false,"bundle_sold_individually_context":"","bundle_item_grouping":"","bundle_min_size":"","bundle_max_size":"","bundle_price":[],"bundled_items":[],"bundle_sell_ids":[],"exclude_global_add_ons":[],"addons":[],"yoast_head":"<!-- This site is optimized with the Yoast SEO Premium plugin v27.4 (Yoast SEO v27.4) - https:\/\/yoast.com\/product\/yoast-seo-premium-wordpress\/ -->\n<title>Manometro De Fundo Preto 4BARS Fundo Preto - BNPERF<\/title>\n<meta name=\"robots\" content=\"index, follow, max-snippet:-1, max-image-preview:large, max-video-preview:-1\" \/>\n<link rel=\"canonical\" href=\"https:\/\/bnperf.com\/pt-pt\/produit\/manometro-de-fundo-preto-4bars-fundo-preto\/\" \/>\n<meta property=\"og:locale\" content=\"pt_PT\" \/>\n<meta property=\"og:type\" content=\"article\" \/>\n<meta property=\"og:title\" content=\"Manometro De Fundo Preto 4BARS Fundo Preto\" \/>\n<meta property=\"og:description\" content=\"Man\u00f3metro fundo preto estilo VDO. Ilumina\u00e7\u00e3o pode ser mudada de cor atrav\u00e9s de 1 Led T5 Diametro: 52mm Funcionamento: Mec\u00e2nico\" \/>\n<meta property=\"og:url\" content=\"https:\/\/bnperf.com\/pt-pt\/produit\/manometro-de-fundo-preto-4bars-fundo-preto\/\" \/>\n<meta property=\"og:site_name\" content=\"BNPERF\" \/>\n<meta property=\"article:publisher\" content=\"https:\/\/www.facebook.com\/bnperf\" \/>\n<meta property=\"og:image\" content=\"https:\/\/bnperf.com\/wp-content\/uploads\/2022\/04\/P_20220405_150835-removebg-preview-copie.jpg\" \/>\n\t<meta property=\"og:image:width\" content=\"800\" \/>\n\t<meta property=\"og:image:height\" content=\"800\" \/>\n\t<meta property=\"og:image:type\" content=\"image\/jpeg\" \/>\n<meta name=\"twitter:card\" content=\"summary_large_image\" \/>\n<script type=\"application\/ld+json\" class=\"yoast-schema-graph\">{\"@context\":\"https:\\\/\\\/schema.org\",\"@graph\":[{\"@type\":\"WebPage\",\"@id\":\"https:\\\/\\\/bnperf.com\\\/pt-pt\\\/produit\\\/manometro-de-fundo-preto-4bars-fundo-preto\\\/\",\"url\":\"https:\\\/\\\/bnperf.com\\\/pt-pt\\\/produit\\\/manometro-de-fundo-preto-4bars-fundo-preto\\\/\",\"name\":\"Manometro De Fundo Preto 4BARS Fundo Preto - BNPERF\",\"isPartOf\":{\"@id\":\"https:\\\/\\\/bnperf.com\\\/pt-pt\\\/#website\"},\"primaryImageOfPage\":{\"@id\":\"https:\\\/\\\/bnperf.com\\\/pt-pt\\\/produit\\\/manometro-de-fundo-preto-4bars-fundo-preto\\\/#primaryimage\"},\"image\":{\"@id\":\"https:\\\/\\\/bnperf.com\\\/pt-pt\\\/produit\\\/manometro-de-fundo-preto-4bars-fundo-preto\\\/#primaryimage\"},\"thumbnailUrl\":\"https:\\\/\\\/bnperf.com\\\/wp-content\\\/uploads\\\/2022\\\/04\\\/P_20220405_150835-removebg-preview-copie.jpg\",\"datePublished\":\"2022-05-06T10:14:17+00:00\",\"breadcrumb\":{\"@id\":\"https:\\\/\\\/bnperf.com\\\/pt-pt\\\/produit\\\/manometro-de-fundo-preto-4bars-fundo-preto\\\/#breadcrumb\"},\"inLanguage\":\"pt-PT\",\"potentialAction\":[{\"@type\":\"ReadAction\",\"target\":[\"https:\\\/\\\/bnperf.com\\\/pt-pt\\\/produit\\\/manometro-de-fundo-preto-4bars-fundo-preto\\\/\"]}]},{\"@type\":\"ImageObject\",\"inLanguage\":\"pt-PT\",\"@id\":\"https:\\\/\\\/bnperf.com\\\/pt-pt\\\/produit\\\/manometro-de-fundo-preto-4bars-fundo-preto\\\/#primaryimage\",\"url\":\"https:\\\/\\\/bnperf.com\\\/wp-content\\\/uploads\\\/2022\\\/04\\\/P_20220405_150835-removebg-preview-copie.jpg\",\"contentUrl\":\"https:\\\/\\\/bnperf.com\\\/wp-content\\\/uploads\\\/2022\\\/04\\\/P_20220405_150835-removebg-preview-copie.jpg\",\"width\":800,\"height\":800},{\"@type\":\"BreadcrumbList\",\"@id\":\"https:\\\/\\\/bnperf.com\\\/pt-pt\\\/produit\\\/manometro-de-fundo-preto-4bars-fundo-preto\\\/#breadcrumb\",\"itemListElement\":[{\"@type\":\"ListItem\",\"position\":1,\"name\":\"Inicio\",\"item\":\"https:\\\/\\\/bnperf.com\\\/pt-pt\\\/inicio\\\/\"},{\"@type\":\"ListItem\",\"position\":2,\"name\":\"Loja\",\"item\":\"https:\\\/\\\/bnperf.com\\\/pt-pt\\\/loja\\\/\"},{\"@type\":\"ListItem\",\"position\":3,\"name\":\"Manometro De Fundo Preto 4BARS Fundo Preto\"}]},{\"@type\":\"WebSite\",\"@id\":\"https:\\\/\\\/bnperf.com\\\/pt-pt\\\/#website\",\"url\":\"https:\\\/\\\/bnperf.com\\\/pt-pt\\\/\",\"name\":\"BNPERF\",\"description\":\"Votre Boutique Online ...\",\"publisher\":{\"@id\":\"https:\\\/\\\/bnperf.com\\\/pt-pt\\\/#organization\"},\"potentialAction\":[{\"@type\":\"SearchAction\",\"target\":{\"@type\":\"EntryPoint\",\"urlTemplate\":\"https:\\\/\\\/bnperf.com\\\/pt-pt\\\/?s={search_term_string}\"},\"query-input\":{\"@type\":\"PropertyValueSpecification\",\"valueRequired\":true,\"valueName\":\"search_term_string\"}}],\"inLanguage\":\"pt-PT\"},{\"@type\":\"Organization\",\"@id\":\"https:\\\/\\\/bnperf.com\\\/pt-pt\\\/#organization\",\"name\":\"BNPERF\",\"url\":\"https:\\\/\\\/bnperf.com\\\/pt-pt\\\/\",\"logo\":{\"@type\":\"ImageObject\",\"inLanguage\":\"pt-PT\",\"@id\":\"https:\\\/\\\/bnperf.com\\\/pt-pt\\\/#\\\/schema\\\/logo\\\/image\\\/\",\"url\":\"https:\\\/\\\/bnperf.com\\\/wp-content\\\/uploads\\\/2021\\\/10\\\/bnperf-logo.png\",\"contentUrl\":\"https:\\\/\\\/bnperf.com\\\/wp-content\\\/uploads\\\/2021\\\/10\\\/bnperf-logo.png\",\"width\":954,\"height\":300,\"caption\":\"BNPERF\"},\"image\":{\"@id\":\"https:\\\/\\\/bnperf.com\\\/pt-pt\\\/#\\\/schema\\\/logo\\\/image\\\/\"},\"sameAs\":[\"https:\\\/\\\/www.facebook.com\\\/bnperf\",\"https:\\\/\\\/www.instagram.com\\\/bnperf\"]}]}<\/script>\n<!-- \/ Yoast SEO Premium plugin. -->","yoast_head_json":{"title":"Manometro De Fundo Preto 4BARS Fundo Preto - BNPERF","robots":{"index":"index","follow":"follow","max-snippet":"max-snippet:-1","max-image-preview":"max-image-preview:large","max-video-preview":"max-video-preview:-1"},"canonical":"https:\/\/bnperf.com\/pt-pt\/produit\/manometro-de-fundo-preto-4bars-fundo-preto\/","og_locale":"pt_PT","og_type":"article","og_title":"Manometro De Fundo Preto 4BARS Fundo Preto","og_description":"Man\u00f3metro fundo preto estilo VDO. Ilumina\u00e7\u00e3o pode ser mudada de cor atrav\u00e9s de 1 Led T5 Diametro: 52mm Funcionamento: Mec\u00e2nico","og_url":"https:\/\/bnperf.com\/pt-pt\/produit\/manometro-de-fundo-preto-4bars-fundo-preto\/","og_site_name":"BNPERF","article_publisher":"https:\/\/www.facebook.com\/bnperf","og_image":[{"width":800,"height":800,"url":"https:\/\/bnperf.com\/wp-content\/uploads\/2022\/04\/P_20220405_150835-removebg-preview-copie.jpg","type":"image\/jpeg"}],"twitter_card":"summary_large_image","schema":{"@context":"https:\/\/schema.org","@graph":[{"@type":"WebPage","@id":"https:\/\/bnperf.com\/pt-pt\/produit\/manometro-de-fundo-preto-4bars-fundo-preto\/","url":"https:\/\/bnperf.com\/pt-pt\/produit\/manometro-de-fundo-preto-4bars-fundo-preto\/","name":"Manometro De Fundo Preto 4BARS Fundo Preto - BNPERF","isPartOf":{"@id":"https:\/\/bnperf.com\/pt-pt\/#website"},"primaryImageOfPage":{"@id":"https:\/\/bnperf.com\/pt-pt\/produit\/manometro-de-fundo-preto-4bars-fundo-preto\/#primaryimage"},"image":{"@id":"https:\/\/bnperf.com\/pt-pt\/produit\/manometro-de-fundo-preto-4bars-fundo-preto\/#primaryimage"},"thumbnailUrl":"https:\/\/bnperf.com\/wp-content\/uploads\/2022\/04\/P_20220405_150835-removebg-preview-copie.jpg","datePublished":"2022-05-06T10:14:17+00:00","breadcrumb":{"@id":"https:\/\/bnperf.com\/pt-pt\/produit\/manometro-de-fundo-preto-4bars-fundo-preto\/#breadcrumb"},"inLanguage":"pt-PT","potentialAction":[{"@type":"ReadAction","target":["https:\/\/bnperf.com\/pt-pt\/produit\/manometro-de-fundo-preto-4bars-fundo-preto\/"]}]},{"@type":"ImageObject","inLanguage":"pt-PT","@id":"https:\/\/bnperf.com\/pt-pt\/produit\/manometro-de-fundo-preto-4bars-fundo-preto\/#primaryimage","url":"https:\/\/bnperf.com\/wp-content\/uploads\/2022\/04\/P_20220405_150835-removebg-preview-copie.jpg","contentUrl":"https:\/\/bnperf.com\/wp-content\/uploads\/2022\/04\/P_20220405_150835-removebg-preview-copie.jpg","width":800,"height":800},{"@type":"BreadcrumbList","@id":"https:\/\/bnperf.com\/pt-pt\/produit\/manometro-de-fundo-preto-4bars-fundo-preto\/#breadcrumb","itemListElement":[{"@type":"ListItem","position":1,"name":"Inicio","item":"https:\/\/bnperf.com\/pt-pt\/inicio\/"},{"@type":"ListItem","position":2,"name":"Loja","item":"https:\/\/bnperf.com\/pt-pt\/loja\/"},{"@type":"ListItem","position":3,"name":"Manometro De Fundo Preto 4BARS Fundo Preto"}]},{"@type":"WebSite","@id":"https:\/\/bnperf.com\/pt-pt\/#website","url":"https:\/\/bnperf.com\/pt-pt\/","name":"BNPERF","description":"Votre Boutique Online ...","publisher":{"@id":"https:\/\/bnperf.com\/pt-pt\/#organization"},"potentialAction":[{"@type":"SearchAction","target":{"@type":"EntryPoint","urlTemplate":"https:\/\/bnperf.com\/pt-pt\/?s={search_term_string}"},"query-input":{"@type":"PropertyValueSpecification","valueRequired":true,"valueName":"search_term_string"}}],"inLanguage":"pt-PT"},{"@type":"Organization","@id":"https:\/\/bnperf.com\/pt-pt\/#organization","name":"BNPERF","url":"https:\/\/bnperf.com\/pt-pt\/","logo":{"@type":"ImageObject","inLanguage":"pt-PT","@id":"https:\/\/bnperf.com\/pt-pt\/#\/schema\/logo\/image\/","url":"https:\/\/bnperf.com\/wp-content\/uploads\/2021\/10\/bnperf-logo.png","contentUrl":"https:\/\/bnperf.com\/wp-content\/uploads\/2021\/10\/bnperf-logo.png","width":954,"height":300,"caption":"BNPERF"},"image":{"@id":"https:\/\/bnperf.com\/pt-pt\/#\/schema\/logo\/image\/"},"sameAs":["https:\/\/www.facebook.com\/bnperf","https:\/\/www.instagram.com\/bnperf"]}]}},"tiered_pricing_type":"fixed","tiered_pricing_fixed_rules":[],"tiered_pricing_product_settings":{"layout":"default","base_unit_name":{"singular":null,"plural":null},"default_variation":null},"tiered_pricing_minimum_quantity":null,"tiered_pricing_roles_data":[],"tiered_pricing_percentage_rules":[],"_links":{"self":[{"href":"https:\/\/bnperf.com\/pt-pt\/wp-json\/wp\/v2\/product\/19831","targetHints":{"allow":["GET"]}}],"collection":[{"href":"https:\/\/bnperf.com\/pt-pt\/wp-json\/wp\/v2\/product"}],"about":[{"href":"https:\/\/bnperf.com\/pt-pt\/wp-json\/wp\/v2\/types\/product"}],"replies":[{"embeddable":true,"href":"https:\/\/bnperf.com\/pt-pt\/wp-json\/wp\/v2\/comments?post=19831"}],"wp:featuredmedia":[{"embeddable":true,"href":"https:\/\/bnperf.com\/pt-pt\/wp-json\/wp\/v2\/media\/19839"}],"wp:attachment":[{"href":"https:\/\/bnperf.com\/pt-pt\/wp-json\/wp\/v2\/media?parent=19831"}],"wp:term":[{"taxonomy":"product_brand","embeddable":true,"href":"https:\/\/bnperf.com\/pt-pt\/wp-json\/wp\/v2\/product_brand?post=19831"},{"taxonomy":"product_cat","embeddable":true,"href":"https:\/\/bnperf.com\/pt-pt\/wp-json\/wp\/v2\/product_cat?post=19831"},{"taxonomy":"product_tag","embeddable":true,"href":"https:\/\/bnperf.com\/pt-pt\/wp-json\/wp\/v2\/product_tag?post=19831"}],"curies":[{"name":"wp","href":"https:\/\/api.w.org\/{rel}","templated":true}]}}