{"id":17117,"date":"2021-12-04T21:39:12","date_gmt":"2021-12-04T20:39:13","guid":{"rendered":"https:\/\/bnperf.com\/?post_type=product&#038;p=17117"},"modified":"2021-12-04T21:58:59","modified_gmt":"2021-12-04T20:58:59","slug":"ponteira-dupla-akrapovic","status":"publish","type":"product","link":"https:\/\/bnperf.com\/pt-pt\/produit\/ponteira-dupla-akrapovic\/","title":{"rendered":"Ponteira Dupla AKRAPOVIC"},"content":{"rendered":"","protected":false},"excerpt":{"rendered":"<p><strong>-Lado:<\/strong> Esquerdo, Direito<br \/>\n&#8211;<strong>Cor<\/strong>: Cromada<\/p>\n<p>&#8211;<strong>Material<\/strong>:Fibra de Carbono<\/p>\n<p>&#8211;<strong>Diametro Entrada<\/strong>: 63mm<\/p>\n<p><strong>-Diametro Saida:<\/strong> 90mm\/76mm<\/p>\n<p><em>Descri\u00e7\u00e3o:<\/em><br \/>\n1. Produto Novo, Nunca utilizado<br \/>\n2.Boa Qualidade Que Garante uma Longa Dura\u00e7\u00e3o.<br \/>\n3. Dupla Sa\u00edda<br \/>\n4. Pe\u00e7as de decora\u00e7\u00e3o e manter o seu carro \u00fanico<br \/>\n5. F\u00e1cil instala\u00e7\u00e3o.<\/p>\n<p><em>Montagem:<\/em><br \/>\nAjustavel para a maioria dos carros.<\/p>\n","protected":false},"featured_media":3815,"comment_status":"open","ping_status":"closed","template":"","meta":[],"product_brand":[],"product_cat":[1847,1840,1839,1845],"product_tag":[26658,520,26906,524,26657,28794],"class_list":{"0":"post-17117","1":"product","2":"type-product","3":"status-publish","4":"has-post-thumbnail","6":"product_cat-duplas","7":"product_cat-escapes-pt-pt","8":"product_cat-escapes","9":"product_cat-ponteiras","10":"product_tag-akrapovic-pt-pt","11":"product_tag-bmw-pt-pt","12":"product_tag-bnperf-pt-pt","13":"product_tag-bnperfshop-pt-pt","14":"product_tag-ponteira-pt-pt","15":"product_tag-dupla-saida","17":"first","18":"instock","19":"taxable","20":"shipping-taxable","21":"purchasable","22":"product-type-variable","23":"add-to-wishlist-before_image"},"bundled_by":[],"bundle_stock_status":"instock","bundle_stock_quantity":null,"bundle_virtual":false,"bundle_layout":"","bundle_add_to_cart_form_location":"","bundle_editable_in_cart":false,"bundle_sold_individually_context":"","bundle_item_grouping":"","bundle_min_size":"","bundle_max_size":"","bundle_price":[],"bundled_items":[],"bundle_sell_ids":[],"exclude_global_add_ons":[],"addons":[],"yoast_head":"<!-- This site is optimized with the Yoast SEO Premium plugin v27.4 (Yoast SEO v27.5) - https:\/\/yoast.com\/product\/yoast-seo-premium-wordpress\/ -->\n<title>Ponteira Dupla AKRAPOVIC - BNPERF<\/title>\n<meta name=\"robots\" content=\"index, follow, max-snippet:-1, max-image-preview:large, max-video-preview:-1\" \/>\n<link rel=\"canonical\" href=\"https:\/\/bnperf.com\/pt-pt\/produit\/ponteira-dupla-akrapovic\/\" \/>\n<meta property=\"og:locale\" content=\"pt_PT\" \/>\n<meta property=\"og:type\" content=\"article\" \/>\n<meta property=\"og:title\" content=\"Ponteira Dupla AKRAPOVIC\" \/>\n<meta property=\"og:description\" content=\"-Lado: Esquerdo, Direito -Cor: Cromada  -Material:Fibra de Carbono  -Diametro Entrada: 63mm  -Diametro Saida: 90mm\/76mm  Descri\u00e7\u00e3o: 1. Produto Novo, Nunca utilizado 2.Boa Qualidade Que Garante uma Longa Dura\u00e7\u00e3o. 3. Dupla Sa\u00edda 4. Pe\u00e7as de decora\u00e7\u00e3o e manter o seu carro \u00fanico 5. F\u00e1cil instala\u00e7\u00e3o.  Montagem: Ajustavel para a maioria dos carros.\" \/>\n<meta property=\"og:url\" content=\"https:\/\/bnperf.com\/pt-pt\/produit\/ponteira-dupla-akrapovic\/\" \/>\n<meta property=\"og:site_name\" content=\"BNPERF\" \/>\n<meta property=\"article:publisher\" content=\"https:\/\/www.facebook.com\/bnperf\" \/>\n<meta property=\"article:modified_time\" content=\"2021-12-04T20:58:59+00:00\" \/>\n<meta property=\"og:image\" content=\"https:\/\/bnperf.com\/wp-content\/uploads\/2020\/03\/ponteira-dupla.jpg\" \/>\n\t<meta property=\"og:image:width\" content=\"960\" \/>\n\t<meta property=\"og:image:height\" content=\"840\" \/>\n\t<meta property=\"og:image:type\" content=\"image\/jpeg\" \/>\n<meta name=\"twitter:card\" content=\"summary_large_image\" \/>\n<script type=\"application\/ld+json\" class=\"yoast-schema-graph\">{\"@context\":\"https:\\\/\\\/schema.org\",\"@graph\":[{\"@type\":\"WebPage\",\"@id\":\"https:\\\/\\\/bnperf.com\\\/pt-pt\\\/produit\\\/ponteira-dupla-akrapovic\\\/\",\"url\":\"https:\\\/\\\/bnperf.com\\\/pt-pt\\\/produit\\\/ponteira-dupla-akrapovic\\\/\",\"name\":\"Ponteira Dupla AKRAPOVIC - BNPERF\",\"isPartOf\":{\"@id\":\"https:\\\/\\\/bnperf.com\\\/pt-pt\\\/#website\"},\"primaryImageOfPage\":{\"@id\":\"https:\\\/\\\/bnperf.com\\\/pt-pt\\\/produit\\\/ponteira-dupla-akrapovic\\\/#primaryimage\"},\"image\":{\"@id\":\"https:\\\/\\\/bnperf.com\\\/pt-pt\\\/produit\\\/ponteira-dupla-akrapovic\\\/#primaryimage\"},\"thumbnailUrl\":\"https:\\\/\\\/bnperf.com\\\/wp-content\\\/uploads\\\/2020\\\/03\\\/ponteira-dupla.jpg\",\"datePublished\":\"2021-12-04T20:39:13+00:00\",\"dateModified\":\"2021-12-04T20:58:59+00:00\",\"breadcrumb\":{\"@id\":\"https:\\\/\\\/bnperf.com\\\/pt-pt\\\/produit\\\/ponteira-dupla-akrapovic\\\/#breadcrumb\"},\"inLanguage\":\"pt-PT\",\"potentialAction\":[{\"@type\":\"ReadAction\",\"target\":[\"https:\\\/\\\/bnperf.com\\\/pt-pt\\\/produit\\\/ponteira-dupla-akrapovic\\\/\"]}]},{\"@type\":\"ImageObject\",\"inLanguage\":\"pt-PT\",\"@id\":\"https:\\\/\\\/bnperf.com\\\/pt-pt\\\/produit\\\/ponteira-dupla-akrapovic\\\/#primaryimage\",\"url\":\"https:\\\/\\\/bnperf.com\\\/wp-content\\\/uploads\\\/2020\\\/03\\\/ponteira-dupla.jpg\",\"contentUrl\":\"https:\\\/\\\/bnperf.com\\\/wp-content\\\/uploads\\\/2020\\\/03\\\/ponteira-dupla.jpg\",\"width\":960,\"height\":840},{\"@type\":\"BreadcrumbList\",\"@id\":\"https:\\\/\\\/bnperf.com\\\/pt-pt\\\/produit\\\/ponteira-dupla-akrapovic\\\/#breadcrumb\",\"itemListElement\":[{\"@type\":\"ListItem\",\"position\":1,\"name\":\"Inicio\",\"item\":\"https:\\\/\\\/bnperf.com\\\/pt-pt\\\/inicio\\\/\"},{\"@type\":\"ListItem\",\"position\":2,\"name\":\"Loja\",\"item\":\"https:\\\/\\\/bnperf.com\\\/pt-pt\\\/loja\\\/\"},{\"@type\":\"ListItem\",\"position\":3,\"name\":\"Ponteira Dupla AKRAPOVIC\"}]},{\"@type\":\"WebSite\",\"@id\":\"https:\\\/\\\/bnperf.com\\\/pt-pt\\\/#website\",\"url\":\"https:\\\/\\\/bnperf.com\\\/pt-pt\\\/\",\"name\":\"BNPERF\",\"description\":\"Votre Boutique Online ...\",\"publisher\":{\"@id\":\"https:\\\/\\\/bnperf.com\\\/pt-pt\\\/#organization\"},\"potentialAction\":[{\"@type\":\"SearchAction\",\"target\":{\"@type\":\"EntryPoint\",\"urlTemplate\":\"https:\\\/\\\/bnperf.com\\\/pt-pt\\\/?s={search_term_string}\"},\"query-input\":{\"@type\":\"PropertyValueSpecification\",\"valueRequired\":true,\"valueName\":\"search_term_string\"}}],\"inLanguage\":\"pt-PT\"},{\"@type\":\"Organization\",\"@id\":\"https:\\\/\\\/bnperf.com\\\/pt-pt\\\/#organization\",\"name\":\"BNPERF\",\"url\":\"https:\\\/\\\/bnperf.com\\\/pt-pt\\\/\",\"logo\":{\"@type\":\"ImageObject\",\"inLanguage\":\"pt-PT\",\"@id\":\"https:\\\/\\\/bnperf.com\\\/pt-pt\\\/#\\\/schema\\\/logo\\\/image\\\/\",\"url\":\"https:\\\/\\\/bnperf.com\\\/wp-content\\\/uploads\\\/2021\\\/10\\\/bnperf-logo.png\",\"contentUrl\":\"https:\\\/\\\/bnperf.com\\\/wp-content\\\/uploads\\\/2021\\\/10\\\/bnperf-logo.png\",\"width\":954,\"height\":300,\"caption\":\"BNPERF\"},\"image\":{\"@id\":\"https:\\\/\\\/bnperf.com\\\/pt-pt\\\/#\\\/schema\\\/logo\\\/image\\\/\"},\"sameAs\":[\"https:\\\/\\\/www.facebook.com\\\/bnperf\",\"https:\\\/\\\/www.instagram.com\\\/bnperf\"]}]}<\/script>\n<!-- \/ Yoast SEO Premium plugin. -->","yoast_head_json":{"title":"Ponteira Dupla AKRAPOVIC - BNPERF","robots":{"index":"index","follow":"follow","max-snippet":"max-snippet:-1","max-image-preview":"max-image-preview:large","max-video-preview":"max-video-preview:-1"},"canonical":"https:\/\/bnperf.com\/pt-pt\/produit\/ponteira-dupla-akrapovic\/","og_locale":"pt_PT","og_type":"article","og_title":"Ponteira Dupla AKRAPOVIC","og_description":"-Lado: Esquerdo, Direito -Cor: Cromada  -Material:Fibra de Carbono  -Diametro Entrada: 63mm  -Diametro Saida: 90mm\/76mm  Descri\u00e7\u00e3o: 1. Produto Novo, Nunca utilizado 2.Boa Qualidade Que Garante uma Longa Dura\u00e7\u00e3o. 3. Dupla Sa\u00edda 4. Pe\u00e7as de decora\u00e7\u00e3o e manter o seu carro \u00fanico 5. F\u00e1cil instala\u00e7\u00e3o.  Montagem: Ajustavel para a maioria dos carros.","og_url":"https:\/\/bnperf.com\/pt-pt\/produit\/ponteira-dupla-akrapovic\/","og_site_name":"BNPERF","article_publisher":"https:\/\/www.facebook.com\/bnperf","article_modified_time":"2021-12-04T20:58:59+00:00","og_image":[{"width":960,"height":840,"url":"https:\/\/bnperf.com\/wp-content\/uploads\/2020\/03\/ponteira-dupla.jpg","type":"image\/jpeg"}],"twitter_card":"summary_large_image","schema":{"@context":"https:\/\/schema.org","@graph":[{"@type":"WebPage","@id":"https:\/\/bnperf.com\/pt-pt\/produit\/ponteira-dupla-akrapovic\/","url":"https:\/\/bnperf.com\/pt-pt\/produit\/ponteira-dupla-akrapovic\/","name":"Ponteira Dupla AKRAPOVIC - BNPERF","isPartOf":{"@id":"https:\/\/bnperf.com\/pt-pt\/#website"},"primaryImageOfPage":{"@id":"https:\/\/bnperf.com\/pt-pt\/produit\/ponteira-dupla-akrapovic\/#primaryimage"},"image":{"@id":"https:\/\/bnperf.com\/pt-pt\/produit\/ponteira-dupla-akrapovic\/#primaryimage"},"thumbnailUrl":"https:\/\/bnperf.com\/wp-content\/uploads\/2020\/03\/ponteira-dupla.jpg","datePublished":"2021-12-04T20:39:13+00:00","dateModified":"2021-12-04T20:58:59+00:00","breadcrumb":{"@id":"https:\/\/bnperf.com\/pt-pt\/produit\/ponteira-dupla-akrapovic\/#breadcrumb"},"inLanguage":"pt-PT","potentialAction":[{"@type":"ReadAction","target":["https:\/\/bnperf.com\/pt-pt\/produit\/ponteira-dupla-akrapovic\/"]}]},{"@type":"ImageObject","inLanguage":"pt-PT","@id":"https:\/\/bnperf.com\/pt-pt\/produit\/ponteira-dupla-akrapovic\/#primaryimage","url":"https:\/\/bnperf.com\/wp-content\/uploads\/2020\/03\/ponteira-dupla.jpg","contentUrl":"https:\/\/bnperf.com\/wp-content\/uploads\/2020\/03\/ponteira-dupla.jpg","width":960,"height":840},{"@type":"BreadcrumbList","@id":"https:\/\/bnperf.com\/pt-pt\/produit\/ponteira-dupla-akrapovic\/#breadcrumb","itemListElement":[{"@type":"ListItem","position":1,"name":"Inicio","item":"https:\/\/bnperf.com\/pt-pt\/inicio\/"},{"@type":"ListItem","position":2,"name":"Loja","item":"https:\/\/bnperf.com\/pt-pt\/loja\/"},{"@type":"ListItem","position":3,"name":"Ponteira Dupla AKRAPOVIC"}]},{"@type":"WebSite","@id":"https:\/\/bnperf.com\/pt-pt\/#website","url":"https:\/\/bnperf.com\/pt-pt\/","name":"BNPERF","description":"Votre Boutique Online ...","publisher":{"@id":"https:\/\/bnperf.com\/pt-pt\/#organization"},"potentialAction":[{"@type":"SearchAction","target":{"@type":"EntryPoint","urlTemplate":"https:\/\/bnperf.com\/pt-pt\/?s={search_term_string}"},"query-input":{"@type":"PropertyValueSpecification","valueRequired":true,"valueName":"search_term_string"}}],"inLanguage":"pt-PT"},{"@type":"Organization","@id":"https:\/\/bnperf.com\/pt-pt\/#organization","name":"BNPERF","url":"https:\/\/bnperf.com\/pt-pt\/","logo":{"@type":"ImageObject","inLanguage":"pt-PT","@id":"https:\/\/bnperf.com\/pt-pt\/#\/schema\/logo\/image\/","url":"https:\/\/bnperf.com\/wp-content\/uploads\/2021\/10\/bnperf-logo.png","contentUrl":"https:\/\/bnperf.com\/wp-content\/uploads\/2021\/10\/bnperf-logo.png","width":954,"height":300,"caption":"BNPERF"},"image":{"@id":"https:\/\/bnperf.com\/pt-pt\/#\/schema\/logo\/image\/"},"sameAs":["https:\/\/www.facebook.com\/bnperf","https:\/\/www.instagram.com\/bnperf"]}]}},"tiered_pricing_type":"fixed","tiered_pricing_fixed_rules":[],"tiered_pricing_product_settings":{"layout":"default","base_unit_name":{"singular":null,"plural":null},"default_variation":null},"tiered_pricing_minimum_quantity":null,"tiered_pricing_roles_data":[],"tiered_pricing_percentage_rules":[],"_links":{"self":[{"href":"https:\/\/bnperf.com\/pt-pt\/wp-json\/wp\/v2\/product\/17117","targetHints":{"allow":["GET"]}}],"collection":[{"href":"https:\/\/bnperf.com\/pt-pt\/wp-json\/wp\/v2\/product"}],"about":[{"href":"https:\/\/bnperf.com\/pt-pt\/wp-json\/wp\/v2\/types\/product"}],"replies":[{"embeddable":true,"href":"https:\/\/bnperf.com\/pt-pt\/wp-json\/wp\/v2\/comments?post=17117"}],"wp:featuredmedia":[{"embeddable":true,"href":"https:\/\/bnperf.com\/pt-pt\/wp-json\/wp\/v2\/media\/3815"}],"wp:attachment":[{"href":"https:\/\/bnperf.com\/pt-pt\/wp-json\/wp\/v2\/media?parent=17117"}],"wp:term":[{"taxonomy":"product_brand","embeddable":true,"href":"https:\/\/bnperf.com\/pt-pt\/wp-json\/wp\/v2\/product_brand?post=17117"},{"taxonomy":"product_cat","embeddable":true,"href":"https:\/\/bnperf.com\/pt-pt\/wp-json\/wp\/v2\/product_cat?post=17117"},{"taxonomy":"product_tag","embeddable":true,"href":"https:\/\/bnperf.com\/pt-pt\/wp-json\/wp\/v2\/product_tag?post=17117"}],"curies":[{"name":"wp","href":"https:\/\/api.w.org\/{rel}","templated":true}]}}