{"id":12421,"date":"2021-07-02T10:27:45","date_gmt":"2021-07-02T09:27:45","guid":{"rendered":"https:\/\/bnperf.com\/produit\/kit-grande-de-travoes-traseiros-vmaxx-para-bmw-serie-3-e36-coupe\/"},"modified":"2021-07-02T10:27:45","modified_gmt":"2021-07-02T09:27:45","slug":"kit-grande-de-travoes-traseiros-vmaxx-para-bmw-serie-3-e36-coupe","status":"publish","type":"product","link":"https:\/\/bnperf.com\/pt-pt\/produit\/kit-grande-de-travoes-traseiros-vmaxx-para-bmw-serie-3-e36-coupe\/","title":{"rendered":"Kit Grande de Trav\u00f5es traseiros Vmaxx para Bmw S\u00e9rie 3 E36 Coup\u00e9"},"content":{"rendered":"<h3 id=\"tw-target-text\" class=\"tw-data-text tw-text-large XcVN5d tw-ta\" dir=\"ltr\" data-placeholder=\"Tradu\u00e7\u00e3o\"><span class=\"Y2IQFc\" lang=\"pt\">Kit Grande de Trav\u00f5es traseiros Vmaxx para Bmw S\u00e9rie 3 E36 Coup\u00e9 incluindo 4 pin\u00e7as de pist\u00e3o, discos ranhurados \/ perfurados de 330 mm, mangueiras de freio de avia\u00e7\u00e3o, pastilhas de freio esportivo e de estrada e todo o hardware de montagem para instala\u00e7\u00e3o direta sem quaisquer modifica\u00e7\u00f5es. Instala\u00e7\u00e3o direta; Kit completo pronto para instalar; Pin\u00e7as de 4 pist\u00e3o em preto, azul, amarelo ou vermelho; Discos ranhurados em tigela de 330 mm; Rodas \/ almofadas esportivas inclu\u00eddas; Mangueiras de avia\u00e7\u00e3o inclu\u00eddas; Recomenda-se montagem profissional; &#8211; Para verificar a compatibilidade com o seu ve\u00edculo, baixe o PDF para recortar e colocar nos seus aros ICI.<\/span><\/h3>\n","protected":false},"excerpt":{"rendered":"<p>Vendido sem cal\u00e7os<\/p>\n","protected":false},"featured_media":9652,"comment_status":"open","ping_status":"closed","template":"","meta":[],"product_brand":[],"product_cat":[1703,1710,1705],"product_tag":[26906,26925,26524,26913,26912],"class_list":{"0":"post-12421","1":"product","2":"type-product","3":"status-publish","4":"has-post-thumbnail","6":"product_cat-chassis-pt-pt","7":"product_cat-kit-de-travagem","8":"product_cat-travagem","9":"product_tag-bnperf-pt-pt","10":"product_tag-e36-pt-pt","11":"product_tag-serie3-pt-pt","12":"product_tag-travoes","13":"product_tag-vmaxx-pt-pt","15":"first","16":"instock","17":"taxable","18":"shipping-taxable","19":"purchasable","20":"product-type-simple","21":"add-to-wishlist-before_image"},"bundled_by":[],"bundle_stock_status":"instock","bundle_stock_quantity":9,"bundle_virtual":false,"bundle_layout":"","bundle_add_to_cart_form_location":"","bundle_editable_in_cart":false,"bundle_sold_individually_context":"","bundle_item_grouping":"","bundle_min_size":"","bundle_max_size":"","bundle_price":[],"bundled_items":[],"bundle_sell_ids":[],"exclude_global_add_ons":[],"addons":[],"yoast_head":"<!-- This site is optimized with the Yoast SEO Premium plugin v27.4 (Yoast SEO v27.4) - https:\/\/yoast.com\/product\/yoast-seo-premium-wordpress\/ -->\n<title>Kit Grande de Trav\u00f5es traseiros Vmaxx para Bmw S\u00e9rie 3 E36 Coup\u00e9 - BNPERF<\/title>\n<meta name=\"robots\" content=\"index, follow, max-snippet:-1, max-image-preview:large, max-video-preview:-1\" \/>\n<link rel=\"canonical\" href=\"https:\/\/bnperf.com\/pt-pt\/produit\/kit-grande-de-travoes-traseiros-vmaxx-para-bmw-serie-3-e36-coupe\/\" \/>\n<meta property=\"og:locale\" content=\"pt_PT\" \/>\n<meta property=\"og:type\" content=\"article\" \/>\n<meta property=\"og:title\" content=\"Kit Grande de Trav\u00f5es traseiros Vmaxx para Bmw S\u00e9rie 3 E36 Coup\u00e9\" \/>\n<meta property=\"og:description\" content=\"Vendido sem cal\u00e7os\" \/>\n<meta property=\"og:url\" content=\"https:\/\/bnperf.com\/pt-pt\/produit\/kit-grande-de-travoes-traseiros-vmaxx-para-bmw-serie-3-e36-coupe\/\" \/>\n<meta property=\"og:site_name\" content=\"BNPERF\" \/>\n<meta property=\"article:publisher\" content=\"https:\/\/www.facebook.com\/bnperf\" \/>\n<meta property=\"og:image\" content=\"https:\/\/bnperf.com\/wp-content\/uploads\/2021\/06\/924_103.jpg\" \/>\n\t<meta property=\"og:image:width\" content=\"450\" \/>\n\t<meta property=\"og:image:height\" content=\"450\" \/>\n\t<meta property=\"og:image:type\" content=\"image\/jpeg\" \/>\n<meta name=\"twitter:card\" content=\"summary_large_image\" \/>\n<meta name=\"twitter:label1\" content=\"Tempo estimado de leitura\" \/>\n\t<meta name=\"twitter:data1\" content=\"1 minuto\" \/>\n<script type=\"application\/ld+json\" class=\"yoast-schema-graph\">{\"@context\":\"https:\\\/\\\/schema.org\",\"@graph\":[{\"@type\":\"WebPage\",\"@id\":\"https:\\\/\\\/bnperf.com\\\/pt-pt\\\/produit\\\/kit-grande-de-travoes-traseiros-vmaxx-para-bmw-serie-3-e36-coupe\\\/\",\"url\":\"https:\\\/\\\/bnperf.com\\\/pt-pt\\\/produit\\\/kit-grande-de-travoes-traseiros-vmaxx-para-bmw-serie-3-e36-coupe\\\/\",\"name\":\"Kit Grande de Trav\u00f5es traseiros Vmaxx para Bmw S\u00e9rie 3 E36 Coup\u00e9 - BNPERF\",\"isPartOf\":{\"@id\":\"https:\\\/\\\/bnperf.com\\\/pt-pt\\\/#website\"},\"primaryImageOfPage\":{\"@id\":\"https:\\\/\\\/bnperf.com\\\/pt-pt\\\/produit\\\/kit-grande-de-travoes-traseiros-vmaxx-para-bmw-serie-3-e36-coupe\\\/#primaryimage\"},\"image\":{\"@id\":\"https:\\\/\\\/bnperf.com\\\/pt-pt\\\/produit\\\/kit-grande-de-travoes-traseiros-vmaxx-para-bmw-serie-3-e36-coupe\\\/#primaryimage\"},\"thumbnailUrl\":\"https:\\\/\\\/bnperf.com\\\/wp-content\\\/uploads\\\/2021\\\/06\\\/924_103.jpg\",\"datePublished\":\"2021-07-02T09:27:45+00:00\",\"breadcrumb\":{\"@id\":\"https:\\\/\\\/bnperf.com\\\/pt-pt\\\/produit\\\/kit-grande-de-travoes-traseiros-vmaxx-para-bmw-serie-3-e36-coupe\\\/#breadcrumb\"},\"inLanguage\":\"pt-PT\",\"potentialAction\":[{\"@type\":\"ReadAction\",\"target\":[\"https:\\\/\\\/bnperf.com\\\/pt-pt\\\/produit\\\/kit-grande-de-travoes-traseiros-vmaxx-para-bmw-serie-3-e36-coupe\\\/\"]}]},{\"@type\":\"ImageObject\",\"inLanguage\":\"pt-PT\",\"@id\":\"https:\\\/\\\/bnperf.com\\\/pt-pt\\\/produit\\\/kit-grande-de-travoes-traseiros-vmaxx-para-bmw-serie-3-e36-coupe\\\/#primaryimage\",\"url\":\"https:\\\/\\\/bnperf.com\\\/wp-content\\\/uploads\\\/2021\\\/06\\\/924_103.jpg\",\"contentUrl\":\"https:\\\/\\\/bnperf.com\\\/wp-content\\\/uploads\\\/2021\\\/06\\\/924_103.jpg\",\"width\":450,\"height\":450},{\"@type\":\"BreadcrumbList\",\"@id\":\"https:\\\/\\\/bnperf.com\\\/pt-pt\\\/produit\\\/kit-grande-de-travoes-traseiros-vmaxx-para-bmw-serie-3-e36-coupe\\\/#breadcrumb\",\"itemListElement\":[{\"@type\":\"ListItem\",\"position\":1,\"name\":\"Inicio\",\"item\":\"https:\\\/\\\/bnperf.com\\\/pt-pt\\\/inicio\\\/\"},{\"@type\":\"ListItem\",\"position\":2,\"name\":\"Loja\",\"item\":\"https:\\\/\\\/bnperf.com\\\/pt-pt\\\/loja\\\/\"},{\"@type\":\"ListItem\",\"position\":3,\"name\":\"Kit Grande de Trav\u00f5es traseiros Vmaxx para Bmw S\u00e9rie 3 E36 Coup\u00e9\"}]},{\"@type\":\"WebSite\",\"@id\":\"https:\\\/\\\/bnperf.com\\\/pt-pt\\\/#website\",\"url\":\"https:\\\/\\\/bnperf.com\\\/pt-pt\\\/\",\"name\":\"BNPERF\",\"description\":\"Votre Boutique Online ...\",\"publisher\":{\"@id\":\"https:\\\/\\\/bnperf.com\\\/pt-pt\\\/#organization\"},\"potentialAction\":[{\"@type\":\"SearchAction\",\"target\":{\"@type\":\"EntryPoint\",\"urlTemplate\":\"https:\\\/\\\/bnperf.com\\\/pt-pt\\\/?s={search_term_string}\"},\"query-input\":{\"@type\":\"PropertyValueSpecification\",\"valueRequired\":true,\"valueName\":\"search_term_string\"}}],\"inLanguage\":\"pt-PT\"},{\"@type\":\"Organization\",\"@id\":\"https:\\\/\\\/bnperf.com\\\/pt-pt\\\/#organization\",\"name\":\"BNPERF\",\"url\":\"https:\\\/\\\/bnperf.com\\\/pt-pt\\\/\",\"logo\":{\"@type\":\"ImageObject\",\"inLanguage\":\"pt-PT\",\"@id\":\"https:\\\/\\\/bnperf.com\\\/pt-pt\\\/#\\\/schema\\\/logo\\\/image\\\/\",\"url\":\"https:\\\/\\\/bnperf.com\\\/wp-content\\\/uploads\\\/2021\\\/10\\\/bnperf-logo.png\",\"contentUrl\":\"https:\\\/\\\/bnperf.com\\\/wp-content\\\/uploads\\\/2021\\\/10\\\/bnperf-logo.png\",\"width\":954,\"height\":300,\"caption\":\"BNPERF\"},\"image\":{\"@id\":\"https:\\\/\\\/bnperf.com\\\/pt-pt\\\/#\\\/schema\\\/logo\\\/image\\\/\"},\"sameAs\":[\"https:\\\/\\\/www.facebook.com\\\/bnperf\",\"https:\\\/\\\/www.instagram.com\\\/bnperf\"]}]}<\/script>\n<!-- \/ Yoast SEO Premium plugin. -->","yoast_head_json":{"title":"Kit Grande de Trav\u00f5es traseiros Vmaxx para Bmw S\u00e9rie 3 E36 Coup\u00e9 - BNPERF","robots":{"index":"index","follow":"follow","max-snippet":"max-snippet:-1","max-image-preview":"max-image-preview:large","max-video-preview":"max-video-preview:-1"},"canonical":"https:\/\/bnperf.com\/pt-pt\/produit\/kit-grande-de-travoes-traseiros-vmaxx-para-bmw-serie-3-e36-coupe\/","og_locale":"pt_PT","og_type":"article","og_title":"Kit Grande de Trav\u00f5es traseiros Vmaxx para Bmw S\u00e9rie 3 E36 Coup\u00e9","og_description":"Vendido sem cal\u00e7os","og_url":"https:\/\/bnperf.com\/pt-pt\/produit\/kit-grande-de-travoes-traseiros-vmaxx-para-bmw-serie-3-e36-coupe\/","og_site_name":"BNPERF","article_publisher":"https:\/\/www.facebook.com\/bnperf","og_image":[{"width":450,"height":450,"url":"https:\/\/bnperf.com\/wp-content\/uploads\/2021\/06\/924_103.jpg","type":"image\/jpeg"}],"twitter_card":"summary_large_image","twitter_misc":{"Tempo estimado de leitura":"1 minuto"},"schema":{"@context":"https:\/\/schema.org","@graph":[{"@type":"WebPage","@id":"https:\/\/bnperf.com\/pt-pt\/produit\/kit-grande-de-travoes-traseiros-vmaxx-para-bmw-serie-3-e36-coupe\/","url":"https:\/\/bnperf.com\/pt-pt\/produit\/kit-grande-de-travoes-traseiros-vmaxx-para-bmw-serie-3-e36-coupe\/","name":"Kit Grande de Trav\u00f5es traseiros Vmaxx para Bmw S\u00e9rie 3 E36 Coup\u00e9 - BNPERF","isPartOf":{"@id":"https:\/\/bnperf.com\/pt-pt\/#website"},"primaryImageOfPage":{"@id":"https:\/\/bnperf.com\/pt-pt\/produit\/kit-grande-de-travoes-traseiros-vmaxx-para-bmw-serie-3-e36-coupe\/#primaryimage"},"image":{"@id":"https:\/\/bnperf.com\/pt-pt\/produit\/kit-grande-de-travoes-traseiros-vmaxx-para-bmw-serie-3-e36-coupe\/#primaryimage"},"thumbnailUrl":"https:\/\/bnperf.com\/wp-content\/uploads\/2021\/06\/924_103.jpg","datePublished":"2021-07-02T09:27:45+00:00","breadcrumb":{"@id":"https:\/\/bnperf.com\/pt-pt\/produit\/kit-grande-de-travoes-traseiros-vmaxx-para-bmw-serie-3-e36-coupe\/#breadcrumb"},"inLanguage":"pt-PT","potentialAction":[{"@type":"ReadAction","target":["https:\/\/bnperf.com\/pt-pt\/produit\/kit-grande-de-travoes-traseiros-vmaxx-para-bmw-serie-3-e36-coupe\/"]}]},{"@type":"ImageObject","inLanguage":"pt-PT","@id":"https:\/\/bnperf.com\/pt-pt\/produit\/kit-grande-de-travoes-traseiros-vmaxx-para-bmw-serie-3-e36-coupe\/#primaryimage","url":"https:\/\/bnperf.com\/wp-content\/uploads\/2021\/06\/924_103.jpg","contentUrl":"https:\/\/bnperf.com\/wp-content\/uploads\/2021\/06\/924_103.jpg","width":450,"height":450},{"@type":"BreadcrumbList","@id":"https:\/\/bnperf.com\/pt-pt\/produit\/kit-grande-de-travoes-traseiros-vmaxx-para-bmw-serie-3-e36-coupe\/#breadcrumb","itemListElement":[{"@type":"ListItem","position":1,"name":"Inicio","item":"https:\/\/bnperf.com\/pt-pt\/inicio\/"},{"@type":"ListItem","position":2,"name":"Loja","item":"https:\/\/bnperf.com\/pt-pt\/loja\/"},{"@type":"ListItem","position":3,"name":"Kit Grande de Trav\u00f5es traseiros Vmaxx para Bmw S\u00e9rie 3 E36 Coup\u00e9"}]},{"@type":"WebSite","@id":"https:\/\/bnperf.com\/pt-pt\/#website","url":"https:\/\/bnperf.com\/pt-pt\/","name":"BNPERF","description":"Votre Boutique Online ...","publisher":{"@id":"https:\/\/bnperf.com\/pt-pt\/#organization"},"potentialAction":[{"@type":"SearchAction","target":{"@type":"EntryPoint","urlTemplate":"https:\/\/bnperf.com\/pt-pt\/?s={search_term_string}"},"query-input":{"@type":"PropertyValueSpecification","valueRequired":true,"valueName":"search_term_string"}}],"inLanguage":"pt-PT"},{"@type":"Organization","@id":"https:\/\/bnperf.com\/pt-pt\/#organization","name":"BNPERF","url":"https:\/\/bnperf.com\/pt-pt\/","logo":{"@type":"ImageObject","inLanguage":"pt-PT","@id":"https:\/\/bnperf.com\/pt-pt\/#\/schema\/logo\/image\/","url":"https:\/\/bnperf.com\/wp-content\/uploads\/2021\/10\/bnperf-logo.png","contentUrl":"https:\/\/bnperf.com\/wp-content\/uploads\/2021\/10\/bnperf-logo.png","width":954,"height":300,"caption":"BNPERF"},"image":{"@id":"https:\/\/bnperf.com\/pt-pt\/#\/schema\/logo\/image\/"},"sameAs":["https:\/\/www.facebook.com\/bnperf","https:\/\/www.instagram.com\/bnperf"]}]}},"tiered_pricing_type":"fixed","tiered_pricing_fixed_rules":[],"tiered_pricing_product_settings":{"layout":"default","base_unit_name":{"singular":null,"plural":null},"default_variation":null},"tiered_pricing_minimum_quantity":null,"tiered_pricing_roles_data":[],"tiered_pricing_percentage_rules":[],"_links":{"self":[{"href":"https:\/\/bnperf.com\/pt-pt\/wp-json\/wp\/v2\/product\/12421","targetHints":{"allow":["GET"]}}],"collection":[{"href":"https:\/\/bnperf.com\/pt-pt\/wp-json\/wp\/v2\/product"}],"about":[{"href":"https:\/\/bnperf.com\/pt-pt\/wp-json\/wp\/v2\/types\/product"}],"replies":[{"embeddable":true,"href":"https:\/\/bnperf.com\/pt-pt\/wp-json\/wp\/v2\/comments?post=12421"}],"wp:featuredmedia":[{"embeddable":true,"href":"https:\/\/bnperf.com\/pt-pt\/wp-json\/wp\/v2\/media\/9652"}],"wp:attachment":[{"href":"https:\/\/bnperf.com\/pt-pt\/wp-json\/wp\/v2\/media?parent=12421"}],"wp:term":[{"taxonomy":"product_brand","embeddable":true,"href":"https:\/\/bnperf.com\/pt-pt\/wp-json\/wp\/v2\/product_brand?post=12421"},{"taxonomy":"product_cat","embeddable":true,"href":"https:\/\/bnperf.com\/pt-pt\/wp-json\/wp\/v2\/product_cat?post=12421"},{"taxonomy":"product_tag","embeddable":true,"href":"https:\/\/bnperf.com\/pt-pt\/wp-json\/wp\/v2\/product_tag?post=12421"}],"curies":[{"name":"wp","href":"https:\/\/api.w.org\/{rel}","templated":true}]}}